{"id":12269,"date":"2022-09-29T13:59:03","date_gmt":"2022-09-29T10:29:03","guid":{"rendered":"https:\/\/greenlifeclinics.com\/?page_id=12269"},"modified":"2023-07-12T22:02:38","modified_gmt":"2023-07-12T17:32:38","slug":"iplerle-yuz-germe","status":"publish","type":"page","link":"https:\/\/greenlifeclinics.com\/tr\/iplerle-yuz-germe\/","title":{"rendered":"\u0130plerle y\u00fcz germe"},"content":{"rendered":"<figure id=\"attachment_10560\" aria-describedby=\"caption-attachment-10560\" style=\"width: 800px\" class=\"wp-caption aligncenter\"><img fetchpriority=\"high\" decoding=\"async\" class=\"image-content wp-image-10560 size-full\" src=\"https:\/\/greenlifeclinics.com\/wp-content\/uploads\/2022\/09\/Face-lift-1.webp\" alt=\"\u0644\u06cc\u0641\u062a \u0635\u0648\u0631\u062a \u0628\u0627 \u0646\u062e\" width=\"800\" height=\"377\" srcset=\"https:\/\/greenlifeclinics.com\/wp-content\/uploads\/2022\/09\/Face-lift-1.webp 800w, https:\/\/greenlifeclinics.com\/wp-content\/uploads\/2022\/09\/Face-lift-1-300x141.webp 300w, https:\/\/greenlifeclinics.com\/wp-content\/uploads\/2022\/09\/Face-lift-1-768x362.webp 768w\" sizes=\"(max-width: 800px) 100vw, 800px\" \/><figcaption id=\"caption-attachment-10560\" class=\"wp-caption-text\">\u0130plerle y\u00fcz germe<\/figcaption><\/figure>\n<p dir=\"ltr\" style=\"text-align: justify;\">\u0130plerle y\u00fcz germe, y\u00fcz\u00fcn farkl\u0131 b\u00f6lgelerindeki cilt ya\u015flanmas\u0131 belirtilerini ortadan kald\u0131rmak i\u00e7in ba\u015fl\u0131ca minimal invaziv ve cerrahi olmayan y\u00f6ntemlerden biridir. \u0130ple y\u00fcz germe i\u015fleminin \u00e7ok \u00f6nemli iki sonucu vard\u0131r: Ciltteki sarkmalar\u0131 ve ya\u015flanma etkilerini gidermek ve kollajen \u00fcretimini art\u0131rmak. Siz de iple y\u00fcz germe y\u00f6ntemi hakk\u0131nda bilimsel ve g\u00fcvenilir bilgi ar\u0131yorsan\u0131z Dr. Nilfroosh Zadeh&#8217;in klini\u011finin (\u00dcrd\u00fcn) web sitesinde ihtiyac\u0131n\u0131z olan bilgileri bu yaz\u0131da bulacaks\u0131n\u0131z.<\/p>\n<h3 dir=\"ltr\" style=\"text-align: justify;\"><span style=\"color: #993366;\"> \u0130plik kald\u0131rma uygulamalar\u0131<\/span><\/h3>\n<p dir=\"ltr\" style=\"text-align: justify;\">\u0130ple y\u00fcz germe tedavisi y\u00f6ntemi, amac\u0131 y\u00fcz\u00fcn alt k\u0131sm\u0131ndaki ya\u015flanma belirtilerini ve cilt sarkmalar\u0131n\u0131 tedavi etmek olan k\u0131sa s\u00fcreli bir tedavi s\u00fcrecidir. Siluet iple y\u00fcz germe, cildin istenilen b\u00f6lgelerini germek ve kald\u0131rmak i\u00e7in kullan\u0131lan \u00f6zel iplerin cilt alt\u0131na yerle\u015ftirilmesini i\u00e7erir. \u0130ple y\u00fcz germe, sark\u0131k ka\u015f ve yanaklar\u0131n giderilmesinde de etkili olsa da, \u00f6nemli rol\u00fc \u00e7ene ve boyun da dahil olmak \u00fczere y\u00fcz\u00fcn orta ve sonundad\u0131r. \u0130pler yard\u0131m\u0131yla tek bir y\u00fcz germe seans\u0131nda y\u00fcz\u00fcn farkl\u0131 b\u00f6lgeleri hedeflenebilir. (Farkl\u0131 b\u00f6lgelerdeki deri sarkmalar\u0131n\u0131n tedavisinde cilt ve sa\u00e7 uzman\u0131n\u0131n tercihine ba\u011fl\u0131 olarak kullan\u0131lan farkl\u0131 tiplerde lifting ipleri bulunmaktad\u0131r.<\/p>\n<p dir=\"ltr\">\u0130ple y\u00fcz germe, nispeten uzun s\u00fcreli sonu\u00e7lar\u0131 olacak, cerrahi olmayan ve minimal invaziv bir prosed\u00fcrd\u00fcr. Bu y\u00f6ntemin avantajlar\u0131 aras\u0131nda \u015funlar say\u0131labilir:<\/p>\n<ul dir=\"ltr\">\n<li>\u0130ple y\u00fcz germe ameliyat\u0131n\u0131n maliyeti cerrahi y\u00f6nteme g\u00f6re \u00e7ok daha d\u00fc\u015f\u00fckt\u00fcr.<\/li>\n<li>\u0130ple y\u00fcz germe i\u015flemi k\u0131sad\u0131r.<\/li>\n<li>Bu y\u00f6ntemin iyile\u015fme s\u00fcresi h\u0131zl\u0131d\u0131r.<\/li>\n<li>Minimal invaziv bir y\u00f6ntemdir.<\/li>\n<\/ul>\n<h3 dir=\"ltr\" style=\"text-align: justify;\"><span style=\"color: #993366;\"> \u0130ple y\u00fcz germe i\u00e7in uzman doktor se\u00e7iminin \u00f6nemi<\/span><\/h3>\n<p dir=\"ltr\" style=\"text-align: justify;\">\u0130ple y\u00fcz germe i\u015fleminin amac\u0131 asl\u0131nda y\u00fcz, boyun ve v\u00fccut derisinin g\u00fcc\u00fcn\u00fc art\u0131rmak i\u00e7in kollajen \u00fcretimini uyararak cilt dokusunu yeniden olu\u015fturmakt\u0131r. \u0130ple y\u00fcz germe i\u015flemi dermatolog taraf\u0131ndan yap\u0131l\u0131r. Uzman y\u00fcz dokusunu ip yard\u0131m\u0131yla gerdirme ve kald\u0131rma i\u015flemi ile istenilen etkiyi elde etmek i\u00e7in istenilen b\u00f6lgelerde uygun bir desen kullan\u0131r. Bu minimal invaziv prosed\u00fcr an\u0131nda sonu\u00e7 verir, ancak as\u0131l amac\u0131, uzun vadeli sonu\u00e7lar elde etmek i\u00e7in yeni kollajen \u00fcretimini te\u015fvik etmek ve tedavi edilen b\u00f6lgelere gen\u00e7 bir g\u00f6r\u00fcn\u00fcm kazand\u0131rmakt\u0131r.<\/p>\n<p dir=\"ltr\" style=\"text-align: justify;\">\u0130ple y\u00fcz germe i\u015flemi i\u00e7in cilt ve sa\u00e7 uzman\u0131 se\u00e7imi, bu \u00e7al\u0131\u015fman\u0131n sonucunu her \u015feyden \u00e7ok etkileyen bir konudur. Do\u011fru tipte iple y\u00fcz germe kullanmak, en son teknikleri kullanmak ve iple y\u00fcz germe sonucuna dikkat etmek en iyi iple y\u00fcz germe doktorunun \u00f6zellikleri aras\u0131ndad\u0131r.<\/p>\n<h3 dir=\"ltr\" style=\"text-align: justify;\"><span style=\"color: #993366;\"> \u0130ple y\u00fcz germe nas\u0131l yap\u0131l\u0131r?<\/span><\/h3>\n<ul dir=\"ltr\" style=\"text-align: justify;\">\n<li>\u0130ple germe i\u015flemine ba\u015flamadan \u00f6nce hastalara iple kald\u0131rma i\u015flemini yapmak istedikleri b\u00f6lgede (genellikle y\u00fcz\u00fcn orta k\u0131s\u0131mlar\u0131nda, al\u0131nda veya boyunda) lokal anestezi yap\u0131l\u0131r.<\/li>\n<li>Dermatolog, y\u00fcz dokular\u0131n\u0131n deri alt\u0131 y\u00fczeyine ince, \u00f6nceden ge\u00e7irilmi\u015f bir i\u011fne sokar; bu, i\u011fnenin g\u00f6r\u00fcn\u00fcr cilt tabakas\u0131n\u0131n alt\u0131na yerle\u015ftirildi\u011fi anlam\u0131na gelir. \u0130\u011fne, alan\u0131 kavramak, kald\u0131rmak ve iplik ge\u00e7irmek i\u00e7in y\u00fcz\u00fcn, boynun veya v\u00fccudun yumu\u015fak dokular\u0131ndan iki tarafl\u0131 olarak sokulur.<\/li>\n<li>\u0130pler istenilen b\u00f6lgelere y\u00fcklendikten sonra iplerin \u00e7evresinde yeni kollajen ve fibr\u00f6z doku olu\u015fur, bu da dokunun cildi tutmas\u0131na ve s\u0131k\u0131la\u015ft\u0131rmas\u0131na neden olur.<\/li>\n<\/ul>\n<h3 dir=\"ltr\" style=\"text-align: justify;\"><span style=\"color: #993366;\"> Kald\u0131rma ipleri emilebilir mi?<\/span><\/h3>\n<p dir=\"ltr\" style=\"text-align: justify;\">Germe iplerinin neden cilt alt\u0131nda kald\u0131\u011f\u0131 konusunda endi\u015felenmenize gerek yok; Kollajen olu\u015fturan ve uyaran yeni lifli ipliklerin olu\u015fumunu kolayla\u015ft\u0131r\u0131rlar ve genellikle hidroliz ad\u0131 verilen do\u011fal bir s\u00fcre\u00e7le birka\u00e7 ay i\u00e7inde \u00e7\u00f6z\u00fcl\u00fcrler. Bu emilebilir ipleri kullanmak art\u0131k diki\u015f \u00e7ekerken ac\u0131 \u00e7ekmemenizi sa\u011flayacakt\u0131r.<\/p>\n<p dir=\"ltr\" style=\"text-align: justify;\">\u0130pli\u011fin deride ayr\u0131\u015fmas\u0131 ve hidrolizi tamamen a\u011fr\u0131s\u0131z bir i\u015flemdir ve kolayca ger\u00e7ekle\u015ftirilir (hidroliz, ipli\u011fin deri suyuyla reaksiyonundan dolay\u0131 kimyasal ayr\u0131\u015fmas\u0131d\u0131r). \u0130plikler \u00e7\u00f6z\u00fcld\u00fckten sonra, tedavi edilen b\u00f6lgelerde yeni kollajen ve lifli dokular olu\u015fmu\u015ftur ve kald\u0131rma ve gen\u00e7li\u011fi istenen b\u00f6lgeye geri d\u00f6nd\u00fcrme ile tedavi edilen b\u00f6lgelerde yenilenme ve etkisini g\u00f6sterir.<\/p>\n<h3 dir=\"ltr\" style=\"text-align: justify;\"><span style=\"color: #993366;\"> \u0130ple kald\u0131rmadan \u00f6nce yap\u0131lmas\u0131 gereken i\u015flemler<\/span><\/h3>\n<p dir=\"ltr\">\u25fc Cilt tipinize g\u00f6re en iyi tedavi plan\u0131n\u0131 belirlemek i\u00e7in iple y\u00fcz germe i\u015flemine ba\u015flamadan \u00f6nce dermatolo\u011funuza dan\u0131\u015fman\u0131zda fayda var.<\/p>\n<p dir=\"ltr\">\u25fc Uzmanlar, iple y\u00fcz germe adaylar\u0131n\u0131n operasyondan en az bir hafta \u00f6nce alkol ve sigara i\u00e7memesi gerekti\u011fi konusunda hemfikir; \u00c7\u00fcnk\u00fc bu \u00fcr\u00fcnlerdeki i\u00e7erikler dehidrasyona neden olur ve anesteziklerle etkile\u015fime girebilir.<\/p>\n<p dir=\"ltr\">\u25fc Aspirin bazl\u0131 t\u00fcm ila\u00e7lardan ka\u00e7\u0131n\u0131lmal\u0131d\u0131r (bu ila\u00e7lar kan bas\u0131nc\u0131n\u0131 y\u00fckseltir ve bu tedavi s\u00fcrecinde gereksiz kanamalara neden olabilir), bunun istenmeyen yan etkileri olabilir.(\u0130lac\u0131 kesmek i\u00e7in mutlaka doktorunuzun talimatlar\u0131na uyun)<\/p>\n<p dir=\"ltr\" style=\"text-align: justify;\"><span style=\"color: #993366;\"><b> Cilde iplik takt\u0131ktan sonra en \u00f6nemli bak\u0131m<\/b><\/span><\/p>\n<p dir=\"ltr\">\u2714 Baz\u0131 hastalarda anesteziklerin yan etkilerinden dolay\u0131 mide bulant\u0131s\u0131 olabilir. Bulant\u0131n\u0131z varsa, birka\u00e7 k\u00fc\u00e7\u00fck yudum s\u0131v\u0131 al\u0131n (tabii ki doktorun takdirine ba\u011fl\u0131 olarak).<\/p>\n<p dir=\"ltr\">\u2714 5-7 g\u00fcn boyunca ba\u015f\u0131n\u0131z\u0131 yukar\u0131da tutun (ba\u015f\u0131n\u0131z\u0131 kalp seviyesinden daha a\u015fa\u011f\u0131 e\u011fmekten ka\u00e7\u0131n\u0131n) 45 derecelik bir a\u00e7\u0131da tutun.<\/p>\n<p dir=\"ltr\">\u2714 Cildinizde \u015fi\u015flik veya morarma varsa ilk 5 g\u00fcn g\u00fcnde 4 kez 30 dakika buz kompresi uygulay\u0131n.<\/p>\n<p dir=\"ltr\">\u2714 2-3 hafta y\u00fcz derisine kuvvetli bask\u0131 uygulamaktan veya germekten ka\u00e7\u0131n\u0131n.<\/p>\n<p dir=\"ltr\">\u2714 24 saat boyunca y\u00fczdeki \u00e7e\u015fitli hareketleri s\u0131n\u0131rlay\u0131n.<\/p>\n<p dir=\"ltr\">\u2714 48 saat y\u00fcz kremi veya y\u00fcz makyaj\u0131 kullanmaktan ka\u00e7\u0131n\u0131n.<\/p>\n<p dir=\"ltr\">\u2714 3 hafta boyunca y\u00fcz\u00fcn\u00fcz\u00fc \u00e7ekmekten ve masaj yapmaktan ka\u00e7\u0131n\u0131n.<\/p>\n<p dir=\"ltr\">\u2714 7-10 g\u00fcn boyunca yumu\u015fak yiyecekler veya s\u0131v\u0131lar t\u00fcketin.<\/p>\n<p dir=\"ltr\">2 hafta boyunca sak\u0131z \u00e7i\u011fnemekten ka\u00e7\u0131n\u0131n.<\/p>\n<p dir=\"ltr\">\u2714 Pipetle i\u00e7meyin.<\/p>\n<p dir=\"ltr\">Di\u011fer cerrahi olmayan y\u00fcz germe y\u00f6ntemleri aras\u0131nda endolift, botoks enjeksiyonu ve hipoterapi yer al\u0131r. T\u00fcm bu y\u00f6ntemler kemik a\u011fr\u0131s\u0131, kanama ve yan etki olmaks\u0131z\u0131n yap\u0131l\u0131r ve hatta iple y\u00fcz germe ile ayn\u0131 anda faydalar\u0131ndan yararlanabilirsiniz. A\u015fa\u011f\u0131da bu y\u00f6ntemlerin \u00fc\u00e7\u00fcn\u00fcn de videosunu g\u00f6rebilirsiniz.<\/p>\n<h3 dir=\"ltr\" style=\"text-align: justify;\"><span style=\"color: #993366;\"> \u0130ple y\u00fcz germe i\u015fleminin dezavantajlar\u0131<\/span><\/h3>\n<p dir=\"ltr\">&#8211; Cilt durumu uygun olmayan baz\u0131 ki\u015filerde ba\u015far\u0131 oran\u0131 d\u00fc\u015f\u00fckt\u00fcr (Green Life Clinic&#8217;te y\u00fcz germe i\u015flemi yapmadan \u00f6nce uzman bir doktora dan\u0131\u015f\u0131lmal\u0131d\u0131r)<\/p>\n<p dir=\"ltr\">&#8211; Bazen iple y\u00fcz germe, y\u00fcz dokular\u0131n\u0131 ve istedi\u011finiz b\u00f6lgeleri germek i\u00e7in plastik cerrahi kadar pratik ve etkili olmayabilir.<\/p>\n<p dir=\"ltr\">\u0130ple y\u00fcz germe, y\u00fcz\u00fcn baz\u0131 b\u00f6lgelerindeki fazla deriyi toplayamaz ve sadece istenilen b\u00f6lgede sark\u0131k olan deriyi kald\u0131r\u0131p alabilir.<\/p>\n<h3 dir=\"ltr\" style=\"text-align: justify;\"><span style=\"color: #993366;\"> Kullan\u0131c\u0131lar\u0131n iple kald\u0131rma ile ilgili sorular\u0131 ve g\u00f6r\u00fc\u015fleri<\/span><\/h3>\n<p dir=\"ltr\" style=\"text-align: justify;\">\u0130ple y\u00fcz germe, non-invaziv yap\u0131s\u0131 nedeniyle \u00e7ok az iyile\u015fme s\u00fcresi gerektirir, ancak ne zaman normal ya\u015fama d\u00f6n\u00fclece\u011fini bilmek \u00f6nemlidir. A\u015fa\u011f\u0131da bahsedilen \u015feyler, bu tedaviyi uygulayan ki\u015filerin eylemlerinden en iyi sonu\u00e7lar\u0131 almalar\u0131na yard\u0131mc\u0131 olabilir. Her zaman doktorunuzun talimatlar\u0131na uymay\u0131 unutmay\u0131n; Belki a\u015fa\u011f\u0131da okudu\u011funuz ki\u015filerin durumlar\u0131 sizinkinden farkl\u0131d\u0131r.<\/p>\n<h3 dir=\"ltr\" style=\"text-align: justify;\"><span style=\"color: #993366;\"> Bir iple kald\u0131rma ne kadar s\u00fcrer?<\/span><\/h3>\n<p dir=\"ltr\" style=\"text-align: justify;\">\u00c7o\u011fu ki\u015fi, iple y\u00fcz germe tedavisi g\u00f6rd\u00fckten hemen sonra k\u00fc\u00e7\u00fck sonu\u00e7lar\u0131 hemen fark edecektir. \u0130plik tak\u0131lan b\u00f6lge iyile\u015ftik\u00e7e uygulama yap\u0131lan b\u00f6lgelerde yeni kolajen olu\u015fur ve daha g\u00f6r\u00fcn\u00fcr bir fark olu\u015fur. Bu tedavinin sonu\u00e7lar\u0131, uzun s\u00fcreli tedaviler olan plastik cerrahi, y\u00fcz germe ve kal\u0131c\u0131 cilt dokusu kald\u0131rma gibi di\u011fer y\u00fcz gen\u00e7le\u015ftirme se\u00e7eneklerine g\u00f6re ge\u00e7icidir ve ki\u015filerin ihtiya\u00e7lar\u0131na g\u00f6re 6 ila 12 ayda bir cilt bak\u0131m tedavileri gerekir. ya\u015f. \u0130ple y\u00fcz germe kullanman\u0131n amac\u0131n\u0131n uzun s\u00fcre kollajen \u00fcretmek oldu\u011funu unutmamak \u00f6nemlidir.<\/p>\n<blockquote dir=\"ltr\">\n<p style=\"text-align: justify;\">Sa\u011fl\u0131k, cilt ve sa\u00e7 alan\u0131nda en y\u00fcksek teknoloji ve tekniklere sahip <a href=\"https:\/\/greenlifeclinics.com\/\">Green Life<\/a> zincir klinikleri ve merkezleri (\u0130ran&#8217;da 1. s\u0131rada zay\u0131flama ve g\u00fczellik). Ayr\u0131ca gen\u00e7le\u015fme ve g\u00fczellik alan\u0131nda size \u00e7ok yard\u0131mc\u0131 olabilirler. Daha fazla bilgi i\u00e7in 120 hatl\u0131 02134247 numaral\u0131 telefonu aray\u0131n\u0131z.<\/p>\n<\/blockquote>\n","protected":false},"excerpt":{"rendered":"<p>\u0130plerle y\u00fcz germe, y\u00fcz\u00fcn farkl\u0131 b\u00f6lgelerindeki cilt ya\u015flanmas\u0131 belirtilerini ortadan kald\u0131rmak i\u00e7in ba\u015fl\u0131ca minimal invaziv ve cerrahi olmayan y\u00f6ntemlerden biridir. \u0130ple y\u00fcz germe i\u015fleminin \u00e7ok \u00f6nemli iki sonucu vard\u0131r: Ciltteki sarkmalar\u0131 ve ya\u015flanma etkilerini gidermek ve kollajen \u00fcretimini art\u0131rmak. Siz de iple y\u00fcz germe y\u00f6ntemi hakk\u0131nda bilimsel ve g\u00fcvenilir bilgi ar\u0131yorsan\u0131z Dr. Nilfroosh Zadeh&#8217;in klini\u011finin [&hellip;]<\/p>\n","protected":false},"author":1,"featured_media":0,"parent":0,"menu_order":0,"comment_status":"open","ping_status":"closed","template":"","meta":{"_daim_seo_power":"","_daim_enable_ail":"","footnotes":""},"class_list":["post-12269","page","type-page","status-publish","hentry"],"_links":{"self":[{"href":"https:\/\/greenlifeclinics.com\/tr\/wp-json\/wp\/v2\/pages\/12269","targetHints":{"allow":["GET"]}}],"collection":[{"href":"https:\/\/greenlifeclinics.com\/tr\/wp-json\/wp\/v2\/pages"}],"about":[{"href":"https:\/\/greenlifeclinics.com\/tr\/wp-json\/wp\/v2\/types\/page"}],"author":[{"embeddable":true,"href":"https:\/\/greenlifeclinics.com\/tr\/wp-json\/wp\/v2\/users\/1"}],"replies":[{"embeddable":true,"href":"https:\/\/greenlifeclinics.com\/tr\/wp-json\/wp\/v2\/comments?post=12269"}],"version-history":[{"count":0,"href":"https:\/\/greenlifeclinics.com\/tr\/wp-json\/wp\/v2\/pages\/12269\/revisions"}],"wp:attachment":[{"href":"https:\/\/greenlifeclinics.com\/tr\/wp-json\/wp\/v2\/media?parent=12269"}],"curies":[{"name":"wp","href":"https:\/\/api.w.org\/{rel}","templated":true}]}}