{"id":12267,"date":"2022-09-28T16:11:55","date_gmt":"2022-09-28T12:41:55","guid":{"rendered":"https:\/\/greenlifeclinics.com\/?page_id=12267"},"modified":"2023-07-12T21:53:12","modified_gmt":"2023-07-12T17:23:12","slug":"zayiflama-mezoterapisi-nedir","status":"publish","type":"page","link":"https:\/\/greenlifeclinics.com\/tr\/zayiflama-mezoterapisi-nedir\/","title":{"rendered":"?Zay\u0131flama mezoterapisi nedir"},"content":{"rendered":"<p dir=\"ltr\" style=\"text-align: justify;\"><img fetchpriority=\"high\" decoding=\"async\" class=\"aligncenter wp-image-11571 size-full\" src=\"https:\/\/greenlifeclinics.com\/wp-content\/uploads\/2022\/11\/27-min-scaled.jpg\" alt=\"\" width=\"2560\" height=\"1707\" srcset=\"https:\/\/greenlifeclinics.com\/wp-content\/uploads\/2022\/11\/27-min-scaled.jpg 2560w, https:\/\/greenlifeclinics.com\/wp-content\/uploads\/2022\/11\/27-min-300x200.jpg 300w, https:\/\/greenlifeclinics.com\/wp-content\/uploads\/2022\/11\/27-min-1024x683.jpg 1024w, https:\/\/greenlifeclinics.com\/wp-content\/uploads\/2022\/11\/27-min-768x512.jpg 768w, https:\/\/greenlifeclinics.com\/wp-content\/uploads\/2022\/11\/27-min-1536x1024.jpg 1536w, https:\/\/greenlifeclinics.com\/wp-content\/uploads\/2022\/11\/27-min-2048x1365.jpg 2048w\" sizes=\"(max-width: 2560px) 100vw, 2560px\" \/><\/p>\n<p dir=\"ltr\" style=\"text-align: justify;\">Mezoterapi kilo kayb\u0131 i\u00e7in yeni ve non-invaziv y\u00f6ntemlerden biridir. Bu terap\u00f6tik teknik, kad\u0131n ve erkeklerde liposuction&#8217;a uygun bir alternatif olarak kabul edilir. Zay\u0131flama mezoterapisi, cildin orta tabakas\u0131na ila\u00e7 ve faydal\u0131 maddeler enjekte ederek gerekli besinleri v\u00fccudun belirli bir b\u00f6lgesine ula\u015ft\u0131r\u0131r, bu sayede v\u00fccudun her yerindeki sel\u00fclit ve ya\u011flanmay\u0131 azalt\u0131r. Bu y\u00f6ntem bile s\u0131rt a\u011fr\u0131s\u0131n\u0131 tedavi etmek i\u00e7in kullan\u0131labilir.<\/p>\n<div style=\"width: 800px;\" class=\"wp-video\"><video class=\"wp-video-shortcode\" id=\"video-12267-1\" width=\"800\" height=\"450\" preload=\"metadata\" controls=\"controls\"><source type=\"video\/mp4\" src=\"https:\/\/greenlifeclinics.com\/wp-content\/uploads\/2022\/02\/laghari5-2.mp4?_=1\" \/><a href=\"https:\/\/greenlifeclinics.com\/wp-content\/uploads\/2022\/02\/laghari5-2.mp4\">https:\/\/greenlifeclinics.com\/wp-content\/uploads\/2022\/02\/laghari5-2.mp4<\/a><\/video><\/div>\n<p dir=\"ltr\" style=\"text-align: justify;\">American Academy of Facial Beauty&#8217;nin istatistiklerine g\u00f6re zay\u0131flama mezoterapisi sayesinde bir\u00e7ok hasta tedavi b\u00f6lgesinde yakla\u015f\u0131k 5 ila 13 santimetre kadar ya\u011f kaybedebilmektedir. Tabii ki, bu teknik fitness rejimlerinin yerini almaz. Ancak mezoterapi v\u00fccudun bir\u00e7ok yerindeki fazla birikintilerin \u00e7\u00f6z\u00fclmesine ve hatta sel\u00fclitlerin yok olmas\u0131na yard\u0131mc\u0131 olabilir. Y\u00fcz inceltici mezoterapinin yan\u0131 s\u0131ra v\u00fccudun farkl\u0131 b\u00f6lgeleri i\u00e7in uygulanan zay\u0131flama mezoterapisi \u00e7e\u015fitleri de mevcuttur. Zay\u0131flama mezoterapisi t\u00fcrleri \u015funlar\u0131 i\u00e7erir:<\/p>\n<h3 dir=\"ltr\" style=\"text-align: justify;\"><span style=\"color: #c2185b;\"> Y\u00fcz zay\u0131flama mezoterapisi<\/span><\/h3>\n<p dir=\"ltr\" style=\"text-align: justify;\">Y\u00fcz\u00fcn farkl\u0131 b\u00f6lgelerinde ya\u011f birikmesi y\u00fcz\u00fcn \u015feklini bozabilir. Bu ya\u011flar\u0131n varl\u0131\u011f\u0131 g\u00f6r\u00fcnt\u00fcy\u00fc k\u00f6t\u00fcle\u015ftirebilir hatta ya\u015f\u0131 ger\u00e7ek say\u0131s\u0131ndan daha y\u00fcksek g\u00f6sterebilir. Y\u00fczdeki obezite egzersizle kolayca ortadan kald\u0131r\u0131lamaz. Ancak y\u00fcz inceltici mezoterapi, besinleri tam olarak inceltmek istedi\u011finiz b\u00f6lgelere enjekte ederek fazla ya\u011flar\u0131 giderir.<\/p>\n<figure id=\"attachment_10394\" aria-describedby=\"caption-attachment-10394\" style=\"width: 801px\" class=\"wp-caption aligncenter\"><img decoding=\"async\" class=\"image-content wp-image-10394 size-full\" src=\"https:\/\/greenlifeclinics.com\/wp-content\/uploads\/2022\/09\/Slimming-mesotherapy-2.webp\" alt=\"\u0645\u0632\u0648\u062a\u0631\u0627\u067e\u06cc \u0644\u0627\u063a\u0631\u06cc \u0686\u06cc\u0633\u062a\u061f\" width=\"801\" height=\"450\" srcset=\"https:\/\/greenlifeclinics.com\/wp-content\/uploads\/2022\/09\/Slimming-mesotherapy-2.webp 801w, https:\/\/greenlifeclinics.com\/wp-content\/uploads\/2022\/09\/Slimming-mesotherapy-2-300x169.webp 300w, https:\/\/greenlifeclinics.com\/wp-content\/uploads\/2022\/09\/Slimming-mesotherapy-2-768x431.webp 768w\" sizes=\"(max-width: 801px) 100vw, 801px\" \/><figcaption id=\"caption-attachment-10394\" class=\"wp-caption-text\">Zay\u0131flama mezoterapisi nedir?<\/figcaption><\/figure>\n<h3 dir=\"ltr\" style=\"text-align: justify;\"><span style=\"color: #c2185b;\"> Kar\u0131n inceltici mezoterapi<\/span><\/h3>\n<p dir=\"ltr\" style=\"text-align: justify;\">G\u00f6bek ya\u011f\u0131 belki de en sinir bozucu v\u00fccut ya\u011f\u0131d\u0131r. Bir\u00e7ok insan \u00e7e\u015fitli diyetler uygulayarak, spor yaparak ve y\u00fcr\u00fcy\u00fc\u015f yaparak midelerini inceltmeye \u00e7al\u0131\u015f\u0131r. Fakat bazen ki\u015fi i\u00e7in diyet ve egzersiz uygulamas\u0131 m\u00fcmk\u00fcn olamamaktad\u0131r ve bu y\u00f6ntemler bile baz\u0131 ki\u015filerde sonu\u00e7 vermemektedir. Kar\u0131n germe mezoterapisi ya\u011flar\u0131 h\u0131zla eriten yeni bir zay\u0131flama tedavi y\u00f6ntemidir.<\/p>\n<h3 dir=\"ltr\" style=\"text-align: justify;\"><span style=\"color: #c2185b;\"> kol zay\u0131flama mezoterapisi<\/span><\/h3>\n<p dir=\"ltr\" style=\"text-align: justify;\">Kollar, v\u00fccutta biriken ya\u011flar\u0131n kolayca at\u0131lamayan b\u00f6lgelerinden biridir. A\u011f\u0131r diyetler uygulamak bile kollar\u0131n hacmini azaltmayabilir. Kol zay\u0131flama mezoterapisi, kol b\u00f6lgesindeki ya\u011flar\u0131 gidermek i\u00e7in m\u00fckemmel bir non-invaziv tedavi y\u00f6ntemidir. Bu y\u00f6ntem herhangi bir ameliyat, kanama ve a\u011fr\u0131 olmadan bu k\u0131s\u0131mda depolanan birikintilerin \u00e7\u00f6z\u00fclmesine yard\u0131mc\u0131 olabilir.<\/p>\n<h3 dir=\"ltr\" style=\"text-align: justify;\"><span style=\"color: #c2185b;\"> Uyluk inceltici mezoterapi<\/span><\/h3>\n<p dir=\"ltr\" style=\"text-align: justify;\">Uyluklar, v\u00fccudun \u00e7ok fazla ya\u011f\u0131n birikti\u011fi di\u011fer b\u00f6lgeleridir. Bu b\u00f6lgelerdeki ya\u011flar\u0131n varl\u0131\u011f\u0131 s\u0131kl\u0131kla sel\u00fclite neden olur ve cilt g\u00f6r\u00fcn\u00fcm\u00fcn\u00fc ho\u015f olmayan bir hale getirir. Bu ya\u011flardan kurtulmak ancak \u00f6zel ve nispeten zor egzersizler yapmakla m\u00fcmk\u00fcnd\u00fcr. Uyluk inceltme i\u00e7in mezoterapi bu ya\u011flar\u0131n yap\u0131s\u0131n\u0131 bozabilir ve eritmenin yan\u0131 s\u0131ra cilt g\u00f6r\u00fcn\u00fcm\u00fcn\u00fc de iyile\u015ftirebilir.<\/p>\n<p dir=\"ltr\"><img decoding=\"async\" class=\"image-content aligncenter wp-image-11622 \" src=\"https:\/\/greenlifeclinics.com\/wp-content\/uploads\/2022\/11\/86-min-scaled.jpg\" alt=\"\" width=\"476\" height=\"532\" srcset=\"https:\/\/greenlifeclinics.com\/wp-content\/uploads\/2022\/11\/86-min-scaled.jpg 2291w, https:\/\/greenlifeclinics.com\/wp-content\/uploads\/2022\/11\/86-min-268x300.jpg 268w, https:\/\/greenlifeclinics.com\/wp-content\/uploads\/2022\/11\/86-min-916x1024.jpg 916w, https:\/\/greenlifeclinics.com\/wp-content\/uploads\/2022\/11\/86-min-768x858.jpg 768w, https:\/\/greenlifeclinics.com\/wp-content\/uploads\/2022\/11\/86-min-1374x1536.jpg 1374w, https:\/\/greenlifeclinics.com\/wp-content\/uploads\/2022\/11\/86-min-1832x2048.jpg 1832w\" sizes=\"(max-width: 476px) 100vw, 476px\" \/><\/p>\n<h3 dir=\"ltr\" style=\"text-align: justify;\"><span style=\"color: #c2185b;\"> Zay\u0131flama mezoterapisi nas\u0131l yap\u0131l\u0131r?<\/span><\/h3>\n<p dir=\"ltr\">Zay\u0131flama mezoterapisi enjekte edilebilir bir tedavi y\u00f6ntemidir. Bu y\u00f6ntemde cilt alt\u0131na novokain, aminofilin, bitki \u00f6zleri, vitaminler vb. ila\u00e7lar\u0131n bir kombinasyonu enjekte edilir. T\u00fcm bu maddeler ABD G\u0131da ve \u0130la\u00e7 \u0130daresi (FDA) taraf\u0131ndan onaylanm\u0131\u015ft\u0131r, ancak mezoterapi i\u00e7in \u00f6zel bir kombinasyon onaylanmam\u0131\u015ft\u0131r.<\/p>\n<p dir=\"ltr\">Y\u00fcz ve v\u00fccudun di\u011fer b\u00f6lgelerine yap\u0131lan mezoterapi enjeksiyonlar\u0131 \u00e7ok ince i\u011fneler kullan\u0131larak yap\u0131ld\u0131\u011f\u0131ndan hastalar enjeksiyon s\u0131ras\u0131nda herhangi bir a\u011fr\u0131 hissetmezler. Asl\u0131nda enjeksiyondan kaynaklanan a\u011fr\u0131n\u0131n kar\u0131nca \u0131s\u0131r\u0131\u011f\u0131ndan fazla olmad\u0131\u011f\u0131 s\u00f6ylenebilir. Ancak doktor enjeksiyondan \u00f6nce topikal anestezik kremlerle cildi uyu\u015fturabilir. Zay\u0131flama mezoterapisinin t\u00fcm a\u015famalar\u0131 15 ile 30 dakika aras\u0131nda s\u00fcrer.<\/p>\n<p dir=\"ltr\" style=\"text-align: justify;\">Enjekte edilen maddeler tedavi edilen b\u00f6lgedeki ya\u011f molek\u00fcllerini par\u00e7alar ve eritir. Birka\u00e7 hafta sonra eriyen ya\u011flar karaci\u011fer ve ba\u011f\u0131rsaklar gibi \u00e7e\u015fitli yollarla v\u00fccuttan at\u0131l\u0131r.<\/p>\n<h3 dir=\"ltr\" style=\"text-align: justify;\"><span style=\"color: #c2185b;\"> Zay\u0131flama mezoterapisi i\u00e7in do\u011fru adaylar kimlerdir?<\/span><\/h3>\n<p dir=\"ltr\">Mezoterapi kar\u0131n, basen, kol, basen ve bacaklarda kilo vermesi gereken t\u00fcm obez ki\u015filerin tedavisi i\u00e7in uygun olabilir. \u00d6te yandan, v\u00fccudunun sadece belirli b\u00f6lgelerinde ya\u011f birikimi ya\u015fayan zay\u0131f ki\u015filer, zay\u0131flama mezoterapisinden harika bir sonu\u00e7 bekleyebilirler.<\/p>\n<p dir=\"ltr\">Genel olarak 18-70 ya\u015f aras\u0131 genel sa\u011fl\u0131k durumu iyi olan herkes bu i\u015flemden iyi sonu\u00e7 alabilir. Y\u00fcz inceltici mezoterapi kan suland\u0131r\u0131c\u0131 kullananlar, kalp sorunu olanlar, hamileler, \u015feker hastalar\u0131, kanser hastalar\u0131 ve di\u011fer \u00f6zel t\u0131bbi durumlar\u0131 olanlara \u00f6nerilmemektedir.<\/p>\n<figure id=\"attachment_10395\" aria-describedby=\"caption-attachment-10395\" style=\"width: 801px\" class=\"wp-caption aligncenter\"><img loading=\"lazy\" decoding=\"async\" class=\"image-content wp-image-10395 size-full\" src=\"https:\/\/greenlifeclinics.com\/wp-content\/uploads\/2022\/09\/Slimming-mesotherapy-1.webp\" alt=\"\u0645\u0632\u0648\u062a\u0631\u0627\u067e\u06cc \u0644\u0627\u063a\u0631\u06cc \u0686\u06cc\u0633\u062a\u061f\" width=\"801\" height=\"450\" srcset=\"https:\/\/greenlifeclinics.com\/wp-content\/uploads\/2022\/09\/Slimming-mesotherapy-1.webp 801w, https:\/\/greenlifeclinics.com\/wp-content\/uploads\/2022\/09\/Slimming-mesotherapy-1-300x169.webp 300w, https:\/\/greenlifeclinics.com\/wp-content\/uploads\/2022\/09\/Slimming-mesotherapy-1-768x431.webp 768w\" sizes=\"(max-width: 801px) 100vw, 801px\" \/><figcaption id=\"caption-attachment-10395\" class=\"wp-caption-text\">Zay\u0131flama mezoterapisi nedir?<\/figcaption><\/figure>\n<h3 dir=\"ltr\" style=\"text-align: justify;\"><span style=\"color: #c2185b;\"> Zay\u0131flama mezoterapisinin faydalar\u0131 nelerdir?<\/span><\/h3>\n<p dir=\"ltr\" style=\"text-align: justify;\">Dedi\u011fimiz gibi, zay\u0131flama mezoterapisi bir\u00e7ok durumda liposuction&#8217;\u0131n yerini alabilir ve m\u00fc\u015fterilere bir\u00e7ok fayda sa\u011flayabilir. \u00d6rne\u011fin, liposuction, bir ila iki haftal\u0131k tam dinlenme gerektiren a\u011fr\u0131l\u0131 bir ameliyatt\u0131r. \u00d6te yandan, liposuction yap\u0131lacaksa, iki ila d\u00f6rt hafta boyunca kemer ve a\u011fr\u0131l\u0131 bandaj kullanman\u0131z gerekir. Ancak zay\u0131flama mezoterapisinin bu sorunlardan hi\u00e7biri olmad\u0131\u011f\u0131 gibi ba\u015fka avantajlar\u0131 da vard\u0131r. Zay\u0131flama mezoterapisinin faydalar\u0131 \u015funlard\u0131r:<\/p>\n<ul dir=\"ltr\" style=\"text-align: justify;\">\n<li>Ameliyat yok, pansuman yok ve risk yok<\/li>\n<li>\u00c7ok d\u00fc\u015f\u00fck komplikasyon ve k\u0131sa iyile\u015fme s\u00fcresine sahip olmak<\/li>\n<li>Uzun molalara gerek yok ve g\u00fcnl\u00fck aktivitelere h\u0131zl\u0131 d\u00f6n\u00fc\u015f<\/li>\n<li>k\u0131sa tedavi s\u00fcresi (20 ila 50 dakika)<\/li>\n<li>sel\u00fclitin iyile\u015ftirilmesi<\/li>\n<li>v\u00fccut ya\u011f\u0131n\u0131 eritmek<\/li>\n<li>Fazla dokular\u0131n diseksiyonu<\/li>\n<li>Enjeksiyon b\u00f6lgesinde kan ak\u0131\u015f\u0131n\u0131 iyile\u015ftirme<\/li>\n<li>V\u00fccut dokular\u0131n\u0131n normal i\u015flevini s\u00fcrd\u00fcrmek<\/li>\n<\/ul>\n<h3 dir=\"ltr\" style=\"text-align: justify;\"><span style=\"color: #c2185b;\"> Zay\u0131flama mezoterapisinin yan etkileri nelerdir?<\/span><\/h3>\n<p dir=\"ltr\">Liposuction gibi cerrahi y\u00f6ntemlerle kar\u015f\u0131la\u015ft\u0131r\u0131ld\u0131\u011f\u0131nda, zay\u0131flama mezoterapisinin yan etkisi olmayan g\u00fcvenli bir i\u015flem oldu\u011fu bilinmektedir. Bu y\u00f6ntemde herhangi bir ameliyat veya kesi yap\u0131lmaz ve tamamen non-invaziv bir y\u00f6ntemdir. Ancak t\u0131pta hi\u00e7bir y\u00f6ntem ve tedavi yan etkisiz de\u011fildir. Zay\u0131flama mezoterapisi i\u00e7in bildirilen yan etkiler \u015funlard\u0131r:<\/p>\n<ul dir=\"ltr\">\n<li>mide bulant\u0131s\u0131<\/li>\n<li>ac\u0131<\/li>\n<li>alerji<\/li>\n<li>\u015fi\u015fme<\/li>\n<li>ka\u015f\u0131nt\u0131<\/li>\n<li>K\u0131rm\u0131z\u0131<\/li>\n<li>bir yara<\/li>\n<li>Enjeksiyon yerinde \u00e7arpma<\/li>\n<li>Ciltte koyu lekelerin g\u00f6r\u00fcn\u00fcm\u00fc<\/li>\n<li>enfeksiyon<\/li>\n<li>yara<\/li>\n<\/ul>\n<h3 dir=\"ltr\" style=\"text-align: justify;\"><span style=\"color: #c2185b;\"> Zay\u0131flama mezoterapisi sonras\u0131 bak\u0131m<\/span><\/h3>\n<p dir=\"ltr\" style=\"text-align: justify;\">Kilo verme ama\u00e7l\u0131 mezoterapi sonras\u0131 komplikasyonlar\u0131 azaltmak ve ayr\u0131ca bu tedavinin sonucunun kal\u0131c\u0131l\u0131\u011f\u0131n\u0131 art\u0131rmak i\u00e7in mezoterapi sonras\u0131 tedavi edilen b\u00f6lgeye \u00f6zen g\u00f6sterilmesi daha do\u011fru olacakt\u0131r. Mezoterapi sonras\u0131 size genellikle \u00f6nerilenler aras\u0131nda \u015funlar yer al\u0131r:<\/p>\n<ul dir=\"ltr\" style=\"text-align: justify;\">\n<li>Tedavi edilen b\u00f6lgeyi hareket ettirmekten veya masaj yapmaktan ka\u00e7\u0131n\u0131n; Doktorunuz size \u00f6zel talimatlar vermedi\u011fi s\u00fcrece.<\/li>\n<li>Tedaviden sonra 24 saat boyunca yorucu egzersiz ve aktivitelerden ka\u00e7\u0131n\u0131n.<\/li>\n<li>Enjeksiyondan sonra 72 saat boyunca g\u00fcne\u015f \u0131\u015f\u0131\u011f\u0131na veya a\u015f\u0131r\u0131 s\u0131ca\u011fa maruz b\u0131rakmay\u0131n.<\/li>\n<li>\u015ei\u015fmeyi \u00f6nlemek i\u00e7in \u00e7ok miktarda alkol veya tuz t\u00fcketmekten ka\u00e7\u0131n\u0131n.<\/li>\n<li>\u015ei\u015fli\u011fi azaltmak i\u00e7in her saat ba\u015f\u0131 15 dakika so\u011fuk kompres uygulay\u0131n.<\/li>\n<li>A\u011fr\u0131 ve rahats\u0131zl\u0131\u011f\u0131 azaltmak i\u00e7in doktorunuz taraf\u0131ndan re\u00e7ete edilen ila\u00e7lar\u0131 d\u00fczenli olarak al\u0131n.<\/li>\n<li>\u015ei\u015fli\u011fi azaltmak ve \u00f6nlemek i\u00e7in, ba\u015f\u0131n\u0131z v\u00fccudunuzdan daha y\u00fcksek olacak \u015fekilde s\u0131rt \u00fcst\u00fc uyuyun.<\/li>\n<\/ul>\n<h3 dir=\"ltr\" style=\"text-align: justify;\"><span style=\"color: #c2185b;\"> Zay\u0131flama mezoterapisinin fiyat\u0131 ne kadar?<\/span><\/h3>\n<p dir=\"ltr\" style=\"text-align: justify;\">Liposuction gibi zay\u0131flama mezoterapisi ve di\u011fer cerrahi y\u00f6ntemler y\u00fcksek maliyet getirmez. Genel olarak non-invaziv y\u00f6ntemler di\u011fer y\u00f6ntemlere g\u00f6re daha d\u00fc\u015f\u00fck maliyetlidir. Ancak zay\u0131flama mezoterapisinin maliyeti sabit bir miktar olmay\u0131p tedavi edilecek b\u00f6lgeye, alan\u0131n b\u00fcy\u00fckl\u00fc\u011f\u00fcne, enjeksiyon say\u0131s\u0131na, enjekte edilen maddelere ve klini\u011fin di\u011fer imkan ve hizmetlerine g\u00f6re belirlenmektedir. Uzman doktor v\u00fccudun detayl\u0131 muayenesi ve seans say\u0131s\u0131n\u0131 belirledikten sonra zay\u0131flama mezoterapisi fiyat\u0131n\u0131 ki\u015fiye bildirecektir. Her durumda, t\u00fcm mezoterapi seanslar\u0131n\u0131n toplam maliyeti, liposuction gibi cerrahi prosed\u00fcrlerin fiyat\u0131ndan \u00f6nemli \u00f6l\u00e7\u00fcde daha d\u00fc\u015f\u00fckt\u00fcr.<\/p>\n<h3 dir=\"ltr\" style=\"text-align: justify;\"><span style=\"color: #c2185b;\"> Zay\u0131flama mezoterapisinin sonu\u00e7lar\u0131 nelerdir ve ne zaman ortaya \u00e7\u0131kar?<\/span><\/h3>\n<p dir=\"ltr\" style=\"text-align: justify;\">Yap\u0131lan tedaviler ve yap\u0131lan ara\u015ft\u0131rmalara g\u00f6re t\u0131p dergisi WebMd diyor ki: zay\u0131flama mezoterapisi insanlar\u0131n yakla\u015f\u0131k %5&#8217;i i\u00e7in sonu\u00e7 getirmez, ancak geri kalan %95&#8217;inde nihai sonu\u00e7 harikad\u0131r. Zay\u0131flama mezoterapisi sonucu \u00f6zellikle sel\u00fcliti yok etmede kal\u0131c\u0131 bir y\u00f6ntemdir. Tabii ki ki\u015finin kilosunu kontrol etmesi ve mezoterapi sonras\u0131 kilo almamas\u0131 \u00f6nerilir.<\/p>\n<p dir=\"ltr\" style=\"text-align: justify;\">Bu siteye g\u00f6re, baz\u0131 hastalar ilk tedaviden sonra istedikleri sonu\u00e7lar\u0131 g\u00f6r\u00fcyorlar. Ancak \u00e7o\u011fu, neredeyse 4 seans zay\u0131flama mezoterapisinden sonra \u00f6nemli de\u011fi\u015fiklikler bildirmi\u015ftir. Bu nedenle, bir\u00e7ok uzman kilo vermek i\u00e7in yakla\u015f\u0131k 5 ila 10 tedavi seans\u0131 \u00f6nermektedir. Ayr\u0131ca her seanstaki enjeksiyon say\u0131s\u0131 50 ile 150 aras\u0131nda de\u011fi\u015fmektedir.<\/p>\n<h4 dir=\"ltr\" style=\"text-align: justify;\"><span style=\"color: #c2185b;\"> son s\u00f6z<\/span><\/h4>\n<p dir=\"ltr\" style=\"text-align: justify;\">Mezoterapi, fazla ya\u011f\u0131 ortadan kald\u0131rmak ve cildi iyile\u015ftirmek i\u00e7in umut verici bir tedavi y\u00f6ntemidir. Ancak y\u00fcz germe mezoterapisinin g\u00fcvenli\u011fi ve etkinli\u011fi hen\u00fcz bilimsel olarak kan\u0131tlanmam\u0131\u015ft\u0131r. Bir\u00e7ok \u00e7al\u0131\u015fmada kozmetik tedaviler de\u011fil sadece a\u011fr\u0131 tedavisi i\u00e7in mezoterapi incelenmi\u015ftir. Ancak y\u00fcz ve v\u00fccudun di\u011fer b\u00f6lgelerini inceltmek i\u00e7in yap\u0131lan mezoterapinin sonu\u00e7lar\u0131 deneysel olarak kan\u0131tlanm\u0131\u015ft\u0131r. Dedi\u011fimiz gibi doktorlar mezoterapide maddeleri birle\u015ftirmek i\u00e7in herhangi bir \u00f6zel form\u00fcl kullanmazlar. Bu, bir doktorun di\u011ferinden tamamen farkl\u0131 bir tedaviye sahip olabilece\u011fi anlam\u0131na gelir. Bu nedenle siz de zay\u0131flama mezoterapisinden m\u00fckemmel sonu\u00e7 alanlardan olmak istiyorsan\u0131z, sayg\u0131n bir cilt ve sa\u00e7 klini\u011fi gibi sayg\u0131n bir merkeze gidin.<\/p>\n<p dir=\"ltr\"><img loading=\"lazy\" decoding=\"async\" class=\"image-content aligncenter wp-image-11608 \" src=\"https:\/\/greenlifeclinics.com\/wp-content\/uploads\/2022\/11\/65-min-scaled.jpg\" alt=\"\" width=\"517\" height=\"578\" srcset=\"https:\/\/greenlifeclinics.com\/wp-content\/uploads\/2022\/11\/65-min-scaled.jpg 2291w, https:\/\/greenlifeclinics.com\/wp-content\/uploads\/2022\/11\/65-min-268x300.jpg 268w, https:\/\/greenlifeclinics.com\/wp-content\/uploads\/2022\/11\/65-min-916x1024.jpg 916w, https:\/\/greenlifeclinics.com\/wp-content\/uploads\/2022\/11\/65-min-768x858.jpg 768w, https:\/\/greenlifeclinics.com\/wp-content\/uploads\/2022\/11\/65-min-1374x1536.jpg 1374w\" sizes=\"(max-width: 517px) 100vw, 517px\" \/><\/p>\n<h4 dir=\"ltr\" style=\"text-align: justify;\"><span style=\"color: #c2185b;\"> S\u0131k\u00e7a Sorulan Sorular<\/span><\/h4>\n<p dir=\"ltr\"><strong>Zay\u0131flama mezoterapisi ger\u00e7ekten etkili bir y\u00f6ntem midir?<\/strong><\/p>\n<p dir=\"ltr\">Mezoterapi sadece ya\u011f yakmada etkili olmakla kalmaz, sel\u00fcliti de giderir ve cildi s\u0131k\u0131la\u015ft\u0131r\u0131r. Bu nedenle midenizi, basenlerinizi, kollar\u0131n\u0131z\u0131 ve kal\u00e7alar\u0131n\u0131z\u0131 inceltmek i\u00e7in bu y\u00f6ntemi kullanabilirsiniz.<\/p>\n<p dir=\"ltr\"><strong>Zay\u0131flama mezoterapisinin sonu\u00e7lar\u0131 ka\u00e7 g\u00fcn sonra ortaya \u00e7\u0131kar?<\/strong><\/p>\n<p dir=\"ltr\">\u00c7o\u011fu hasta, yakla\u015f\u0131k 4 ila 6 tedavi seans\u0131ndan sonra tedavi edilen b\u00f6lgede \u00f6nemli de\u011fi\u015fiklikler g\u00f6r\u00fcr. Bu y\u00f6ntemin sonu\u00e7lar\u0131 12 ila 18 ay sonra ve doktorun \u00f6nerdi\u011fi kursu tamamlad\u0131ktan sonra ortaya \u00e7\u0131kabilir. Ancak uzmanlar, istenen sonucu korumak i\u00e7in doktorun g\u00f6r\u00fc\u015f\u00fcne g\u00f6re tedaviye devam edilmesini \u00f6nermektedir.<\/p>\n<p dir=\"ltr\"><strong>Zay\u0131flama mezoterapisi g\u00fcvenli midir?<\/strong><\/p>\n<p dir=\"ltr\">Evet, zay\u0131flama mezoterapisini sayg\u0131n bir klinikte ve bir dermatolog taraf\u0131ndan yapt\u0131r\u0131rsan\u0131z bu tedavi tamamen g\u00fcvenlidir. Mezoterapi, liposuction&#8217;a m\u00fckemmel ve risksiz bir alternatiftir.<\/p>\n<p dir=\"ltr\"><strong>Zay\u0131flama mezoterapisi v\u00fccudun hangi b\u00f6lgelerine uygulanabilir?<\/strong><\/p>\n<p dir=\"ltr\">Y\u00fcz inceltici mezoterapi en yayg\u0131n kullan\u0131lan mezoterapilerden biridir. \u00c7ene alt\u0131nda ya\u011f birikmesi y\u00fcz germe mezoterapisi uygulamalar\u0131ndan biridir. Ayr\u0131ca g\u00f6\u011f\u00fcs, kar\u0131n, basen, ayak bilekleri ve basen b\u00f6lgesindeki ya\u011flar\u0131n azalt\u0131lmas\u0131 da mezoterapinin bir di\u011fer uygulamas\u0131d\u0131r.<\/p>\n<blockquote dir=\"ltr\"><p><a href=\"https:\/\/greenlifeclinics.com\/\">Green Life<\/a> zincir klinikleri ve merkezleri (\u0130ran&#8217;da 1. derece zay\u0131flama) sa\u011fl\u0131k, g\u00fczellik ve zay\u0131flama alan\u0131nda en y\u00fcksek teknolojiye sahip orijinal yerel zay\u0131flama cihazlar\u0131na sahiptir. Ayr\u0131ca kilo verme ve g\u00fczellik alan\u0131nda size \u00e7ok yard\u0131mc\u0131 olabilirler. Daha fazla bilgi i\u00e7in 120 hatl\u0131 02134247 numaral\u0131 telefonu aray\u0131n\u0131z.<\/p><\/blockquote>\n","protected":false},"excerpt":{"rendered":"<p>Mezoterapi kilo kayb\u0131 i\u00e7in yeni ve non-invaziv y\u00f6ntemlerden biridir. Bu terap\u00f6tik teknik, kad\u0131n ve erkeklerde liposuction&#8217;a uygun bir alternatif olarak kabul edilir. Zay\u0131flama mezoterapisi, cildin orta tabakas\u0131na ila\u00e7 ve faydal\u0131 maddeler enjekte ederek gerekli besinleri v\u00fccudun belirli bir b\u00f6lgesine ula\u015ft\u0131r\u0131r, bu sayede v\u00fccudun her yerindeki sel\u00fclit ve ya\u011flanmay\u0131 azalt\u0131r. Bu y\u00f6ntem bile s\u0131rt a\u011fr\u0131s\u0131n\u0131 tedavi [&hellip;]<\/p>\n","protected":false},"author":1,"featured_media":22687,"parent":0,"menu_order":0,"comment_status":"open","ping_status":"closed","template":"","meta":{"_daim_seo_power":"","_daim_enable_ail":"","footnotes":""},"class_list":["post-12267","page","type-page","status-publish","has-post-thumbnail","hentry"],"_links":{"self":[{"href":"https:\/\/greenlifeclinics.com\/tr\/wp-json\/wp\/v2\/pages\/12267","targetHints":{"allow":["GET"]}}],"collection":[{"href":"https:\/\/greenlifeclinics.com\/tr\/wp-json\/wp\/v2\/pages"}],"about":[{"href":"https:\/\/greenlifeclinics.com\/tr\/wp-json\/wp\/v2\/types\/page"}],"author":[{"embeddable":true,"href":"https:\/\/greenlifeclinics.com\/tr\/wp-json\/wp\/v2\/users\/1"}],"replies":[{"embeddable":true,"href":"https:\/\/greenlifeclinics.com\/tr\/wp-json\/wp\/v2\/comments?post=12267"}],"version-history":[{"count":0,"href":"https:\/\/greenlifeclinics.com\/tr\/wp-json\/wp\/v2\/pages\/12267\/revisions"}],"wp:featuredmedia":[{"embeddable":true,"href":"https:\/\/greenlifeclinics.com\/tr\/wp-json\/wp\/v2\/media\/22687"}],"wp:attachment":[{"href":"https:\/\/greenlifeclinics.com\/tr\/wp-json\/wp\/v2\/media?parent=12267"}],"curies":[{"name":"wp","href":"https:\/\/api.w.org\/{rel}","templated":true}]}}