{"id":12265,"date":"2022-09-28T16:23:46","date_gmt":"2022-09-28T12:53:46","guid":{"rendered":"https:\/\/greenlifeclinics.com\/?page_id=12265"},"modified":"2023-07-12T21:41:37","modified_gmt":"2023-07-12T17:11:37","slug":"cilt-genclestirmede-etkili-bir-yontem-olan-yuz-mezonlamasi","status":"publish","type":"page","link":"https:\/\/greenlifeclinics.com\/tr\/cilt-genclestirmede-etkili-bir-yontem-olan-yuz-mezonlamasi\/","title":{"rendered":"Cilt gen\u00e7le\u015ftirmede etkili bir y\u00f6ntem olan y\u00fcz mezonlamas\u0131"},"content":{"rendered":"<p dir=\"ltr\">\u0130lk kez 1952 y\u0131l\u0131nda Michel Pistor adl\u0131 bir Frans\u0131z doktor hastalar\u0131n a\u011fr\u0131lar\u0131n\u0131 gidermek i\u00e7in Mesoneedling tekni\u011fini kullanm\u0131\u015ft\u0131r. Zamanla herkes i\u00e7in faydalar\u0131 kan\u0131tlanm\u0131\u015f olan bu y\u00f6ntemin g\u00fcn\u00fcm\u00fczde sel\u00fcliti azaltmak, k\u0131r\u0131\u015f\u0131kl\u0131klar\u0131 gidermek, cildi s\u0131k\u0131la\u015ft\u0131rmak, cildin elastikiyetini korumaya yard\u0131mc\u0131 olmak, g\u00f6z \u00e7evresindeki \u00e7ukurlar\u0131 gidermek, cilt pigmentlerini ayd\u0131nlatmak gibi \u00e7e\u015fitli uygulamalar\u0131 bulunmaktad\u0131r. ve aknenin neden oldu\u011fu \u00e7\u00f6k\u00fcnt\u00fclerin giderilmesi ve sivilce, hamilelik veya kilo kayb\u0131n\u0131n neden oldu\u011fu \u00e7atlaklar\u0131n giderilmesi, v\u00fccudun farkl\u0131 b\u00f6lgelerindeki ya\u011flar\u0131n al\u0131nmas\u0131 ve alopesi (sa\u00e7 d\u00f6k\u00fclmesine neden olan durumlar) tedavisi.Bu nedenle, y\u00fcz cildinizi gen\u00e7le\u015ftirmek istiyorsan\u0131z, cilt mesonedling&#8217;e ameliyats\u0131z etkili bir y\u00f6ntem olarak g\u00fcvenebilirsiniz. Yap\u0131ld\u0131ktan sonra ise y\u00fcz germe gibi invaziv y\u00f6ntemlerin herhangi bir yan etkisi g\u00f6r\u00fclmemektedir. Muhtemelen \u015fimdiye kadar mikro i\u011fneleme tekni\u011finin ad\u0131n\u0131 duymu\u015fsunuzdur. Asl\u0131nda mezon i\u011fneleme de bu tekni\u011fe benzer bir y\u00f6ntemdir, tek fark\u0131 kollajen ve elastin \u00fcretimini uyarmas\u0131n\u0131n yan\u0131 s\u0131ra cildin mezoderm tabakas\u0131na vitamin, enzim, mineral gibi besinleri de enjekte etmesidir. Bu nedenle, y\u00fcz derisinin ve eller gibi v\u00fccudun di\u011fer b\u00f6lgelerinin gen\u00e7le\u015ftirilmesinde daha fazla performansa ve etkinli\u011fe sahiptir. A\u015fa\u011f\u0131da, mesonedling y\u00f6nteminin daha fazla ayr\u0131nt\u0131s\u0131na de\u011finece\u011fiz.<\/p>\n<h3 dir=\"ltr\"><span style=\"color: #993366;\"> Mesonedling<\/span><\/h3>\n<p dir=\"ltr\">Mesonedling teriminin &#8220;mezo&#8221; ve &#8220;i\u011fneleme&#8221; olmak \u00fczere iki kelimeden olu\u015ftu\u011funu bilmek ilgin\u00e7tir. Meso, derinin mezoderm tabakas\u0131n\u0131, i\u011fneleme ise mezoterapi kokteyllerinin enjeksiyonunu ifade eder. Asl\u0131nda bu y\u00f6ntem s\u0131ras\u0131nda epidermis (epidermis) ile dermis tabakalar\u0131 aras\u0131nda yer alan mezoderm tabakas\u0131na yani derinin orta tabakas\u0131na \u00e7ok ince i\u011fneler yard\u0131m\u0131yla her t\u00fcrl\u00fc besin maddesi enjekte edilir. cilt ve sa\u00e7\u0131n zarar g\u00f6rm\u00fc\u015f dokular\u0131n\u0131 onarmak i\u00e7in. . Deneyimlere g\u00f6re, bu y\u00f6ntemin kullan\u0131lmas\u0131 cildin gen\u00e7le\u015fmesi ve elastikiyetinin artmas\u0131 i\u00e7in sadece kan ak\u0131\u015f\u0131n\u0131 ve daha fazla kollajen ve elastin \u00fcretimini uyarmakla kalmaz, ayn\u0131 zamanda y\u00fczdeki koyu lekeleri ve cilt lekelerini de (akne, artan ya\u015f nedeniyle) giderir. veya g\u00fcne\u015f \u0131\u015f\u0131\u011f\u0131), yara izlerini, sivilceleri ve sivilceleri (yara izlerini) gidermek, akneyi \u00f6nlemek i\u00e7in sebum miktar\u0131n\u0131 kontrol etmek ve zararl\u0131 cilt ya\u011f\u0131n\u0131 gidermek y\u00fcz\u00fcn \u015fekillendirilmesine \u00e7ok yard\u0131mc\u0131 olur. Bu nedenle mezonlaman\u0131n y\u00fcz derisi ya\u015flanmas\u0131nda ileri tedavi tekniklerinden biri oldu\u011fu s\u00f6ylenebilir. \u015eu anda, sa\u00e7 d\u00f6k\u00fclmesini ve hatta alopesi veya kelli\u011fi kontrol etmek ve tedavi etmek i\u00e7in sa\u00e7 k\u00f6klerini uyarmak i\u00e7in sa\u00e7 mezon i\u011fneleme kullan\u0131lmaktad\u0131r. Asl\u0131nda, sa\u00e7 derisine besinler enjekte edilerek ve kan ak\u0131\u015f\u0131 art\u0131r\u0131larak sa\u00e7 k\u00f6kleri g\u00fc\u00e7lendirilir veya yenilenir. Son zamanlarda bu y\u00f6ntem ayr\u0131ca sebum veya sa\u00e7 derisi ya\u011f miktar\u0131n\u0131 kontrol etmek i\u00e7in de kullan\u0131lmaktad\u0131r. Mesonedling ile cilt ve sa\u00e7 problemlerini \u00e7\u00f6zmek i\u00e7in, sorunun tipine ba\u011fl\u0131 olarak \u00e7e\u015fitli kimyasal ve bitkisel ila\u00e7lar kullan\u0131l\u0131r. \u00d6rne\u011fin sa\u00e7\u0131 kal\u0131nla\u015ft\u0131rmak ve uzatmak i\u00e7in kullan\u0131lan ila\u00e7lar ile kellik tedavisinde kullan\u0131lan ila\u00e7lar farkl\u0131d\u0131r. Y\u00fcz mezonedling i\u015fleminde y\u00fcz\u00fcn her b\u00f6lgesindeki mevcut problemlere g\u00f6re \u00f6zel tipte besleyici ve onar\u0131c\u0131 maddeler enjekte edilir. Enjeksiyon y\u00f6ntemi de uzmanla\u015fm\u0131\u015ft\u0131r ve bir doktor taraf\u0131ndan veya onun g\u00f6zetiminde yap\u0131lmal\u0131d\u0131r.<\/p>\n<h3 dir=\"ltr\"><span style=\"color: #993366;\"> cilt mesonedling nas\u0131l yap\u0131l\u0131r<\/span><\/h3>\n<p dir=\"ltr\">Mikro i\u011fneleme gibi cilt mezonlama i\u015flemini ger\u00e7ekle\u015ftirmek i\u00e7in \u00e7ok say\u0131da \u00e7ok ince ve minik i\u011fneye sahip bir dijital i\u011fne cihaz\u0131 kullan\u0131l\u0131r. Bu cihaz derinin orta tabakas\u0131na batarken ayn\u0131 anda mezoterapi kokteyllerini otomatik olarak enjekte etme \u00f6zelli\u011fine sahiptir. Genellikle uzman doktor enjeksiyona ba\u015flamadan \u00f6nce mezonlama a\u011fr\u0131s\u0131n\u0131 azaltmak i\u00e7in lokal anestezik kremler veya baz\u0131 ila\u00e7lar kullan\u0131r. Temel olarak cilt tipine, ya\u015fa, hasar\u0131n derecesine ve tedavi i\u00e7in istenilen yere g\u00f6re doktor kokteyl tipini, tedavi s\u00fcresini ve dijital i\u011fnelerin girece\u011fi uygun derinli\u011fi ayarlar. \u015eimdi cihaz cilt \u00fczerine yerle\u015ftirilir ve mezoterapi kokteyli micropunch y\u00f6ntemi ile cilde enjekte edilir. Elbette, besinlerin tan\u0131t\u0131lmas\u0131, tahri\u015f olmu\u015f cildi canland\u0131rmaya ve y\u00fcz derisinin ya\u015flanma etkilerini gidermeye yard\u0131mc\u0131 olur. Bu nedenle deri mezonlamas\u0131 \u00e7atlaklar i\u00e7in de kullan\u0131lmaktad\u0131r. Sorununuzu \u00e7\u00f6zmek i\u00e7in gereken seans say\u0131s\u0131 cilt tipine, ya\u015f\u0131na, uygulama yap\u0131lacak yere ve hasar\u0131n tipine ve \u015fiddetine ba\u011fl\u0131d\u0131r. Genellikle doktor tedaviye ba\u015flamadan \u00f6nce bir kons\u00fcltasyon seans\u0131 s\u0131ras\u0131nda sizinle bu konuda konu\u015facakt\u0131r. Ola\u011fan prosed\u00fcre g\u00f6re, \u00e7o\u011fu hasta her 1 ila 1,5 ayda bir 6 ila 8 cilt mesonedling seans\u0131na ihtiya\u00e7 duyar. \u00d6nemli olan bu seanslarda sa\u011fl\u0131kl\u0131 olman\u0131zd\u0131r. G\u00fcne\u015f yan\u0131\u011f\u0131 veya cilt diki\u015fleri gibi yeni sorunlar tedavinizi geciktirebilir.<\/p>\n<h3 dir=\"ltr\">Mesonedling genellikle v\u00fccudun hangi b\u00f6lgelerini tedavi etmek i\u00e7in kullan\u0131l\u0131r?<\/h3>\n<p dir=\"ltr\">Y\u00fcz ve sa\u00e7 mesonedlingine ek olarak, bu tekni\u011fin ayr\u0131ca v\u00fccudun kollar, uyluklar vb. gibi belirli b\u00f6lgelerindeki fazla ya\u011flar\u0131 \u015fekillendirmek ve almak i\u00e7in kullan\u0131ld\u0131\u011f\u0131n\u0131 bilmek ilgin\u00e7tir. Ellerinizin cildi ya\u015flanmaya ba\u011fl\u0131 olarak \u00e7ok k\u0131r\u0131\u015f\u0131yorsa veya cilt lekeleri varsa, y\u00fcz mezonedling gibi ellerinizin cildini gen\u00e7le\u015ftirmek i\u00e7in de \u00f6nlemler alabilirsiniz. G\u00fcn\u00fcm\u00fczde mezoterapi, adet a\u011fr\u0131s\u0131, migren, fibromiyalji, servikobrakiyal sendrom, nevralji ve gut gibi a\u011fr\u0131l\u0131 hastal\u0131klar\u0131n a\u011fr\u0131lar\u0131n\u0131 gidermek i\u00e7in kullan\u0131lmaktad\u0131r. Mezoterapi ayr\u0131ca spor yaralanmalar\u0131, kas tendon yaralanmalar\u0131, bursit veya miyozit gibi iltihapl\u0131 durumlarda da kullan\u0131labilir. Eklem b\u00f6lgelerinde birikmi\u015f a\u011fr\u0131l\u0131 ve iltihapl\u0131 s\u0131v\u0131lar\u0131n al\u0131nmas\u0131 da mezoterapi ile yap\u0131labilmektedir. Mezoterapi ayn\u0131 zamanda varis gibi baz\u0131 damar hastal\u0131klar\u0131n\u0131 gidermek i\u00e7in de kullan\u0131lmaktad\u0131r. Bu nedenle mezonlaman\u0131n v\u00fccudun farkl\u0131 b\u00f6lgeleri i\u00e7in etkili bir tedavi y\u00f6ntemi oldu\u011fu s\u00f6ylenebilir. Mezonlama hangi yaralanmalar\u0131 tedavi etmek i\u00e7in kullan\u0131l\u0131r?<\/p>\n<p dir=\"ltr\"><strong>mesonedling uygulamas\u0131<\/strong><\/p>\n<p dir=\"ltr\">Mezonlama genel olarak y\u00fczde ve v\u00fccudun farkl\u0131 b\u00f6lgelerinde olu\u015fan k\u0131r\u0131\u015f\u0131kl\u0131klar, g\u00fcne\u015f yan\u0131\u011f\u0131, hamilelik, ya\u015flanma gibi nedenlerle cilt renginde ve lekelerinde meydana gelen de\u011fi\u015fiklikler, cilt elastikiyetinin azalmas\u0131 gibi hasarlar\u0131n giderilmesi veya kontrol alt\u0131na al\u0131nmas\u0131 i\u00e7in kullan\u0131l\u0131r. Y\u00fcz ve di\u011fer b\u00f6lgelerde Ya\u015flanma nedeniyle v\u00fccutta veya cilt yan\u0131klar\u0131, a\u015f\u0131r\u0131 kilo kayb\u0131 veya hamilelik nedeniyle \u00e7atlaklar, yara izleri ve sivilce (yara izleri), g\u00f6z \u00e7evresinde ve v\u00fccudun di\u011fer hassas b\u00f6lgelerinde koyula\u015fma ve \u00e7\u00f6k\u00fcnt\u00fc, sa\u00e7 d\u00f6k\u00fclmesi veya kellik nedeniyle ya\u015flanmaya, y\u00fczde veya v\u00fccudun di\u011fer b\u00f6lgelerinde fazla ya\u011f birikmesi, sa\u00e7l\u0131 deri veya y\u00fczdeki ya\u011f\u0131n a\u015f\u0131r\u0131 salg\u0131lanmas\u0131, siyah nokta, bacak varisleri, mezon i\u011fnesi kimler i\u00e7in uygundur? Deneyimler, bu prosed\u00fcr\u00fc uygulaman\u0131n genel sa\u011fl\u0131\u011f\u0131 iyi olanlar i\u00e7in uygun oldu\u011funu g\u00f6stermi\u015ftir. Bu nedenle \u015fu ki\u015filerin bu tekni\u011fi denememesi \u00f6nerilir: hamileler, emziren anneler, v\u00fccudunun veya y\u00fcz\u00fcn\u00fcn bir b\u00f6lgesinde fel\u00e7 \u00f6yk\u00fcs\u00fc olan ki\u015filer, ins\u00fclin kullanmak zorunda olan \u015feker hastalar\u0131. hastalar veya ba\u011f\u0131\u015f\u0131kl\u0131k sistemi bozuk olanlar, kan p\u0131ht\u0131la\u015fma bozuklu\u011fu olan hastalar, mezoterapi kokteyli i\u00e7eriklerinden herhangi birine alerjisi olan ki\u015filer, \u00fcrtiker sorunu olanlar, kalp hastal\u0131\u011f\u0131 olan ve birden fazla ila\u00e7 tedavisi g\u00f6ren ki\u015filer, cilt hassasiyeti varsa veya mezon i\u011fneleme i\u00e7in hedef b\u00f6lgede enfeksiyon varsa, tamamen iyile\u015fene kadar bu y\u00f6ntem kullan\u0131lmamal\u0131d\u0131r. Baz\u0131 cilt hastal\u0131klar\u0131n\u0131n olmas\u0131 bu i\u015fleme engel olabilir. Tabii doktor i\u015fe ba\u015flamadan \u00f6nce bunlar\u0131 kontrol edecektir. Y\u00fcz mezoterapisi siyah noktalar\u0131n olu\u015fmas\u0131n\u0131 engelleyebilse de aktif aknelerin iyile\u015ftirilmesi i\u00e7in uygun bir y\u00f6ntem de\u011fildir ve hatta \u015fiddetlenmesine neden olabilir. Doktorlara g\u00f6re v\u00fccudun ba\u011f\u0131\u015f\u0131kl\u0131k sisteminin zay\u0131f olmas\u0131 ve aspirin, warfarin gibi kan suland\u0131r\u0131c\u0131 ila\u00e7lar\u0131n kullan\u0131lmas\u0131 bu tekni\u011fin \u00f6n\u00fcne ge\u00e7ebiliyor. Cilt manip\u00fclasyonundan sonra keloid veya ekstra et alma \u00f6yk\u00fcn\u00fcz varsa, mezon i\u011fneleme yerine hipoterapi gibi enjeksiyon d\u0131\u015f\u0131 y\u00f6ntemlere gitmek daha iyidir.<\/p>\n<h3 dir=\"ltr\"><span style=\"color: #993366;\"> Mesoneding ve microneedling aras\u0131ndaki fark<\/span><\/h3>\n<p dir=\"ltr\">Bu iki y\u00f6ntem aras\u0131ndaki en temel fark mezoterapi kokteyli kullan\u0131lmas\u0131 ya da kullan\u0131lmamas\u0131d\u0131r. Asl\u0131nda mikroi\u011fneleme y\u00f6ntemi s\u0131ras\u0131nda sadece dijital i\u011fne cihaz\u0131n\u0131n ince i\u011fneleri kullan\u0131larak cildin daha fazla kollajen ve elastin \u00fcretimini uyararak elastikiyetini art\u0131rmas\u0131 sa\u011flan\u0131r ve cildin alt tabakas\u0131na herhangi bir madde enjekte edilmez. . Bu nedenle bu y\u00f6ntemin mezon i\u011fnelemeye g\u00f6re yan etkileri daha az, tedavi s\u00fcresi ve hatta iyile\u015fme s\u00fcresi daha k\u0131sad\u0131r. Mezoterapi kokteylindeki bile\u015fenlerden herhangi birine alerjiniz varsa, mezoneedling yerine microneedling&#8217;e gitmek daha iyidir.<\/p>\n<h3 dir=\"ltr\"><span style=\"color: #993366;\"> mesonedling \u00f6ncesi bak\u0131m<\/span><\/h3>\n<p dir=\"ltr\">Bu g\u00fczellik ve cilt gen\u00e7le\u015ftirme y\u00f6ntemini uygulamak da di\u011fer y\u00f6ntemler gibi \u00f6zel bir \u00f6zen gerektirmektedir. Bu nedenle, yapmadan \u00f6nce a\u015fa\u011f\u0131dakilere dikkat etmenizi \u00f6neririz:<\/p>\n<p dir=\"ltr\">Mezonlamadan en az birka\u00e7 g\u00fcn ila bir hafta \u00f6nce sigara i\u00e7mekten, kan suland\u0131r\u0131c\u0131 ila\u00e7lardan ve yiyeceklerden ka\u00e7\u0131n\u0131n.<\/p>\n<p dir=\"ltr\">Cildinizi sa\u011fl\u0131kl\u0131 tutmak i\u00e7in iki hafta \u00f6ncesinden g\u00fcne\u015flenmeyin veya solaryuma gitmeyin.<\/p>\n<p dir=\"ltr\">Bu i\u015flemden en az iki hafta \u00f6nce cildinizin o b\u00f6lgesine jel, ya\u011f veya botoks enjeksiyonu yapmam\u0131\u015f olman\u0131z gerekir. Bu i\u015flemin yap\u0131ld\u0131\u011f\u0131 g\u00fcn cildinizi iyice temizleyin ve herhangi bir krem \u200b\u200bveya kozmetik kullanmay\u0131n.<\/p>\n<p dir=\"ltr\">Sa\u00e7 mesonedling yapacaksan\u0131z, sa\u00e7 derinizin tamamen temiz olmas\u0131 gerekir.<\/p>\n<p dir=\"ltr\">Diyabet veya kanser gibi belirli bir hastal\u0131ktan muzdaripseniz, kons\u00fcltasyon seans\u0131 s\u0131ras\u0131nda doktoru bilgilendirdi\u011finizden emin olun.<\/p>\n<p dir=\"ltr\">Hi\u00e7 utanga\u00e7 olmay\u0131n ve sorular\u0131n\u0131z\u0131 a\u00e7\u0131k\u00e7a sorun.<\/p>\n<p dir=\"ltr\"><b> Y\u00fcz mesonedling sonras\u0131 bak\u0131m<\/b><\/p>\n<p dir=\"ltr\">Y\u00fcz mezonedlingi sonras\u0131 gerekli bak\u0131m i\u00e7in a\u015fa\u011f\u0131daki noktalara dikkat etmek \u00e7ok \u00f6nemlidir:<\/p>\n<p dir=\"ltr\">Biraz dinlenmek ve 3 ila 5 g\u00fcn sonra g\u00fcnl\u00fck aktivitelerinize ba\u015flamak daha iyidir.<\/p>\n<p dir=\"ltr\">Tiner kullan\u0131m\u0131n\u0131 iki haftaya kadar erteleyin.<\/p>\n<p dir=\"ltr\">Doktor size iltihap \u00f6nleyici ila\u00e7lar, a\u011fr\u0131 kesiciler, antibiyotikler veya ba\u015fka \u015feyler verdiyse, bunlar\u0131 ald\u0131\u011f\u0131n\u0131zdan emin olun.<\/p>\n<p dir=\"ltr\">Doktor g\u00f6r\u00fc\u015f\u00fcne g\u00f6re y\u00fcz ve ba\u015f derisini temizlemek i\u00e7in hafif deterjanlar kullanmak daha iyidir.<\/p>\n<p dir=\"ltr\">Birka\u00e7 hafta g\u00fcne\u015flenmeyin veya y\u00fczmeyin. Meson i\u011fneleme i\u015fleminden sonraki ilk birka\u00e7 g\u00fcn cildiniz \u00e7ok s\u0131cak veya \u00e7ok so\u011fuk suya maruz b\u0131rak\u0131lmamal\u0131d\u0131r.<\/p>\n<p dir=\"ltr\">Etkilenen b\u00f6lgeyi ka\u015f\u0131yarak veya s\u00fcrterek tahri\u015f etmekten ka\u00e7\u0131n\u0131n.<\/p>\n<p dir=\"ltr\">Sadece g\u00fcne\u015f \u0131\u015f\u0131\u011f\u0131na maruz kalmamakla kalmay\u0131p, evde bile g\u00fcne\u015f kremi kullanmak gereklidir.<\/p>\n<p dir=\"ltr\">Alerjileri \u00f6nlemek i\u00e7in, birka\u00e7 g\u00fcn boyunca kozmetik veya cilt bak\u0131m \u00fcr\u00fcnlerini, \u00f6zellikle C vitamini, retinol ve alfa hidroksi asit i\u00e7eren \u00fcr\u00fcnleri kullanmaktan ka\u00e7\u0131n\u0131n.<\/p>\n<p dir=\"ltr\">Y\u00fcz veya ba\u015f derisindeki terleme, bakteri \u00fcremesine ve iltihaplanmaya zemin haz\u0131rlayabilir. Bu y\u00fczden elinizden geldi\u011fince a\u011f\u0131r i\u015fler yapmaktan ka\u00e7\u0131n\u0131n.<\/p>\n<p dir=\"ltr\">Mezonlamadan sonra \u00e7ok fazla a\u011fr\u0131 veya iltihaplanma olursa, cildi nemli tutmak i\u00e7in so\u011fuk kompres de kullanabilirsiniz.<\/p>\n<p dir=\"ltr\"><strong>Cilt masaj\u0131n\u0131n faydalar\u0131<\/strong><\/p>\n<p dir=\"ltr\">Meson \u0130\u011fnelemenin Avantajlar\u0131 \u00d6nceki b\u00f6l\u00fcmlerde Meson \u0130\u011fnelemenin faydalar\u0131ndan ve kullan\u0131m alanlar\u0131ndan bahsetmi\u015ftik.<\/p>\n<p dir=\"ltr\">Kan ak\u0131\u015f\u0131n\u0131 art\u0131rmak ve v\u00fccudun farkl\u0131 b\u00f6lgelerindeki cilde besin sa\u011flamak, cildi elastikiyetini art\u0131rarak gen\u00e7le\u015ftirmek, \u015feffafl\u0131\u011f\u0131 art\u0131rmak ve y\u00fcz\u00fcn rengini ayd\u0131nlatmak, sivilce ve sivilcelerin neden oldu\u011fu cilt lekelerini ve \u00e7\u00f6k\u00fcnt\u00fcleri gidermek gibi \u015feyler.<\/p>\n<h3 dir=\"ltr\"><span style=\"color: #993366;\"> Sebum veya ya\u011f miktar\u0131n\u0131 kontrol edin<\/span><\/h3>\n<p dir=\"ltr\">Mezonlaman\u0131n en \u00f6nemli avantajlar\u0131ndan biri cilt ve sa\u00e7 problemlerini \u00e7\u00f6zmek i\u00e7in kal\u0131c\u0131 gen\u00e7le\u015ftirme tekniklerinden biri olarak kabul edilebilmesidir. Tabii sorununuz kal\u0131tsal de\u011filse veya mezonedling sonras\u0131 uygun bir ya\u015fam tarz\u0131n\u0131z ve diyetiniz varsa.<\/p>\n<h3 dir=\"ltr\"><span style=\"color: #993366;\"> Cilt mezonedlinginin dezavantajlar\u0131 ve olas\u0131 yan etkileri<\/span><\/h3>\n<p dir=\"ltr\">Kozmetik mezon i\u011fneleme y\u00f6nteminin de di\u011fer y\u00f6ntemler gibi baz\u0131 dezavantajlar\u0131 ve komplikasyonlar\u0131 olabilir. Bariz dezavantajlar\u0131ndan biri, cilt tipine ba\u011fl\u0131 olarak de\u011fi\u015fken etkilili\u011fe sahip olmas\u0131d\u0131r. Genellikle kal\u0131n ciltler i\u00e7in %100 etkili de\u011fildir. \u00d6te yandan, erkek tipi kellik gibi sa\u00e7 d\u00f6k\u00fclmesinin tedavisinde sa\u00e7 mesonidling i\u015flemi pek yard\u0131mc\u0131 olamaz. Cilt mezonlamas\u0131n\u0131n olas\u0131 yan etkileri \u015funlar\u0131 i\u00e7erir: Hedef b\u00f6lgede iltihaplanma, k\u0131zar\u0131kl\u0131k ve hafif yanma ve ka\u015f\u0131nt\u0131, ciltte ge\u00e7ici renk de\u011fi\u015fikli\u011fi veya koyula\u015fma, etkilenen b\u00f6lgede pullanma, tedavi b\u00f6lgesinde \u00e7ok k\u00fc\u00e7\u00fck yaralar\u0131n olu\u015fmas\u0131, kanama, cilt enfeksiyonu, yara izleri veya yara izleri, neyse ki \u00e7o\u011fu Listelenen yan etkilerden baz\u0131lar\u0131 ge\u00e7icidir ve son olarak mezonlamadan 7 ila 10 g\u00fcn sonra kaybolurlar. Tabii ki mesonedling sonras\u0131 bak\u0131m konusunda belirtilen noktalara dikkat ederseniz. \u0130stenilen b\u00f6lge soyulup sabitlendikten sonra yeni bir cilt tabakas\u0131 olu\u015ftu\u011funu ve ciltte olu\u015fan ge\u00e7ici koyulu\u011fun kayboldu\u011funu bilmekte fayda var. Olu\u015fan yaralar da birka\u00e7 g\u00fcn sonra d\u00fczelir ve genellikle k\u00fc\u00e7\u00fck boyutlar\u0131ndan dolay\u0131 iz b\u0131rakmazlar.<\/p>\n<h3 dir=\"ltr\"><span style=\"color: #993366;\"> y\u00fcz mesonedling fiyat\u0131<\/span><\/h3>\n<p dir=\"ltr\">Mezonlama maliyeti temel olarak cilt tipi, ya\u015f, mezoterapi kokteyli i\u00e7in gerekli olan i\u00e7eriklerin t\u00fcr\u00fc ve miktar\u0131 ve tedavinin amac\u0131 gibi \u00e7e\u015fitli fakt\u00f6rlere ba\u011fl\u0131d\u0131r. Bu nedenle sa\u00e7 mezonlama fiyatlar\u0131 y\u00fcz mezonlama fiyatlar\u0131na g\u00f6re olduk\u00e7a farkl\u0131d\u0131r. Bazen ya\u015fad\u0131\u011f\u0131n\u0131z \u015fehir, klini\u011fin ge\u00e7mi\u015fi ve sizi tedavi eden doktor bu i\u015flemin nihai maliyetini etkiler. Tabii ki, mezonlama \u00f6ncesi testlerin ve dan\u0131\u015fmanl\u0131k seanslar\u0131n\u0131n maliyetlerini de g\u00f6z \u00f6n\u00fcnde bulundurmal\u0131s\u0131n\u0131z.Bir klini\u011fin pahal\u0131 hizmetlerinin her zaman y\u00fcksek kalitesi anlam\u0131na gelmedi\u011fini unutmay\u0131n. Bu y\u00f6ntemi uygulamadan \u00f6nce ara\u015ft\u0131rmak ve farkl\u0131 \u00e7al\u0131\u015fma \u00f6rneklerini g\u00f6rerek arad\u0131\u011f\u0131n\u0131z klini\u011fin ve uzman doktorun yapt\u0131\u011f\u0131 i\u015fin kalitesinden emin olmakta fayda var. Golshid&#8217;in alan\u0131nda uzman ve kendini i\u015fine adam\u0131\u015f doktorlardan olu\u015fan ve d\u00fcnyan\u0131n en geli\u015fmi\u015f t\u0131bbi ekipman ve malzemelerine sahip deneyimli kadrosundan olu\u015fan uzman grubunun her t\u00fcrl\u00fc cilt ve sa\u00e7 bak\u0131m ve tedavi hizmetlerinde sizi tatmin edece\u011finden emin olun. Sadece bu g\u00fczellik enstit\u00fcs\u00fcn\u00fcn \u00f6nceki \u00e7al\u0131\u015fmalar\u0131na bir g\u00f6z at\u0131n!<\/p>\n<h3 dir=\"ltr\">Mesonedling SSS<\/h3>\n<p dir=\"ltr\"><strong>Mezon i\u011fnesi a\u011fr\u0131l\u0131 m\u0131d\u0131r?<\/strong><\/p>\n<p dir=\"ltr\">Baz\u0131lar\u0131 bu y\u00f6ntemde i\u011fne kullan\u0131ld\u0131\u011f\u0131 i\u00e7in \u00e7ok ac\u0131d\u0131\u011f\u0131n\u0131 d\u00fc\u015f\u00fcn\u00fcr. \u0130\u011fneler \u00e7ok hassas ve y\u00fczeysel ise ve doktor anestezik ila\u00e7lar da kullan\u0131yorsa. Asl\u0131nda a\u011fr\u0131 o kadar hafiftir ki ilk seanslardan sonra tolere etmeniz normal hale gelir. Endi\u015felenmeyin, bu teknik size herhangi bir rahats\u0131zl\u0131k vermiyor!<\/p>\n<p dir=\"ltr\"><strong>Bu y\u00f6ntemde kullan\u0131lan i\u011fneler derinin sinirlerine zarar verir mi?<\/strong><\/p>\n<p dir=\"ltr\">Hay\u0131r, \u00e7\u00fcnk\u00fc bu hassas i\u011fnelerin penetrasyon derinli\u011fi \u00e7ok d\u00fc\u015f\u00fckt\u00fcr ve sadece derinin y\u00fczeysel katmanlar\u0131na n\u00fcfuz ederler. Derinin sinirleri alt katmanlarda yer al\u0131r ve bunlarla hi\u00e7bir temas\u0131 yoktur. San\u0131lan\u0131n aksine mezon i\u011fnesi cilt sinirlerine zarar vermez ve fel\u00e7 etmez.!<\/p>\n<p dir=\"ltr\"><strong>Tam bir mezonlama tedavisi kursu ne kadar s\u00fcrer?<\/strong><\/p>\n<p dir=\"ltr\">Belirtildi\u011fi gibi, tedavi s\u00fcresi her ki\u015fi i\u00e7in farkl\u0131d\u0131r. Ancak genellikle en az 6 seans\u0131 her biri yar\u0131m saat olarak ay\u0131rman\u0131z gerekmektedir. Her bir seans aras\u0131nda birer ayl\u0131k bir aral\u0131k varsa tedavi s\u00fcrecinizi tamamlamak i\u00e7in en az 6 ayl\u0131k bir zaman ay\u0131rmal\u0131s\u0131n\u0131z. Elbette bu d\u00f6nemde dikkat etmek ve sa\u011fl\u0131kl\u0131 bir ya\u015fam tarz\u0131 s\u00fcrd\u00fcrmek \u00e7ok \u00f6nemlidir.<\/p>\n<p dir=\"ltr\"><strong>Meson i\u011fneleme ka\u00e7 ya\u015f\u0131ndan itibaren \u00f6nerilir?<\/strong><\/p>\n<p dir=\"ltr\">Doktorlar genellikle 18 ya\u015f\u0131ndan itibaren mezonlama yap\u0131lmas\u0131n\u0131 \u00f6nermektedir \u00e7\u00fcnk\u00fc ergenlik \u00f6ncesi v\u00fccuttaki hormon d\u00fczeyi hen\u00fcz dengelenmemi\u015ftir ve bu y\u00f6ntemden gerekli sonu\u00e7lar al\u0131namayabilir. Mezon i\u011fnelemenin ergenlik \u00e7a\u011f\u0131ndaki ergenlerde sivilce tahri\u015fine neden oldu\u011fu g\u00f6zlemlenmi\u015ftir.<\/p>\n<p dir=\"ltr\"><strong>Bu i\u015flemin mutlaka bir doktor taraf\u0131ndan yap\u0131lmas\u0131 gerekli midir?<\/strong><\/p>\n<p dir=\"ltr\">Evet, \u00e7\u00fcnk\u00fc mezoterapi kokteyli t\u00fcr\u00fcn\u00fcn ve enjeksiyonunun nas\u0131l se\u00e7ilece\u011fi konusunda uzman bir doktorun uzmanl\u0131\u011f\u0131n\u0131 gerektirir. Aksi takdirde kal\u0131c\u0131 izler gibi geri d\u00f6n\u00fc\u015f\u00fc olmayan komplikasyonlarla kar\u015f\u0131la\u015fabilirsiniz. \u0130stedi\u011finiz klini\u011fin dijital i\u011fne cihaz\u0131n\u0131n kaliteli ve g\u00fcncel oldu\u011fundan emin olman\u0131z\u0131 tavsiye ederiz.<\/p>\n<p dir=\"ltr\">\n<blockquote dir=\"ltr\"><p>Sa\u011fl\u0131k, cilt ve sa\u00e7 alan\u0131nda en y\u00fcksek teknoloji ve tekniklere sahip <a href=\"https:\/\/greenlifeclinics.com\/\">Green Life<\/a> zincir klinikleri ve merkezleri (\u0130ran&#8217;da 1. s\u0131rada zay\u0131flama ve g\u00fczellik). Ayr\u0131ca gen\u00e7le\u015fme ve g\u00fczellik alan\u0131nda size \u00e7ok yard\u0131mc\u0131 olabilirler. Daha fazla bilgi i\u00e7in 120 hatl\u0131 02134247 numaral\u0131 telefonu aray\u0131n\u0131z.<\/p><\/blockquote>\n","protected":false},"excerpt":{"rendered":"<p>\u0130lk kez 1952 y\u0131l\u0131nda Michel Pistor adl\u0131 bir Frans\u0131z doktor hastalar\u0131n a\u011fr\u0131lar\u0131n\u0131 gidermek i\u00e7in Mesoneedling tekni\u011fini kullanm\u0131\u015ft\u0131r. Zamanla herkes i\u00e7in faydalar\u0131 kan\u0131tlanm\u0131\u015f olan bu y\u00f6ntemin g\u00fcn\u00fcm\u00fczde sel\u00fcliti azaltmak, k\u0131r\u0131\u015f\u0131kl\u0131klar\u0131 gidermek, cildi s\u0131k\u0131la\u015ft\u0131rmak, cildin elastikiyetini korumaya yard\u0131mc\u0131 olmak, g\u00f6z \u00e7evresindeki \u00e7ukurlar\u0131 gidermek, cilt pigmentlerini ayd\u0131nlatmak gibi \u00e7e\u015fitli uygulamalar\u0131 bulunmaktad\u0131r. ve aknenin neden oldu\u011fu \u00e7\u00f6k\u00fcnt\u00fclerin giderilmesi ve [&hellip;]<\/p>\n","protected":false},"author":1,"featured_media":0,"parent":0,"menu_order":0,"comment_status":"open","ping_status":"closed","template":"","meta":{"_daim_seo_power":"","_daim_enable_ail":"","footnotes":""},"class_list":["post-12265","page","type-page","status-publish","hentry"],"_links":{"self":[{"href":"https:\/\/greenlifeclinics.com\/tr\/wp-json\/wp\/v2\/pages\/12265","targetHints":{"allow":["GET"]}}],"collection":[{"href":"https:\/\/greenlifeclinics.com\/tr\/wp-json\/wp\/v2\/pages"}],"about":[{"href":"https:\/\/greenlifeclinics.com\/tr\/wp-json\/wp\/v2\/types\/page"}],"author":[{"embeddable":true,"href":"https:\/\/greenlifeclinics.com\/tr\/wp-json\/wp\/v2\/users\/1"}],"replies":[{"embeddable":true,"href":"https:\/\/greenlifeclinics.com\/tr\/wp-json\/wp\/v2\/comments?post=12265"}],"version-history":[{"count":0,"href":"https:\/\/greenlifeclinics.com\/tr\/wp-json\/wp\/v2\/pages\/12265\/revisions"}],"wp:attachment":[{"href":"https:\/\/greenlifeclinics.com\/tr\/wp-json\/wp\/v2\/media?parent=12265"}],"curies":[{"name":"wp","href":"https:\/\/api.w.org\/{rel}","templated":true}]}}