{"id":12255,"date":"2022-09-28T16:24:49","date_gmt":"2022-09-28T12:54:49","guid":{"rendered":"https:\/\/greenlifeclinics.com\/?page_id=12255"},"modified":"2023-07-12T15:42:25","modified_gmt":"2023-07-12T11:12:25","slug":"hipoterapi-genclesme-ve-yuz-germe-mucizesidir","status":"publish","type":"page","link":"https:\/\/greenlifeclinics.com\/tr\/hipoterapi-genclesme-ve-yuz-germe-mucizesidir\/","title":{"rendered":"Hipoterapi gen\u00e7le\u015fme ve y\u00fcz germe mucizesidir"},"content":{"rendered":"<h3 dir=\"ltr\" style=\"text-align: justify;\"><span style=\"color: #993366;\"> hipoterapi nedir?<\/span><\/h3>\n<p dir=\"ltr\">HIFU, Y\u00fcksek Yo\u011funluklu Odaklanm\u0131\u015f Ultrason anlam\u0131na gelir. HIFU, g\u00fczellik bak\u0131mlar\u0131nda cildi s\u0131k\u0131la\u015ft\u0131rmaya ve kald\u0131rmaya y\u00f6nelik nispeten yeni y\u00f6ntemlerden biridir, a\u011fr\u0131s\u0131z ve invaziv de\u011fildir ve y\u00fcz germe i\u015fleminin yerini alabilir.<\/p>\n<p dir=\"ltr\">Ultrason dalgalar\u0131 hipoterapide kullan\u0131l\u0131r. Yani, ultrason makinelerinde kullan\u0131lan dalgalar\u0131n ayn\u0131s\u0131. Ancak HIFU&#8217;da bu dalgalar yo\u011fun bir \u015fekilde cildin belirli bir tabakas\u0131na enerji enjekte eder ve kollajen liflerinin \u00fcretimini uyar\u0131r. Kollajenler, cilt dahil v\u00fccut dokular\u0131n\u0131n g\u00fcc\u00fcnden sorumludur; Dolay\u0131s\u0131yla bu olay daha s\u0131k\u0131 ve k\u0131r\u0131\u015f\u0131ks\u0131z bir cilde sahip olmam\u0131z\u0131 sa\u011flar.<\/p>\n<p dir=\"ltr\">Kanserli t\u00fcm\u00f6rlerin tedavisinde hipoterapi kullan\u0131m\u0131 y\u0131llard\u0131r kullan\u0131lmaktad\u0131r. Bu y\u00f6ntemin kozmetik tedavilerde kullan\u0131lmas\u0131 ilk kez 2008 y\u0131l\u0131nda \u00f6nerilmi\u015ftir.<\/p>\n<p dir=\"ltr\">Hipoterapi, 2009 y\u0131l\u0131nda ABD G\u0131da ve \u0130la\u00e7 \u0130daresi (FDA) taraf\u0131ndan ka\u015f kald\u0131rma kullan\u0131m\u0131yla onaylanm\u0131\u015ft\u0131r. 2014 y\u0131l\u0131nda FDA, boyun \u00e7izgisi ve \u00fcst g\u00f6\u011f\u00fcs b\u00f6lgesindeki \u00e7izgi ve k\u0131r\u0131\u015f\u0131kl\u0131klar\u0131n durumunu iyile\u015ftirmek i\u00e7in bu y\u00f6ntemin kullan\u0131lmas\u0131n\u0131 onaylad\u0131. Bu tedavi y\u00f6nteminin yeni olmas\u0131 nedeniyle baz\u0131 kullan\u0131mlar\u0131 hen\u00fcz FDA taraf\u0131ndan onaylanmam\u0131\u015ft\u0131r ancak hipoterapinin \u00e7e\u015fitli kullan\u0131mlar\u0131n\u0131n zararl\u0131 veya zararl\u0131 oldu\u011funa dair bir kan\u0131t yoktur ve bu y\u00f6ntem kozmetik cerrahiden \u00e7ok daha g\u00fcvenlidir.<\/p>\n<p dir=\"ltr\" style=\"text-align: justify;\">HIFU tedavi y\u00f6ntemi hakk\u0131nda kapsaml\u0131 klinik ara\u015ft\u0131rmalar yap\u0131lmam\u0131\u015f olsa da, birka\u00e7 k\u00fc\u00e7\u00fck ara\u015ft\u0131rma bu y\u00f6ntemin y\u00fcz germe ve k\u0131r\u0131\u015f\u0131kl\u0131klar\u0131n durumunu iyile\u015ftirme konusunda g\u00fcvenli ve etkili oldu\u011funu g\u00f6stermektedir. Bu tedaviyi yapt\u0131ran ki\u015filer birka\u00e7 ay sonra olumlu etkilerini g\u00f6rebilirler; Estetik cerrahi ve lifting risklerine ve yan etkilerine maruz kalmadan.<\/p>\n<h3 dir=\"ltr\" style=\"text-align: justify;\"><span style=\"color: #993366;\"> Y\u00fcz hipoterapisi<\/span><\/h3>\n<p dir=\"ltr\">HIFU cihaz\u0131, y\u00fczey tabakas\u0131n\u0131n alt\u0131nda bulunan bir cilt tabakas\u0131n\u0131 hedeflemek ve i\u00e7ine enerji enjekte etmek i\u00e7in odaklanm\u0131\u015f ultrason dalgalar\u0131 kullan\u0131r. Ultrason dalgalar\u0131n\u0131n enerjisi bu katman\u0131n s\u0131cakl\u0131\u011f\u0131n\u0131n h\u0131zla artmas\u0131na neden olur.<\/p>\n<p dir=\"ltr\">Hedef tabakadaki h\u00fccreler belli bir s\u0131cakl\u0131\u011fa ula\u015ft\u0131klar\u0131nda h\u00fccre hasar\u0131na u\u011frarlar. Bu, y\u00fcz derisinin kalitesini iyile\u015ftirme hedeflerimizle \u00e7eli\u015fiyor gibi g\u00f6r\u00fcnebilir, ancak \u00f6yle de\u011fildir. H\u00fccrelere verilen hasar, kollajen ad\u0131 verilen proteinlerin \u00fcretimini uyar\u0131r. Kollajenler, cildin ve di\u011fer bir\u00e7ok v\u00fccut dokusunun do\u011fal yap\u0131s\u0131n\u0131 korumaktan sorumludur. Dokuda ne kadar \u00e7ok kolajen varsa, doku o kadar s\u0131k\u0131 olur.<\/p>\n<h3 dir=\"ltr\" style=\"text-align: justify;\"><span style=\"color: #993366;\"> Hipoterapi uygulamalar\u0131<\/span><\/h3>\n<p dir=\"ltr\">Amerikan Estetik Plastik Cerrahi Derne\u011fi&#8217;ne g\u00f6re, HIFU ve di\u011fer cerrahi olmayan cilt gen\u00e7le\u015ftirme prosed\u00fcrleri, y\u00fcz germe i\u015flemlerine alternatif olabilir. 2008 y\u0131l\u0131ndan bu yana cilt g\u00fczellik tedavilerinde Haifu&#8217;nun pop\u00fclaritesi h\u0131zla artm\u0131\u015f ve son y\u0131llarda bu y\u00f6ntemin kullan\u0131m\u0131 artm\u0131\u015ft\u0131r. Son 5 y\u0131lda hipoterapi kullan\u0131m\u0131 %60 artt\u0131.<\/p>\n<p dir=\"ltr\">Haifu&#8217;nun g\u00fczellik ve cilt gen\u00e7le\u015ftirme i\u00e7in bir\u00e7ok faydas\u0131 vard\u0131r, bunlardan baz\u0131lar\u0131:<\/p>\n<ul dir=\"ltr\">\n<li>Cilt k\u0131r\u0131\u015f\u0131kl\u0131klar\u0131n\u0131 azalt\u0131n<\/li>\n<li>Boyun ve kas\u0131k b\u00f6lgesindeki (hindi boynu olarak bilinen) sarkm\u0131\u015f ve gev\u015femi\u015f derinin s\u0131k\u0131la\u015ft\u0131r\u0131lmas\u0131<\/li>\n<li>Yanaklar\u0131, ka\u015flar\u0131 ve g\u00f6z kapaklar\u0131n\u0131 kald\u0131r\u0131n<\/li>\n<li>\u00c7ene hatt\u0131n\u0131n durumunu iyile\u015ftirin<\/li>\n<li>Y\u00fcz cildini yumu\u015fatma ve s\u0131k\u0131la\u015ft\u0131rma<\/li>\n<li>Boyun ve dekolte germe<\/li>\n<li>G\u00fcl\u00fc\u015f tasar\u0131m\u0131n\u0131n d\u00fczeltilmesi<\/li>\n<li>T\u00fcm cilt tonlar\u0131nda her zaman yap\u0131labilir<\/li>\n<\/ul>\n<h3 dir=\"ltr\" style=\"text-align: justify;\"><span style=\"color: #993366;\"> Hipoterapinin faydalar\u0131<\/span><\/h3>\n<p dir=\"ltr\">Haifu tedavi y\u00f6ntemi en geli\u015fmi\u015f ameliyats\u0131z ve giri\u015fimsiz y\u00fcz germe y\u00f6ntemlerinden biridir ve bir\u00e7ok avantaj\u0131 vard\u0131r. Onlardan baz\u0131lar\u0131:<\/p>\n<ul dir=\"ltr\">\n<li>\u0130stenen sonu\u00e7lar\u0131 elde etmek i\u00e7in 1 ila 3 tedavi seans\u0131 yeterlidir.<\/li>\n<li>Hipoterapinin sonu\u00e7lar\u0131 yakla\u015f\u0131k 1 ila 2 y\u0131l s\u00fcrer.<\/li>\n<li>Tedavi seanslar\u0131 k\u0131sad\u0131r ve 30 ile 90 dakika aras\u0131nda s\u00fcrer.<\/li>\n<li>Kolay tedavi y\u00f6ntemi, tasas\u0131z ve iyile\u015fme s\u00fcresi olmadan<\/li>\n<li>Enjeksiyon ve kesme kullan\u0131lmadan<\/li>\n<li>Kanama, a\u011fr\u0131 ve pansuman olmamas\u0131<\/li>\n<li>Estetik cerrahi sonu\u00e7lar\u0131n\u0131n kal\u0131c\u0131l\u0131\u011f\u0131n\u0131 artt\u0131rabilir.<\/li>\n<li>Mikro i\u011fneleme gibi di\u011fer tedavi y\u00f6ntemleri ile birlikte yap\u0131labilir.<\/li>\n<li>Ameliyattan \u00e7ok daha az maliyetlidir.<\/li>\n<\/ul>\n<h3 dir=\"ltr\" style=\"text-align: justify;\"><span style=\"color: #993366;\"> sald\u0131rganl\u0131k<\/span><\/h3>\n<p dir=\"ltr\" style=\"text-align: justify;\">Hipoterapi non-invaziv bir y\u00f6ntemdir. Bu tedavi s\u0131ras\u0131nda ciltte herhangi bir kesi yap\u0131lmaz ve enjeksiyon yap\u0131lmas\u0131na gerek yoktur. Buna kar\u015f\u0131l\u0131k, bir y\u00fcz germe \u00e7ok invazivdir. Bu prosed\u00fcr genel anestezi, kesi, diki\u015f ve pansuman gerektirir.<\/p>\n<h3 dir=\"ltr\" style=\"text-align: justify;\"><span style=\"color: #993366;\"> Green Life&#8217;ta Haifu maliyeti<\/span><\/h3>\n<p dir=\"ltr\">Hipoterapinin maliyeti y\u00fcz germe i\u015flemine g\u00f6re \u00e7ok daha d\u00fc\u015f\u00fckt\u00fcr. Tedavinin tam maliyeti, cildin durumuna ve tedavi seanslar\u0131n\u0131n say\u0131s\u0131na ba\u011fl\u0131d\u0131r. Ancak ortalama olarak yakla\u015f\u0131k 5 milyon t\u00fcmendir.<\/p>\n<p dir=\"ltr\">Khana Sefid Cilt ve Sa\u00e7 Klini\u011fi&#8217;nde farkl\u0131 zamanlarda de\u011ferlendirdi\u011fimiz \u00f6zel tekliflerle m\u00fc\u015fterilerimizin sa\u011fl\u0131\u011f\u0131 i\u00e7in 2.400.000 t\u00fcmen \u00fccretlendiriyoruz.<\/p>\n<p dir=\"ltr\">\u00d6te yandan germe ameliyat\u0131 maliyeti 8 milyon t\u00fcmenden ba\u015flay\u0131p 30 milyon t\u00fcmene ula\u015f\u0131yor. Elbette ameliyat\u0131n ba\u015fka yan maliyetleri de var. Ameliyat sonras\u0131 ziyaretler, ila\u00e7lar ve alman\u0131z gereken \u00f6zel bak\u0131m gibi.<\/p>\n<h3 dir=\"ltr\" style=\"text-align: justify;\"><span style=\"color: #993366;\"> Hayfu&#8217;da iyile\u015fme s\u00fcresi<\/span><\/h3>\n<p dir=\"ltr\">Haifu y\u00f6nteminin iyile\u015fme s\u00fcresi yoktur. Tedaviden hemen sonra normal hayat\u0131n\u0131za d\u00f6nebilirsiniz. Tedavi sonras\u0131nda ila\u00e7, merhem veya benzeri bir \u015fey kullanman\u0131za gerek kalmaz ve cildinize eskisi gibi bak\u0131m yapabilirsiniz.<\/p>\n<p dir=\"ltr\">Y\u00fcz germe ise 2 ile 4 saat aras\u0131nda s\u00fcren nispeten uzun bir ameliyatt\u0131r. Germe ameliyat\u0131n\u0131n iyile\u015fme s\u00fcreci 2 ile 4 hafta aras\u0131nda s\u00fcrer. Ameliyattan sonra ba\u015f\u0131n\u0131za bir bandaj yerle\u015ftirilir, ameliyat b\u00f6lgesinden s\u0131v\u0131lar\u0131n akmas\u0131 birka\u00e7 g\u00fcn devam eder ve diki\u015fler genellikle bir hafta sonra al\u0131n\u0131r. A\u011fr\u0131, iltihaplanma, \u015fi\u015fme, morarma vb. ameliyattan sonra birka\u00e7 hafta hatta aylarca s\u00fcrebilen yayg\u0131n olaylard\u0131r.<\/p>\n<h3 dir=\"ltr\" style=\"text-align: justify;\"><span style=\"color: #993366;\"> Hipoterapinin yan etkileri nelerdir?<\/span><\/h3>\n<p dir=\"ltr\">T\u00fcm y\u00fcz ve v\u00fccut g\u00fczelle\u015ftirme tedavileri, bir tak\u0131m potansiyel yan etkilerle birlikte gelir. Bununla birlikte, hipoterapinin yan etkilerinin \u00e7o\u011fu hafif ve ge\u00e7icidir ve ciddi yan etki olas\u0131l\u0131\u011f\u0131 \u00e7ok d\u00fc\u015f\u00fckt\u00fcr.<\/p>\n<ul dir=\"ltr\">\n<li>Hipoterapi riskleri: Hafif k\u0131zar\u0131kl\u0131k veya \u015fi\u015flik<\/li>\n<li>Cerrahi kald\u0131rma riskleri: cerrahi b\u00f6lgede genel anestezi, kanama, enfeksiyon, kan p\u0131ht\u0131la\u015fmas\u0131, a\u011fr\u0131, yara izi ve sa\u00e7 d\u00f6k\u00fclmesi riski<\/li>\n<\/ul>\n<h3 dir=\"ltr\" style=\"text-align: justify;\"><span style=\"color: #993366;\"> Hipoterapinin sonu\u00e7lar\u0131<\/span><\/h3>\n<p dir=\"ltr\">Hastal\u0131klar\u0131 tedavi etmek i\u00e7in doktorlara m\u00fcmk\u00fcn oldu\u011funca minimal invaziv y\u00f6ntemler kullanmalar\u0131 \u00f6nerilir. \u00d6rne\u011fin asetaminofen tableti ile ba\u015f a\u011fr\u0131s\u0131 d\u00fczeliyorsa morfin kullan\u0131m\u0131na gerek yoktur. Evet, morfin en etkili a\u011fr\u0131 kesicidir ama bir\u00e7ok yan etkisi vard\u0131r; ba\u011f\u0131ml\u0131l\u0131k gibi<\/p>\n<p dir=\"ltr\">Bu mant\u0131k cilt gen\u00e7le\u015ftirme ve g\u00fczelle\u015ftirme y\u00f6ntemleri i\u00e7in de ge\u00e7erlidir. Ya\u015flanman\u0131n cildiniz \u00fczerindeki etkileri hafif oldu\u011fu s\u00fcrece y\u00fcz germe gibi a\u011f\u0131r ameliyatlara ihtiyac\u0131n\u0131z olmaz. Y\u0131lda bir kez, 12 y\u0131l boyunca hipoterapi yaparsan\u0131z, maliyet y\u00fcz germe ile hemen hemen ayn\u0131d\u0131r. Yani uzun vadede maliyet a\u00e7\u0131s\u0131ndan pek bir fark yok; Ama ameliyat\u0131n riskleri \u00e7ok daha fazlad\u0131r.<\/p>\n<p dir=\"ltr\">Son olarak HIFU y\u00f6nteminde gen\u00e7le\u015ftirme i\u015flemi v\u00fccut derisinin do\u011fal davran\u0131\u015f\u0131 esas al\u0131narak yap\u0131l\u0131r. Yani k\u0131r\u0131\u015f\u0131kl\u0131klar\u0131n ve cilt gev\u015fekliklerinin tedavisi sadece v\u00fccuttaki do\u011fal proteinlerin \u00fcretimini uyararak yap\u0131l\u0131r. Bu durumda v\u00fccudunuza suni bir madde girmemi\u015f, y\u00fcz kaslar\u0131n\u0131z\u0131 fel\u00e7 etmemi\u015fsiniz ve a\u015f\u0131r\u0131 stres, anestezi, yara, diki\u015f gibi bir haber de yok.<\/p>\n<p dir=\"ltr\">\n<p dir=\"ltr\">Sa\u011fl\u0131k, cilt ve sa\u00e7 alan\u0131nda en y\u00fcksek teknoloji ve tekniklere sahip <a href=\"https:\/\/greenlifeclinics.com\/\">Green Life<\/a> zincir klinikleri ve merkezleri (\u0130ran&#8217;da 1. s\u0131rada zay\u0131flama ve g\u00fczellik). Ayr\u0131ca gen\u00e7le\u015fme ve g\u00fczellik alan\u0131nda size \u00e7ok yard\u0131mc\u0131 olabilirler. Daha fazla bilgi i\u00e7in 120 hatl\u0131 02134247 numaral\u0131 telefonu aray\u0131n\u0131z.<\/p>\n","protected":false},"excerpt":{"rendered":"<p>hipoterapi nedir? HIFU, Y\u00fcksek Yo\u011funluklu Odaklanm\u0131\u015f Ultrason anlam\u0131na gelir. HIFU, g\u00fczellik bak\u0131mlar\u0131nda cildi s\u0131k\u0131la\u015ft\u0131rmaya ve kald\u0131rmaya y\u00f6nelik nispeten yeni y\u00f6ntemlerden biridir, a\u011fr\u0131s\u0131z ve invaziv de\u011fildir ve y\u00fcz germe i\u015fleminin yerini alabilir. Ultrason dalgalar\u0131 hipoterapide kullan\u0131l\u0131r. Yani, ultrason makinelerinde kullan\u0131lan dalgalar\u0131n ayn\u0131s\u0131. Ancak HIFU&#8217;da bu dalgalar yo\u011fun bir \u015fekilde cildin belirli bir tabakas\u0131na enerji enjekte eder [&hellip;]<\/p>\n","protected":false},"author":1,"featured_media":0,"parent":0,"menu_order":0,"comment_status":"open","ping_status":"closed","template":"","meta":{"_daim_seo_power":"","_daim_enable_ail":"","footnotes":""},"class_list":["post-12255","page","type-page","status-publish","hentry"],"_links":{"self":[{"href":"https:\/\/greenlifeclinics.com\/tr\/wp-json\/wp\/v2\/pages\/12255","targetHints":{"allow":["GET"]}}],"collection":[{"href":"https:\/\/greenlifeclinics.com\/tr\/wp-json\/wp\/v2\/pages"}],"about":[{"href":"https:\/\/greenlifeclinics.com\/tr\/wp-json\/wp\/v2\/types\/page"}],"author":[{"embeddable":true,"href":"https:\/\/greenlifeclinics.com\/tr\/wp-json\/wp\/v2\/users\/1"}],"replies":[{"embeddable":true,"href":"https:\/\/greenlifeclinics.com\/tr\/wp-json\/wp\/v2\/comments?post=12255"}],"version-history":[{"count":0,"href":"https:\/\/greenlifeclinics.com\/tr\/wp-json\/wp\/v2\/pages\/12255\/revisions"}],"wp:attachment":[{"href":"https:\/\/greenlifeclinics.com\/tr\/wp-json\/wp\/v2\/media?parent=12255"}],"curies":[{"name":"wp","href":"https:\/\/api.w.org\/{rel}","templated":true}]}}