{"id":12233,"date":"2022-08-20T18:45:30","date_gmt":"2022-08-20T14:15:30","guid":{"rendered":"https:\/\/greenlifeclinics.com\/?page_id=12233"},"modified":"2025-01-05T02:56:20","modified_gmt":"2025-01-04T23:26:20","slug":"yerel-zayiflama-cihaz-ile-zayiflama-ameliyatsiz-zayiflama","status":"publish","type":"page","link":"https:\/\/greenlifeclinics.com\/tr\/","title":{"rendered":"Yerel zay\u0131flama | Cihaz ile zay\u0131flama | Ameliyats\u0131z zay\u0131flama"},"content":{"rendered":"\t\t<div data-elementor-type=\"wp-page\" data-elementor-id=\"12233\" class=\"elementor elementor-12233 elementor-8509\" data-elementor-post-type=\"page\">\n\t\t\t\t<div class=\"elementor-element elementor-element-21e71a9 e-flex e-con-boxed e-con e-parent\" data-id=\"21e71a9\" data-element_type=\"container\" data-e-type=\"container\">\n\t\t\t\t\t<div class=\"e-con-inner\">\n\t\t\t\t<div class=\"elementor-element elementor-element-39afb49 elementor-skin-carousel elementor-widget elementor-widget-media-carousel\" data-id=\"39afb49\" data-element_type=\"widget\" data-e-type=\"widget\" data-settings=\"{&quot;slides_per_view&quot;:&quot;1&quot;,&quot;slides_per_view_tablet&quot;:&quot;1&quot;,&quot;slides_to_scroll&quot;:&quot;1&quot;,&quot;space_between&quot;:{&quot;unit&quot;:&quot;px&quot;,&quot;size&quot;:0,&quot;sizes&quot;:[]},&quot;skin&quot;:&quot;carousel&quot;,&quot;effect&quot;:&quot;slide&quot;,&quot;speed&quot;:500,&quot;autoplay&quot;:&quot;yes&quot;,&quot;autoplay_speed&quot;:5000,&quot;loop&quot;:&quot;yes&quot;,&quot;pause_on_hover&quot;:&quot;yes&quot;,&quot;pause_on_interaction&quot;:&quot;yes&quot;,&quot;space_between_tablet_extra&quot;:{&quot;unit&quot;:&quot;px&quot;,&quot;size&quot;:10,&quot;sizes&quot;:[]},&quot;space_between_tablet&quot;:{&quot;unit&quot;:&quot;px&quot;,&quot;size&quot;:10,&quot;sizes&quot;:[]},&quot;space_between_mobile_extra&quot;:{&quot;unit&quot;:&quot;px&quot;,&quot;size&quot;:10,&quot;sizes&quot;:[]},&quot;space_between_mobile&quot;:{&quot;unit&quot;:&quot;px&quot;,&quot;size&quot;:10,&quot;sizes&quot;:[]}}\" data-widget_type=\"media-carousel.default\">\n\t\t\t\t<div class=\"elementor-widget-container\">\n\t\t\t\t\t\t\t\t\t<div class=\"elementor-swiper\">\n\t\t\t\t\t<div class=\"elementor-main-swiper swiper\" role=\"region\" aria-roledescription=\"carousel\" aria-label=\"Slides\">\n\t\t\t\t<div class=\"swiper-wrapper\">\n\t\t\t\t\t\t\t\t\t\t\t<div class=\"swiper-slide\" role=\"group\" aria-roledescription=\"slide\">\n\t\t\t\t\t\t\t<a href=\"https:\/\/greenlifeclinics.com\/tr\/%d9%81%d8%b1%d9%85-%d8%af%d8%b1%d8%ae%d9%88%d8%a7%d8%b3%d8%aa-%d9%85%d8%b4%d8%a7%d9%88%d8%b1%d9%87-%d8%aa%d9%84%d9%81%d9%86%db%8c-%d8%b1%d8%a7%db%8c%da%af%d8%a7%d9%86-greenlife-turkish\/\">\t\t<div class=\"elementor-carousel-image\" role=\"img\" aria-label=\"greenl\u0131feturk\u0131ye\u0131let\u0131s\u0131m\" style=\"background-image: url(&#039;https:\/\/greenlifeclinics.com\/wp-content\/uploads\/2024\/04\/greenlifeturkiyeiletisim.png&#039;)\">\n\n\t\t\t\n\t\t\t\t\t<\/div>\n\t\t<\/a>\t\t\t\t\t\t<\/div>\n\t\t\t\t\t\t\t\t\t\t\t<div class=\"swiper-slide\" role=\"group\" aria-roledescription=\"slide\">\n\t\t\t\t\t\t\t\t\t<div class=\"elementor-carousel-image\" role=\"img\" aria-label=\"greenl\u0131feturk\u0131ye\u0131let\u0131s\u0131m1\" style=\"background-image: url(&#039;https:\/\/greenlifeclinics.com\/wp-content\/uploads\/2024\/04\/greenlifeturkiyeiletisim1.png&#039;)\">\n\n\t\t\t\n\t\t\t\t\t<\/div>\n\t\t\t\t\t\t\t\t<\/div>\n\t\t\t\t\t\t\t\t\t\t\t<div class=\"swiper-slide\" role=\"group\" aria-roledescription=\"slide\">\n\t\t\t\t\t\t\t\t\t<div class=\"elementor-carousel-image\" role=\"img\" aria-label=\"greenl\u0131feturk\u0131ye\u0131let\u0131s\u0131m2\" style=\"background-image: url(&#039;https:\/\/greenlifeclinics.com\/wp-content\/uploads\/2024\/04\/greenlifeturkiyeiletisim2.png&#039;)\">\n\n\t\t\t\n\t\t\t\t\t<\/div>\n\t\t\t\t\t\t\t\t<\/div>\n\t\t\t\t\t\t\t\t\t\t\t<div class=\"swiper-slide\" role=\"group\" aria-roledescription=\"slide\">\n\t\t\t\t\t\t\t\t\t<div class=\"elementor-carousel-image\" role=\"img\" aria-label=\"greenl\u0131feturk\u0131ye\u0131let\u0131s\u0131m3\" style=\"background-image: url(&#039;https:\/\/greenlifeclinics.com\/wp-content\/uploads\/2024\/04\/greenlifeturkiyeiletisim3.png&#039;)\">\n\n\t\t\t\n\t\t\t\t\t<\/div>\n\t\t\t\t\t\t\t\t<\/div>\n\t\t\t\t\t\t\t\t\t<\/div>\n\t\t\t\t\t\t\t\t\t\t\t\t\t\t\t\t\t\t\t\t\t<\/div>\n\t\t\t\t<\/div>\n\t\t\t\t\t\t\t\t<\/div>\n\t\t\t\t<\/div>\n\t\t\t\t\t<\/div>\n\t\t\t\t<\/div>\n\t\t<div class=\"elementor-element elementor-element-176b51f e-flex e-con-boxed e-con e-parent\" data-id=\"176b51f\" data-element_type=\"container\" data-e-type=\"container\">\n\t\t\t\t\t<div class=\"e-con-inner\">\n\t\t\t\t<div class=\"elementor-element elementor-element-e059a4b elementor-widget elementor-widget-\u0645\u062d\u0627\u0633\u0628\u0647 bmi\" data-id=\"e059a4b\" data-element_type=\"widget\" data-e-type=\"widget\" data-widget_type=\"\u0645\u062d\u0627\u0633\u0628\u0647 bmi.default\">\n\t\t\t\t<div class=\"elementor-widget-container\">\n\t\t\t\t\t<div class='DastyarSalamat' id='DastyarSalamat' data-options='{\"display\":\"box\",\"apiBaseUrl\":\"https:\\\/\\\/greenlifeclinics.com\\\/tr\\\/wp-json\\\/dastyar-salamat\\\/v1\",\"form\":{\"title\":\"V\\u00fccut kitle hesab\\u0131\",\"gender\":{\"male\":\"erkekler i\\u00e7in\",\"female\":\"Kad\\u0131nlar i\\u00e7in\"},\"buttonTitle\":\"V\\u00fccut k\\u00fctlemi hesapla\",\"clearFormTitle\":\"\\u067e\\u0627\\u06a9 \\u06a9\\u0631\\u062f\\u0646 \\u0641\\u0631\\u0645\"},\"result\":{\"title\":\"\\u06af\\u0640\\u0640\\u0640\\u0640\\u0640\\u0632\\u0627\\u0631\\u0634 \\u0645\\u0640\\u06cc\\u0640\\u0640\\u0640\\u0640\\u0640\\u0632\\u0627\\u0646 \\u0627\\u0636\\u0640\\u0640\\u0640\\u0627\\u0641\\u0640\\u0640\\u0640\\u0647 \\u0648\\u0632\\u0646 \\u0634\\u0645\\u0640\\u0640\\u0627\",\"ctaButton\":{\"title\":\"\\u062f\\u0631\\u06cc\\u0627\\u0641\\u062a \\u0645\\u0634\\u0627\\u0648\\u0631\\u0647\",\"URL\":\"http:\\\/\\\/crm.greenlifeclinics.com\\\/greenlife\\\/formView\\\/4?ref=Iu5Q6jU6L\\\/iecrPVAz172IAlqQCSKvY3\",\"action\":\"sendRequest\"},\"tryAgainButton\":{\"title\":\"\\u0645\\u062d\\u0627\\u0633\\u0628\\u0647 \\u0645\\u062c\\u062f\\u062f\"}},\"requestForm\":{\"title\":\"\\u0627\\u0631\\u0633\\u0640\\u0640\\u0627\\u0644 \\u062f\\u0631\\u062e\\u0640\\u0640\\u0648\\u0627\\u0633\\u062a \\u0645\\u0634\\u0640\\u0640\\u0627\\u0648\\u0631\\u0647\",\"desc\":\"\\u0628\\u0631\\u0627\\u06cc \\u062f\\u0631\\u06cc\\u0627\\u0641\\u062a \\u0645\\u0634\\u0627\\u0648\\u0631\\u0647 \\u0644\\u0637\\u0641\\u0627 \\u0641\\u0631\\u0645 \\u0632\\u06cc\\u0631 \\u0631\\u0627 \\u062a\\u06a9\\u0645\\u06cc\\u0644 \\u06a9\\u0646\\u06cc\\u062f\",\"buttonTitle\":\"\\u0627\\u0631\\u0633\\u0627\\u0644 \\u062f\\u0631\\u062e\\u0648\\u0627\\u0633\\u062a\",\"successmessage\":{\"title\":\"\\u062f\\u0631\\u062e\\u0648\\u0627\\u0633\\u062a \\u0634\\u0645\\u0627 \\u0627\\u0631\\u0633\\u0640\\u0627\\u0644 \\u0634\\u062f\",\"desc\":\"\\u0628\\u0647 \\u0632\\u0648\\u062f\\u06cc \\u0628\\u0627 \\u0634\\u0645\\u0627 \\u062a\\u0645\\u0627\\u0633 \\u062e\\u0648\\u0627\\u0647\\u06cc\\u0645 \\u06af\\u0631\\u0641\\u062a\"}},\"desc\":{\"title\":\"V\\u00fccut k\\u00fctlesi nedir?\",\"desc\":\"V\\u00fccut kitle indeksi veya VK\\u0130, a\\u011f\\u0131rl\\u0131\\u011f\\u0131n (kilogram) boyun karesine (metre) b\\u00f6l\\u00fcnmesiyle elde edilir. VK\\u0130 do\\u011frudan v\\u00fccut ya\\u011f miktar\\u0131n\\u0131 \\u00f6l\\u00e7mez, bunun yerine kemik ve kas dokusuna k\\u0131yasla v\\u00fccut ya\\u011f dokusunun miktar\\u0131n\\u0131 verir. \",\"ctaButton\":{\"title\":\"\\u00dccretsiz dan\\u0131\\u015fmanl\\u0131k al\\u0131n\",\"URL\":\"http:\\\/\\\/crm.greenlifeclinics.com\\\/greenlife\\\/formView\\\/4?ref=Iu5Q6jU6L\\\/iecrPVAz172IAlqQCSKvY3\"}},\"settings\":{\"saveInCookie\":\"0\"},\"bubbleImageUrl\":\"https:\\\/\\\/greenlifeclinics.com\\\/wp-content\\\/plugins\\\/dastyar-salamat\\\/\\\/assets\\\/image\\\/bubble.webp\"}'><\/div>\t\t\t\t<\/div>\n\t\t\t\t<\/div>\n\t\t\t\t\t<\/div>\n\t\t\t\t<\/div>\n\t\t\t\t<section class=\"elementor-section elementor-top-section elementor-element elementor-element-12c3e9d elementor-section-boxed elementor-section-height-default elementor-section-height-default\" data-id=\"12c3e9d\" data-element_type=\"section\" data-e-type=\"section\">\n\t\t\t\t\t\t<div class=\"elementor-container elementor-column-gap-default\">\n\t\t\t\t\t<div class=\"elementor-column elementor-col-100 elementor-top-column elementor-element elementor-element-a47a4b1\" data-id=\"a47a4b1\" data-element_type=\"column\" data-e-type=\"column\">\n\t\t\t<div class=\"elementor-widget-wrap elementor-element-populated\">\n\t\t\t\t\t\t<div class=\"elementor-element elementor-element-fff9df3 elementor-position-right elementor-vertical-align-middle icon-box elementor-widget__width-auto elementor-widget elementor-widget-image-box\" data-id=\"fff9df3\" data-element_type=\"widget\" data-e-type=\"widget\" data-widget_type=\"image-box.default\">\n\t\t\t\t<div class=\"elementor-widget-container\">\n\t\t\t\t\t<div class=\"elementor-image-box-wrapper\"><figure class=\"elementor-image-box-img\"><img decoding=\"async\" width=\"100\" height=\"100\" src=\"https:\/\/greenlifeclinics.com\/wp-content\/uploads\/2022\/08\/box-icons.png\" class=\"attachment-full size-full wp-image-9045\" alt=\"\" \/><\/figure><div class=\"elementor-image-box-content\"><h4 class=\"elementor-image-box-title\">Ye\u015fil Ya\u015fam sonu\u00e7lar\u0131<\/h4><\/div><\/div>\t\t\t\t<\/div>\n\t\t\t\t<\/div>\n\t\t\t\t<div class=\"elementor-element elementor-element-8a3f184 elementor-align-left elementor-widget__width-auto elementor-widget elementor-widget-button\" data-id=\"8a3f184\" data-element_type=\"widget\" data-e-type=\"widget\" data-widget_type=\"button.default\">\n\t\t\t\t<div class=\"elementor-widget-container\">\n\t\t\t\t\t\t\t\t\t<div class=\"elementor-button-wrapper\">\n\t\t\t\t\t<a class=\"elementor-button elementor-button-link elementor-size-sm\" href=\"https:\/\/greenlifeclinics.com\/tr\/cat_pro\/diet-results-tr\/\">\n\t\t\t\t\t\t<span class=\"elementor-button-content-wrapper\">\n\t\t\t\t\t\t\t\t\t<span class=\"elementor-button-text\">hepsini g\u00f6r<\/span>\n\t\t\t\t\t<\/span>\n\t\t\t\t\t<\/a>\n\t\t\t\t<\/div>\n\t\t\t\t\t\t\t\t<\/div>\n\t\t\t\t<\/div>\n\t\t\t\t\t<\/div>\n\t\t<\/div>\n\t\t\t\t\t<\/div>\n\t\t<\/section>\n\t\t<div class=\"elementor-element elementor-element-399dcb4 e-flex e-con-boxed e-con e-parent\" data-id=\"399dcb4\" data-element_type=\"container\" data-e-type=\"container\">\n\t\t\t\t\t<div class=\"e-con-inner\">\n\t\t\t\t<div class=\"elementor-element elementor-element-a1960c8 elementor-widget elementor-widget-image\" data-id=\"a1960c8\" data-element_type=\"widget\" data-e-type=\"widget\" data-widget_type=\"image.default\">\n\t\t\t\t<div class=\"elementor-widget-container\">\n\t\t\t\t\t\t\t\t\t\t\t\t\t\t\t<img decoding=\"async\" src=\"https:\/\/greenlifeclinics.com\/wp-content\/uploads\/2022\/09\/post-mo.png\" title=\"\" alt=\"\" loading=\"lazy\" \/>\t\t\t\t\t\t\t\t\t\t\t\t\t\t\t<\/div>\n\t\t\t\t<\/div>\n\t\t\t\t<div class=\"elementor-element elementor-element-fd34569 elementor-widget elementor-widget-image\" data-id=\"fd34569\" data-element_type=\"widget\" data-e-type=\"widget\" data-widget_type=\"image.default\">\n\t\t\t\t<div class=\"elementor-widget-container\">\n\t\t\t\t\t\t\t\t\t\t\t\t\t\t\t<img decoding=\"async\" src=\"https:\/\/greenlifeclinics.com\/wp-content\/uploads\/2022\/09\/oftade.png\" title=\"\" alt=\"\" loading=\"lazy\" \/>\t\t\t\t\t\t\t\t\t\t\t\t\t\t\t<\/div>\n\t\t\t\t<\/div>\n\t\t\t\t\t<\/div>\n\t\t\t\t<\/div>\n\t\t\t\t<section class=\"elementor-section elementor-top-section elementor-element elementor-element-2b2a46b elementor-section-boxed elementor-section-height-default elementor-section-height-default\" data-id=\"2b2a46b\" data-element_type=\"section\" data-e-type=\"section\">\n\t\t\t\t\t\t<div class=\"elementor-container elementor-column-gap-default\">\n\t\t\t\t\t<div class=\"elementor-column elementor-col-100 elementor-top-column elementor-element elementor-element-94689d5\" data-id=\"94689d5\" data-element_type=\"column\" data-e-type=\"column\">\n\t\t\t<div class=\"elementor-widget-wrap elementor-element-populated\">\n\t\t\t\t\t\t<div class=\"elementor-element elementor-element-cf1a923 elementor-position-right elementor-vertical-align-middle elementor-widget__width-auto elementor-widget elementor-widget-image-box\" data-id=\"cf1a923\" data-element_type=\"widget\" data-e-type=\"widget\" data-widget_type=\"image-box.default\">\n\t\t\t\t<div class=\"elementor-widget-container\">\n\t\t\t\t\t<div class=\"elementor-image-box-wrapper\"><figure class=\"elementor-image-box-img\"><img decoding=\"async\" width=\"100\" height=\"100\" src=\"https:\/\/greenlifeclinics.com\/wp-content\/uploads\/2022\/08\/chef-icon.png\" class=\"attachment-full size-full wp-image-9233\" alt=\"\" \/><\/figure><div class=\"elementor-image-box-content\"><h4 class=\"elementor-image-box-title\">diyet pi\u015firme<\/h4><\/div><\/div>\t\t\t\t<\/div>\n\t\t\t\t<\/div>\n\t\t\t\t<div class=\"elementor-element elementor-element-758481f elementor-align-left elementor-widget__width-auto elementor-widget elementor-widget-button\" data-id=\"758481f\" data-element_type=\"widget\" data-e-type=\"widget\" data-widget_type=\"button.default\">\n\t\t\t\t<div class=\"elementor-widget-container\">\n\t\t\t\t\t\t\t\t\t<div class=\"elementor-button-wrapper\">\n\t\t\t\t\t<a class=\"elementor-button elementor-button-link elementor-size-sm\" href=\"https:\/\/greenlifeclinics.com\/category\/nutrition-articles\/\">\n\t\t\t\t\t\t<span class=\"elementor-button-content-wrapper\">\n\t\t\t\t\t\t\t\t\t<span class=\"elementor-button-text\">hepsini g\u00f6r<\/span>\n\t\t\t\t\t<\/span>\n\t\t\t\t\t<\/a>\n\t\t\t\t<\/div>\n\t\t\t\t\t\t\t\t<\/div>\n\t\t\t\t<\/div>\n\t\t\t\t\t<\/div>\n\t\t<\/div>\n\t\t\t\t\t<\/div>\n\t\t<\/section>\n\t\t<div class=\"elementor-element elementor-element-4385619 e-flex e-con-boxed e-con e-parent\" data-id=\"4385619\" data-element_type=\"container\" data-e-type=\"container\">\n\t\t\t\t\t<div class=\"e-con-inner\">\n\t\t\t\t<div class=\"elementor-element elementor-element-e2869da elementor-widget elementor-widget-image\" data-id=\"e2869da\" data-element_type=\"widget\" data-e-type=\"widget\" data-widget_type=\"image.default\">\n\t\t\t\t<div class=\"elementor-widget-container\">\n\t\t\t\t\t\t\t\t\t\t\t\t\t\t\t<img decoding=\"async\" src=\"https:\/\/greenlifeclinics.com\/wp-content\/uploads\/2022\/09\/regimvarzesh-min.png\" title=\"\" alt=\"\" loading=\"lazy\" \/>\t\t\t\t\t\t\t\t\t\t\t\t\t\t\t<\/div>\n\t\t\t\t<\/div>\n\t\t\t\t<div class=\"elementor-element elementor-element-c4d3f6f elementor-widget elementor-widget-image\" data-id=\"c4d3f6f\" data-element_type=\"widget\" data-e-type=\"widget\" data-widget_type=\"image.default\">\n\t\t\t\t<div class=\"elementor-widget-container\">\n\t\t\t\t\t\t\t\t\t\t\t\t\t\t\t<img decoding=\"async\" src=\"https:\/\/greenlifeclinics.com\/wp-content\/uploads\/2022\/09\/ghaza.png\" title=\"\" alt=\"\" loading=\"lazy\" \/>\t\t\t\t\t\t\t\t\t\t\t\t\t\t\t<\/div>\n\t\t\t\t<\/div>\n\t\t\t\t\t<\/div>\n\t\t\t\t<\/div>\n\t\t\t\t<section class=\"elementor-section elementor-top-section elementor-element elementor-element-e587b58 elementor-section-boxed elementor-section-height-default elementor-section-height-default\" data-id=\"e587b58\" data-element_type=\"section\" data-e-type=\"section\">\n\t\t\t\t\t\t<div class=\"elementor-container elementor-column-gap-default\">\n\t\t\t\t\t<div class=\"elementor-column elementor-col-100 elementor-top-column elementor-element elementor-element-8d167e1\" data-id=\"8d167e1\" data-element_type=\"column\" data-e-type=\"column\">\n\t\t\t<div class=\"elementor-widget-wrap elementor-element-populated\">\n\t\t\t\t\t\t<div class=\"elementor-element elementor-element-6978471 elementor-position-right elementor-vertical-align-middle elementor-widget__width-auto elementor-widget elementor-widget-image-box\" data-id=\"6978471\" data-element_type=\"widget\" data-e-type=\"widget\" data-widget_type=\"image-box.default\">\n\t\t\t\t<div class=\"elementor-widget-container\">\n\t\t\t\t\t<div class=\"elementor-image-box-wrapper\"><figure class=\"elementor-image-box-img\"><img decoding=\"async\" width=\"100\" height=\"100\" src=\"https:\/\/greenlifeclinics.com\/wp-content\/uploads\/2022\/08\/box-icon-3.png\" class=\"attachment-full size-full wp-image-9139\" alt=\"\" \/><\/figure><div class=\"elementor-image-box-content\"><h4 class=\"elementor-image-box-title\">nesne<\/h4><\/div><\/div>\t\t\t\t<\/div>\n\t\t\t\t<\/div>\n\t\t\t\t<div class=\"elementor-element elementor-element-68a63e1 elementor-align-left elementor-widget__width-auto elementor-widget elementor-widget-button\" data-id=\"68a63e1\" data-element_type=\"widget\" data-e-type=\"widget\" data-widget_type=\"button.default\">\n\t\t\t\t<div class=\"elementor-widget-container\">\n\t\t\t\t\t\t\t\t\t<div class=\"elementor-button-wrapper\">\n\t\t\t\t\t<a class=\"elementor-button elementor-button-link elementor-size-sm\" href=\"https:\/\/greenlifeclinics.com\/tr\/nesne\/\">\n\t\t\t\t\t\t<span class=\"elementor-button-content-wrapper\">\n\t\t\t\t\t\t\t\t\t<span class=\"elementor-button-text\">hepsini g\u00f6r<\/span>\n\t\t\t\t\t<\/span>\n\t\t\t\t\t<\/a>\n\t\t\t\t<\/div>\n\t\t\t\t\t\t\t\t<\/div>\n\t\t\t\t<\/div>\n\t\t\t\t\t<\/div>\n\t\t<\/div>\n\t\t\t\t\t<\/div>\n\t\t<\/section>\n\t\t<div class=\"elementor-element elementor-element-9c8912c e-flex e-con-boxed e-con e-parent\" data-id=\"9c8912c\" data-element_type=\"container\" data-e-type=\"container\">\n\t\t\t\t\t<div class=\"e-con-inner\">\n\t\t\t\t<div class=\"elementor-element elementor-element-c5fdcdd elementor-position-right elementor-vertical-align-middle elementor-widget__width-auto elementor-widget elementor-widget-image-box\" data-id=\"c5fdcdd\" data-element_type=\"widget\" data-e-type=\"widget\" data-widget_type=\"image-box.default\">\n\t\t\t\t<div class=\"elementor-widget-container\">\n\t\t\t\t\t<div class=\"elementor-image-box-wrapper\"><figure class=\"elementor-image-box-img\"><img loading=\"lazy\" decoding=\"async\" width=\"100\" height=\"100\" src=\"https:\/\/greenlifeclinics.com\/wp-content\/uploads\/2022\/08\/icon-green-4.png\" class=\"attachment-full size-full wp-image-9006\" alt=\"\" \/><\/figure><div class=\"elementor-image-box-content\"><p class=\"elementor-image-box-title\">diyeti al<\/p><\/div><\/div>\t\t\t\t<\/div>\n\t\t\t\t<\/div>\n\t\t\t\t<div class=\"elementor-element elementor-element-e348f6f elementor-position-right elementor-vertical-align-middle elementor-widget__width-auto elementor-widget elementor-widget-image-box\" data-id=\"e348f6f\" data-element_type=\"widget\" data-e-type=\"widget\" data-widget_type=\"image-box.default\">\n\t\t\t\t<div class=\"elementor-widget-container\">\n\t\t\t\t\t<div class=\"elementor-image-box-wrapper\"><figure class=\"elementor-image-box-img\"><img loading=\"lazy\" decoding=\"async\" width=\"100\" height=\"100\" src=\"https:\/\/greenlifeclinics.com\/wp-content\/uploads\/2022\/08\/icon-green-1.png\" class=\"attachment-full size-full wp-image-9003\" alt=\"\" \/><\/figure><div class=\"elementor-image-box-content\"><p class=\"elementor-image-box-title\">T\u00fcm ba\u015fvuranlar\u0131n memnuniyeti<\/p><\/div><\/div>\t\t\t\t<\/div>\n\t\t\t\t<\/div>\n\t\t\t\t<div class=\"elementor-element elementor-element-a43d4b6 elementor-position-right elementor-vertical-align-middle elementor-widget__width-auto elementor-widget elementor-widget-image-box\" data-id=\"a43d4b6\" data-element_type=\"widget\" data-e-type=\"widget\" data-widget_type=\"image-box.default\">\n\t\t\t\t<div class=\"elementor-widget-container\">\n\t\t\t\t\t<div class=\"elementor-image-box-wrapper\"><figure class=\"elementor-image-box-img\"><img loading=\"lazy\" decoding=\"async\" width=\"100\" height=\"100\" src=\"https:\/\/greenlifeclinics.com\/wp-content\/uploads\/2022\/08\/icon-green-3.png\" class=\"attachment-full size-full wp-image-9005\" alt=\"\" \/><\/figure><div class=\"elementor-image-box-content\"><h3 class=\"elementor-image-box-title\">Tedavi s\u0131ras\u0131nda \u00f6zel destek<\/h3><\/div><\/div>\t\t\t\t<\/div>\n\t\t\t\t<\/div>\n\t\t\t\t<div class=\"elementor-element elementor-element-d140cf9 elementor-position-right elementor-vertical-align-middle elementor-widget__width-auto elementor-widget elementor-widget-image-box\" data-id=\"d140cf9\" data-element_type=\"widget\" data-e-type=\"widget\" data-widget_type=\"image-box.default\">\n\t\t\t\t<div class=\"elementor-widget-container\">\n\t\t\t\t\t<div class=\"elementor-image-box-wrapper\"><figure class=\"elementor-image-box-img\"><img loading=\"lazy\" decoding=\"async\" width=\"100\" height=\"100\" src=\"https:\/\/greenlifeclinics.com\/wp-content\/uploads\/2022\/08\/icon-green-2.png\" class=\"attachment-full size-full wp-image-9004\" alt=\"\" \/><\/figure><div class=\"elementor-image-box-content\"><h3 class=\"elementor-image-box-title\">24 y\u0131l\u0131 a\u015fk\u0131n bilgi ve deneyim<\/h3><\/div><\/div>\t\t\t\t<\/div>\n\t\t\t\t<\/div>\n\t\t\t\t\t<\/div>\n\t\t\t\t<\/div>\n\t\t\t\t<\/div>\n\t\t","protected":false},"excerpt":{"rendered":"<p>\u06a9\u06cc\u0644\u0648 \u06af\u0631\u0645 \u0633\u0627\u0646\u062a\u06cc \u0645\u062a\u0631 BMI \u0634\u0627\u062e\u0635 \u062a\u0648\u062f\u0647 \u0628\u062f\u0646\u06cc \u06f1\u06f9 \u0648\u0632\u0646 \u0627\u06cc\u062f\u0647 \u0622\u0644 \u0634\u0645\u0627 \u06a9\u06cc\u0644\u0648\u06af\u0631\u0645 \u0645\u06cc\u0632\u0627\u0646 \u06a9\u0645\u0628\u0648\u062f \u0648\u0632\u0646 \u0634\u0645\u0627 \u06a9\u06cc\u0644\u0648\u06af\u0631\u0645 \u0645\u0634\u0627\u0648\u0631\u0647 \u0631\u0627\u06cc\u06af\u0627\u0646 \u0645\u062a\u0627\u0633\u0641\u0627\u0646\u0647 \u0645\u0634\u06a9\u0644\u06cc \u067e\u06cc\u0634 \u0622\u0645\u062f! \u0644\u0637\u0641\u0627 \u0628\u0639\u062f\u0627 \u062f\u0648\u0628\u0627\u0631\u0647 \u0627\u0645\u062a\u062d\u0627\u0646 \u06a9\u0646\u06cc\u062f \u0628\u0627\u0634\u0647 https:\/\/greenlifeclinics.com\/wp-content\/plugins\/dastyar-salamat\/includes\/bmi\/ V\u00fccut kitle hesab\u0131 erkekler i\u00e7in Kad\u0131nlar i\u00e7in \u0648\u0632\u0646 \u0633\u0646 \u0642\u0640\u062f \u067e\u0627\u06a9 \u06a9\u0631\u062f\u0646 \u0641\u0631\u0645 \u062c\u0627\u0648\u0627 \u0627\u0633\u06a9\u0631\u06cc\u067e\u062a \u062f\u0631 \u0645\u0631\u0648\u0631\u06af\u0631 \u0634\u0645\u0627 \u063a\u06cc\u0631 \u0641\u0639\u0627\u0644 \u0627\u0633\u062a \u0622\u0645\u0648\u0632\u0634 \u0641\u0639\u0627\u0644 [&hellip;]<\/p>\n","protected":false},"author":1,"featured_media":20202,"parent":0,"menu_order":0,"comment_status":"closed","ping_status":"closed","template":"elementor_header_footer","meta":{"_daim_seo_power":"","_daim_enable_ail":"","footnotes":""},"class_list":["post-12233","page","type-page","status-publish","has-post-thumbnail","hentry"],"_links":{"self":[{"href":"https:\/\/greenlifeclinics.com\/tr\/wp-json\/wp\/v2\/pages\/12233","targetHints":{"allow":["GET"]}}],"collection":[{"href":"https:\/\/greenlifeclinics.com\/tr\/wp-json\/wp\/v2\/pages"}],"about":[{"href":"https:\/\/greenlifeclinics.com\/tr\/wp-json\/wp\/v2\/types\/page"}],"author":[{"embeddable":true,"href":"https:\/\/greenlifeclinics.com\/tr\/wp-json\/wp\/v2\/users\/1"}],"replies":[{"embeddable":true,"href":"https:\/\/greenlifeclinics.com\/tr\/wp-json\/wp\/v2\/comments?post=12233"}],"version-history":[{"count":0,"href":"https:\/\/greenlifeclinics.com\/tr\/wp-json\/wp\/v2\/pages\/12233\/revisions"}],"wp:featuredmedia":[{"embeddable":true,"href":"https:\/\/greenlifeclinics.com\/tr\/wp-json\/wp\/v2\/media\/20202"}],"wp:attachment":[{"href":"https:\/\/greenlifeclinics.com\/tr\/wp-json\/wp\/v2\/media?parent=12233"}],"curies":[{"name":"wp","href":"https:\/\/api.w.org\/{rel}","templated":true}]}}