{"id":12231,"date":"2022-09-29T12:50:56","date_gmt":"2022-09-29T09:20:56","guid":{"rendered":"https:\/\/greenlifeclinics.com\/?page_id=12231"},"modified":"2023-07-12T14:54:17","modified_gmt":"2023-07-12T10:24:17","slug":"cool-tech-define-cihazi-ile-zayiflama-cooltech-define","status":"publish","type":"page","link":"https:\/\/greenlifeclinics.com\/tr\/cool-tech-define-cihazi-ile-zayiflama-cooltech-define\/","title":{"rendered":"Cool Tech Define cihaz\u0131 ile zay\u0131flama | Cooltech Define"},"content":{"rendered":"<p dir=\"ltr\"><img fetchpriority=\"high\" decoding=\"async\" class=\"aligncenter wp-image-11568 size-full\" src=\"https:\/\/greenlifeclinics.com\/wp-content\/uploads\/2022\/11\/23-min-1-scaled.jpg\" alt=\"\" width=\"2560\" height=\"1707\" srcset=\"https:\/\/greenlifeclinics.com\/wp-content\/uploads\/2022\/11\/23-min-1-scaled.jpg 2560w, https:\/\/greenlifeclinics.com\/wp-content\/uploads\/2022\/11\/23-min-1-300x200.jpg 300w, https:\/\/greenlifeclinics.com\/wp-content\/uploads\/2022\/11\/23-min-1-1024x683.jpg 1024w, https:\/\/greenlifeclinics.com\/wp-content\/uploads\/2022\/11\/23-min-1-768x512.jpg 768w, https:\/\/greenlifeclinics.com\/wp-content\/uploads\/2022\/11\/23-min-1-1536x1024.jpg 1536w, https:\/\/greenlifeclinics.com\/wp-content\/uploads\/2022\/11\/23-min-1-2048x1365.jpg 2048w\" sizes=\"(max-width: 2560px) 100vw, 2560px\" \/><\/p>\n<p dir=\"ltr\">Cooltech Define cihaz\u0131 cilt alt\u0131 ya\u011f h\u00fccrelerinin lokal olarak azalmas\u0131na neden olur. Bu cihaz\u0131n avantajlar\u0131ndan biri de v\u00fccudun t\u00fcm b\u00f6lgelerine uygun farkl\u0131 boyutlarda ba\u015fl\u0131klara sahip olmas\u0131d\u0131r. Ayr\u0131ca v\u00fccudun iki farkl\u0131 b\u00f6lgesinde ayn\u0131 anda kullan\u0131lan iki el aletinin kullan\u0131lmas\u0131 tedavi s\u00fcresini \u00f6nemli \u00f6l\u00e7\u00fcde azalt\u0131r.<\/p>\n<h2 dir=\"ltr\">Cihaz ile b\u00f6lgesel zay\u0131flama<\/h2>\n<p dir=\"ltr\">Cooltech Define ayn\u0131 zamanda d\u00f6rt aplikat\u00f6r\u00fcn ayn\u0131 anda kullan\u0131m\u0131na izin veren \u00f6zel bir kriyolipoliz cihaz\u0131d\u0131r. E\u015fsiz ya\u011f dondurma teknolojisi ve 360 \u200b\u200bderecelik so\u011futma plakalar\u0131, hastalar ve doktorlar i\u00e7in harika sonu\u00e7lar yarat\u0131r; Bu nedenle her hasta bu etkili, g\u00fcvenli ve \u00e7ok uygun fiyatl\u0131 tedaviyi deneyimlemek ister.<\/p>\n<div style=\"width: 800px;\" class=\"wp-video\"><video class=\"wp-video-shortcode\" id=\"video-12231-1\" width=\"800\" height=\"450\" preload=\"metadata\" controls=\"controls\"><source type=\"video\/mp4\" src=\"https:\/\/greenlifeclinics.com\/wp-content\/uploads\/2022\/09\/tizer-greenlife.mp4?_=1\" \/><a href=\"https:\/\/greenlifeclinics.com\/wp-content\/uploads\/2022\/09\/tizer-greenlife.mp4\">https:\/\/greenlifeclinics.com\/wp-content\/uploads\/2022\/09\/tizer-greenlife.mp4<\/a><\/video><\/div>\n<h2 dir=\"ltr\"><span style=\"color: #c2185b;\"> Cool Tech Define cihaz\u0131 ile zay\u0131flama<\/span><\/h2>\n<p dir=\"ltr\" style=\"text-align: justify;\">\u0130nsan v\u00fccudunun dokusu so\u011fu\u011fa maruz kald\u0131\u011f\u0131nda \u0131s\u0131s\u0131n\u0131 kaybetmeye ba\u015flar. Ara\u015ft\u0131rmalar, ya\u011f h\u00fccrelerinin di\u011fer dokulara g\u00f6re daha fazla \u0131s\u0131 kaybetme e\u011filiminde oldu\u011funu ve \u00e7ok daha \u00e7abuk so\u011fudu\u011funu ve asl\u0131nda ya\u011f h\u00fccrelerinin di\u011fer dokulara zarar vermeden yok edildi\u011fini g\u00f6stermi\u015ftir.<br \/>\nV\u00fccudunuzu daha h\u0131zl\u0131 geli\u015ftirmeyi d\u00fc\u015f\u00fcn\u00fcyor musunuz? Bir diyet ve egzersiz plan\u0131 ile v\u00fccudun belirli b\u00f6lgelerindeki ya\u011flar\u0131 kaybetmek genellikle zordur. Programda bask\u0131 alt\u0131na girmek kimsenin harc\u0131 de\u011fildir ve herhangi bir sonu\u00e7 alamazs\u0131n\u0131z.<br \/>\nCooltech, y\u0131llard\u0131r kurtulmaya \u00e7al\u0131\u015ft\u0131\u011f\u0131n\u0131z ya\u011f birikintilerini azaltman\u0131za yard\u0131mc\u0131 olur. Geli\u015fmi\u015f kriyolipoliz teknolojisi cildinizin en derin katmanlar\u0131na kadar kontroll\u00fc so\u011fuk ile konforlu ve g\u00fcvenli bir \u015fekilde uygulan\u0131r. Ya\u011f h\u00fccrelerini g\u00fcvenli bir \u015fekilde dondurur, b\u00f6ylece kontroll\u00fc bir \u015fekilde \u00f6l\u00fcrler ve v\u00fccudunuz do\u011fal olarak onlar\u0131 atar.<br \/>\nColtech ya\u011f kaybetmek i\u00e7in ideal bir yoldur. \u00c7\u00fcnk\u00fc teknikleri son derece ayarlanabilir ve her alan i\u00e7in farkl\u0131 uygulay\u0131c\u0131lara sahiptir. Bu sayede ger\u00e7ekten mucizevi sonu\u00e7lar getirebilir. Bu tedaviler kollar ve \u00e7ene alt\u0131 gibi k\u00fc\u00e7\u00fck b\u00f6lgelere uygulanabilece\u011fi gibi kar\u0131n ve basen gibi daha b\u00fcy\u00fck ve genellikle problemli b\u00f6lgelere de uygulanabilir.<\/p>\n<p dir=\"ltr\" style=\"text-align: right;\">Cooltech tedavileri topikal ya\u011f azaltma tedavileridir. Teknolojisi ya\u011f dokusunu -8 derecede tamamen g\u00fcvenli ve non-invaziv bir \u015fekilde dondurur. Ya\u011f dokusu dondurma i\u015flemi s\u0131ras\u0131nda sadece ya\u011f h\u00fccreleri zarar g\u00f6r\u00fcr. Bunun nedeni, bu h\u00fccrelerin 10 derecenin \u00fczerindeki s\u0131cakl\u0131klarda donma s\u00fcrecini ba\u015flatan ya\u011f asitleri a\u00e7\u0131s\u0131ndan zengin olmas\u0131d\u0131r. Tedavi \u00f6ncesinde doku tipi ve ya\u011f k\u0131vr\u0131m\u0131na g\u00f6re i\u015flem yap\u0131lacak b\u00f6lgeler belirlenir. Tan\u0131mlaman\u0131n ard\u0131ndan tedaviniz i\u00e7in en uygun kategori se\u00e7ilir.<\/p>\n<p dir=\"ltr\" style=\"text-align: justify;\">Bu \u00fcr\u00fcnle tedavi \u00e7ok g\u00fcvenlidir. Cildiniz her zaman, patent bekleyen so\u011fu\u011fa kar\u015f\u0131 koruma teknolojimiz olan ve cildinizi en iyi durumda tutan antifrizli \u00e7ift jelli bir mendil olan Cool Gel Pad ile korunur.<br \/>\n<img decoding=\"async\" class=\"aligncenter wp-image-11550 size-full\" src=\"https:\/\/greenlifeclinics.com\/wp-content\/uploads\/2022\/11\/3-min-scaled.jpg\" alt=\"\" width=\"2560\" height=\"1707\" srcset=\"https:\/\/greenlifeclinics.com\/wp-content\/uploads\/2022\/11\/3-min-scaled.jpg 2560w, https:\/\/greenlifeclinics.com\/wp-content\/uploads\/2022\/11\/3-min-300x200.jpg 300w, https:\/\/greenlifeclinics.com\/wp-content\/uploads\/2022\/11\/3-min-1024x683.jpg 1024w, https:\/\/greenlifeclinics.com\/wp-content\/uploads\/2022\/11\/3-min-768x512.jpg 768w, https:\/\/greenlifeclinics.com\/wp-content\/uploads\/2022\/11\/3-min-1536x1024.jpg 1536w, https:\/\/greenlifeclinics.com\/wp-content\/uploads\/2022\/11\/3-min-2048x1365.jpg 2048w\" sizes=\"(max-width: 2560px) 100vw, 2560px\" \/><\/p>\n<p dir=\"ltr\" style=\"text-align: justify;\">Cooltech v\u00fccudun \u00e7o\u011fu b\u00f6lgesini tedavi eder, 6 sap\u0131 yumu\u015fak ve sert dokular\u0131, d\u00fcz ve k\u0131vr\u0131ml\u0131 alanlar\u0131 bar\u0131nd\u0131racak \u015fekilde tasarlanm\u0131\u015ft\u0131r.<\/p>\n<p dir=\"ltr\" style=\"text-align: justify;\"><span style=\"color: #c2185b;\"><b> Ayn\u0131 anda 4 uygulay\u0131c\u0131 ile \u00e7al\u0131\u015f\u0131n<\/b><\/span><\/p>\n<ul dir=\"ltr\" style=\"text-align: justify;\">\n<li><strong>V\u00fccudun t\u00fcm b\u00f6lgelerine uyum sa\u011flama \u00f6zelli\u011fine sahip 9 ergonomik piyasemen<\/strong><\/li>\n<li><strong>T\u00fcm tedavi alan\u0131n\u0131n 360 derece so\u011futulmas\u0131<\/strong><\/li>\n<li><strong>E\u015fsiz hasta de\u011ferlendirmesi i\u00e7in 9 tedavi modeli<\/strong><\/li>\n<\/ul>\n<h2 dir=\"ltr\" style=\"text-align: justify;\"><img decoding=\"async\" class=\"image-content wp-image-10494 size-full aligncenter\" style=\"font-size: 16px;\" src=\"https:\/\/greenlifeclinics.com\/wp-content\/uploads\/2022\/09\/Cooltech-1.webp\" alt=\"\u0644\u0627\u063a\u0631\u06cc \u0628\u0627 \u062f\u0633\u062a\u06af\u0627\u0647 \u06a9\u0648\u0644 \u062a\u06a9 \u062f\u06cc\u0641\u0627\u06cc\u0646\" width=\"900\" height=\"450\" srcset=\"https:\/\/greenlifeclinics.com\/wp-content\/uploads\/2022\/09\/Cooltech-1.webp 900w, https:\/\/greenlifeclinics.com\/wp-content\/uploads\/2022\/09\/Cooltech-1-300x150.webp 300w, https:\/\/greenlifeclinics.com\/wp-content\/uploads\/2022\/09\/Cooltech-1-768x384.webp 768w\" sizes=\"(max-width: 900px) 100vw, 900px\" \/><\/h2>\n<h2 dir=\"ltr\" style=\"text-align: justify;\"><span style=\"color: #c2185b;\"> Cool Tech Define teknolojisi ve \u00f6zellikleri<\/span><\/h2>\n<p dir=\"ltr\" style=\"text-align: justify;\"><b> Cooltech Define cihaz\u0131n\u0131n kendisi invaziv olmayan bir tekni\u011fin tan\u0131m\u0131d\u0131r. Bu cihaz, tedavi edilen alanlardan \u00f6nemli say\u0131da ya\u011f h\u00fccresini kal\u0131c\u0131 olarak \u00e7\u0131karmak i\u00e7in kontroll\u00fc so\u011futma teknolojisini kullanarak apoptoz s\u00fcrecini ba\u015flat\u0131r.<\/b><\/p>\n<p dir=\"ltr\"><strong>9 farkl\u0131 aplikat\u00f6r<\/strong><\/p>\n<p dir=\"ltr\">Her b\u00f6lgeye, her a\u00e7\u0131ya ve her v\u00fccut \u015fekline uyum sa\u011flayan, tedaviyi ki\u015fiye \u00f6zel planlama ve tasarlama imkan\u0131 sa\u011flayan 9 farkl\u0131 aplikat\u00f6r.<\/p>\n<p dir=\"ltr\"><strong>3 farkl\u0131 emi\u015f seviyesi<\/strong><\/p>\n<p dir=\"ltr\">Cooltech Define, ya\u011f dokusu ve kullan\u0131lan aplikat\u00f6r\u00fcn \u00f6zelliklerine g\u00f6re ayr\u0131 ayr\u0131 ayarlanan 3 farkl\u0131 emi\u015f seviyesine sahiptir.<\/p>\n<p dir=\"ltr\"><strong>360 derece so\u011futma teknolojisi<\/strong><\/p>\n<p dir=\"ltr\">Aplikat\u00f6rler, deri alt\u0131 ya\u011f\u0131n tamam\u0131n\u0131n so\u011futulmas\u0131n\u0131 ve homojenle\u015fmesini sa\u011flayan, b\u00f6ylece her seansta daha y\u00fcksek oranda ya\u011f al\u0131nmas\u0131n\u0131 sa\u011flayan 360 derece so\u011futma teknolojisine sahiptir.<\/p>\n<p dir=\"ltr\"><strong>1 masaj aleti<\/strong><\/p>\n<p dir=\"ltr\">Masaj ba\u015fl\u0131\u011f\u0131n\u0131n tedavinin etkinli\u011fini \u00f6nemli \u00f6l\u00e7\u00fcde artt\u0131rd\u0131\u011f\u0131 kan\u0131tlanm\u0131\u015ft\u0131r. \u00c7\u00fcnk\u00fc kan dola\u015f\u0131m\u0131n\u0131 artt\u0131r\u0131r ve tedavi b\u00f6lgesinde v\u00fccudun i\u00e7 \u0131s\u0131s\u0131n\u0131n d\u00fczenlenmesine yard\u0131mc\u0131 olur.<\/p>\n<p dir=\"ltr\"><strong>9 farkl\u0131 tedavi modeli<\/strong><\/p>\n<p dir=\"ltr\">T\u00fcm tedaviler i\u00e7in en iyi sonu\u00e7lar\u0131 sa\u011flamak \u00fczere tedavi alan\u0131n\u0131 kesin bir \u015fekilde planlamay\u0131 ve i\u015faretlemeyi sa\u011flayan 9 tedavi modeli.<\/p>\n<p dir=\"ltr\"><strong>Ayn\u0131 anda 4 aplikat\u00f6r<\/strong><\/p>\n<p dir=\"ltr\">Tek seansta 4 aplikat\u00f6r ayn\u0131 anda kullan\u0131labilir, Cooltech Define teknolojisi, tam v\u00fccut \u015fekillendirme elde etmek i\u00e7in v\u00fccudun t\u00fcm b\u00f6lgelerinde birden fazla uygulama yapman\u0131z\u0131 sa\u011flar.<\/p>\n<p><img loading=\"lazy\" decoding=\"async\" class=\"image-content wp-image-10605 size-full\" src=\"https:\/\/greenlifeclinics.com\/wp-content\/uploads\/2022\/09\/natayej-4.webp\" alt=\"\u0644\u0627\u063a\u0631\u06cc \u0628\u0627 \u062f\u0633\u062a\u06af\u0627\u0647\" width=\"720\" height=\"713\" srcset=\"https:\/\/greenlifeclinics.com\/wp-content\/uploads\/2022\/09\/natayej-4.webp 720w, https:\/\/greenlifeclinics.com\/wp-content\/uploads\/2022\/09\/natayej-4-300x297.webp 300w, https:\/\/greenlifeclinics.com\/wp-content\/uploads\/2022\/09\/natayej-4-150x150.webp 150w\" sizes=\"(max-width: 720px) 100vw, 720px\" \/><\/p>\n<h2 dir=\"ltr\" style=\"text-align: justify;\"><span style=\"color: #c2185b;\"> Cool Tech Define ve Cool Tech Cryolipolysis aras\u0131ndaki fark<\/span><\/h2>\n<p dir=\"ltr\" style=\"text-align: justify;\">Cooltech Define, bir \u00f6nceki muadili ile kar\u015f\u0131la\u015ft\u0131r\u0131ld\u0131\u011f\u0131nda teknoloji ve ba\u015fl\u0131k say\u0131s\u0131 a\u00e7\u0131s\u0131ndan yeni de\u011fi\u015fiklikler i\u00e7eren, daha y\u00fcksek g\u00fcvenlik fakt\u00f6r\u00fc ve tedavi ba\u015far\u0131s\u0131 olan cooltech&#8217;in daha yeni ve eksiksiz bir versiyonudur. cooltech tan\u0131mlamak<br \/>\nHastay\u0131 de\u011ferlendirmek ve kont\u00fcrleme sa\u011flamak i\u00e7in her tedavi alan\u0131 ile uyumlu 9 farkl\u0131 alg\u0131lama paterni vard\u0131r.<br \/>\nCOOLTECH DEFINE aplikat\u00f6rleri, yenilik\u00e7i 360 derece so\u011futma teknolojisi ile tasarlanm\u0131\u015ft\u0131r. Aplikat\u00f6r\u00fcn i\u00e7i, t\u00fcm tedavi alan\u0131 \u00fczerinde homojen bir \u015fekilde \u00e7al\u0131\u015fan ve m\u00fckemmel sonu\u00e7lar sa\u011flayan so\u011futma plakalar\u0131 ile tamamen kapl\u0131d\u0131r.<\/p>\n<h2 dir=\"ltr\" style=\"text-align: justify;\"><span style=\"color: #c2185b;\"> Cool Tech ile tedavi edilebilecek alanlar<\/span><\/h2>\n<ul dir=\"ltr\">\n<li style=\"text-align: justify;\">T\u00fcm v\u00fccudu \u015fekillendirmek\n<p>&nbsp;<\/li>\n<li style=\"text-align: justify;\">\u015fap\u015fal\n<p>&nbsp;<\/li>\n<li style=\"text-align: justify;\">Koltuk alt\u0131 \u00e7evresindeki k\u0131r\u0131\u015f\u0131kl\u0131klar\n<p>&nbsp;<\/li>\n<li style=\"text-align: justify;\">Suprapektoral ve infrapektoral alan\n<p>&nbsp;<\/li>\n<li style=\"text-align: justify;\">G\u00f6be\u011fin \u00fcst ve alt b\u00f6lgelerinde kar\u0131n\n<p>&nbsp;<\/li>\n<li style=\"text-align: justify;\">trokanterik alanlar<\/li>\n<li style=\"text-align: justify;\">\u00a0i\u00e7 uyluk\n<p>&nbsp;<\/li>\n<li style=\"text-align: justify;\">Diz i\u00e7i ve diz \u00fcst\u00fc\n<p>&nbsp;<\/li>\n<li style=\"text-align: justify;\">kas\u0131k b\u00f6lgesi\n<p>&nbsp;<\/li>\n<li style=\"text-align: justify;\">Supra ve infraskapular alanlar\n<p>&nbsp;<\/li>\n<li style=\"text-align: justify;\">kollar<\/li>\n<\/ul>\n<h2 dir=\"ltr\"><img loading=\"lazy\" decoding=\"async\" class=\"aligncenter wp-image-11551 size-full\" src=\"https:\/\/greenlifeclinics.com\/wp-content\/uploads\/2022\/11\/4-min-scaled.jpg\" alt=\"\" width=\"2560\" height=\"1707\" srcset=\"https:\/\/greenlifeclinics.com\/wp-content\/uploads\/2022\/11\/4-min-scaled.jpg 2560w, https:\/\/greenlifeclinics.com\/wp-content\/uploads\/2022\/11\/4-min-300x200.jpg 300w, https:\/\/greenlifeclinics.com\/wp-content\/uploads\/2022\/11\/4-min-1024x683.jpg 1024w, https:\/\/greenlifeclinics.com\/wp-content\/uploads\/2022\/11\/4-min-768x512.jpg 768w, https:\/\/greenlifeclinics.com\/wp-content\/uploads\/2022\/11\/4-min-1536x1024.jpg 1536w, https:\/\/greenlifeclinics.com\/wp-content\/uploads\/2022\/11\/4-min-2048x1365.jpg 2048w\" sizes=\"(max-width: 2560px) 100vw, 2560px\" \/><\/h2>\n<h2 dir=\"ltr\" style=\"text-align: justify;\"><span style=\"color: #c2185b;\"> Cooltech Define cihaz\u0131n\u0131n \u00f6zel \u00f6zellikleri<\/span><\/h2>\n<ul dir=\"ltr\">\n<li style=\"text-align: justify;\">Tek seansta ayn\u0131 anda 4 aplikat\u00f6r kullanabilme<\/li>\n<li style=\"text-align: justify;\">Tedavi edilen b\u00f6lgenin 360 derece so\u011futulmas\u0131;<\/li>\n<li style=\"text-align: justify;\">Geni\u015f y\u00fczey alan\u0131na sahip el aletlerinin en iyi \u015fekilde yerle\u015ftirilmesi i\u00e7in 9 farkl\u0131 aplikat\u00f6r;<\/li>\n<li style=\"text-align: justify;\">2 saatte t\u00fcm v\u00fccudu \u015fekillendirmek;<\/li>\n<li style=\"text-align: justify;\">Azaltmak i\u00e7in serin jel pedlerin RFID sistemi;<\/li>\n<li style=\"text-align: justify;\">Yeni so\u011futma 360 teknolojisine sahip Cooltechdefine aplikat\u00f6rleri, daha derin bir so\u011futma etkisine sahip olacak \u015fekilde tasarlanm\u0131\u015ft\u0131r;<\/li>\n<li style=\"text-align: justify;\">Aplikat\u00f6r\u00fcn i\u00e7indeki so\u011futma plakalar\u0131, tedavi edilen t\u00fcm alan\u0131 e\u015fit \u015fekilde so\u011futur ve m\u00fckemmel sonu\u00e7lar elde eder;<\/li>\n<li style=\"text-align: justify;\">Bu cihaz\u0131n aplikat\u00f6rleri, cooltech&#8217;in \u00f6nceki versiyonuna k\u0131yasla daha fazla temas y\u00fczeyine ve daha az derinli\u011fe sahiptir ve ya\u011f dokusunun daha iyi ve daha homojen bir \u015fekilde so\u011futulmas\u0131 i\u00e7in optimal bir tasar\u0131ma sahiptir;<\/li>\n<li style=\"text-align: justify;\">Aplikat\u00f6r\u00fcn i\u00e7indeki hassas emi\u015f sistemi, tedaviyi daha etkili hale getirir;<\/li>\n<li style=\"text-align: justify;\">Daha eski sistemler Kapasitif Sens\u00f6rler i\u00e7eriyordu, ancak jel ve ped, s\u0131cakl\u0131k alg\u0131lamas\u0131n\u0131 engelliyordu;<\/li>\n<li style=\"text-align: justify;\">Yeni optik alg\u0131lama sistemi, jelin s\u0131cakl\u0131k alg\u0131lamas\u0131n\u0131 engellememesi avantaj\u0131na sahiptir.<\/li>\n<li style=\"text-align: justify;\">agresif olmayan;<\/li>\n<li style=\"text-align: justify;\">Birka\u00e7 tedavi seans\u0131;<\/li>\n<li style=\"text-align: justify;\">Ya\u011f h\u00fccrelerinin geri d\u00f6n\u00fc\u015f\u00fcms\u00fczl\u00fc\u011f\u00fc gitti<\/li>\n<\/ul>\n<blockquote dir=\"ltr\"><p><a href=\"https:\/\/greenlifeclinics.com\/\">Green Life<\/a> zincir klinikleri ve merkezleri (\u0130ran&#8217;da 1. derece zay\u0131flama) sa\u011fl\u0131k, g\u00fczellik ve zay\u0131flama alan\u0131nda en y\u00fcksek teknolojiye sahip orijinal yerel zay\u0131flama cihazlar\u0131na sahiptir. Ayr\u0131ca kilo verme ve g\u00fczellik alan\u0131nda size \u00e7ok yard\u0131mc\u0131 olabilirler. Daha fazla bilgi i\u00e7in 120 hatl\u0131 02134247 numaral\u0131 telefonu aray\u0131n\u0131z.<\/p><\/blockquote>\n","protected":false},"excerpt":{"rendered":"<p>Cooltech Define cihaz\u0131 cilt alt\u0131 ya\u011f h\u00fccrelerinin lokal olarak azalmas\u0131na neden olur. Bu cihaz\u0131n avantajlar\u0131ndan biri de v\u00fccudun t\u00fcm b\u00f6lgelerine uygun farkl\u0131 boyutlarda ba\u015fl\u0131klara sahip olmas\u0131d\u0131r. Ayr\u0131ca v\u00fccudun iki farkl\u0131 b\u00f6lgesinde ayn\u0131 anda kullan\u0131lan iki el aletinin kullan\u0131lmas\u0131 tedavi s\u00fcresini \u00f6nemli \u00f6l\u00e7\u00fcde azalt\u0131r. Cihaz ile b\u00f6lgesel zay\u0131flama Cooltech Define ayn\u0131 zamanda d\u00f6rt aplikat\u00f6r\u00fcn ayn\u0131 anda [&hellip;]<\/p>\n","protected":false},"author":1,"featured_media":21507,"parent":0,"menu_order":0,"comment_status":"closed","ping_status":"closed","template":"","meta":{"_daim_seo_power":"","_daim_enable_ail":"","footnotes":""},"class_list":["post-12231","page","type-page","status-publish","has-post-thumbnail","hentry"],"_links":{"self":[{"href":"https:\/\/greenlifeclinics.com\/tr\/wp-json\/wp\/v2\/pages\/12231","targetHints":{"allow":["GET"]}}],"collection":[{"href":"https:\/\/greenlifeclinics.com\/tr\/wp-json\/wp\/v2\/pages"}],"about":[{"href":"https:\/\/greenlifeclinics.com\/tr\/wp-json\/wp\/v2\/types\/page"}],"author":[{"embeddable":true,"href":"https:\/\/greenlifeclinics.com\/tr\/wp-json\/wp\/v2\/users\/1"}],"replies":[{"embeddable":true,"href":"https:\/\/greenlifeclinics.com\/tr\/wp-json\/wp\/v2\/comments?post=12231"}],"version-history":[{"count":0,"href":"https:\/\/greenlifeclinics.com\/tr\/wp-json\/wp\/v2\/pages\/12231\/revisions"}],"wp:featuredmedia":[{"embeddable":true,"href":"https:\/\/greenlifeclinics.com\/tr\/wp-json\/wp\/v2\/media\/21507"}],"wp:attachment":[{"href":"https:\/\/greenlifeclinics.com\/tr\/wp-json\/wp\/v2\/media?parent=12231"}],"curies":[{"name":"wp","href":"https:\/\/api.w.org\/{rel}","templated":true}]}}