{"id":12227,"date":"2022-09-28T16:09:35","date_gmt":"2022-09-28T12:39:35","guid":{"rendered":"https:\/\/greenlifeclinics.com\/?page_id=12227"},"modified":"2023-07-12T13:31:29","modified_gmt":"2023-07-12T09:01:29","slug":"cilt-bakimi-nedir","status":"publish","type":"page","link":"https:\/\/greenlifeclinics.com\/tr\/cilt-bakimi-nedir\/","title":{"rendered":"?Cilt bak\u0131m\u0131 nedir"},"content":{"rendered":"<figure id=\"attachment_10370\" aria-describedby=\"caption-attachment-10370\" style=\"width: 427px\" class=\"wp-caption aligncenter\"><img fetchpriority=\"high\" decoding=\"async\" class=\"image-content wp-image-10370 size-full\" src=\"https:\/\/greenlifeclinics.com\/wp-content\/uploads\/2022\/09\/facial-1.webp\" alt=\"\u0641\u06cc\u0634\u06cc\u0627\u0644 \u067e\u0648\u0633\u062a\" width=\"427\" height=\"450\" srcset=\"https:\/\/greenlifeclinics.com\/wp-content\/uploads\/2022\/09\/facial-1.webp 427w, https:\/\/greenlifeclinics.com\/wp-content\/uploads\/2022\/09\/facial-1-285x300.webp 285w\" sizes=\"(max-width: 427px) 100vw, 427px\" \/><figcaption id=\"caption-attachment-10370\" class=\"wp-caption-text\">Cilt bak\u0131m\u0131<\/figcaption><\/figure>\n<p dir=\"ltr\">Y\u00fcz bak\u0131m\u0131, sa\u011fl\u0131kl\u0131 ve parlak bir cilde sahip olmak i\u00e7in yayg\u0131n ve pop\u00fcler bir tedavi y\u00f6ntemidir. Bu tedavi y\u00f6ntemi 1 saat boyunca birka\u00e7 a\u015famada ger\u00e7ekle\u015ftirilir. Yani cilt ve sa\u00e7 g\u00fczellik klini\u011fine girdi\u011finiz andan itibaren \u00e7\u0131kt\u0131\u011f\u0131n\u0131z andan itibaren sadece 1 saat i\u00e7inde \u0131\u015f\u0131l \u0131\u015f\u0131l ve gen\u00e7 g\u00f6r\u00fcnen bir cilde kavu\u015fman\u0131z yeterli olacakt\u0131r.<\/p>\n<p dir=\"ltr\">Y\u00fcz bak\u0131m\u0131, stres dolu bir haftay\u0131 y\u00fcz\u00fcn\u00fczde iz b\u0131rakmadan atlatmak i\u00e7in kullanabilece\u011finiz en iyi ve tabii ki en basit bak\u0131mlardan biridir. Bu nedenle cilt sa\u011fl\u0131\u011f\u0131na dikkat etmek i\u00e7in kendini nemlendirici kullanmakla s\u0131n\u0131rlayanlardansan\u0131z; Cildinizin sa\u011fl\u0131\u011f\u0131 \u00fczerindeki olumlu etkisini g\u00f6rmek i\u00e7in y\u00fcz bak\u0131m\u0131n\u0131 bir kez deneyimlemek daha iyidir.<\/p>\n<p dir=\"ltr\">Bu tedavi y\u00f6ntemiyle ilgili \u00f6nemli olan \u015fey, sadece 1 saatlik bir seansta siyah nokta veya komedon gibi bir\u00e7ok cilt problemini ortadan kald\u0131rabilmesidir. Bu nedenle t\u00fcm d\u00fcnyada m\u00fckemmel ve kan\u0131tlanm\u0131\u015f bir cilt bak\u0131m tedavisi olarak kullan\u0131lmaktad\u0131r. Elbette y\u00fcz bak\u0131m\u0131n\u0131n hem g\u00fczellik salonlar\u0131nda hem de cilt ve sa\u00e7 kliniklerinde yap\u0131ld\u0131\u011f\u0131n\u0131 belirtmek gerekir. Genel olarak \u00f6nerimiz, bu alanda sayg\u0131n ve deneyimli bir klini\u011fe gitmenizdir. \u00c7\u00fcnk\u00fc bu tedavi i\u00e7in kullan\u0131lacak basamaklar ya da malzemeler do\u011fru se\u00e7ilmezse; Tedavi i\u015fe yaramayacak.<\/p>\n<p dir=\"ltr\"><strong>Y\u00fcz prosed\u00fcrleri<\/strong><\/p>\n<p dir=\"ltr\">Y\u00fcz bak\u0131m\u0131, daha \u00f6nce de belirtti\u011fimiz gibi, tek bir tedavide birka\u00e7 cilt bak\u0131m tedavisini i\u00e7eren \u00e7ok a\u015famal\u0131 bir tedavi y\u00f6ntemidir. \u00c7ok a\u015famal\u0131 bu tedaviler ilk bak\u0131\u015fta basit gibi g\u00f6r\u00fcnse de en iyi malzemeler kullan\u0131larak ve en iyi \u015fekilde uyguland\u0131\u011f\u0131 takdirde hayal edilemeyecek sonu\u00e7lar getirecektir. Bu ad\u0131mlar \u015funlard\u0131r:<\/p>\n<ul dir=\"ltr\">\n<li>Y\u00fcz bak\u0131m\u0131, y\u00fczdeki t\u00fcm kiri, teri ve ya\u011f\u0131 tamamen gidermek i\u00e7in y\u00fcz\u00fcn hafif bir temizleyici ile temizlenmesiyle ba\u015flar. Bu a\u015famada cilt g\u00f6zeneklerinin kapanmas\u0131na ve bo\u011fulmas\u0131na neden olan t\u00fcm maddeler derinin y\u00fczey tabakas\u0131ndan tamamen uzakla\u015ft\u0131r\u0131l\u0131r.<br \/>\nBir sonraki ad\u0131m, cildinizi nemlendirmeye ve gev\u015fetmeye ve daha iyi temizlik i\u00e7in g\u00f6zenekleri a\u00e7maya yard\u0131mc\u0131 olan buharla y\u0131kamad\u0131r.<br \/>\nDaha sonra pul pul d\u00f6k\u00fclme, ya\u011f, siyah nokta ve beyaz noktalar\u0131 gidermek i\u00e7in bir ovma ile ba\u015flar.<\/li>\n<li>Bir sonraki ad\u0131m y\u00fcz masaj\u0131d\u0131r. Bu a\u015famada genellikle \u00f6zel bir krem \u200b\u200bkullan\u0131l\u0131r. Masaj, y\u00fcz\u00fcn en rahatlat\u0131c\u0131 k\u0131sm\u0131d\u0131r. Bu a\u015famada y\u00fcz derisi k\u0131smen gerginle\u015fir ve cildin i\u00e7eriden nemlenmesine neden olur.<br \/>\nSonraki ad\u0131mda 15 ila 20 dakika \u00f6zel bir maske kullan\u0131l\u0131r. Bu maske cildi nemlendirmek ve nemlendirmek i\u00e7in kullan\u0131l\u0131r.<br \/>\nO zaman toner kullanma zaman\u0131. Toner cildinizi derinlemesine temizler ve pH&#8217;\u0131 ayarlan\u0131r.<br \/>\nSon olarak cilt tipine uygun bir nemlendirici kullan\u0131l\u0131r. Bu krem, nemin cildinize derinlemesine n\u00fcfuz etmesine ve nemlendirmesine neden olur.<\/li>\n<\/ul>\n<p dir=\"ltr\"><img decoding=\"async\" class=\"image-content aligncenter wp-image-10371 size-full\" src=\"https:\/\/greenlifeclinics.com\/wp-content\/uploads\/2022\/09\/facial-2.webp\" alt=\"\" width=\"427\" height=\"450\" srcset=\"https:\/\/greenlifeclinics.com\/wp-content\/uploads\/2022\/09\/facial-2.webp 427w, https:\/\/greenlifeclinics.com\/wp-content\/uploads\/2022\/09\/facial-2-285x300.webp 285w\" sizes=\"(max-width: 427px) 100vw, 427px\" \/><\/p>\n<p dir=\"ltr\"><strong>Y\u00fcz bak\u0131m\u0131 kimlere \u00f6nerilir?<\/strong><\/p>\n<p dir=\"ltr\">Y\u00fcz bak\u0131m\u0131n\u0131n ne oldu\u011funu ve ka\u00e7 ad\u0131m s\u00fcrd\u00fc\u011f\u00fcn\u00fc art\u0131k bildi\u011finize g\u00f6re, bu tedavinin hangi ya\u015f grubu i\u00e7in uygun oldu\u011funu ve ka\u00e7 kez yap\u0131lmas\u0131 gerekti\u011fini merak ediyor olabilirsiniz.<\/p>\n<p dir=\"ltr\">Genel olarak, sivilce ve akne dahil olmak \u00fczere cilt problemlerinin \u00e7o\u011fu ergenlik d\u00f6neminde ba\u015flar. Ancak yap\u0131lan ara\u015ft\u0131rmalara g\u00f6re 20 ya\u015f\u0131ndan itibaren y\u00fcz bak\u0131m\u0131 yapt\u0131rmak daha do\u011fru. O zamana kadar cildi temizlemek i\u00e7in evde tedavi y\u00f6ntemlerini kullanmak daha iyidir.18-25 ya\u015flar\u0131 aras\u0131ndaysan\u0131z, y\u00fcz\u00fcn\u00fcz\u00fc parlak ve gen\u00e7 tutmak i\u00e7in bu bak\u0131m\u0131 \u00f6zel g\u00fcnlerde veya iki ayda bir uygulayabilirsiniz. Ancak 20 ya\u015f\u0131n \u00fczerindeyseniz ve erken ya\u015flanma, hormonal akne, cilt lekeleri gibi belirtileriniz varsa rutin bir tedavi olarak y\u00fcz bak\u0131m\u0131 yapt\u0131r\u0131n. Bu tedavi masaj ve cilt lekelerini giderici maddeler i\u00e7erdi\u011finden 1 ayda veya 3 haftada bir yap\u0131lmas\u0131 kesinlikle iyi sonu\u00e7lar getirecektir.<\/p>\n<p dir=\"ltr\"><strong>Y\u00fcz bak\u0131m\u0131 ne s\u0131kl\u0131kla yap\u0131lmal\u0131d\u0131r?<\/strong><\/p>\n<p dir=\"ltr\">Bu sorunun cevab\u0131 cilt tipine ve ki\u015filere g\u00f6re de\u011fi\u015fir. \u0130deal olarak, bu tedavi ayl\u0131k ve d\u00fczenli olarak yap\u0131lmal\u0131d\u0131r. Bu tedaviyi ayl\u0131k ve d\u00fczenli olarak yapman\u0131z m\u00fcmk\u00fcn de\u011filse y\u0131lda en az 4 kez, mevsim de\u011fi\u015fikli\u011fi ile ayn\u0131 zamanda yap\u0131n. Sivilcelerinizden bu tedavi ile kurtulmak istiyorsan\u0131z ayda bir kez yapmal\u0131s\u0131n\u0131z. Ancak hassas bir cildiniz varsa, her seans aras\u0131nda iki ay ara vermek daha iyidir.<\/p>\n<h3 dir=\"ltr\"><strong>y\u00fcz bak\u0131m\u0131 t\u00fcrleri<\/strong><\/h3>\n<p dir=\"ltr\">D\u00fcnyada her cilt tipi, durumu ve ya\u015f grubu i\u00e7in milyonlarca y\u00fcz bak\u0131m\u0131 vard\u0131r. \u015eu anda LED, kristal tuz vb. kullan\u0131m\u0131 y\u00fcz bak\u0131m\u0131 yapman\u0131n en yayg\u0131n y\u00f6ntemleridir. Temel ve al\u0131\u015f\u0131lagelmi\u015f haliyle malzemeler nemlendirici, parlat\u0131c\u0131 ve y\u00fcz temizleyici olarak kullan\u0131lmaktad\u0131r. Baz\u0131 \u00f6zel durumlarda cilt tipine ve problemlere ba\u011fl\u0131 olarak parafin tedavisi gibi ba\u015fka tedavilere de ba\u015fvurulur. \u00d6rne\u011fin sivilce ve sivilce gibi problemleriniz varsa terapistinizden tedavi s\u0131ras\u0131nda cildi yat\u0131\u015ft\u0131rmak i\u00e7in \u00f6zel i\u00e7erikler kullanmas\u0131n\u0131 isteyebilirsiniz.<\/p>\n<p dir=\"ltr\">Ayn\u0131 \u015fekilde ya\u015flanma kar\u015f\u0131t\u0131 y\u00fcz bak\u0131m\u0131, k\u0131r\u0131\u015f\u0131kl\u0131klar, ince \u00e7izgiler, lekeler, sarkmalar ve donukluk gibi ya\u015flanman\u0131n g\u00f6zle g\u00f6r\u00fcl\u00fcr belirtilerini b\u00fcy\u00fck \u00f6l\u00e7\u00fcde azaltman\u0131za yard\u0131mc\u0131 olur. Ayr\u0131ca \u00f6zel g\u00fcnler i\u00e7in cildin birka\u00e7 kez parlamas\u0131n\u0131 sa\u011flayan \u00f6zel \u00e7ar\u015faflar kullanabilirsiniz.<\/p>\n<p dir=\"ltr\"><strong>Y\u00fcz bak\u0131m\u0131n\u0131n sonucu ne olacak?<\/strong><\/p>\n<p dir=\"ltr\">Herhangi bir g\u00fczellik bak\u0131m\u0131 yapmadan \u00f6nce alaca\u011f\u0131n\u0131z sonucu bilmelisiniz. \u00c7\u00fcnk\u00fc aksi halde harcanan maliyet ve zamandan memnun kalmama ihtimaliniz var. Y\u00fcz bir\u00e7ok cilt problemini ortadan kald\u0131r\u0131r. Ancak \u015f\u00fcphesiz t\u00fcm m\u00fc\u015fteriler i\u00e7in ortak olacak sonu\u00e7, bunu yapt\u0131ktan sonra cildin p\u00fcr\u00fczs\u00fczl\u00fc\u011f\u00fc ve yumu\u015fakl\u0131\u011f\u0131 olacakt\u0131r. Ayr\u0131ca, bu tedaviden sonra cildiniz \u00f6nemli \u00f6l\u00e7\u00fcde daha parlak olacakt\u0131r. Bu tedavi d\u00fczenli olarak yap\u0131l\u0131rsa, tedavi s\u0131ras\u0131nda alaca\u011f\u0131n\u0131z masaj sayesinde cildin ya\u015flanma ve yorgunluk belirtileri b\u00fcy\u00fck \u00f6l\u00e7\u00fcde azalacakt\u0131r. Bu tedavinin harika sonu\u00e7lar\u0131n\u0131 g\u00f6rmek i\u00e7in 2-3 g\u00fcn beklemek daha iyidir.<\/p>\n<p dir=\"ltr\">\n<h3 dir=\"ltr\"><strong>Y\u00fcz bak\u0131m\u0131 hakk\u0131nda s\u0131k sorulan sorular<\/strong><\/h3>\n<p dir=\"ltr\"><strong>Y\u00fcz bak\u0131m\u0131 yapmak ne kadar s\u00fcrer?<\/strong><\/p>\n<p dir=\"ltr\">Ald\u0131\u011f\u0131n\u0131z y\u00fcz bak\u0131m\u0131n\u0131n t\u00fcr\u00fcne ba\u011fl\u0131 olarak, bu s\u00fcre muhtemelen de\u011fi\u015fecektir. Fakat genel olarak bu tedavi maksimum 1 saat s\u00fcrmektedir.<\/p>\n<p dir=\"ltr\"><strong>Y\u00fcz, y\u00fcz k\u0131r\u0131\u015f\u0131kl\u0131klar\u0131n\u0131n giderilmesi i\u00e7in uygun mudur?<\/strong><\/p>\n<p dir=\"ltr\">Genel olarak y\u00fcz k\u0131r\u0131\u015f\u0131kl\u0131klar\u0131n\u0131 tamamen ortadan kald\u0131ran kesin bir tedavi yoktur. Ancak 20 ya\u015f\u0131ndan itibaren d\u00fczenli olarak y\u00fcz bak\u0131m\u0131 yapt\u0131r\u0131l\u0131rsa cildin erken ya\u015flanmas\u0131 \u00f6nlenir ve bu s\u00fcre\u00e7 b\u00fcy\u00fck \u00f6l\u00e7\u00fcde ertelenir.<\/p>\n<p dir=\"ltr\"><strong>Y\u00fcz i\u00e7in hangi markalar kullan\u0131l\u0131yor?<\/strong><\/p>\n<ul dir=\"ltr\">\n<li>Guinot<\/li>\n<li>e\u015fya (murad)<\/li>\n<li>Doktor Spiller<\/li>\n<li>\u00d6zg\u00fcr adam<\/li>\n<li>mart\u0131<\/li>\n<li>sinema<\/li>\n<li>revitacare<\/li>\n<li>Estemex<\/li>\n<li>\u0130spanyol cilt \u00fcr\u00fcnleri (tegoder)<\/li>\n<li>Alman Janssen \u00fcr\u00fcnleri<\/li>\n<\/ul>\n<p dir=\"ltr\"><span style=\"color: #993366;\"><b> Bir y\u00fcz maliyeti ne kadar?<\/b><\/span><\/p>\n<p dir=\"ltr\">Bu soruyu net ve kesin olarak cevaplamak m\u00fcmk\u00fcn de\u011fil. \u00c7\u00fcnk\u00fc t\u00fcm y\u00fcz bak\u0131m\u0131 fiyatlar\u0131 a\u015fa\u011f\u0131daki fakt\u00f6rlere ba\u011fl\u0131d\u0131r:<\/p>\n<ul dir=\"ltr\">\n<li>Bu tedavi i\u00e7in ba\u015fvurdu\u011funuz merkez.<\/li>\n<li>Yapt\u0131\u011f\u0131n\u0131z y\u00fcz bak\u0131m\u0131 t\u00fcr\u00fc.<\/li>\n<li>Bu tedavi i\u00e7in kullan\u0131lan malzemelerin kalitesi.<\/li>\n<\/ul>\n<blockquote dir=\"ltr\"><p>Bu konuda daha fazla bilgi edinmek i\u00e7in \u00fccretsiz bir dan\u0131\u015fma oturumuna kat\u0131labilirsiniz. Sa\u011fl\u0131k, cilt ve sa\u00e7 alan\u0131nda en y\u00fcksek teknoloji ve tekniklere sahip <a href=\"https:\/\/greenlifeclinics.com\/\">Green Life<\/a> zincir klinikleri ve merkezleri (\u0130ran&#8217;da 1. s\u0131rada zay\u0131flama ve g\u00fczellik). Ayr\u0131ca gen\u00e7le\u015fme ve g\u00fczellik alan\u0131nda size \u00e7ok yard\u0131mc\u0131 olabilirler. Daha fazla bilgi i\u00e7in 120 hatl\u0131 02134247 numaral\u0131 telefonu aray\u0131n\u0131z.<\/p><\/blockquote>\n<p dir=\"ltr\">\n","protected":false},"excerpt":{"rendered":"<p>Y\u00fcz bak\u0131m\u0131, sa\u011fl\u0131kl\u0131 ve parlak bir cilde sahip olmak i\u00e7in yayg\u0131n ve pop\u00fcler bir tedavi y\u00f6ntemidir. Bu tedavi y\u00f6ntemi 1 saat boyunca birka\u00e7 a\u015famada ger\u00e7ekle\u015ftirilir. Yani cilt ve sa\u00e7 g\u00fczellik klini\u011fine girdi\u011finiz andan itibaren \u00e7\u0131kt\u0131\u011f\u0131n\u0131z andan itibaren sadece 1 saat i\u00e7inde \u0131\u015f\u0131l \u0131\u015f\u0131l ve gen\u00e7 g\u00f6r\u00fcnen bir cilde kavu\u015fman\u0131z yeterli olacakt\u0131r. Y\u00fcz bak\u0131m\u0131, stres dolu [&hellip;]<\/p>\n","protected":false},"author":1,"featured_media":23399,"parent":0,"menu_order":0,"comment_status":"closed","ping_status":"closed","template":"","meta":{"_daim_seo_power":"","_daim_enable_ail":"","footnotes":""},"class_list":["post-12227","page","type-page","status-publish","has-post-thumbnail","hentry"],"_links":{"self":[{"href":"https:\/\/greenlifeclinics.com\/tr\/wp-json\/wp\/v2\/pages\/12227","targetHints":{"allow":["GET"]}}],"collection":[{"href":"https:\/\/greenlifeclinics.com\/tr\/wp-json\/wp\/v2\/pages"}],"about":[{"href":"https:\/\/greenlifeclinics.com\/tr\/wp-json\/wp\/v2\/types\/page"}],"author":[{"embeddable":true,"href":"https:\/\/greenlifeclinics.com\/tr\/wp-json\/wp\/v2\/users\/1"}],"replies":[{"embeddable":true,"href":"https:\/\/greenlifeclinics.com\/tr\/wp-json\/wp\/v2\/comments?post=12227"}],"version-history":[{"count":0,"href":"https:\/\/greenlifeclinics.com\/tr\/wp-json\/wp\/v2\/pages\/12227\/revisions"}],"wp:featuredmedia":[{"embeddable":true,"href":"https:\/\/greenlifeclinics.com\/tr\/wp-json\/wp\/v2\/media\/23399"}],"wp:attachment":[{"href":"https:\/\/greenlifeclinics.com\/tr\/wp-json\/wp\/v2\/media?parent=12227"}],"curies":[{"name":"wp","href":"https:\/\/api.w.org\/{rel}","templated":true}]}}