{"id":12225,"date":"2022-09-26T11:10:54","date_gmt":"2022-09-26T07:40:54","guid":{"rendered":"https:\/\/greenlifeclinics.com\/?page_id=12225"},"modified":"2023-07-12T13:23:47","modified_gmt":"2023-07-12T08:53:47","slug":"alt-oturum-nedir-ciban-icin-iyi-bir-cozum-mu","status":"publish","type":"page","link":"https:\/\/greenlifeclinics.com\/tr\/alt-oturum-nedir-ciban-icin-iyi-bir-cozum-mu\/","title":{"rendered":"?alt oturum nedir? \u00c7\u0131ban i\u00e7in iyi bir \u00e7\u00f6z\u00fcm m\u00fc"},"content":{"rendered":"<figure id=\"attachment_9981\" aria-describedby=\"caption-attachment-9981\" style=\"width: 800px\" class=\"wp-caption aligncenter\"><img fetchpriority=\"high\" decoding=\"async\" class=\"image-content wp-image-9981 size-full\" src=\"https:\/\/greenlifeclinics.com\/wp-content\/uploads\/2022\/09\/subsection.webp\" alt=\"\u0633\u0627\u0628\u0633\u06cc\u0698\u0646 \u0628\u0631\u0627\u06cc \u062c\u0627\u06cc \u062c\u0648\u0634\" width=\"800\" height=\"450\" srcset=\"https:\/\/greenlifeclinics.com\/wp-content\/uploads\/2022\/09\/subsection.webp 800w, https:\/\/greenlifeclinics.com\/wp-content\/uploads\/2022\/09\/subsection-300x169.webp 300w, https:\/\/greenlifeclinics.com\/wp-content\/uploads\/2022\/09\/subsection-768x432.webp 768w\" sizes=\"(max-width: 800px) 100vw, 800px\" \/><figcaption id=\"caption-attachment-9981\" class=\"wp-caption-text\">Kaynama alt b\u00f6l\u00fcm\u00fc<\/figcaption><\/figure>\n<p dir=\"ltr\">Y\u00fcz\u00fcm\u00fczde su \u00e7i\u00e7e\u011fi ya da bat\u0131k yaralar gibi sivilce ve di\u011fer cilt lezyonlar\u0131ndan kalan lekelerle ilgili \u015f\u00fcphesiz hepimizin sorunu vard\u0131r. Bu yaralar genellikle y\u00fcz\u00fcn yanak, \u00e7ene ve \u015fakak gibi b\u00f6lgelerinde olu\u015fur. Bu lekelerden nas\u0131l kurtulaca\u011f\u0131n\u0131z\u0131 biliyor musunuz?<\/p>\n<p dir=\"ltr\">Ne okuyacaks\u0131n&#8230;<\/p>\n<p dir=\"ltr\">Herhangi bir sivilce, yara veya yan\u0131ktan (skar denilen) kurtulman\u0131n en iyi yollar\u0131ndan biri subsizyondur. Kaynama yerine inme etkisi hakk\u0131nda daha fazla konu\u015fmak i\u00e7in Cute Mag&#8217;de bizimle kal\u0131n.<\/p>\n<h3 dir=\"ltr\" style=\"text-align: justify;\"><span style=\"color: #993366;\"> alt oturum nedir?<\/span><\/h3>\n<p dir=\"ltr\">Genellikle \u00e7\u0131ban lazer, mikro i\u011fneleme veya RF ile tedavi edilir; Subsizyon yap\u0131lana kadar kabul edilebilir sonu\u00e7 al\u0131nmasa da. Skarlar genellikle kolajeni deri alt\u0131 ya\u011fa veya ya\u011f katmanlar\u0131na d\u00f6n\u00fc\u015ft\u00fcr\u00fcr. Bu doku interdermal zar\u0131n kapanmas\u0131na neden olur ve atrofik skarlara (derin yaralar) yol a\u00e7ar.<\/p>\n<p dir=\"ltr\">Ger\u00e7ek \u015fu ki, RF ve lazer kollajenden ge\u00e7me e\u011filimindedir; Enerji ve \u0131s\u0131 ge\u00e7i\u015fi ile kollajen \u0131s\u0131n\u0131r ve b\u00fcz\u00fcl\u00fcr. Kronik yaralar\u0131n tedavisinde kollajen kas\u0131ld\u0131k\u00e7a atrofik yaralar\u0131n daha derin g\u00f6r\u00fcnme olas\u0131l\u0131\u011f\u0131 vard\u0131r.<\/p>\n<p dir=\"ltr\">Enerji veya \u0131s\u0131 kollajen dokuya n\u00fcfuz etti\u011finde, bir k\u0131sm\u0131 \u00e7evredeki ya\u011fa aktar\u0131labilir ve atrofiye yol a\u00e7abilir. Subsizyonda yaraya yap\u0131\u015f\u0131k kollajen doku ayr\u0131l\u0131r; Bu dokuyu keserek enerji dokunun daha derin katmanlar\u0131na ula\u015famaz ve sonu\u00e7 olarak ya\u011f atrofisine veya yaralar\u0131n derinle\u015fmesine neden olmaz.<\/p>\n<p dir=\"ltr\">Skarlar\u0131n ve cilt lezyonlar\u0131n\u0131n tedavisi i\u00e7in alt kesim terimi, ilk kez 1995 y\u0131l\u0131nda New York&#8217;ta iki dermatolog taraf\u0131ndan ortaya at\u0131lan kesisiz deri alt\u0131 cerrahi anlam\u0131na gelir.<\/p>\n<p dir=\"ltr\">Subsizyonda yaran\u0131n kal\u0131n dokusunu (cildin sarkmas\u0131na neden olan) k\u0131rmak i\u00e7in keskin bir alet kullan\u0131l\u0131r. Bu i\u011fne fibrotik \u015feritleri k\u0131rar ve alttaki cilt dokusuna ba\u011fl\u0131 yara izini serbest b\u0131rak\u0131r. \u0130stenilen b\u00f6lgelerde fibrotik liflerin sal\u0131nmas\u0131 ile kolajen \u00fcretimi ba\u015flar ve yaran\u0131n ve yerinin iyile\u015fmesine yol a\u00e7ar.<\/p>\n<p dir=\"ltr\">Tedavi y\u00f6nteminin se\u00e7imi yaran\u0131n tipine, \u015fiddetine ve yerine ba\u011fl\u0131d\u0131r. Subsizyon yayg\u0131n olarak derin, kapal\u0131 yaralar\u0131, sel\u00fclitleri, k\u0131r\u0131\u015f\u0131kl\u0131klar\u0131 ve derideki derin \u00e7atlaklar\u0131 tedavi etmek i\u00e7in kullan\u0131l\u0131r. \u00c7\u0131ban i\u00e7in subsizyon tedavisi, \u00e7\u00f6k\u00fck, cilde yap\u0131\u015f\u0131k yaralar\u0131 par\u00e7alayan bir mikrocerrahi i\u015flemdir.<\/p>\n<p dir=\"ltr\">Subsizyon, derin, kapal\u0131 yaralar\u0131, sel\u00fclitleri, k\u0131r\u0131\u015f\u0131kl\u0131klar\u0131 ve derin cilt \u00e7atlaklar\u0131n\u0131 tedavi etmek i\u00e7in kullan\u0131lan kesisiz deri alt\u0131 cerrahisidir.<\/p>\n<h3 dir=\"ltr\" style=\"text-align: justify;\"><span style=\"color: #993366;\"> Akneyi nas\u0131l tedavi eder?<\/span><\/h3>\n<p dir=\"ltr\">Bu y\u00f6ntemde, kayna\u011f\u0131n derin noktas\u0131 serbest b\u0131rak\u0131l\u0131r ve \u00f6zel bir i\u011fne kullan\u0131larak \u00e7\u0131kar\u0131l\u0131r; Bu i\u011fne derinin alt y\u00fczeyine yap\u0131\u015f\u0131k olan skar dokusunu k\u0131rar.<\/p>\n<p dir=\"ltr\">\u00c7\u0131ban tedavisi klinikte subsizyon y\u00f6ntemi ile yap\u0131l\u0131r ve hastanede yat\u0131\u015f gerektirmez. Subsizyonun yara b\u00f6lgesi \u00fczerindeki etkisi, fibroz kullan\u0131larak skar dokusunun mekanik olarak sal\u0131nmas\u0131ndan daha fazlad\u0131r. Asl\u0131nda bu y\u00f6ntemde \u00e7e\u015fitli i\u015flemler \u00e7\u0131ban\u0131n iyile\u015fmesine neden olur ve i\u011fnelerin mekanik hareketi ile yara dokusunun sal\u0131nmas\u0131 kan\u0131n deri alt\u0131na akmas\u0131n\u0131 sa\u011flar.<\/p>\n<p dir=\"ltr\">\u0130\u015flem s\u0131ras\u0131nda k\u0131r\u0131lan kan damarlar\u0131, tedavi edilen b\u00f6lgede kan birikmesine izin verir. Bu kan p\u0131ht\u0131lar\u0131 yaralar\u0131n k\u0131sa s\u00fcreli geri d\u00f6n\u00fc\u015f\u00fcn\u00fc engeller ve kademeli olarak kollajen rejenerasyonu ve yara iyile\u015fmesi i\u00e7in ko\u015fullar sa\u011flar.<\/p>\n<h3 dir=\"ltr\" style=\"text-align: justify;\"><span style=\"color: #993366;\"> Alt oturumun avantajlar\u0131<\/span><\/h3>\n<p dir=\"ltr\">\u0130z tedavisi i\u00e7in en \u00f6nemli ad\u0131m, izin t\u00fcr\u00fcn\u00fcn belirlenmesidir. Derin, s\u0131n\u0131rl\u0131 ve hatta gizli yaralar subsizyonla tedavi edilebilir. G\u00fcl\u00fcmsedi\u011finizde veya konu\u015ftu\u011funuzda yara izinin \u00e7\u00f6kt\u00fc\u011f\u00fcn\u00fc g\u00f6r\u00fcyorsan\u0131z bu, yaralar\u0131n\u0131z\u0131n kas katmanlar\u0131 ve SMAS katman\u0131 gibi altta yatan yap\u0131larla ba\u011flant\u0131l\u0131 oldu\u011fu anlam\u0131na gelir.<\/p>\n<p dir=\"ltr\">Lazer, derin mikro i\u011fneleme cihazlar\u0131yla bile kas katmanlar\u0131n\u0131n derinliklerine n\u00fcfuz edemez, bu m\u00fcmk\u00fcn de\u011fildir. Subsizyon, bu a\u011fr\u0131l\u0131 yaralardan kurtulman\u0131za yard\u0131mc\u0131 olacakt\u0131r. Subsesyonun faydalar\u0131 aras\u0131nda \u015funlar say\u0131labilir:<\/p>\n<ul dir=\"ltr\" style=\"text-align: justify;\">\n<li>Yaralar\u0131 iyile\u015ftirmenin basit ve g\u00fcvenli bir yoludur.<\/li>\n<li>Subsizyon, \u00e7\u0131banlar\u0131, su \u00e7i\u00e7e\u011fi izlerini ve yaralanma veya ameliyat\u0131n (do\u011fum ameliyat\u0131 gibi) neden oldu\u011fu yaralar\u0131 ve ayr\u0131ca derin k\u0131r\u0131\u015f\u0131kl\u0131klar\u0131 tedavi edebilir.<\/li>\n<li>Lazerden farkl\u0131 olarak cilt alt\u0131nda pigment birikimini ve iltihaplanmay\u0131 engeller. Ameliyattan hemen sonra g\u00f6zlenen k\u0131zar\u0131kl\u0131k ve \u015fi\u015flik 2 ila 3 g\u00fcn i\u00e7erisinde kaybolacakt\u0131r.<\/li>\n<li>Tedavinin sonu\u00e7lar\u0131 hemen g\u00f6r\u00fclebilmekte iken lazer tedavisinde haftalarca hatta aylarca sonu\u00e7 al\u0131namamaktad\u0131r.<\/li>\n<li>Subsizyonun bir di\u011fer avantaj\u0131 da hemen hemen her t\u00fcr yaray\u0131 tedavi etmesidir.<\/li>\n<li>K\u0131sa vadeli iyile\u015fme, subsizyonun bir ba\u015fka yarar\u0131d\u0131r. Ameliyat sonras\u0131 morarma yayg\u0131nd\u0131r ve iyile\u015fmenize ve cilt tipinize ba\u011fl\u0131 olarak 7 ila 10 g\u00fcn i\u00e7inde tamamen kaybolur.<\/li>\n<\/ul>\n<figure id=\"attachment_9982\" aria-describedby=\"caption-attachment-9982\" style=\"width: 800px\" class=\"wp-caption aligncenter\"><img decoding=\"async\" class=\"image-content wp-image-9982 size-full\" src=\"https:\/\/greenlifeclinics.com\/wp-content\/uploads\/2022\/09\/subsection-2.webp\" alt=\"\u0633\u0627\u0628\u0633\u06cc\u0698\u0646 \u0628\u0631\u0627\u06cc \u062c\u0627\u06cc \u062c\u0648\u0634\" width=\"800\" height=\"450\" srcset=\"https:\/\/greenlifeclinics.com\/wp-content\/uploads\/2022\/09\/subsection-2.webp 800w, https:\/\/greenlifeclinics.com\/wp-content\/uploads\/2022\/09\/subsection-2-300x169.webp 300w, https:\/\/greenlifeclinics.com\/wp-content\/uploads\/2022\/09\/subsection-2-768x432.webp 768w\" sizes=\"(max-width: 800px) 100vw, 800px\" \/><figcaption id=\"caption-attachment-9982\" class=\"wp-caption-text\">Kaynama alt b\u00f6l\u00fcm\u00fc<\/figcaption><\/figure>\n<h3 dir=\"ltr\" style=\"text-align: justify;\"><span style=\"color: #993366;\"> Subsizyonun Dezavantajlar\u0131<\/span><\/h3>\n<p dir=\"ltr\">Bu tedavinin sivilce \u00fczerindeki etkisi \u00e7ok etkileyici olsa da aktif cilt enfeksiyonu olan ki\u015filer i\u00e7in uygun olmayabilir.<\/p>\n<p dir=\"ltr\">Hipertrofik ve keloid yara gibi yara \u00f6yk\u00fcs\u00fc olan hastalar bu tedavi i\u00e7in uygun adaylar de\u011fildir. Ayr\u0131ca kan bozuklu\u011fu (p\u0131ht\u0131la\u015fma veya kanama) olan hastalar bu y\u00f6ntemi \u00e7\u0131banlar\u0131 gidermek i\u00e7in kullanamazlar \u00e7\u00fcnk\u00fc tedavi s\u0131ras\u0131nda kanama riski artar.<\/p>\n<p dir=\"ltr\">Ev yap\u0131m\u0131 mikrodermabrazyon, cildinizi canland\u0131r\u0131n<\/p>\n<p dir=\"ltr\" style=\"text-align: justify;\">Ayr\u0131ca son 1 y\u0131lda a\u011f\u0131zdan retinoid kulland\u0131ysan\u0131z yara iyile\u015fme riski \u00f6nemli \u00f6l\u00e7\u00fcde artt\u0131\u011f\u0131 i\u00e7in akne yerine subsizyon etkisinden fayda g\u00f6rmeyebilirsiniz. A\u015fa\u011f\u0131da, alt b\u00f6l\u00fcm\u00fcn baz\u0131 dezavantajlar\u0131n\u0131 inceleyece\u011fiz:<\/p>\n<ul dir=\"ltr\" style=\"text-align: justify;\">\n<li>Dokuda p\u0131ht\u0131la\u015fan kan\u0131n \u015fi\u015fmesine (s\u00f6zde hematom) neden olabilir.<\/li>\n<li>Tedavi edilen b\u00f6lgelerde a\u011fr\u0131 ve hassasiyet<\/li>\n<li>Genellikle \u00e7\u0131ban ve cerahatli d\u00f6k\u00fcnt\u00fc \u015feklinde ortaya \u00e7\u0131kan enfeksiyon, subsizyonun bir di\u011fer dezavantaj\u0131d\u0131r.<\/li>\n<li>Subsizyonun di\u011fer bir dezavantaj\u0131, inflamasyondan sonra pigmentlerin dokularda ge\u00e7ici olarak birikmesidir.<\/li>\n<li>\u015eiddetli vakalarda sinirlere veya kan damarlar\u0131na zarar vermek ve hipertrofik yaralar olu\u015fturmak m\u00fcmk\u00fcnd\u00fcr.<\/li>\n<\/ul>\n<figure id=\"attachment_9983\" aria-describedby=\"caption-attachment-9983\" style=\"width: 800px\" class=\"wp-caption aligncenter\"><img decoding=\"async\" class=\"image-content wp-image-9983 size-full\" src=\"https:\/\/greenlifeclinics.com\/wp-content\/uploads\/2022\/09\/subsection-3.webp\" alt=\"\u0633\u0627\u0628\u0633\u06cc\u0698\u0646 \u0628\u0631\u0627\u06cc \u062c\u0627\u06cc \u062c\u0648\u0634\" width=\"800\" height=\"450\" srcset=\"https:\/\/greenlifeclinics.com\/wp-content\/uploads\/2022\/09\/subsection-3.webp 800w, https:\/\/greenlifeclinics.com\/wp-content\/uploads\/2022\/09\/subsection-3-300x169.webp 300w, https:\/\/greenlifeclinics.com\/wp-content\/uploads\/2022\/09\/subsection-3-768x432.webp 768w\" sizes=\"(max-width: 800px) 100vw, 800px\" \/><figcaption id=\"caption-attachment-9983\" class=\"wp-caption-text\">Kaynama alt b\u00f6l\u00fcm\u00fc<\/figcaption><\/figure>\n<p dir=\"ltr\" style=\"text-align: justify;\">Subsizyon her t\u00fcr yaran\u0131n tedavisinde ba\u015far\u0131l\u0131 olmakla birlikte uygun tedavi y\u00f6nteminin se\u00e7iminde yaran\u0131n tipini, yaran\u0131n derinli\u011fini, cilt tipini ve yaran\u0131n ciltte kalma s\u00fcresini g\u00f6z \u00f6n\u00fcnde bulundurmak \u00f6nemlidir. Bu alanda herhangi bir deneyiminiz var m\u0131? Bizimle payla\u015f\u0131rsan\u0131z mutlu oluruz.<\/p>\n<h3 dir=\"ltr\" style=\"text-align: justify;\"><span style=\"color: #993366;\"> Abonelik \u00fccreti ne kadar?<\/span><\/h3>\n<p dir=\"ltr\" style=\"text-align: justify;\">Genel olarak, yara izlerini ve sivilceleri ortadan kald\u0131rmak i\u00e7in bu i\u015flemi ger\u00e7ekle\u015ftirmenin sabit bir maliyeti yoktur. Tedavi y\u00f6ntemi, seans say\u0131s\u0131, tedavi edilen b\u00f6lgenin geni\u015fli\u011fi vb. fakt\u00f6rlere ba\u011fl\u0131 oldu\u011fu i\u00e7in;<\/p>\n<h3 dir=\"ltr\" style=\"text-align: justify;\"><span style=\"color: #993366;\"> Subsizyon sonucu kal\u0131c\u0131 m\u0131d\u0131r?<\/span><\/h3>\n<p dir=\"ltr\">Derin yaralar\u0131n giderilmesinde dolgu ve botoks da kullan\u0131lmaktad\u0131r. Ancak bu y\u00f6ntemlerin hi\u00e7biri kal\u0131c\u0131 de\u011fildir. Subsizyon ile yara ve sivilceleri yok ederken kal\u0131c\u0131 bir tedavi y\u00f6ntemidir.<\/p>\n<blockquote dir=\"ltr\"><p>Sa\u011fl\u0131k, cilt ve sa\u00e7 alan\u0131nda en y\u00fcksek teknoloji ve tekniklere sahip <a href=\"https:\/\/greenlifeclinics.com\/\">Green Life<\/a> zincir klinikleri ve merkezleri (\u0130ran&#8217;da 1. s\u0131rada zay\u0131flama ve g\u00fczellik). Ayr\u0131ca gen\u00e7le\u015fme ve g\u00fczellik alan\u0131nda size \u00e7ok yard\u0131mc\u0131 olabilirler. Daha fazla bilgi i\u00e7in 120 hatl\u0131 02134247 numaral\u0131 telefonu aray\u0131n\u0131z.<\/p><\/blockquote>\n","protected":false},"excerpt":{"rendered":"<p>Y\u00fcz\u00fcm\u00fczde su \u00e7i\u00e7e\u011fi ya da bat\u0131k yaralar gibi sivilce ve di\u011fer cilt lezyonlar\u0131ndan kalan lekelerle ilgili \u015f\u00fcphesiz hepimizin sorunu vard\u0131r. Bu yaralar genellikle y\u00fcz\u00fcn yanak, \u00e7ene ve \u015fakak gibi b\u00f6lgelerinde olu\u015fur. Bu lekelerden nas\u0131l kurtulaca\u011f\u0131n\u0131z\u0131 biliyor musunuz? Ne okuyacaks\u0131n&#8230; Herhangi bir sivilce, yara veya yan\u0131ktan (skar denilen) kurtulman\u0131n en iyi yollar\u0131ndan biri subsizyondur. Kaynama yerine [&hellip;]<\/p>\n","protected":false},"author":1,"featured_media":13609,"parent":0,"menu_order":0,"comment_status":"open","ping_status":"closed","template":"","meta":{"_daim_seo_power":"","_daim_enable_ail":"","footnotes":""},"class_list":["post-12225","page","type-page","status-publish","has-post-thumbnail","hentry"],"_links":{"self":[{"href":"https:\/\/greenlifeclinics.com\/tr\/wp-json\/wp\/v2\/pages\/12225","targetHints":{"allow":["GET"]}}],"collection":[{"href":"https:\/\/greenlifeclinics.com\/tr\/wp-json\/wp\/v2\/pages"}],"about":[{"href":"https:\/\/greenlifeclinics.com\/tr\/wp-json\/wp\/v2\/types\/page"}],"author":[{"embeddable":true,"href":"https:\/\/greenlifeclinics.com\/tr\/wp-json\/wp\/v2\/users\/1"}],"replies":[{"embeddable":true,"href":"https:\/\/greenlifeclinics.com\/tr\/wp-json\/wp\/v2\/comments?post=12225"}],"version-history":[{"count":0,"href":"https:\/\/greenlifeclinics.com\/tr\/wp-json\/wp\/v2\/pages\/12225\/revisions"}],"wp:featuredmedia":[{"embeddable":true,"href":"https:\/\/greenlifeclinics.com\/tr\/wp-json\/wp\/v2\/media\/13609"}],"wp:attachment":[{"href":"https:\/\/greenlifeclinics.com\/tr\/wp-json\/wp\/v2\/media?parent=12225"}],"curies":[{"name":"wp","href":"https:\/\/api.w.org\/{rel}","templated":true}]}}