{"id":12223,"date":"2022-09-28T16:03:29","date_gmt":"2022-09-28T12:33:29","guid":{"rendered":"https:\/\/greenlifeclinics.com\/?page_id=12223"},"modified":"2023-07-12T13:17:34","modified_gmt":"2023-07-12T08:47:34","slug":"alt-oturum-nedir","status":"publish","type":"page","link":"https:\/\/greenlifeclinics.com\/tr\/alt-oturum-nedir\/","title":{"rendered":"?alt oturum nedir"},"content":{"rendered":"<p dir=\"ltr\">Subsizyon, cilt alt\u0131na yap\u0131lan kesi anlam\u0131na gelir, jilet kullan\u0131lmadan yap\u0131l\u0131r, bu cilt alt\u0131ndaki cilt problemlerini tedavi etmek i\u00e7in kullan\u0131lan yar\u0131 cerrahi ve invaziv bir tedavi y\u00f6ntemidir. Sivilce izleri, derin yaralar\u0131, sarkmalar\u0131, g\u00fclme ve ka\u015f \u00e7atma \u00e7izgileri, derin k\u0131r\u0131\u015f\u0131klar\u0131 ve \u015fiddetli sel\u00fcliti olan ki\u015filer i\u00e7in subsizyon en iyi \u00f6nerilen y\u00f6ntemdir. Cilt problemlerinin boyutuna g\u00f6re bu teknik lazer ya da mikroi\u011fneleme y\u00f6ntemleri ile kombine olarak kullan\u0131labilir.<\/p>\n<h3 dir=\"ltr\"><span style=\"color: #993366;\"> subsizyon nas\u0131l yap\u0131l\u0131r<\/span><\/h3>\n<p dir=\"ltr\">\u0130\u015f, cildi dezenfekte etmekle ba\u015flar. Baz\u0131 durumlarda anestezi cilt alt\u0131na enjekte edilirken baz\u0131 durumlarda sadece anestezik merhem kullan\u0131l\u0131r. Doktor, deli\u011fin olu\u015fturuldu\u011fu alanlar\u0131 i\u015faretlemek i\u00e7in cerrahi bir i\u015faretleyici kullan\u0131r ve bu alanlar\u0131n \u00e7evresine bir \u00e7izgi \u00e7izer.<\/p>\n<h3 dir=\"ltr\"><span style=\"color: #993366;\"> Bu tedavi kimler i\u00e7in uygundur?<\/span><\/h3>\n<ul dir=\"ltr\">\n<li>Derin sivilce ve sivilce yerine olan insanlar.<\/li>\n<li>Derin g\u00fclme hatlar\u0131 olan ki\u015filer.<\/li>\n<li>Belirgin k\u0131r\u0131\u015f\u0131kl\u0131klar\u0131 ve g\u00fcne\u015f hasar\u0131 olan ya\u015fl\u0131 insanlar<\/li>\n<li>Derin bat\u0131k yaralar\u0131 olan insanlar.<\/li>\n<\/ul>\n<h3 dir=\"ltr\"><span style=\"color: #993366;\"> tedavi s\u00fcresi<\/span><\/h3>\n<ul dir=\"ltr\">\n<li>Genel olarak subsizyon komplike bir tedavi y\u00f6ntemi de\u011fildir ve her seans fazla zaman gerektirmez. Tedaviden hemen sonra ki\u015fi taburcu edilir ve \u00f6nerilen bak\u0131mlar\u0131 uygulayarak g\u00fcnl\u00fck aktivitelerine devam edebilir.<\/li>\n<li>Tedaviyi tamamlamak ve daha iyi sonu\u00e7lar almak i\u00e7in ayda bir 4 ila 6 seans gerekir. Subsizyon kal\u0131c\u0131 ve kal\u0131c\u0131 bir tedavidir.<\/li>\n<\/ul>\n<h3 dir=\"ltr\"><span style=\"color: #993366;\"> Subsizyon ile kaynaman\u0131n d\u00fczeltilmesi<\/span><\/h3>\n<p dir=\"ltr\">Akne, su \u00e7i\u00e7e\u011fi ya da derin sivilcelerde altlar\u0131nda yap\u0131\u015f\u0131kl\u0131klar ve fibrozis bulunmas\u0131 nedeniyle derinin i\u00e7 dokusu i\u00e7eri \u00e7ekilir ve sertle\u015fir. Cilt alt\u0131ndaki bu sertle\u015fmi\u015f doku cildin yenilenmesini engeller ve cilt g\u00f6r\u00fcn\u00fcm\u00fc \u00e7\u00f6k\u00fck g\u00f6r\u00fcn\u00fcr. Subsizyon, cilde \u00e7ok ince i\u011fneler bat\u0131r\u0131larak bu sert ve yap\u0131\u015f\u0131k dokunun par\u00e7aland\u0131\u011f\u0131 ve cildin epidermis tabakas\u0131n\u0131 kolajen \u00fcretimi i\u00e7in uyararak derinin yenilenmesini ve \u00e7\u00f6k\u00fcnt\u00fclerin doldurulmas\u0131n\u0131 sa\u011flayan etkili bir y\u00f6ntemdir.<\/p>\n<h3 dir=\"ltr\"><b> Subsizyon y\u00f6ntemlerinin t\u00fcrleri ve farkl\u0131l\u0131klar\u0131:<\/b><\/h3>\n<h4 dir=\"ltr\"><span style=\"color: #993366;\"> i\u011fne kullan\u0131m\u0131<\/span><\/h4>\n<p dir=\"ltr\">Jilet gibi g\u00f6r\u00fcnen, k\u00fc\u00e7\u00fck ve y\u00fczeysel yara izleri i\u00e7in uygun olan nucor i\u011fnesi.<br \/>\nDoktor m\u0131zra\u011fa benzeyen bir nukur i\u011fnesi kullanarak ve bunu cilt alt\u0131ndaki dokulara sokup d\u00f6n\u00fc\u015f\u00fcml\u00fc olarak hareket ettirdikten sonra fibrotik dokular\u0131 ve yap\u0131\u015f\u0131kl\u0131klar\u0131 keser ve bazen kanama ve hematoma neden olur.<br \/>\nBu y\u00f6ntemle subsizyon, tedavinin amac\u0131 fibrotik bantlar\u0131 y\u0131rtmak olmas\u0131na ra\u011fmen, ciddi y\u00fcz morarmas\u0131, neocor i\u011fnesinin kendisinin sokulmas\u0131ndan kaynaklanan yeni \u00e7\u0131banlar\u0131n olu\u015fmas\u0131 gibi istenmeyen yan etkiler nedeniyle nispeten y\u00fcksektir. a\u011fr\u0131 ve bazen de \u00e7\u00f6k\u00fcnt\u00fc ve yap\u0131\u015f\u0131kl\u0131\u011f\u0131n \u015fiddetlenmesi ve diren\u00e7li leke ve koyuluk olu\u015fturmas\u0131 \u00e7ok pop\u00fcler ve yayg\u0131n de\u011fildir.<\/p>\n<h4 dir=\"ltr\"><span style=\"color: #993366;\"> kanola kullan\u0131m\u0131<\/span><\/h4>\n<p dir=\"ltr\">\u0130kinci alet ise keskin olmad\u0131\u011f\u0131 i\u00e7in daha g\u00fcvenilir olan ve derinin derinliklerine yerle\u015ftirilen ve deri alt\u0131ndaki damar ve sinirlere zarar vermeyen ve bunlar\u0131n yan\u0131ndan ge\u00e7en ve sonu\u00e7 olarak manevra yap\u0131labilen kan\u00fcld\u00fcr. derinin alt\u0131nda geni\u015f bir y\u00fczeyde verir ve morarma yapmaz.<\/p>\n<h3 dir=\"ltr\"><span style=\"color: #993366;\"> Nucor i\u011fne ve kan\u00fcl kullan\u0131m y\u00f6ntemlerinin kar\u015f\u0131la\u015ft\u0131r\u0131lmas\u0131<\/span><\/h3>\n<p dir=\"ltr\">Kan\u00fcl ile tedavi s\u00fcresi do\u011fal olarak Nukur&#8217;un t\u0131ra\u015f b\u0131\u00e7a\u011f\u0131ndan daha uzundur, \u00e7\u00fcnk\u00fc keskin de\u011fildir ve fibrotik dokuyu serbest b\u0131rakmak i\u00e7in daha fazla fiziksel g\u00fc\u00e7 gerektirir.<\/p>\n<h3 dir=\"ltr\"><span style=\"color: #993366;\"> Subsizyon komplikasyonlar\u0131<\/span><\/h3>\n<ul dir=\"ltr\">\n<li>Subsizyon etkili bir y\u00f6ntem olsa da her insan i\u00e7in uygun de\u011fildir. Kan p\u0131ht\u0131la\u015fmas\u0131 veya viral enfeksiyonlarla ilgili hastal\u0131klar\u0131 olanlar bu y\u00f6ntemden ka\u00e7\u0131nmal\u0131d\u0131r.<\/li>\n<li>Hedef b\u00f6lgede hipertrofik veya keloid skar varl\u0131\u011f\u0131 subsizyon ile tedavi edilmez.<\/li>\n<li>Bir\u00e7ok durumda fibrotik dokunun kesilmesi kanamaya neden olur. Ayr\u0131ca bu y\u00f6ntemde di\u011fer i\u015flemler gibi a\u011fr\u0131l\u0131 oldu\u011fu i\u00e7in cilt s\u00fcrekli uyu\u015fturulmal\u0131d\u0131r.<\/li>\n<li>Bu i\u015flemi yapman\u0131n yan etkilerinden ve risklerinden biri de istenilen b\u00f6lgede cilt renginin de\u011fi\u015fmesidir. Do\u011frudan g\u00fcne\u015f \u0131\u015f\u0131\u011f\u0131ndan ka\u00e7\u0131nmak ve re\u00e7eteli merhemleri kullanmak bu sorunu \u00f6nlemede \u00e7ok etkilidir.<\/li>\n<li>Subsizyon y\u00f6ntemi t\u00fcm cilt tipleri i\u00e7in uygundur ancak koyu ciltlerde subsizyon tedavisinden sonra hiperpigmentasyon olas\u0131l\u0131\u011f\u0131 vard\u0131r.<\/li>\n<\/ul>\n<h3 dir=\"ltr\"><span style=\"color: #993366;\"> Subsizyon komplikasyonlar\u0131n\u0131 \u00f6nleyin<\/span><\/h3>\n<ul dir=\"ltr\">\n<li>Yakla\u015f\u0131k birka\u00e7 y\u0131l \u00f6nce, subsizyon y\u00f6ntemlerinde iyi yan\u0131t veren reformlar oldu, ancak yine de her doktorun kendi ki\u015fisel deneyiminde \u00e7\u00f6zmeye \u00e7al\u0131\u015ft\u0131\u011f\u0131 komplikasyonlar ve sorunlar vard\u0131.<\/li>\n<li>A\u011fr\u0131 kesiciler genellikle re\u00e7ete edilen ila\u00e7lar listesine dahil edilir. \u0130la\u00e7lar\u0131 doktorunuzun \u00f6nerdi\u011fi \u015fekilde dikkatli bir \u015fekilde al\u0131n.<\/li>\n<\/ul>\n<h3 dir=\"ltr\"><span style=\"color: #993366;\"> Alt kesim sonras\u0131 bak\u0131m<\/span><\/h3>\n<p dir=\"ltr\">Tedaviden sonra morarmay\u0131 azaltmak i\u00e7in b\u00f6lgede bir buz torbas\u0131 bulundurdu\u011funuzdan emin olun. Ayr\u0131ca buz kompresleri a\u011fr\u0131y\u0131 azalt\u0131r. B\u00f6lgede kan birikmesi nedeniyle \u015fi\u015fme tamamen normaldir.<\/p>\n<h3 dir=\"ltr\"><span style=\"color: #993366;\"> Alt oturumun avantajlar\u0131<\/span><\/h3>\n<ul dir=\"ltr\">\n<li>M\u00fckemmel tedavi sonu\u00e7lar\u0131.<\/li>\n<li>T\u00fcm cilt tiplerinde kullan\u0131labilir.<\/li>\n<li>K\u0131sa iyile\u015fme s\u00fcresi.<\/li>\n<li>\u00a0Her mevsim yap\u0131labilir.<\/li>\n<li>Kimyasal peeling, fraksiyonel co2 lazer, fraksiyonel RF ve mikrodermabrazyonu tek seansta ayn\u0131 anda uygulama imkan\u0131.<\/li>\n<\/ul>\n<blockquote dir=\"ltr\"><p>Sa\u011fl\u0131k, cilt ve sa\u00e7 alan\u0131nda en y\u00fcksek teknoloji ve tekniklere sahip <a href=\"https:\/\/greenlifeclinics.com\/\">Green Life<\/a> zincir klinikleri ve merkezleri (\u0130ran&#8217;da 1. s\u0131rada zay\u0131flama ve g\u00fczellik). Ayr\u0131ca gen\u00e7le\u015fme ve g\u00fczellik alan\u0131nda size \u00e7ok yard\u0131mc\u0131 olabilirler. Daha fazla bilgi i\u00e7in 120 hatl\u0131 02134247 numaral\u0131 telefonu aray\u0131n\u0131z.<\/p><\/blockquote>\n","protected":false},"excerpt":{"rendered":"<p>Subsizyon, cilt alt\u0131na yap\u0131lan kesi anlam\u0131na gelir, jilet kullan\u0131lmadan yap\u0131l\u0131r, bu cilt alt\u0131ndaki cilt problemlerini tedavi etmek i\u00e7in kullan\u0131lan yar\u0131 cerrahi ve invaziv bir tedavi y\u00f6ntemidir. Sivilce izleri, derin yaralar\u0131, sarkmalar\u0131, g\u00fclme ve ka\u015f \u00e7atma \u00e7izgileri, derin k\u0131r\u0131\u015f\u0131klar\u0131 ve \u015fiddetli sel\u00fcliti olan ki\u015filer i\u00e7in subsizyon en iyi \u00f6nerilen y\u00f6ntemdir. Cilt problemlerinin boyutuna g\u00f6re bu teknik [&hellip;]<\/p>\n","protected":false},"author":1,"featured_media":0,"parent":0,"menu_order":0,"comment_status":"closed","ping_status":"closed","template":"","meta":{"_daim_seo_power":"","_daim_enable_ail":"","footnotes":""},"class_list":["post-12223","page","type-page","status-publish","hentry"],"_links":{"self":[{"href":"https:\/\/greenlifeclinics.com\/tr\/wp-json\/wp\/v2\/pages\/12223","targetHints":{"allow":["GET"]}}],"collection":[{"href":"https:\/\/greenlifeclinics.com\/tr\/wp-json\/wp\/v2\/pages"}],"about":[{"href":"https:\/\/greenlifeclinics.com\/tr\/wp-json\/wp\/v2\/types\/page"}],"author":[{"embeddable":true,"href":"https:\/\/greenlifeclinics.com\/tr\/wp-json\/wp\/v2\/users\/1"}],"replies":[{"embeddable":true,"href":"https:\/\/greenlifeclinics.com\/tr\/wp-json\/wp\/v2\/comments?post=12223"}],"version-history":[{"count":0,"href":"https:\/\/greenlifeclinics.com\/tr\/wp-json\/wp\/v2\/pages\/12223\/revisions"}],"wp:attachment":[{"href":"https:\/\/greenlifeclinics.com\/tr\/wp-json\/wp\/v2\/media?parent=12223"}],"curies":[{"name":"wp","href":"https:\/\/api.w.org\/{rel}","templated":true}]}}