{"id":12219,"date":"2022-11-16T10:14:28","date_gmt":"2022-11-16T06:44:28","guid":{"rendered":"https:\/\/greenlifeclinics.com\/?page_id=12219"},"modified":"2023-07-12T13:11:43","modified_gmt":"2023-07-12T08:41:43","slug":"yeni-zayiflama-yontemleri","status":"publish","type":"page","link":"https:\/\/greenlifeclinics.com\/tr\/yeni-zayiflama-yontemleri\/","title":{"rendered":"Yeni zay\u0131flama y\u00f6ntemleri"},"content":{"rendered":"<p>Green Life&#8217;ta yeni zay\u0131flama y\u00f6ntemleri<\/p>\n","protected":false},"excerpt":{"rendered":"<p>Green Life&#8217;ta yeni zay\u0131flama y\u00f6ntemleri<\/p>\n","protected":false},"author":1,"featured_media":21495,"parent":0,"menu_order":0,"comment_status":"closed","ping_status":"closed","template":"","meta":{"_daim_seo_power":"","_daim_enable_ail":"","footnotes":""},"class_list":["post-12219","page","type-page","status-publish","has-post-thumbnail","hentry"],"_links":{"self":[{"href":"https:\/\/greenlifeclinics.com\/tr\/wp-json\/wp\/v2\/pages\/12219","targetHints":{"allow":["GET"]}}],"collection":[{"href":"https:\/\/greenlifeclinics.com\/tr\/wp-json\/wp\/v2\/pages"}],"about":[{"href":"https:\/\/greenlifeclinics.com\/tr\/wp-json\/wp\/v2\/types\/page"}],"author":[{"embeddable":true,"href":"https:\/\/greenlifeclinics.com\/tr\/wp-json\/wp\/v2\/users\/1"}],"replies":[{"embeddable":true,"href":"https:\/\/greenlifeclinics.com\/tr\/wp-json\/wp\/v2\/comments?post=12219"}],"version-history":[{"count":0,"href":"https:\/\/greenlifeclinics.com\/tr\/wp-json\/wp\/v2\/pages\/12219\/revisions"}],"wp:featuredmedia":[{"embeddable":true,"href":"https:\/\/greenlifeclinics.com\/tr\/wp-json\/wp\/v2\/media\/21495"}],"wp:attachment":[{"href":"https:\/\/greenlifeclinics.com\/tr\/wp-json\/wp\/v2\/media?parent=12219"}],"curies":[{"name":"wp","href":"https:\/\/api.w.org\/{rel}","templated":true}]}}