{"id":12215,"date":"2024-03-25T15:46:32","date_gmt":"2024-03-25T12:16:32","guid":{"rendered":"https:\/\/greenlifeclinics.com\/?page_id=12215"},"modified":"2023-07-12T12:35:01","modified_gmt":"2023-07-12T08:05:01","slug":"vucut-heykeltirasi-ile-yagli-karaciger-cikarilmasi","status":"publish","type":"page","link":"https:\/\/greenlifeclinics.com\/tr\/vucut-heykeltirasi-ile-yagli-karaciger-cikarilmasi\/","title":{"rendered":"V\u00fccut heykelt\u0131ra\u015f\u0131 ile ya\u011fl\u0131 karaci\u011fer \u00e7\u0131kar\u0131lmas\u0131"},"content":{"rendered":"<figure id=\"attachment_10329\" aria-describedby=\"caption-attachment-10329\" style=\"width: 801px\" class=\"wp-caption aligncenter\"><img fetchpriority=\"high\" decoding=\"async\" class=\"image-content wp-image-10329 size-full\" src=\"https:\/\/greenlifeclinics.com\/wp-content\/uploads\/2022\/09\/Eliminate-fatty-liver-2.webp\" alt=\"\u0631\u0641\u0639 \u06a9\u0628\u062f \u0686\u0631\u0628 \u0628\u0627 \u0628\u0627\u062f\u06cc \u0627\u0633\u06a9\u0627\u0644\u067e\u062a\u0648\u0631\" width=\"801\" height=\"450\" srcset=\"https:\/\/greenlifeclinics.com\/wp-content\/uploads\/2022\/09\/Eliminate-fatty-liver-2.webp 801w, https:\/\/greenlifeclinics.com\/wp-content\/uploads\/2022\/09\/Eliminate-fatty-liver-2-300x169.webp 300w, https:\/\/greenlifeclinics.com\/wp-content\/uploads\/2022\/09\/Eliminate-fatty-liver-2-768x431.webp 768w\" sizes=\"(max-width: 801px) 100vw, 801px\" \/><figcaption id=\"caption-attachment-10329\" class=\"wp-caption-text\">V\u00fccut heykelt\u0131ra\u015f\u0131 ile ya\u011fl\u0131 karaci\u011fer \u00e7\u0131kar\u0131lmas\u0131<\/figcaption><\/figure>\n<p>D\u00fcnyada ya\u011fl\u0131 karaci\u011fer istatistikleri art\u0131yor. Ya\u011fl\u0131 karaci\u011fer, karaci\u011ferde ya\u011f birikti\u011finde ortaya \u00e7\u0131kar. Karaci\u011ferde az miktarda ya\u011f olmas\u0131 normaldir, ancak fazlas\u0131 sa\u011fl\u0131k sorununa d\u00f6n\u00fc\u015febilir. Karaci\u011fer v\u00fccuttaki en b\u00fcy\u00fck ikinci organd\u0131r. Besinlerin at\u0131k maddelerden s\u00fcz\u00fclmesi, detoksifikasyon, kimyasallar\u0131n ayr\u0131\u015ft\u0131r\u0131lmas\u0131 vb. karaci\u011ferin g\u00f6revleri aras\u0131ndad\u0131r.<br \/>\nKaraci\u011ferde \u00e7ok fazla ya\u011f karaci\u011ferde iltihaplanmaya neden olur, bu da karaci\u011ferinize zarar verebilir ve yara izine neden olabilir. \u015eiddetli vakalarda, bu \u00fclser karaci\u011fer yetmezli\u011fine yol a\u00e7abilir.<\/p>\n<h3><span style=\"color: #993366;\"> Ya\u011fl\u0131 karaci\u011fer nedenleri<\/span><\/h3>\n<ul>\n<li>\u015fi\u015fmanl\u0131k<\/li>\n<li>y\u00fcksek kan \u015fekeri<\/li>\n<li>\u0130ns\u00fclin direnci<\/li>\n<li>Kandaki y\u00fcksek ya\u011f seviyeleri, \u00f6zellikle trigliseritler<\/li>\n<li>Baz\u0131 ila\u00e7lar\u0131n yan etkileri<\/li>\n<li>Metabolik sendroma sahip olmak<\/li>\n<li>Uygunsuz besleme<\/li>\n<li>hareketsizlik<\/li>\n<\/ul>\n<h3><span style=\"color: #993366;\"> Ya\u011fl\u0131 karaci\u011fer tedavisi<\/span><\/h3>\n<ul>\n<li>Alkol almaktan ka\u00e7\u0131n\u0131n.<\/li>\n<li>\u00a0Kilo vermek i\u00e7in ad\u0131mlar at\u0131n.<\/li>\n<li>\u00a0Diyetinizi de\u011fi\u015ftirin.<\/li>\n<li>\u00a0 \u015ei\u015firilebilir v\u00fccut heykelt\u0131ra\u015f\u0131n\u0131 kullan\u0131n.\n<p>Doktor taraf\u0131ndan re\u00e7ete edilen ila\u00e7lara ek olarak, \u015fi\u015firilebilir v\u00fccut heykelt\u0131ra\u015fl\u0131\u011f\u0131n\u0131n karaci\u011fer ya\u011flanmas\u0131 tedavisinde \u00e7ok etkili olabilece\u011fini bilmekte fayda var.<\/li>\n<\/ul>\n<figure id=\"attachment_10330\" aria-describedby=\"caption-attachment-10330\" style=\"width: 801px\" class=\"wp-caption aligncenter\"><img decoding=\"async\" class=\"image-content wp-image-10330 size-full\" src=\"https:\/\/greenlifeclinics.com\/wp-content\/uploads\/2022\/09\/Eliminate-fatty-liver.webp\" alt=\"\u0631\u0641\u0639 \u06a9\u0628\u062f \u0686\u0631\u0628 \u0628\u0627 \u0628\u0627\u062f\u06cc \u0627\u0633\u06a9\u0627\u0644\u067e\u062a\u0648\u0631\" width=\"801\" height=\"450\" srcset=\"https:\/\/greenlifeclinics.com\/wp-content\/uploads\/2022\/09\/Eliminate-fatty-liver.webp 801w, https:\/\/greenlifeclinics.com\/wp-content\/uploads\/2022\/09\/Eliminate-fatty-liver-300x169.webp 300w, https:\/\/greenlifeclinics.com\/wp-content\/uploads\/2022\/09\/Eliminate-fatty-liver-768x431.webp 768w\" sizes=\"(max-width: 801px) 100vw, 801px\" \/><figcaption id=\"caption-attachment-10330\" class=\"wp-caption-text\">V\u00fccut heykelt\u0131ra\u015f\u0131 ile ya\u011fl\u0131 karaci\u011fer \u00e7\u0131kar\u0131lmas\u0131<\/figcaption><\/figure>\n<h3><span style=\"color: #993366;\"> \u015ei\u015firilebilir v\u00fccut \u015fekillendirme cihaz\u0131 i\u00e7in en iyi adaylar kimlerdir?<\/span><\/h3>\n<p>Fazla kiloluysan\u0131z ve zay\u0131flama s\u00fcrecini ba\u015flatmak i\u00e7in h\u0131zl\u0131 bir ba\u015flang\u0131\u00e7 \u200b\u200byapman\u0131z gerekiyorsa, Body Sculptor Slimming Machine&#8217;i mutlaka deneyin. Body Sculptor tehlikeli ya\u011flar\u0131n\u0131za k\u0131sa s\u00fcrede etki eder ve yok eder. \u015ei\u015firilebilir v\u00fccut heykelt\u0131ra\u015f\u0131 ile uzun zaman ve emek gerektiren i\u015fleri basitle\u015ftirin ve k\u0131salt\u0131n.<\/p>\n<p>V\u00fccudunuzdaki daha s\u0131k\u0131, daha uyumlu dokular\u0131n hepsinin kas oldu\u011funu ve v\u00fccut \u015feklinizin genetik olarak bu \u015fekilde oldu\u011funu d\u00fc\u015f\u00fcnebilirsiniz. \u0130\u00e7 organ ya\u011f dokusu kas gibi sertse ve v\u00fccudunuzda ne kadar kas veya ya\u011f da\u011f\u0131ld\u0131\u011f\u0131n\u0131 belirlemek kolay de\u011fildir. Body Sculptor zay\u0131flama makinesi bu t\u00fcr tehlikeli ya\u011flar\u0131 k\u0131rmak i\u00e7in yap\u0131lm\u0131\u015ft\u0131r.<\/p>\n<p>T\u00fcm insanlar, a\u015f\u0131r\u0131 kilolu g\u00f6r\u00fcnmeyenler bile, Body Sculptor&#8217;\u0131 i\u00e7 organlardaki ya\u011flar\u0131 gidermek ve karaci\u011fer ya\u011flanmas\u0131n\u0131 gidermek i\u00e7in kullanabilir.<\/p>\n<h3><span style=\"color: #993366;\"> \u015ei\u015firilebilir v\u00fccut heykelt\u0131ra\u015f\u0131 karaci\u011fer ya\u011flanmas\u0131n\u0131 nas\u0131l giderir?<\/span><\/h3>\n<p>\u015ei\u015firilebilir v\u00fccut \u015fekillendirici cihaz, uzun bir s\u00fcre boyunca olu\u015fan biyomanyetik dalgalar yoluyla i\u00e7 organlardaki ya\u011flanmay\u0131 azaltarak karaci\u011fer ya\u011flanmas\u0131n\u0131 ve zay\u0131flamay\u0131 da giderir. Bu cihaz, tek ba\u015f\u0131na ya\u011flar\u0131 yok edebilmesinin yan\u0131 s\u0131ra, v\u00fccudun t\u00fcm b\u00f6lgelerinde b\u00f6lgesel ya\u011f yakma hedefi olan sporcular i\u00e7in \u00e7ok iyi bir tamamlay\u0131c\u0131d\u0131r. \u00d6rne\u011fin i\u00e7 organlardaki ya\u011flar\u0131n al\u0131nmas\u0131yla garanti edilen bir ayl\u0131k s\u00fcrenin sonunda bel \u00e7evresi en az 7-8 santimetre azalacakt\u0131r.<\/p>\n<blockquote><p><a href=\"https:\/\/greenlifeclinics.com\/\"> Green Life<\/a> zincir klinikleri ve merkezleri (\u0130ran&#8217;da 1. derece zay\u0131flama) sa\u011fl\u0131k, g\u00fczellik ve zay\u0131flama alan\u0131nda en y\u00fcksek teknolojiye sahip orijinal yerel zay\u0131flama cihazlar\u0131na sahiptir. Ayr\u0131ca kilo verme ve g\u00fczellik alan\u0131nda size \u00e7ok yard\u0131mc\u0131 olabilirler. Daha fazla bilgi i\u00e7in 120 hatl\u0131 02134247 numaral\u0131 telefonu aray\u0131n\u0131z.<\/p><\/blockquote>\n","protected":false},"excerpt":{"rendered":"<p>D\u00fcnyada ya\u011fl\u0131 karaci\u011fer istatistikleri art\u0131yor. Ya\u011fl\u0131 karaci\u011fer, karaci\u011ferde ya\u011f birikti\u011finde ortaya \u00e7\u0131kar. Karaci\u011ferde az miktarda ya\u011f olmas\u0131 normaldir, ancak fazlas\u0131 sa\u011fl\u0131k sorununa d\u00f6n\u00fc\u015febilir. Karaci\u011fer v\u00fccuttaki en b\u00fcy\u00fck ikinci organd\u0131r. Besinlerin at\u0131k maddelerden s\u00fcz\u00fclmesi, detoksifikasyon, kimyasallar\u0131n ayr\u0131\u015ft\u0131r\u0131lmas\u0131 vb. karaci\u011ferin g\u00f6revleri aras\u0131ndad\u0131r. Karaci\u011ferde \u00e7ok fazla ya\u011f karaci\u011ferde iltihaplanmaya neden olur, bu da karaci\u011ferinize zarar verebilir ve yara [&hellip;]<\/p>\n","protected":false},"author":1,"featured_media":13693,"parent":0,"menu_order":0,"comment_status":"open","ping_status":"closed","template":"","meta":{"_daim_seo_power":"","_daim_enable_ail":"","footnotes":""},"class_list":["post-12215","page","type-page","status-publish","has-post-thumbnail","hentry"],"_links":{"self":[{"href":"https:\/\/greenlifeclinics.com\/tr\/wp-json\/wp\/v2\/pages\/12215","targetHints":{"allow":["GET"]}}],"collection":[{"href":"https:\/\/greenlifeclinics.com\/tr\/wp-json\/wp\/v2\/pages"}],"about":[{"href":"https:\/\/greenlifeclinics.com\/tr\/wp-json\/wp\/v2\/types\/page"}],"author":[{"embeddable":true,"href":"https:\/\/greenlifeclinics.com\/tr\/wp-json\/wp\/v2\/users\/1"}],"replies":[{"embeddable":true,"href":"https:\/\/greenlifeclinics.com\/tr\/wp-json\/wp\/v2\/comments?post=12215"}],"version-history":[{"count":0,"href":"https:\/\/greenlifeclinics.com\/tr\/wp-json\/wp\/v2\/pages\/12215\/revisions"}],"wp:featuredmedia":[{"embeddable":true,"href":"https:\/\/greenlifeclinics.com\/tr\/wp-json\/wp\/v2\/media\/13693"}],"wp:attachment":[{"href":"https:\/\/greenlifeclinics.com\/tr\/wp-json\/wp\/v2\/media?parent=12215"}],"curies":[{"name":"wp","href":"https:\/\/api.w.org\/{rel}","templated":true}]}}