{"id":12212,"date":"2022-09-28T15:13:23","date_gmt":"2022-09-28T11:43:23","guid":{"rendered":"https:\/\/greenlifeclinics.com\/?page_id=12212"},"modified":"2023-07-12T12:31:17","modified_gmt":"2023-07-12T08:01:17","slug":"gutun-ameliyatsiz-cikarilmasi","status":"publish","type":"page","link":"https:\/\/greenlifeclinics.com\/tr\/gutun-ameliyatsiz-cikarilmasi\/","title":{"rendered":"Gutun ameliyats\u0131z \u00e7\u0131kar\u0131lmas\u0131"},"content":{"rendered":"<figure id=\"attachment_10324\" aria-describedby=\"caption-attachment-10324\" style=\"width: 666px\" class=\"wp-caption aligncenter\"><img fetchpriority=\"high\" decoding=\"async\" class=\"image-content wp-image-10324 size-full\" src=\"https:\/\/greenlifeclinics.com\/wp-content\/uploads\/2022\/09\/chubby-face-2.webp\" alt=\"\u0631\u0641\u0639 \u063a\u0628\u063a\u0628 \u0628\u062f\u0648\u0646 \u062c\u0631\u0627\u062d\u06cc\" width=\"666\" height=\"337\" srcset=\"https:\/\/greenlifeclinics.com\/wp-content\/uploads\/2022\/09\/chubby-face-2.webp 666w, https:\/\/greenlifeclinics.com\/wp-content\/uploads\/2022\/09\/chubby-face-2-300x152.webp 300w\" sizes=\"(max-width: 666px) 100vw, 666px\" \/><figcaption id=\"caption-attachment-10324\" class=\"wp-caption-text\">Gutun ameliyats\u0131z \u00e7\u0131kar\u0131lmas\u0131<\/figcaption><\/figure>\n<p dir=\"ltr\">Ghabgab, \u00e7ene alt\u0131nda a\u015fa\u011f\u0131 do\u011fru sarkan bir t\u00fcr \u00e7\u0131k\u0131nt\u0131d\u0131r. Horlama g\u00f6r\u00fcn\u00fcm\u00fc, y\u00fcz ve boyun kaslar\u0131n\u0131n sarkmas\u0131na neden olan \u00e7e\u015fitli fakt\u00f6rlerden kaynaklan\u0131r. Ya\u015f\u0131n ilerlemesi ve v\u00fccudun metabolizmas\u0131n\u0131n yava\u015flamas\u0131 ile birlikte kemikler zay\u0131flar ve kaslar\u0131n hacmi de azal\u0131r ve bu s\u00fcre\u00e7 horlamaya neden olur. Di\u011fer durumlarda kilo al\u0131m\u0131 ve v\u00fccutta ya\u011f depolama s\u00fcreci ile birlikte kas\u0131k b\u00f6lgesinde de ya\u011f depolanmas\u0131 ger\u00e7ekle\u015fir. D\u00fc\u015fen \u00e7iller, y\u00fcz g\u00fczelli\u011fini azaltan etkenlerden biridir ve \u00e7illeri ameliyats\u0131z gidermek, \u00e7illerden kurtulman\u0131n en h\u0131zl\u0131 yolunu arayanlar veya farkl\u0131 y\u00f6ntemler arayanlar kadar, ameliyattan korkanlar i\u00e7in b\u00fcy\u00fck bir endi\u015fe haline gelmi\u015ftir. Onlar da ev yap\u0131m\u0131. Neyse ki teknolojinin ilerlemesi ile birlikte mezoterapi ya da lazerle ben ald\u0131rma y\u00f6ntemleri ile ameliyats\u0131z olarak benlerden kurtulmak m\u00fcmk\u00fcnd\u00fcr. Sivilcelerden kurtulmak i\u00e7in en iyi tedaviyi almak i\u00e7in kolayca bir dermatolo\u011fa dan\u0131\u015fabilirsiniz.<\/p>\n<p dir=\"ltr\"><b> Gabgab&#8217;\u0131n ortaya \u00e7\u0131k\u0131\u015f sebebi nedir?<\/b><\/p>\n<ul dir=\"ltr\">\n<li>Genetik ve kal\u0131tsal fakt\u00f6rler<\/li>\n<li>V\u00fccut anatomisi ve iskelet yap\u0131s\u0131<\/li>\n<li>V\u00fccut kas zay\u0131fl\u0131\u011f\u0131<\/li>\n<li>Boyun kas zay\u0131fl\u0131\u011f\u0131<\/li>\n<li>artan ya\u015f<\/li>\n<li>\u015fi\u015fmanl\u0131k<\/li>\n<li>hipotiroidizm<\/li>\n<li>V\u00fccutta mineral, protein ve vitamin eksikli\u011fi<\/li>\n<li>Hastal\u0131k<\/li>\n<\/ul>\n<figure id=\"attachment_10325\" aria-describedby=\"caption-attachment-10325\" style=\"width: 666px\" class=\"wp-caption aligncenter\"><img decoding=\"async\" class=\"image-content wp-image-10325 size-full\" src=\"https:\/\/greenlifeclinics.com\/wp-content\/uploads\/2022\/09\/chubby-face.webp\" alt=\"\u0631\u0641\u0639 \u063a\u0628\u063a\u0628 \u0628\u062f\u0648\u0646 \u062c\u0631\u0627\u062d\u06cc\" width=\"666\" height=\"342\" srcset=\"https:\/\/greenlifeclinics.com\/wp-content\/uploads\/2022\/09\/chubby-face.webp 666w, https:\/\/greenlifeclinics.com\/wp-content\/uploads\/2022\/09\/chubby-face-300x154.webp 300w\" sizes=\"(max-width: 666px) 100vw, 666px\" \/><figcaption id=\"caption-attachment-10325\" class=\"wp-caption-text\">Gutun ameliyats\u0131z \u00e7\u0131kar\u0131lmas\u0131<\/figcaption><\/figure>\n<p dir=\"ltr\"><b> Gut kald\u0131rmak i\u00e7in cerrahi olmayan y\u00f6ntemler<\/b><\/p>\n<p dir=\"ltr\">Ameliyats\u0131z k\u0131r\u0131\u015f\u0131kl\u0131klar\u0131n giderilmesi i\u00e7in gen\u00e7le\u015ftirme cihazlar\u0131 ve lazerler kullan\u0131lmaktad\u0131r.<\/p>\n<ul dir=\"ltr\">\n<li><strong>fraksiyonel lazerler<\/strong>\n<p>Bu y\u00f6ntem cilt k\u0131r\u0131\u015f\u0131kl\u0131klar\u0131n\u0131n giderilmesi ve sivilcelerin giderilmesi tedavisinde kullan\u0131lmaktad\u0131r. Dermatolog, ya\u011f h\u00fccrelerini yok eden ve yok eden ince i\u011fneler arac\u0131l\u0131\u011f\u0131yla cilt dokusuna \u0131s\u0131 aktar\u0131r, bu i\u011fneler arac\u0131l\u0131\u011f\u0131yla ciltte kollajen \u00fcretimi de uyar\u0131l\u0131r.<\/li>\n<\/ul>\n<ul dir=\"ltr\">\n<li><strong>Sivilceleri ameliyats\u0131z gidermek i\u00e7in mezoterapi<\/strong>\n<p>\u015ei\u015fliklerin giderilmesi i\u00e7in mezoterapi y\u00f6nteminde ila\u00e7 enjeksiyonu sonucunda ya\u011f duvarlar\u0131 ve biriken ya\u011flar yok edilir. Mezoterapi sivilcelerden kurtulmak i\u00e7in neredeyse a\u011fr\u0131s\u0131zd\u0131r ancak anestezik kremler de kullan\u0131lmaktad\u0131r.<\/li>\n<\/ul>\n<p dir=\"ltr\"><em>\u00a0<\/em><\/p>\n<ul dir=\"ltr\">\n<li><strong>Endolift ameliyats\u0131z kamburlu\u011fu gideriyor<\/strong>\n<p>Anestezi gerektirmeyen bir \u00e7e\u015fit lazer \u00e7\u0131karma y\u00f6ntemidir. endolift Ghaghab&#8217;da lazer \u0131\u015f\u0131nlar\u0131 cilt dokusunun derinliklerine n\u00fcfuz ederek ya\u011f dokusunu par\u00e7alar. Lazerin neden oldu\u011fu \u0131s\u0131, kollajen h\u00fccrelerini uyar\u0131r ve cildi elastik hale getirir.<\/li>\n<\/ul>\n<ul dir=\"ltr\">\n<li><strong>RF<\/strong>\n<p>Si\u011fillerin ameliyats\u0131z olarak yok edildi\u011fi bu y\u00f6ntemde termal \u00f6zelli\u011fi olan lazerler cilt dokusuna n\u00fcfuz eder. RF y\u00f6nteminde hedef b\u00f6lgeye s\u0131n\u0131rl\u0131 ve k\u00fc\u00e7\u00fck noktalarla enerji enjekte edilir, ancak \u00e7evre doku sa\u011fl\u0131kl\u0131d\u0131r, bu da sonraki ad\u0131mlarda lazerli alan\u0131n yeniden yap\u0131land\u0131r\u0131lmas\u0131 i\u00e7in temel kabul edilir. Bu y\u00f6ntemin etkinli\u011fi s\u0131n\u0131rl\u0131d\u0131r ve daha fazla seansla takviye olarak yap\u0131l\u0131r.<\/li>\n<\/ul>\n<ul dir=\"ltr\">\n<li><strong>Horlamay\u0131 ameliyats\u0131z gidermek i\u00e7in hipoterapi<\/strong>\n<p>Ameliyats\u0131z ya\u011f ald\u0131rman\u0131n en etkili y\u00f6ntemlerinden biri olan HIFU y\u00f6nteminde \u0131\u015f\u0131nlar derinin derinliklerine n\u00fcfuz ederek ya\u011f tabakalar\u0131n\u0131 yok eder. Ya\u011f dokusu bu \u0131\u015f\u0131nlarla gev\u015fer ve bir s\u00fcre\u00e7 i\u00e7erisinde s\u0131k\u0131 ve b\u00fcz\u00fclm\u00fc\u015f bir tabaka haline gelir. Hipoterapi y\u00f6nteminde sivilcelerin giderilmesinin yan\u0131 s\u0131ra kollajen \u00fcreten h\u00fccrelerin de \u00e7al\u0131\u015fmas\u0131 uyar\u0131l\u0131r.<\/li>\n<li><b> ultrason<br \/>\n<\/b><\/li>\n<li><b>so\u011fuk lipoliz<\/b><\/li>\n<\/ul>\n<p dir=\"ltr\">Bu y\u00f6ntemde so\u011fuk terapi y\u00f6ntemi ile hedef b\u00f6lgedeki ya\u011flar al\u0131n\u0131r. Bu y\u00f6ntemde ya\u011f h\u00fccreleri donma kristallerine neden olur ve h\u00fccre \u00f6l\u00fcm\u00fc ger\u00e7ekle\u015fir. H\u00fccrelerin yok edilmesinden sonra \u015fi\u015flik kaybolur.<\/p>\n<p dir=\"ltr\"><strong>Gut hastal\u0131\u011f\u0131n\u0131 ameliyats\u0131z \u00e7\u0131karman\u0131n faydalar\u0131<\/strong><\/p>\n<ul dir=\"ltr\">\n<li>K\u0131r\u0131\u015f\u0131kl\u0131klar\u0131 ve boyun derisini giderme<\/li>\n<li>Gev\u015fek \u00e7ene hatt\u0131n\u0131n g\u00fcc\u00fcn\u00fc artt\u0131rmak<\/li>\n<li>Sark\u0131k g\u00f6\u011f\u00fcslerden kurtulmak<\/li>\n<li>\u00c7ene ve \u00e7ene alt\u0131ndaki derinin gerilmesi<\/li>\n<\/ul>\n<p dir=\"ltr\"><strong>Ameliyats\u0131z bir bunyonu \u00e7\u0131karman\u0131n maliyeti<\/strong><\/p>\n<p dir=\"ltr\">Sivilce giderme ve ameliyats\u0131z sivilce giderme tedavilerinin maliyeti, bahsedilen cihazlar\u0131n hi\u00e7biriyle ayn\u0131 de\u011fildir, ayr\u0131ca sivilce giderme maliyeti de tedavi seans say\u0131s\u0131na ve dermatolo\u011fa ba\u011fl\u0131d\u0131r.<\/p>\n<blockquote dir=\"ltr\"><p><a href=\"https:\/\/greenlifeclinics.com\/\">Green Life<\/a> zincir klinikleri ve merkezleri (\u0130ran&#8217;da 1. derece zay\u0131flama) sa\u011fl\u0131k, g\u00fczellik ve zay\u0131flama alan\u0131nda en y\u00fcksek teknolojiye sahip orijinal yerel zay\u0131flama cihazlar\u0131na sahiptir. Ayr\u0131ca kilo verme ve g\u00fczellik alan\u0131nda size \u00e7ok yard\u0131mc\u0131 olabilirler. Daha fazla bilgi i\u00e7in 120 hatl\u0131 02134247 numaral\u0131 telefonu aray\u0131n\u0131z.<\/p><\/blockquote>\n<p dir=\"ltr\">\n","protected":false},"excerpt":{"rendered":"<p>Ghabgab, \u00e7ene alt\u0131nda a\u015fa\u011f\u0131 do\u011fru sarkan bir t\u00fcr \u00e7\u0131k\u0131nt\u0131d\u0131r. Horlama g\u00f6r\u00fcn\u00fcm\u00fc, y\u00fcz ve boyun kaslar\u0131n\u0131n sarkmas\u0131na neden olan \u00e7e\u015fitli fakt\u00f6rlerden kaynaklan\u0131r. Ya\u015f\u0131n ilerlemesi ve v\u00fccudun metabolizmas\u0131n\u0131n yava\u015flamas\u0131 ile birlikte kemikler zay\u0131flar ve kaslar\u0131n hacmi de azal\u0131r ve bu s\u00fcre\u00e7 horlamaya neden olur. Di\u011fer durumlarda kilo al\u0131m\u0131 ve v\u00fccutta ya\u011f depolama s\u00fcreci ile birlikte kas\u0131k b\u00f6lgesinde [&hellip;]<\/p>\n","protected":false},"author":1,"featured_media":0,"parent":0,"menu_order":0,"comment_status":"open","ping_status":"closed","template":"","meta":{"_daim_seo_power":"","_daim_enable_ail":"","footnotes":""},"class_list":["post-12212","page","type-page","status-publish","hentry"],"_links":{"self":[{"href":"https:\/\/greenlifeclinics.com\/tr\/wp-json\/wp\/v2\/pages\/12212","targetHints":{"allow":["GET"]}}],"collection":[{"href":"https:\/\/greenlifeclinics.com\/tr\/wp-json\/wp\/v2\/pages"}],"about":[{"href":"https:\/\/greenlifeclinics.com\/tr\/wp-json\/wp\/v2\/types\/page"}],"author":[{"embeddable":true,"href":"https:\/\/greenlifeclinics.com\/tr\/wp-json\/wp\/v2\/users\/1"}],"replies":[{"embeddable":true,"href":"https:\/\/greenlifeclinics.com\/tr\/wp-json\/wp\/v2\/comments?post=12212"}],"version-history":[{"count":0,"href":"https:\/\/greenlifeclinics.com\/tr\/wp-json\/wp\/v2\/pages\/12212\/revisions"}],"wp:attachment":[{"href":"https:\/\/greenlifeclinics.com\/tr\/wp-json\/wp\/v2\/media?parent=12212"}],"curies":[{"name":"wp","href":"https:\/\/api.w.org\/{rel}","templated":true}]}}