{"id":12204,"date":"2022-09-29T13:16:40","date_gmt":"2022-09-29T09:46:40","guid":{"rendered":"https:\/\/greenlifeclinics.com\/?page_id=12204"},"modified":"2023-07-12T11:17:33","modified_gmt":"2023-07-12T06:47:33","slug":"vucut-teshis-analiz-cihazi","status":"publish","type":"page","link":"https:\/\/greenlifeclinics.com\/tr\/vucut-teshis-analiz-cihazi\/","title":{"rendered":"V\u00fccut te\u015fhis analiz cihaz\u0131"},"content":{"rendered":"<figure id=\"attachment_10507\" aria-describedby=\"caption-attachment-10507\" style=\"width: 450px\" class=\"wp-caption aligncenter\"><img fetchpriority=\"high\" decoding=\"async\" class=\"image-content wp-image-10507 size-full\" src=\"https:\/\/greenlifeclinics.com\/wp-content\/uploads\/2022\/09\/in-body-1.webp\" alt=\"\u062f\u0633\u062a\u06af\u0627\u0647 \u0622\u0646\u0627\u0644\u06cc\u0632 \u062a\u0634\u062e\u06cc\u0635\u06cc \u0628\u062f\u0646\" width=\"450\" height=\"450\" srcset=\"https:\/\/greenlifeclinics.com\/wp-content\/uploads\/2022\/09\/in-body-1.webp 450w, https:\/\/greenlifeclinics.com\/wp-content\/uploads\/2022\/09\/in-body-1-300x300.webp 300w, https:\/\/greenlifeclinics.com\/wp-content\/uploads\/2022\/09\/in-body-1-150x150.webp 150w\" sizes=\"(max-width: 450px) 100vw, 450px\" \/><figcaption id=\"caption-attachment-10507\" class=\"wp-caption-text\">V\u00fccut te\u015fhis analiz cihaz\u0131<\/figcaption><\/figure>\n<p dir=\"ltr\">Inbody&#8217;nin \u00f6zel teknolojisi, analiz sonu\u00e7lar\u0131n\u0131 art\u0131k ampirik tahminlere ba\u011fl\u0131 olmaktan \u00e7\u0131kard\u0131. Cinsiyet ve ya\u015f gibi parametreler \u00f6l\u00e7\u00fcm sonu\u00e7lar\u0131n\u0131 etkilemez ve analiz do\u011frudan elektriksel empedans \u00f6l\u00e7\u00fclerek yap\u0131l\u0131r.<\/p>\n<h3 dir=\"ltr\" style=\"text-align: justify;\"><span style=\"color: #993366;\"> Inbody, v\u00fccudun b\u00f6l\u00fcmlerinin do\u011frudan analizi<\/span><\/h3>\n<p dir=\"ltr\" style=\"text-align: justify;\">Eller, ayaklar ve g\u00f6vde gibi her bir ayr\u0131 par\u00e7a i\u00e7in empedans\u0131 \u00f6l\u00e7en Inbody&#8217;nin patentli ve \u00f6zel teknolojisi, \u00f6l\u00e7\u00fcm\u00fc tamamen do\u011fru yapar.<\/p>\n<h3 dir=\"ltr\" style=\"text-align: justify;\"><span style=\"color: #993366;\"> V\u00fccut i\u00e7i r\u00fczgar analiz cihaz\u0131nda birka\u00e7 farkl\u0131 frekansla \u00f6l\u00e7\u00fcm<\/span><\/h3>\n<p dir=\"ltr\" style=\"text-align: justify;\">V\u00fccut i\u00e7i cihaz, h\u00fccre i\u00e7i suyu (ICW) ve h\u00fccre d\u0131\u015f\u0131 suyu (ECW) ayr\u0131 ayr\u0131 \u00f6l\u00e7mek i\u00e7in 1 kHz&#8217;den 1 MHz&#8217;e kadar birka\u00e7 farkl\u0131 frekans kullan\u0131r ve bu nedenle dengesiz su da\u011f\u0131l\u0131m\u0131na sahip ki\u015filerin su ve v\u00fccut kompozisyonunu analiz etmek i\u00e7in kullan\u0131\u015fl\u0131d\u0131r.<\/p>\n<h3 dir=\"ltr\" style=\"text-align: justify;\"><span style=\"color: #993366;\"> \u00d6zel sekiz nokta temasl\u0131 d\u00f6rt kutuplu elektrot sistemi<\/span><\/h3>\n<p dir=\"ltr\" style=\"text-align: justify;\">Sekiz temas noktas\u0131na sahip d\u00f6rt kutuplu elektrot teknolojisi ve ayr\u0131ca ba\u015f parmaktan voltaj \u00f6l\u00e7me teknolojisi (Ba\u015fparmak Elektrodu) empedans \u00f6l\u00e7\u00fcm\u00fcn\u00fcn do\u011frulu\u011funu b\u00fcy\u00fck \u00f6l\u00e7\u00fcde art\u0131r\u0131r.<\/p>\n<h3 dir=\"ltr\" style=\"text-align: justify;\"><span style=\"color: #993366;\"> V\u00fccut analizi i\u00e7in ampirik tahminler kullanmamak<\/span><\/h3>\n<p dir=\"ltr\" style=\"text-align: justify;\">Inbody&#8217;nin \u00f6zel teknolojisi, v\u00fccut analizi sonu\u00e7lar\u0131n\u0131n art\u0131k ampirik tahminlere dayanmamas\u0131na neden oldu. Cinsiyet ve ya\u015f gibi parametreler \u00f6l\u00e7\u00fcm sonu\u00e7lar\u0131n\u0131 etkilemez ve v\u00fccut analizi do\u011frudan elektriksel empedans \u00f6l\u00e7\u00fclerek yap\u0131l\u0131r.<\/p>\n<p dir=\"ltr\">\n<h3 dir=\"ltr\" style=\"text-align: justify;\"><span style=\"color: #993366;\"> V\u00fccut analiz\u00f6r\u00fc veya v\u00fccut kompozisyonu analiz\u00f6r\u00fc nedir?<\/span><\/h3>\n<p dir=\"ltr\" style=\"text-align: justify;\">Bir v\u00fccut analiz\u00f6r\u00fc, bir ki\u015finin kilosunu ve v\u00fccut kompozisyonunu \u00f6l\u00e7mek i\u00e7in kullanabilece\u011fi bir cihazd\u0131r. &#8220;V\u00fccut bile\u015fimi&#8221; terimi, v\u00fccuttaki ya\u011f, kas ve suyun nispi y\u00fczdesini ve ihtiya\u00e7 duyulan vitamin ve mineral miktar\u0131n\u0131 ifade eder. V\u00fccudu ne kadar ya\u011f ve kas olu\u015fturdu\u011funu anlamak, sa\u011fl\u0131klar\u0131n\u0131 izlemek isteyen ki\u015filer veya v\u00fccut kondisyonlar\u0131n\u0131 ve ilerlemelerini izlemek isteyen sporcular i\u00e7in \u00f6nemli bir ara\u00e7 olabilir.<\/p>\n<p dir=\"ltr\">Burada, farkl\u0131 v\u00fccut analiz cihazlar\u0131n\u0131n nas\u0131l \u00e7al\u0131\u015ft\u0131\u011f\u0131 ve bir ki\u015finin v\u00fccut ya\u011f y\u00fczdesinin do\u011fru bir tahminini sa\u011flay\u0131p sa\u011flamad\u0131klar\u0131 hakk\u0131nda bilgi veriyoruz. V\u00fccut tiplerindeki farkl\u0131l\u0131klar\u0131 da inceliyoruz.<br \/>\n\u0130nsanlar\u0131n v\u00fccut ya\u011f\u0131n\u0131 \u00f6l\u00e7mek, cihaz\u0131n kalitesi ve ne kadar su i\u00e7ti\u011finiz gibi bir\u00e7ok fakt\u00f6re ba\u011fl\u0131 olabilir.<\/p>\n<p dir=\"ltr\">A\u015fa\u011f\u0131da v\u00fccut analiz cihaz\u0131 model \u00e7e\u015fitlerini inceleyip \u00e7al\u0131\u015fma y\u00f6ntemlerini ve kalite farkl\u0131l\u0131klar\u0131n\u0131 inceleyece\u011fiz ve v\u00fccut tipi model \u00e7e\u015fitleri ve v\u00fccut i\u00e7i sonu\u00e7 tablolar\u0131 ile v\u00fccut i\u00e7i analiz\u00f6r \u00e7e\u015fitlerini tan\u0131taca\u011f\u0131z.<\/p>\n<p dir=\"ltr\">\n<p><img decoding=\"async\" class=\"image-content wp-image-10508 size-full\" src=\"https:\/\/greenlifeclinics.com\/wp-content\/uploads\/2022\/09\/in-body-2.webp\" alt=\"\u062f\u0633\u062a\u06af\u0627\u0647 \u0622\u0646\u0627\u0644\u06cc\u0632 \u062a\u0634\u062e\u06cc\u0635\u06cc \u0628\u062f\u0646\" width=\"450\" height=\"450\" srcset=\"https:\/\/greenlifeclinics.com\/wp-content\/uploads\/2022\/09\/in-body-2.webp 450w, https:\/\/greenlifeclinics.com\/wp-content\/uploads\/2022\/09\/in-body-2-300x300.webp 300w, https:\/\/greenlifeclinics.com\/wp-content\/uploads\/2022\/09\/in-body-2-150x150.webp 150w\" sizes=\"(max-width: 450px) 100vw, 450px\" \/><\/p>\n<h3 dir=\"ltr\" style=\"text-align: justify;\"><span style=\"color: #993366;\"> V\u00fccut analiz cihaz\u0131 nas\u0131l \u00e7al\u0131\u015f\u0131r?<\/span><\/h3>\n<p dir=\"ltr\" style=\"text-align: justify;\">V\u00fccut analizi, v\u00fccuttaki farkl\u0131 doku ve maddelerin g\u00f6reli y\u00fczdesini tahmin etmek i\u00e7in biyoelektrik empedans analizini (BIA) kullan\u0131r.Genel olarak, geleneksel y\u00f6ntemlerle v\u00fccuttaki ya\u011f ve su miktar\u0131n\u0131 \u00f6l\u00e7emeyece\u011fiz. BIA, cihaz \u00fczerindeki elektrotlar arac\u0131l\u0131\u011f\u0131yla v\u00fccuda zay\u0131f bir elektriksel d\u00fcrt\u00fc g\u00f6nderir. Darbeler, farkl\u0131 doku ve malzemelerin direnci nedeniyle farkl\u0131 frekanslarda \u00e7arp\u0131\u015f\u0131r.<br \/>\nDaha sonra ya\u015f, boy, cinsiyet, genetik, hastal\u0131k, v\u00fccut tipi ve di\u011fer bir\u00e7ok fakt\u00f6rle ilgili bilgiler i\u00e7eren karma\u015f\u0131k matematiksel form\u00fcller kullan\u0131larak bu frekanslar\u0131n sonucu v\u00fccut analizinin \u00e7\u0131kt\u0131s\u0131n\u0131 i\u00e7erir. Inbody Body Analyzer, t\u00fcm Inbody \u00fcr\u00fcnlerinde oldu\u011fu gibi bu bilgileri ak\u0131ll\u0131 telefon veya ak\u0131ll\u0131 saat \u00fczerinden anl\u0131k olarak izleyebilir ve takip edebilir. V\u00fccut analiz cihaz\u0131n\u0131 kullanman\u0131n uygun fiyat\u0131 ve kalite seviyesi nedeniyle, bu cihaz\u0131n kullan\u0131m\u0131, v\u00fccutlar\u0131n\u0131n sa\u011fl\u0131k durumundan emin olmak i\u00e7in t\u00fcm insanlara periyodik olarak \u00f6nerilecektir. Bu cihaz ile bir uzman taraf\u0131ndan v\u00fccudun sonu\u00e7lar\u0131n\u0131 yorumlay\u0131p spor ve beslenme yolunu belirlemek de m\u00fcmk\u00fcnd\u00fcr.<\/p>\n<p dir=\"ltr\">\n<h3 dir=\"ltr\" style=\"text-align: justify;\"><span style=\"color: #993366;\"> V\u00fccut analiz cihaz\u0131n\u0131 kullanman\u0131n ko\u015fullar\u0131 nelerdir?<\/span><\/h3>\n<p dir=\"ltr\" style=\"text-align: justify;\"><b> V\u00fccut kompozisyonu analizi i\u00e7in en iyi ko\u015fullar, kulland\u0131\u011f\u0131n\u0131z cihaza ba\u011fl\u0131d\u0131r.<\/b><\/p>\n<p dir=\"ltr\" style=\"text-align: justify;\">Yani cihazda kullan\u0131lan teknolojilere g\u00f6re de\u011fi\u015fken fakt\u00f6rleri g\u00f6z ard\u0131 edebilir veya d\u0131\u015f etkenlerden etkilenebilir.<\/p>\n<p dir=\"ltr\" style=\"text-align: justify;\">\n<b> Inbody Body Analyzer, di\u011fer Inbody \u00fcr\u00fcnleri gibi geli\u015fmi\u015f teknolojileri sayesinde \u00e7\u0131k\u0131\u015f\u0131nda d\u0131\u015f etkenlerin etkisini ortadan kald\u0131r\u0131r, b\u00f6ylece Inbody Body Analyzer ile v\u00fccut kompozisyonunuzu istedi\u011finiz zaman kolayca analiz edebilirsiniz.<\/b><br \/>\nAncak di\u011fer cihazlar i\u00e7in bu y\u00f6ntemi kullanmadan \u00f6nce a\u015fa\u011f\u0131dakileri ak\u0131lda tutmak daha iyidir:<br \/>\nNefes analizi testinden 2 ila 3 saat \u00f6nce yemek yemekten ka\u00e7\u0131n\u0131n.<br \/>\n\u00c7ok fazla su i\u00e7mek test sonucunu etkiler. \u00c7ok fazla i\u00e7me.<br \/>\nTestten birka\u00e7 saat \u00f6nce a\u011f\u0131r sporlar yapmak di\u011fer cihazlar\u0131n sonu\u00e7lar\u0131n\u0131 etkileyebilir.<br \/>\nHarici cihazlar\u0131n a\u011f\u0131rl\u0131\u011f\u0131 veya kad\u0131nlarda hormonal ve adet durumu di\u011fer cihazlar\u0131n test sonu\u00e7lar\u0131n\u0131 etkileyebilir; Bu nedenle gebelik ve adet d\u00f6neminde bu test \u00f6nerilmemektedir.<\/p>\n<h2 dir=\"ltr\" style=\"text-align: justify;\"><span style=\"color: #993366;\"> En iyi v\u00fccut analiz\u00f6r\u00fc nedir?<\/span><\/h2>\n<p dir=\"ltr\" style=\"text-align: justify;\">V\u00fccut analizi veya v\u00fccut kompozisyonu s\u00f6z konusu oldu\u011funda, en do\u011fru tarama t\u00fcr\u00fc DEXA taramas\u0131 olabilir. \u00c7ift enerjili X-\u0131\u015f\u0131n\u0131 DEXA size v\u00fccut ya\u011f y\u00fczdesi, ya\u011fs\u0131z v\u00fccut k\u00fctlesi, iskelet kas\u0131 k\u00fctlesi i\u00e7in do\u011fru sonu\u00e7lar verir ve genellikle uzmanlar taraf\u0131ndan kemik mineral yo\u011funlu\u011funu \u00f6l\u00e7erek osteoporozu tahmin etmek i\u00e7in kullan\u0131l\u0131r.<br \/>\nBu nedenle Inbody Body Analyzer, Dexa ile %99 benzerlik ile d\u00fcnyadaki en iyi performansa sahiptir.<\/p>\n<h2 dir=\"ltr\" style=\"text-align: justify;\"><span style=\"color: #993366;\"> DEXA makinesi nas\u0131l \u00e7al\u0131\u015f\u0131r?<\/span><\/h2>\n<p dir=\"ltr\" style=\"text-align: justify;\">Radyasyona minimum d\u00fczeyde maruz kalan DEXA makinesi, X-\u0131\u015f\u0131nlar\u0131n\u0131 kemi\u011fe hedefler ve 10 dakikal\u0131k tam bir tarama ger\u00e7ekle\u015ftirir. Normal bir r\u00f6ntgen, y\u00fczde 40 kemik kayb\u0131ndan sonra kemik yo\u011funlu\u011fundaki de\u011fi\u015fiklikleri g\u00f6sterebilirken, DEXA y\u00fczde 1 gibi k\u00fc\u00e7\u00fck de\u011fi\u015fiklikleri saptayarak daha hassas ve do\u011fru hale getirir. Bu istatistik, DEXA taramas\u0131 ile v\u00fccut kompozisyonunun ve ya\u011f i\u00e7eri\u011finin ne kadar do\u011fru \u00f6l\u00e7\u00fcld\u00fc\u011f\u00fc konusunda size bir fikir verir.<br \/>\nBu cihaz, v\u00fccut ya\u011f y\u00fczdesi, toplam v\u00fccut a\u011f\u0131rl\u0131\u011f\u0131, kas k\u00fctlesi ve daha fazlas\u0131n\u0131 i\u00e7eren genel v\u00fccut kompozisyonunuzun eksiksiz ve kapsaml\u0131 bir analizini sa\u011flamak amac\u0131yla kullan\u0131l\u0131r.20 dakikadan fazla s\u00fcren bir i\u015flem.<\/p>\n<h3 dir=\"ltr\" style=\"text-align: justify;\"><span style=\"color: #993366;\"> Bu g\u00f6vdenin sonu\u00e7 sayfas\u0131<\/span><\/h3>\n<p dir=\"ltr\"><strong>Tam bir laboratuvar gibi<\/strong><br \/>\nInbody Precision Body Composition Analyzer cihazlar\u0131 d\u00fcnya \u00e7ap\u0131nda 5100&#8217;den fazla klinik \u00e7al\u0131\u015fmada kullan\u0131lm\u0131\u015ft\u0131r.<br \/>\nV\u00fccut i\u00e7i v\u00fccut analiz cihaz\u0131na, sonu\u00e7 sayfas\u0131nda yer alan t\u00fcm ayr\u0131nt\u0131lar nedeniyle d\u00fcnya \u00e7ap\u0131ndaki profesyoneller g\u00fcvenmektedir.<\/p>\n<p dir=\"ltr\">A\u015fa\u011f\u0131daki linkte, Inbody 770 cihaz\u0131 taraf\u0131ndan yap\u0131lan v\u00fccut kompozisyonu analizinin sonucudur.<\/p>\n<p dir=\"ltr\">Bu sayfada verilen ayr\u0131nt\u0131lar t\u00fcm v\u00fccut i\u00e7i nefes analiz\u00f6rleri i\u00e7in ayn\u0131d\u0131r.<\/p>\n<p dir=\"ltr\">\n<h3 dir=\"ltr\" style=\"text-align: justify;\"><span style=\"color: #993366;\"> V\u00fccut analiz cihaz\u0131nda BMI ve BMR aras\u0131ndaki fark nedir?<\/span><\/h3>\n<p dir=\"ltr\"><strong>BMI<\/strong><\/p>\n<p dir=\"ltr\">BMI veya v\u00fccut kitle indeksini hesaplama form\u00fcl\u00fc, a\u011f\u0131rl\u0131\u011f\u0131 (kilogram) boya (metre) 2&#8217;nin g\u00fcc\u00fcne b\u00f6lmektir. Bu indeks sadece v\u00fccut ya\u011f seviyesini g\u00f6sterir ve bir ki\u015finin sa\u011fl\u0131k veya obezite seviyesini tespit edemez. Tabii ki, bu y\u00f6ntem kesin de\u011fildir ve dezavantajlar\u0131 vard\u0131r. \u00d6rne\u011fin bu y\u00f6ntemde ki\u015finin kemik yap\u0131s\u0131 ve kas miktar\u0131na \u00f6nem verilmezken, bildi\u011fimiz gibi bir kilo kas ile bir kilo ya\u011f ayn\u0131 a\u011f\u0131rl\u0131\u011fa sahip olabilir ancak kas\u0131n hacmi daha az ve hacmi daha azd\u0131r. yo\u011funlu\u011fu ya\u011fdan fazlad\u0131r.<\/p>\n<h5 dir=\"ltr\" style=\"text-align: justify;\">BMR<\/h5>\n<p dir=\"ltr\" style=\"text-align: justify;\">BMR veya Bazal Metabolizma H\u0131z\u0131, v\u00fccudun i\u015f ve ya\u015fam i\u00e7in yapt\u0131\u011f\u0131 metabolizma anlam\u0131na gelir. \u0130nsan v\u00fccudu her ko\u015fulda, hatta uyku ve dinlenme s\u0131ras\u0131nda bile s\u00fcrekli olarak kalori yakar. \u00c7\u00fcnk\u00fc insan v\u00fccudundaki t\u00fcm h\u00fccre, doku ve organlar\u0131n do\u011fal faaliyetlerini ger\u00e7ekle\u015ftirebilmeleri i\u00e7in enerjiye ihtiya\u00e7lar\u0131 vard\u0131r.<\/p>\n<blockquote dir=\"ltr\"><p><img decoding=\"async\" class=\"image-content wp-image-11589 aligncenter\" src=\"https:\/\/greenlifeclinics.com\/wp-content\/uploads\/2022\/11\/46-min-scaled.jpg\" alt=\"\" width=\"418\" height=\"467\" srcset=\"https:\/\/greenlifeclinics.com\/wp-content\/uploads\/2022\/11\/46-min-scaled.jpg 2291w, https:\/\/greenlifeclinics.com\/wp-content\/uploads\/2022\/11\/46-min-268x300.jpg 268w, https:\/\/greenlifeclinics.com\/wp-content\/uploads\/2022\/11\/46-min-916x1024.jpg 916w, https:\/\/greenlifeclinics.com\/wp-content\/uploads\/2022\/11\/46-min-768x858.jpg 768w, https:\/\/greenlifeclinics.com\/wp-content\/uploads\/2022\/11\/46-min-1374x1536.jpg 1374w, https:\/\/greenlifeclinics.com\/wp-content\/uploads\/2022\/11\/46-min-1832x2048.jpg 1832w\" sizes=\"(max-width: 418px) 100vw, 418px\" \/><\/p>\n<p style=\"text-align: justify;\"><a href=\"https:\/\/greenlifeclinics.com\/\">Green Life<\/a> zincir klinikleri ve merkezleri (\u0130ran&#8217;da 1. derece zay\u0131flama) sa\u011fl\u0131k, g\u00fczellik ve zay\u0131flama alan\u0131nda en y\u00fcksek teknolojiye sahip orijinal yerel zay\u0131flama cihazlar\u0131na sahiptir. Ayr\u0131ca kilo verme ve g\u00fczellik alan\u0131nda size \u00e7ok yard\u0131mc\u0131 olabilirler. Daha fazla bilgi i\u00e7in 120 hatl\u0131 02134247 numaral\u0131 telefonu aray\u0131n\u0131z.<\/p>\n<\/blockquote>\n","protected":false},"excerpt":{"rendered":"<p>Inbody&#8217;nin \u00f6zel teknolojisi, analiz sonu\u00e7lar\u0131n\u0131 art\u0131k ampirik tahminlere ba\u011fl\u0131 olmaktan \u00e7\u0131kard\u0131. Cinsiyet ve ya\u015f gibi parametreler \u00f6l\u00e7\u00fcm sonu\u00e7lar\u0131n\u0131 etkilemez ve analiz do\u011frudan elektriksel empedans \u00f6l\u00e7\u00fclerek yap\u0131l\u0131r. Inbody, v\u00fccudun b\u00f6l\u00fcmlerinin do\u011frudan analizi Eller, ayaklar ve g\u00f6vde gibi her bir ayr\u0131 par\u00e7a i\u00e7in empedans\u0131 \u00f6l\u00e7en Inbody&#8217;nin patentli ve \u00f6zel teknolojisi, \u00f6l\u00e7\u00fcm\u00fc tamamen do\u011fru yapar. V\u00fccut i\u00e7i r\u00fczgar [&hellip;]<\/p>\n","protected":false},"author":1,"featured_media":22648,"parent":0,"menu_order":0,"comment_status":"open","ping_status":"closed","template":"","meta":{"_daim_seo_power":"","_daim_enable_ail":"","footnotes":""},"class_list":["post-12204","page","type-page","status-publish","has-post-thumbnail","hentry"],"_links":{"self":[{"href":"https:\/\/greenlifeclinics.com\/tr\/wp-json\/wp\/v2\/pages\/12204","targetHints":{"allow":["GET"]}}],"collection":[{"href":"https:\/\/greenlifeclinics.com\/tr\/wp-json\/wp\/v2\/pages"}],"about":[{"href":"https:\/\/greenlifeclinics.com\/tr\/wp-json\/wp\/v2\/types\/page"}],"author":[{"embeddable":true,"href":"https:\/\/greenlifeclinics.com\/tr\/wp-json\/wp\/v2\/users\/1"}],"replies":[{"embeddable":true,"href":"https:\/\/greenlifeclinics.com\/tr\/wp-json\/wp\/v2\/comments?post=12204"}],"version-history":[{"count":0,"href":"https:\/\/greenlifeclinics.com\/tr\/wp-json\/wp\/v2\/pages\/12204\/revisions"}],"wp:featuredmedia":[{"embeddable":true,"href":"https:\/\/greenlifeclinics.com\/tr\/wp-json\/wp\/v2\/media\/22648"}],"wp:attachment":[{"href":"https:\/\/greenlifeclinics.com\/tr\/wp-json\/wp\/v2\/media?parent=12204"}],"curies":[{"name":"wp","href":"https:\/\/api.w.org\/{rel}","templated":true}]}}