{"id":12201,"date":"2022-09-26T17:53:33","date_gmt":"2022-09-26T14:23:33","guid":{"rendered":"https:\/\/greenlifeclinics.com\/?page_id=12201"},"modified":"2023-07-12T10:57:30","modified_gmt":"2023-07-12T06:27:30","slug":"fraksiyonel-co2-lazer-ile-sivilce-ve-yara-izi-tedavisi-nasildir","status":"publish","type":"page","link":"https:\/\/greenlifeclinics.com\/tr\/fraksiyonel-co2-lazer-ile-sivilce-ve-yara-izi-tedavisi-nasildir\/","title":{"rendered":"?Fraksiyonel CO2 lazer ile sivilce ve yara izi tedavisi nas\u0131ld\u0131r"},"content":{"rendered":"<p dir=\"ltr\">Neyse ki g\u00fcn\u00fcm\u00fczde sivilce ve yara izlerini gidermek i\u00e7in uygun y\u00f6ntemler bulunmaktad\u0131r. Bu y\u00f6ntemlerden biri fraksiyonel CO2 lazer kullan\u0131m\u0131d\u0131r. Bu y\u00f6ntemde derinin d\u0131\u015f tabakas\u0131 lazer kullan\u0131larak \u00e7\u0131kar\u0131l\u0131r.<\/p>\n<p dir=\"ltr\">Bu yaz\u0131da fraksiyonel CO2 lazer ile ilgili \u00e7e\u015fitli vakalar, bu y\u00f6ntemin nas\u0131l uygulanaca\u011f\u0131, faydalar\u0131 ve tedavi sonras\u0131 al\u0131nacak \u00f6nlemler anlat\u0131lacakt\u0131r.<\/p>\n<h3 dir=\"ltr\" style=\"text-align: justify;\"><span style=\"color: #993366;\"> Fraksiyonel CO2 lazer cilt problemlerini nas\u0131l \u00e7\u00f6zer?<\/span><\/h3>\n<p dir=\"ltr\" style=\"text-align: justify;\">Fraksiyonel CO2 lazer, akne izlerini, derin k\u0131r\u0131\u015f\u0131kl\u0131klar\u0131 ve di\u011fer cilt problemlerini azaltmak veya ortadan kald\u0131rmak i\u00e7in bir doktor veya dermatolog taraf\u0131ndan kullan\u0131lan cilt problemlerini tedavi etme y\u00f6ntemidir. Fraksiyonel CO2 lazer, zarar g\u00f6rm\u00fc\u015f derinin d\u0131\u015f tabakas\u0131n\u0131 \u00e7\u0131karmak i\u00e7in bir lazer (karbondioksitten yap\u0131lm\u0131\u015f) kullanan invazif olmayan bir y\u00f6ntemdir.<\/p>\n<p dir=\"ltr\" style=\"text-align: justify;\">Bu y\u00f6ntemde ciltte \u00e7ok k\u00fc\u00e7\u00fck g\u00f6zenekler olu\u015fturmak i\u00e7in \u0131\u015f\u0131k enerjisi kullan\u0131l\u0131r. Bu g\u00f6zeneklerin boyutu yakla\u015f\u0131k olarak bir insan sa\u00e7\u0131n\u0131n \u00e7ap\u0131 kadard\u0131r. Lazer bu g\u00f6zenekleri ciltte \u0131zgara \u015feklinde olu\u015fturur. Bu k\u00fc\u00e7\u00fck g\u00f6zenekler, y\u0131pranm\u0131\u015f kolajenin ve cildin d\u0131\u015f tabakas\u0131ndaki h\u00fccrelerin yok olmas\u0131na neden olarak yeni kolajen olu\u015fumunu uyar\u0131r ve cilt dokusunu iyile\u015ftirir. Fraksiyonel CO2 lazer daha \u00e7ok y\u00fcz, boyun ve el s\u0131rtlar\u0131nda kullan\u0131lmaktad\u0131r. Fraksiyonel CO2 lazer g\u00fcvenli oldu\u011fu i\u00e7in g\u00f6z \u00e7evresi, burun ve a\u011f\u0131z \u00e7evresindeki hassas ciltler gibi b\u00f6lgelerde dahi bu y\u00f6ntem kullan\u0131lmaktad\u0131r.<\/p>\n<h3 dir=\"ltr\" style=\"text-align: justify;\"><span style=\"color: #993366;\"> Fraksiyonel CO2 lazer hangi durumlarda kullan\u0131l\u0131r?<\/span><\/h3>\n<p dir=\"ltr\">Fraksiyonel CO2 lazer genellikle sivilce ve yara izlerini gidermek i\u00e7in kullan\u0131l\u0131r. Bu y\u00f6ntem ayr\u0131ca bir\u00e7ok cilt rahats\u0131zl\u0131\u011f\u0131n\u0131 tedavi etmek i\u00e7in kullan\u0131l\u0131r. Bunlar \u015funlar\u0131 i\u00e7erir:<\/p>\n<ul dir=\"ltr\">\n<li>ya\u015flanma noktalar\u0131<\/li>\n<li>Karga pen\u00e7esi k\u0131r\u0131\u015f\u0131kl\u0131klar\u0131<\/li>\n<li>Ya\u011f bezlerinin b\u00fcy\u00fcmesi (\u00f6zellikle burun \u00e7evresinde)<\/li>\n<li>\u0130nce \u00e7izgiler ve k\u0131r\u0131\u015f\u0131kl\u0131klar<\/li>\n<li>koyu ten<\/li>\n<li>Sarkan cilt<\/li>\n<li>g\u00fcne\u015f yan\u0131\u011f\u0131<\/li>\n<li>D\u00fczensiz cilt tonu<\/li>\n<li>si\u011fil<\/li>\n<\/ul>\n<p dir=\"ltr\" style=\"text-align: justify;\">Fraksiyonel CO2 lazer y\u00fcz, boyun ve ellerde yukar\u0131daki sorunlar\u0131n giderilmesi i\u00e7in kullan\u0131lmaktad\u0131r. Bu y\u00f6ntem sivilce ve yaralar\u0131n giderilmesi i\u00e7in \u00e7ok uygundur. Dermatologlar, uygunsuz y\u00fcz germe i\u015fleminden sonra cildi iyile\u015ftirmek i\u00e7in fraksiyonel CO2 lazer kullan\u0131m\u0131n\u0131 \u00f6nermektedir.<\/p>\n<h3 dir=\"ltr\" style=\"text-align: justify;\"><span style=\"color: #993366;\"><strong> Fraksiyonel CO2 lazer y\u00f6ntemini kimler kullanmamal\u0131d\u0131r?\u00a0<\/strong><\/span><\/h3>\n<p dir=\"ltr\">Ne yaz\u0131k ki, fraksiyonel CO2 lazer t\u00fcm insanlar i\u00e7in uygun de\u011fildir. \u015eiddetli akne, a\u00e7\u0131k yara veya y\u00fcz derisinde herhangi bir enfeksiyon olmas\u0131 durumunda bu tedavi y\u00f6ntemi kullan\u0131lmamal\u0131d\u0131r. Ayr\u0131ca oral izotretinoin al\u0131nmas\u0131 durumunda fraksiyonel CO2 lazer kullan\u0131m\u0131ndan ka\u00e7\u0131n\u0131lmal\u0131d\u0131r.<\/p>\n<p dir=\"ltr\">Kronik komplikasyonlarda (\u015feker hastal\u0131\u011f\u0131 gibi) bu tedavi y\u00f6nteminin kullan\u0131m\u0131 konusunda bir doktor veya dermatolo\u011fa dan\u0131\u015fmal\u0131s\u0131n\u0131z ki uzman ki\u015fi ba\u015fvuran\u0131n fraksiyonel CO2 lazer kullanma durumlar\u0131n\u0131 de\u011ferlendirebilsin.<\/p>\n<h3 dir=\"ltr\" style=\"text-align: justify;\"><span style=\"color: #993366;\"> Fraksiyonel CO2 lazer tedavisi \u00f6ncesi yap\u0131lmas\u0131 gereken i\u015flemler<\/span><\/h3>\n<p dir=\"ltr\">Fraksiyonel CO2 lazeri kullanmadan \u00f6nce a\u015fa\u011f\u0131dakileri g\u00f6z \u00f6n\u00fcnde bulundurman\u0131z \u00f6nerilir:<\/p>\n<ul dir=\"ltr\">\n<li>Retinoid i\u00e7eren \u00fcr\u00fcnleri kullanmaktan ka\u00e7\u0131n\u0131n \u00e7\u00fcnk\u00fc bu \u00fcr\u00fcnler tedavinin nihai sonucunu etkileyebilir.<\/li>\n<li>Lazer tedavisinden iki hafta \u00f6nce g\u00fcne\u015f \u0131\u015f\u0131\u011f\u0131na maruz kalmaktan ka\u00e7\u0131n\u0131n.<\/li>\n<li>Kan p\u0131ht\u0131la\u015fma s\u00fcrecini uzatabilecekleri i\u00e7in ibuprofen, aspirin ve E vitamini gibi ila\u00e7lar\u0131 almay\u0131 b\u0131rak\u0131n.<\/li>\n<li>Bu tedavi y\u00f6ntemini kullanmak i\u00e7in gerekli ko\u015fullara sahip oldu\u011funuzdan emin olmak i\u00e7in bir dermatolo\u011fa dan\u0131\u015f\u0131n.<\/li>\n<\/ul>\n<h3 dir=\"ltr\" style=\"text-align: justify;\"><span style=\"color: #993366;\"> Fraksiyonel lazer ile sivilce ve yara izleri nas\u0131l tedavi edilir?<\/span><\/h3>\n<p dir=\"ltr\">Fraksiyonel lazer ile \u00e7\u0131ban ve yara tedavisi i\u00e7in tedavi ba\u015flamadan 30-45 dakika \u00f6nce hedef b\u00f6lgeye lokal anestezik krem \u200b\u200bs\u00fcr\u00fcl\u00fcr. Tedavi s\u00fcreci 15 ile 20 dakika aras\u0131nda s\u00fcrmektedir.<\/p>\n<p dir=\"ltr\">Bu y\u00f6ntemde k\u0131sa at\u0131ml\u0131 (ultra at\u0131ml\u0131) \u0131\u015f\u0131k enerjisi kullan\u0131l\u0131r. I\u015f\u0131k enerjisinin s\u00fcrekli radyasyonu, hasarl\u0131 derinin d\u0131\u015f ve ince tabakas\u0131n\u0131n \u00e7\u0131kar\u0131lmas\u0131na neden olur.<\/p>\n<p dir=\"ltr\">\u00d6l\u00fc cilt h\u00fccrelerinin \u00e7\u0131kar\u0131lmas\u0131ndan sonra, \u00e7ok say\u0131da lazer \u0131\u015f\u0131n\u0131 kolonu aktive edilir ve cildin derin tabakas\u0131na ula\u015f\u0131r, bu da v\u00fccudun do\u011fal iyile\u015fme s\u00fcrecini uyar\u0131r ve kollajen \u00fcretimini art\u0131r\u0131r. Sonu\u00e7 olarak, eski ve hasarl\u0131 cilt sa\u011fl\u0131kl\u0131 cilt ile de\u011fi\u015ftirilir.<\/p>\n<h3 dir=\"ltr\" style=\"text-align: justify;\"><span style=\"color: #993366;\">\u00a0 Fraksiyonel CO2 lazer tedavisinden sonra iyile\u015fme s\u00fcresi<\/span><\/h3>\n<p dir=\"ltr\">Fraksiyonel CO2 lazer y\u00f6nteminde kullan\u0131lan teknoloji kullan\u0131larak cilt alt\u0131nda (\u0131s\u0131t\u0131lan k\u0131s\u0131mlar aras\u0131nda) sa\u011fl\u0131kl\u0131 dokular olu\u015facakt\u0131r. Bu sa\u011fl\u0131kl\u0131 dokular, h\u0131zl\u0131 cilt iyile\u015fmesi i\u00e7in gerekli olan h\u00fccreleri ve proteini sa\u011flar.<\/p>\n<p dir=\"ltr\">Sonu\u00e7 olarak, fraksiyonel CO2 lazer kulland\u0131ktan sonra iyile\u015fme s\u00fcresi k\u0131sad\u0131r ve 5 ila 7 g\u00fcn s\u00fcrer.<\/p>\n<h3 dir=\"ltr\" style=\"text-align: justify;\"><span style=\"color: #993366;\"><strong> Fraksiyonel lazer ile sivilce ve yara izi tedavisi a\u011fr\u0131l\u0131 m\u0131d\u0131r?\u00a0<\/strong><\/span><\/h3>\n<p dir=\"ltr\" style=\"text-align: justify;\">\u00c7o\u011fu ba\u015fvuran\u0131n raporuna g\u00f6re fraksiyonel lazerin verdi\u011fi a\u011fr\u0131 \u00e7ok azd\u0131r ve ka\u015f\u0131nman\u0131n neden oldu\u011fu yanmaya benzer. Bu y\u00f6ntemde anestezik krem \u200b\u200bkullan\u0131ld\u0131\u011f\u0131 i\u00e7in tedavi s\u0131ras\u0131nda herhangi bir a\u011fr\u0131 hissedilmeyecektir.<\/p>\n<h3 dir=\"ltr\" style=\"text-align: justify;\"><span style=\"color: #993366;\"> Fraksiyonel CO2 lazer ile \u00e7\u0131ban ve skar tedavisi sonras\u0131 yap\u0131lmas\u0131 gerekenler<\/span><\/h3>\n<ul dir=\"ltr\" style=\"text-align: justify;\">\n<li>G\u00fcne\u015f \u0131\u015f\u0131\u011f\u0131na maruz kalmaktan ka\u00e7\u0131n\u0131n ve iyile\u015fmeyi h\u0131zland\u0131rmak i\u00e7in cildinizi nemli ve serin tutun.<\/li>\n<li>\u0130yile\u015fme s\u00fcrecinde tahri\u015f edici maddelerin (toz, havadaki partik\u00fcller ve deterjanlar gibi) cilt ile temas etmemesine dikkat edin.<\/li>\n<li>Cildi kurutmaktan ve y\u00fcksek \u0131s\u0131ya (sa\u00e7 kurutma makinesinin y\u00fcksek \u0131s\u0131s\u0131 gibi) maruz b\u0131rakmaktan ka\u00e7\u0131n\u0131n. Hafif \u0131s\u0131ya maruz kalmak zararl\u0131 de\u011fildir.<\/li>\n<li>2 hafta boyunca herhangi bir spor ve a\u011f\u0131r aktiviteden ka\u00e7\u0131n\u0131n.<\/li>\n<li>Sa\u011fl\u0131kl\u0131 yiyecekler yiyin, yeterince su i\u00e7in ve alkolden ka\u00e7\u0131n\u0131n.<\/li>\n<li>Lazer tedavisinden sonra cildin k\u0131zarmas\u0131 ve yanmas\u0131 normaldir ve birka\u00e7 saat s\u00fcrer.<\/li>\n<li>Boyundaki k\u0131zar\u0131kl\u0131k genellikle y\u00fczdeki k\u0131zar\u0131kl\u0131ktan birka\u00e7 g\u00fcn daha uzun s\u00fcrer.<\/li>\n<li>\u00c7o\u011fu durumda, y\u00fcz derisi bronzla\u015f\u0131r ve cilt tabakas\u0131 3 ila 5 g\u00fcn i\u00e7inde \u00e7\u0131kar\u0131l\u0131r. (Boyun alt\u0131ndaki derinin bronzla\u015fmas\u0131 ve deri tabakas\u0131n\u0131n \u00e7\u0131kmas\u0131 2 haftay\u0131 bulur)<\/li>\n<\/ul>\n<h3 dir=\"ltr\"><span style=\"color: #993366;\"> Fraksiyonel lazer ile sivilce ve yara izlerinin tedavi edildi\u011fi g\u00fcn yap\u0131lmas\u0131 gerekenler<\/span><\/h3>\n<ul dir=\"ltr\" style=\"text-align: justify;\">\n<li>Etkilenen b\u00f6lgede doktorunuzun belirtti\u011fi \u015fekilde topikal bir merhem veya krem \u200b\u200bkullan\u0131n.<\/li>\n<li>Tedavi edilen b\u00f6lgede a\u011fr\u0131 veya yanma varsa so\u011fuk kompres kullanabilirsiniz. Do\u011frudan cilde buz konmamal\u0131d\u0131r.<\/li>\n<li>Dilerseniz cildinize maden suyu spreyi kullanabilirsiniz.<\/li>\n<li>A\u011fr\u0131y\u0131 gidermek i\u00e7in a\u011fr\u0131 kesiciler (asetaminofen veya ibuprofen gibi) alabilirsiniz.<\/li>\n<\/ul>\n<h3 dir=\"ltr\" style=\"text-align: justify;\"><span style=\"color: #993366;\"> Fraksiyonel CO2 lazer tedavisinden sonraki ilk gece<\/span><\/h3>\n<ul dir=\"ltr\" style=\"text-align: justify;\">\n<li>Uyurken ba\u015f\u0131n\u0131z\u0131 y\u00fckseltin.<\/li>\n<li>Krem veya merhemin yast\u0131kla temas etmemesi i\u00e7in yast\u0131\u011f\u0131n\u0131z\u0131n \u00fczerine bir par\u00e7a ka\u011f\u0131t havlu koyun.<\/li>\n<li>G\u00f6z hassasiyeti durumunda g\u00f6z i\u00e7in kayganla\u015ft\u0131r\u0131c\u0131lar (sistin gibi) kullanabilirsiniz.<\/li>\n<\/ul>\n<h3 dir=\"ltr\" style=\"text-align: justify;\"><span style=\"color: #993366;\"> Fraksiyonel lazer tedavisi sonras\u0131 ilk g\u00fcn<\/span><\/h3>\n<ul dir=\"ltr\" style=\"text-align: justify;\">\n<li>G\u00fcne\u015f \u0131\u015f\u0131\u011f\u0131na ve a\u015f\u0131r\u0131 s\u0131ca\u011fa maruz kalmaktan ka\u00e7\u0131n\u0131n.<\/li>\n<li>Y\u00fcz\u00fcn\u00fcz\u00fc g\u00fcnde 2-3 kez su ve Cetaphil temizleyici ile y\u0131kay\u0131n. Su s\u0131cak veya so\u011fuk olmamal\u0131d\u0131r.<\/li>\n<li>Du\u015f alabilir ve sa\u00e7\u0131n\u0131z\u0131 y\u0131kayabilirsiniz. S\u0131cak su kullanmaktan ka\u00e7\u0131n\u0131n.<\/li>\n<li>Tedavi edilen b\u00f6lgede Aquaphor kremini kullan\u0131n. Cildin s\u00fcrekli nemli oldu\u011fundan emin olun.<\/li>\n<\/ul>\n<h3 dir=\"ltr\" style=\"text-align: justify;\"><span style=\"color: #993366;\"> Fraksiyonel lazer tedavisi sonras\u0131 ikinci g\u00fcn<\/span><\/h3>\n<ul dir=\"ltr\" style=\"text-align: justify;\">\n<li>Bu s\u00fcre zarf\u0131nda \u015fi\u015flik inmi\u015f olmal\u0131 ve cilt bronzla\u015f\u0131p p\u00fcr\u00fczl\u00fc olabilir.<\/li>\n<li>\u0130kinci g\u00fcn ka\u015f\u0131nt\u0131 (\u00f6zellikle \u00e7ene hatt\u0131nda) olu\u015fabilir.<\/li>\n<li>Kremi\/merhemi (ve gerekirse so\u011fuk kompresi) kullanmaya devam edin.<\/li>\n<li>Y\u00fcz\u00fcn\u00fcz\u00fc Cetaphil temizleyici ve suyla y\u0131kay\u0131n. S\u0131cak veya so\u011fuk su kullanmaktan ka\u00e7\u0131n\u0131n.<\/li>\n<li>Ka\u015f\u0131nt\u0131 \u015fiddetliyse hidrokortizonlu krem \u200b\u200b(OTC y\u00fczde 1) kullanabilirsiniz. Cildi koparmaktan veya \u00e7izmekten ka\u00e7\u0131n\u0131n.<\/li>\n<\/ul>\n<h3 dir=\"ltr\" style=\"text-align: justify;\"><span style=\"color: #993366;\"> Fraksiyonel lazer tedavisinden sonra 4. ila 7. g\u00fcn<\/span><\/h3>\n<ul dir=\"ltr\" style=\"text-align: justify;\">\n<li>Ka\u015f\u0131nt\u0131 genellikle azal\u0131r.<\/li>\n<li>D\u0131\u015far\u0131 \u00e7\u0131karken tahri\u015f edici olmayan \u00e7inko oksit (%7-9) veya titanyum dioksit i\u00e7eren g\u00fcne\u015f kremi (SPF 30+) kullan\u0131n.<\/li>\n<li>Cildi pul pul d\u00f6kmek ve canland\u0131rmak i\u00e7in parmak u\u00e7lar\u0131n\u0131zla cildinizi daha fazla bast\u0131rarak y\u0131kayabilirsiniz. Cildi soymaktan ka\u00e7\u0131n\u0131n<\/li>\n<li>Gerekirse mineral kozmetik tozu kullanabilirsiniz.<\/li>\n<\/ul>\n<h3 dir=\"ltr\" style=\"text-align: justify;\"><span style=\"color: #993366;\"> Fraksiyonel lazer tedavisinden sonra 7. ila 28. g\u00fcn<\/span><\/h3>\n<ul dir=\"ltr\" style=\"text-align: justify;\">\n<li>Cildin nemi normal seviyeye gelene kadar nemlendirici kremi kullanmaya devam edin. (3 ila 4 hafta boyunca)<\/li>\n<li>Tedavi edilen b\u00f6lge iyile\u015ftikten sonra normal cilt bak\u0131m rutininize devam edebilirsiniz.<\/li>\n<li>Tedavi edilen b\u00f6lgeyi korumak i\u00e7in tahri\u015f edici olmayan g\u00fcne\u015f kremi (SPF 30+) ve mineral makyaj tozu kullanmaya devam edin (g\u00f6zenekleri t\u0131kayabilece\u011fi ve cildi tahri\u015f edebilece\u011fi i\u00e7in s\u0131v\u0131 toz krem \u200b\u200bkullanmay\u0131n)<\/li>\n<li>4 hafta boyunca g\u00fcne\u015f \u0131\u015f\u0131\u011f\u0131na maruz kalmaktan ka\u00e7\u0131n\u0131n. (Tedavi edilen b\u00f6lgeyi korumak i\u00e7in bir kapak kullan\u0131lmal\u0131d\u0131r)<\/li>\n<li>Dilerseniz spor faaliyetlerinize devam edebilirsiniz.<\/li>\n<\/ul>\n<h3 dir=\"ltr\" style=\"text-align: justify;\"><span style=\"color: #993366;\"> Fraksiyonel lazer ile sivilce ve yara izi tedavisinin sonu\u00e7lar\u0131<\/span><\/h3>\n<p dir=\"ltr\" style=\"text-align: justify;\">Cilt kararmas\u0131n\u0131 gidermek i\u00e7in fraksiyonel lazer kullan\u0131l\u0131yorsa, sonu\u00e7lar bir tedavi seans\u0131ndan sonra g\u00f6r\u00fclebilir. Ancak sivilce ve yara izlerinde fraksiyonel lazerin sonucunu g\u00f6rmek daha uzun s\u00fcrer.<\/p>\n<h3 dir=\"ltr\" style=\"text-align: justify;\"><span style=\"color: #993366;\"> Cilt problemlerini tedavi etmek i\u00e7in ka\u00e7 tane fraksiyonel CO2 lazer seans\u0131 gerekir?<\/span><\/h3>\n<p dir=\"ltr\" style=\"text-align: justify;\">Cilt problemlerinin ciddiyetine ba\u011fl\u0131 olarak bir ila \u00fc\u00e7 tedavi seans\u0131 gerekebilir. Her tedavi seans\u0131 aras\u0131nda d\u00f6rt ila alt\u0131 haftal\u0131k bir aral\u0131k vard\u0131r.<\/p>\n<h3 dir=\"ltr\" style=\"text-align: justify;\"><span style=\"color: #993366;\"><strong> Fraksiyonel lazerin yan etkileri var m\u0131d\u0131r?\u00a0<\/strong><\/span><\/h3>\n<p dir=\"ltr\">CO2 fraksiyonel lazer \u0131s\u0131n\u0131n cilde girmesine neden oldu\u011fu i\u00e7in i\u015flem yap\u0131lan b\u00f6lgede bir miktar k\u0131zar\u0131kl\u0131k veya \u015fi\u015flik olmas\u0131 m\u00fcmk\u00fcnd\u00fcr. Baz\u0131 durumlarda, biraz a\u011fr\u0131 veya ka\u015f\u0131nt\u0131 da olabilir.<\/p>\n<p dir=\"ltr\">Nadiren fraksiyonel lazer sonras\u0131 a\u015fa\u011f\u0131daki yan etkiler g\u00f6r\u00fclebilir:<\/p>\n<ul dir=\"ltr\">\n<li>Uzun s\u00fcreli eritem (ciltte k\u0131zar\u0131kl\u0131k)<\/li>\n<li>koyu ten<\/li>\n<li>enfeksiyon<\/li>\n<\/ul>\n<p dir=\"ltr\">Dermatolog taraf\u0131ndan \u00f6nerilen bak\u0131m \u00f6nlemlerine uyularak yukar\u0131daki komplikasyonlar\u0131n olu\u015fmas\u0131 engellenir veya olu\u015fma olas\u0131l\u0131\u011f\u0131 en aza indirilir.<\/p>\n<blockquote dir=\"ltr\"><p>\nSa\u011fl\u0131k, cilt ve sa\u00e7 alan\u0131nda en y\u00fcksek teknoloji ve tekniklere sahip <a href=\"https:\/\/greenlifeclinics.com\/\">Green Life<\/a> zincir klinikleri ve merkezleri (\u0130ran&#8217;da 1. s\u0131rada zay\u0131flama ve g\u00fczellik). Ayr\u0131ca gen\u00e7le\u015fme ve g\u00fczellik alan\u0131nda size \u00e7ok yard\u0131mc\u0131 olabilirler. Daha fazla bilgi i\u00e7in 120 hatl\u0131 02134247 numaral\u0131 telefonu aray\u0131n\u0131z.<\/p><\/blockquote>\n","protected":false},"excerpt":{"rendered":"<p>Neyse ki g\u00fcn\u00fcm\u00fczde sivilce ve yara izlerini gidermek i\u00e7in uygun y\u00f6ntemler bulunmaktad\u0131r. Bu y\u00f6ntemlerden biri fraksiyonel CO2 lazer kullan\u0131m\u0131d\u0131r. Bu y\u00f6ntemde derinin d\u0131\u015f tabakas\u0131 lazer kullan\u0131larak \u00e7\u0131kar\u0131l\u0131r. Bu yaz\u0131da fraksiyonel CO2 lazer ile ilgili \u00e7e\u015fitli vakalar, bu y\u00f6ntemin nas\u0131l uygulanaca\u011f\u0131, faydalar\u0131 ve tedavi sonras\u0131 al\u0131nacak \u00f6nlemler anlat\u0131lacakt\u0131r. Fraksiyonel CO2 lazer cilt problemlerini nas\u0131l \u00e7\u00f6zer? Fraksiyonel [&hellip;]<\/p>\n","protected":false},"author":1,"featured_media":24255,"parent":0,"menu_order":0,"comment_status":"open","ping_status":"closed","template":"","meta":{"_daim_seo_power":"","_daim_enable_ail":"","footnotes":""},"class_list":["post-12201","page","type-page","status-publish","has-post-thumbnail","hentry"],"_links":{"self":[{"href":"https:\/\/greenlifeclinics.com\/tr\/wp-json\/wp\/v2\/pages\/12201","targetHints":{"allow":["GET"]}}],"collection":[{"href":"https:\/\/greenlifeclinics.com\/tr\/wp-json\/wp\/v2\/pages"}],"about":[{"href":"https:\/\/greenlifeclinics.com\/tr\/wp-json\/wp\/v2\/types\/page"}],"author":[{"embeddable":true,"href":"https:\/\/greenlifeclinics.com\/tr\/wp-json\/wp\/v2\/users\/1"}],"replies":[{"embeddable":true,"href":"https:\/\/greenlifeclinics.com\/tr\/wp-json\/wp\/v2\/comments?post=12201"}],"version-history":[{"count":0,"href":"https:\/\/greenlifeclinics.com\/tr\/wp-json\/wp\/v2\/pages\/12201\/revisions"}],"wp:featuredmedia":[{"embeddable":true,"href":"https:\/\/greenlifeclinics.com\/tr\/wp-json\/wp\/v2\/media\/24255"}],"wp:attachment":[{"href":"https:\/\/greenlifeclinics.com\/tr\/wp-json\/wp\/v2\/media?parent=12201"}],"curies":[{"name":"wp","href":"https:\/\/api.w.org\/{rel}","templated":true}]}}