{"id":12200,"date":"2022-08-22T11:44:55","date_gmt":"2022-08-22T07:14:55","guid":{"rendered":"https:\/\/greenlifeclinics.com\/?page_id=12200"},"modified":"2023-07-12T10:35:03","modified_gmt":"2023-07-12T06:05:03","slug":"temsil-talebi","status":"publish","type":"page","link":"https:\/\/greenlifeclinics.com\/tr\/temsil-talebi\/","title":{"rendered":"Temsil talebi"},"content":{"rendered":"\t\t<div data-elementor-type=\"wp-page\" data-elementor-id=\"12200\" class=\"elementor elementor-12200 elementor-8678\" data-elementor-post-type=\"page\">\n\t\t\t\t\t\t<section class=\"elementor-section elementor-top-section elementor-element elementor-element-ef7fbbb elementor-section-boxed elementor-section-height-default elementor-section-height-default\" data-id=\"ef7fbbb\" data-element_type=\"section\" data-e-type=\"section\">\n\t\t\t\t\t\t<div class=\"elementor-container elementor-column-gap-default\">\n\t\t\t\t\t<div class=\"elementor-column elementor-col-50 elementor-top-column elementor-element elementor-element-ff3c9da\" data-id=\"ff3c9da\" data-element_type=\"column\" data-e-type=\"column\">\n\t\t\t<div class=\"elementor-widget-wrap elementor-element-populated\">\n\t\t\t\t\t\t<div class=\"elementor-element elementor-element-b68e5bf elementor-widget elementor-widget-image\" data-id=\"b68e5bf\" data-element_type=\"widget\" data-e-type=\"widget\" data-widget_type=\"image.default\">\n\t\t\t\t<div class=\"elementor-widget-container\">\n\t\t\t\t\t\t\t\t\t\t\t\t\t\t\t<img fetchpriority=\"high\" decoding=\"async\" width=\"590\" height=\"450\" src=\"https:\/\/greenlifeclinics.com\/wp-content\/uploads\/2022\/09\/greenlifeclinics.webp\" class=\"attachment-large size-large wp-image-13771\" alt=\"\" srcset=\"https:\/\/greenlifeclinics.com\/wp-content\/uploads\/2022\/09\/greenlifeclinics.webp 590w, https:\/\/greenlifeclinics.com\/wp-content\/uploads\/2022\/09\/greenlifeclinics-300x229.webp 300w\" sizes=\"(max-width: 590px) 100vw, 590px\" \/>\t\t\t\t\t\t\t\t\t\t\t\t\t\t\t<\/div>\n\t\t\t\t<\/div>\n\t\t\t\t\t<\/div>\n\t\t<\/div>\n\t\t\t\t<div class=\"elementor-column elementor-col-50 elementor-top-column elementor-element elementor-element-f84ec0c\" data-id=\"f84ec0c\" data-element_type=\"column\" data-e-type=\"column\">\n\t\t\t<div class=\"elementor-widget-wrap elementor-element-populated\">\n\t\t\t\t\t\t<div class=\"elementor-element elementor-element-b3a5e40 elementor-widget elementor-widget-heading\" data-id=\"b3a5e40\" data-element_type=\"widget\" data-e-type=\"widget\" data-widget_type=\"heading.default\">\n\t\t\t\t<div class=\"elementor-widget-container\">\n\t\t\t\t\t<h5 class=\"elementor-heading-title elementor-size-default\">Temsil talebi<\/h5>\t\t\t\t<\/div>\n\t\t\t\t<\/div>\n\t\t\t\t<div class=\"elementor-element elementor-element-a8e6da6 elementor-widget elementor-widget-text-editor\" data-id=\"a8e6da6\" data-element_type=\"widget\" data-e-type=\"widget\" data-widget_type=\"text-editor.default\">\n\t\t\t\t<div class=\"elementor-widget-container\">\n\t\t\t\t\t\t\t\t\t<p>\u0628\u0647 \u0645\u0646\u0638\u0648\u0631 \u0647\u0645\u06a9\u0627\u0631\u06cc \u0648 \u0627\u062e\u062f \u062f\u0641\u0627\u062a\u0631 \u0646\u0645\u0627\u06cc\u0646\u062f\u06af\u06cc \u0627\u0632 \u0645\u062c\u0645\u0648\u0639\u0647 \u0628\u0632\u0631\u06af \u06af\u0631\u06cc\u0646 \u0644\u0627\u06cc\u0641 \u0644\u0637\u0641\u0627 \u0641\u0631\u0645 \u0632\u06cc\u0631 \u0631\u0627 \u0628\u0627 \u062f\u0642\u062a \u0644\u0627\u0632\u0645 \u062a\u06a9\u0645\u06cc\u0644 \u0648 \u0627\u0631\u0633\u0627\u0644 \u0646\u0645\u0627\u0626\u06cc\u062f<\/p>\t\t\t\t\t\t\t\t<\/div>\n\t\t\t\t<\/div>\n\t\t\t\t<div class=\"elementor-element elementor-element-7e89bb7 elementor-widget elementor-widget-button\" data-id=\"7e89bb7\" data-element_type=\"widget\" data-e-type=\"widget\" data-widget_type=\"button.default\">\n\t\t\t\t<div class=\"elementor-widget-container\">\n\t\t\t\t\t\t\t\t\t<div class=\"elementor-button-wrapper\">\n\t\t\t\t\t<a class=\"elementor-button elementor-button-link elementor-size-sm\" href=\"http:\/\/crm.greenlifeclinics.com\/greenlife\/formView\/124\" target=\"_blank\" rel=\"nofollow\">\n\t\t\t\t\t\t<span class=\"elementor-button-content-wrapper\">\n\t\t\t\t\t\t\t\t\t<span class=\"elementor-button-text\">\u0627\u06cc\u0646\u062c\u0627 \u06a9\u0644\u06cc\u06a9 \u06a9\u0646\u06cc\u062f<\/span>\n\t\t\t\t\t<\/span>\n\t\t\t\t\t<\/a>\n\t\t\t\t<\/div>\n\t\t\t\t\t\t\t\t<\/div>\n\t\t\t\t<\/div>\n\t\t\t\t\t<\/div>\n\t\t<\/div>\n\t\t\t\t\t<\/div>\n\t\t<\/section>\n\t\t\t\t<\/div>\n\t\t","protected":false},"excerpt":{"rendered":"<p>Green Life Group temsilcilikleri ile i\u015fbirli\u011fi yapmak i\u00e7in l\u00fctfen a\u015fa\u011f\u0131daki formu dikkatli bir \u015fekilde doldurup g\u00f6nderiniz. \u00a0 buraya t\u0131klay\u0131n<\/p>\n","protected":false},"author":1,"featured_media":0,"parent":0,"menu_order":0,"comment_status":"closed","ping_status":"closed","template":"","meta":{"_daim_seo_power":"","_daim_enable_ail":"","footnotes":""},"class_list":["post-12200","page","type-page","status-publish","hentry"],"_links":{"self":[{"href":"https:\/\/greenlifeclinics.com\/tr\/wp-json\/wp\/v2\/pages\/12200","targetHints":{"allow":["GET"]}}],"collection":[{"href":"https:\/\/greenlifeclinics.com\/tr\/wp-json\/wp\/v2\/pages"}],"about":[{"href":"https:\/\/greenlifeclinics.com\/tr\/wp-json\/wp\/v2\/types\/page"}],"author":[{"embeddable":true,"href":"https:\/\/greenlifeclinics.com\/tr\/wp-json\/wp\/v2\/users\/1"}],"replies":[{"embeddable":true,"href":"https:\/\/greenlifeclinics.com\/tr\/wp-json\/wp\/v2\/comments?post=12200"}],"version-history":[{"count":0,"href":"https:\/\/greenlifeclinics.com\/tr\/wp-json\/wp\/v2\/pages\/12200\/revisions"}],"wp:attachment":[{"href":"https:\/\/greenlifeclinics.com\/tr\/wp-json\/wp\/v2\/media?parent=12200"}],"curies":[{"name":"wp","href":"https:\/\/api.w.org\/{rel}","templated":true}]}}