{"id":12198,"date":"2022-08-21T10:09:57","date_gmt":"2022-08-21T05:39:57","guid":{"rendered":"https:\/\/greenlifeclinics.com\/?page_id=12198"},"modified":"2023-12-11T19:53:42","modified_gmt":"2023-12-11T16:23:42","slug":"hakkimizda","status":"publish","type":"page","link":"https:\/\/greenlifeclinics.com\/tr\/hakkimizda\/","title":{"rendered":"Hakk\u0131m\u0131zda"},"content":{"rendered":"\t\t<div data-elementor-type=\"wp-page\" data-elementor-id=\"12198\" class=\"elementor elementor-12198 elementor-8530\" data-elementor-post-type=\"page\">\n\t\t\t\t\t\t<section class=\"elementor-section elementor-top-section elementor-element elementor-element-caf9f27 elementor-section-boxed elementor-section-height-default elementor-section-height-default\" data-id=\"caf9f27\" data-element_type=\"section\" data-e-type=\"section\">\n\t\t\t\t\t\t<div class=\"elementor-container elementor-column-gap-default\">\n\t\t\t\t\t<div class=\"elementor-column elementor-col-100 elementor-top-column elementor-element elementor-element-fa07ab0\" data-id=\"fa07ab0\" data-element_type=\"column\" data-e-type=\"column\">\n\t\t\t<div class=\"elementor-widget-wrap elementor-element-populated\">\n\t\t\t\t\t\t<div class=\"elementor-element elementor-element-975633f elementor-widget elementor-widget-image\" data-id=\"975633f\" data-element_type=\"widget\" data-e-type=\"widget\" data-widget_type=\"image.default\">\n\t\t\t\t<div class=\"elementor-widget-container\">\n\t\t\t\t\t\t\t\t\t\t\t\t\t\t\t<img fetchpriority=\"high\" decoding=\"async\" width=\"800\" height=\"534\" src=\"https:\/\/greenlifeclinics.com\/wp-content\/uploads\/2022\/12\/45-1024x683.jpg\" class=\"attachment-large size-large wp-image-14485\" alt=\"\" srcset=\"https:\/\/greenlifeclinics.com\/wp-content\/uploads\/2022\/12\/45-1024x683.jpg 1024w, https:\/\/greenlifeclinics.com\/wp-content\/uploads\/2022\/12\/45-300x200.jpg 300w, https:\/\/greenlifeclinics.com\/wp-content\/uploads\/2022\/12\/45-768x512.jpg 768w, https:\/\/greenlifeclinics.com\/wp-content\/uploads\/2022\/12\/45-1536x1024.jpg 1536w, https:\/\/greenlifeclinics.com\/wp-content\/uploads\/2022\/12\/45-2048x1365.jpg 2048w\" sizes=\"(max-width: 800px) 100vw, 800px\" \/>\t\t\t\t\t\t\t\t\t\t\t\t\t\t\t<\/div>\n\t\t\t\t<\/div>\n\t\t\t\t<div class=\"elementor-element elementor-element-218e8d4 elementor-widget elementor-widget-text-editor\" data-id=\"218e8d4\" data-element_type=\"widget\" data-e-type=\"widget\" data-widget_type=\"text-editor.default\">\n\t\t\t\t<div class=\"elementor-widget-container\">\n\t\t\t\t\t\t\t\t\t<p><span style=\"font-size: 14.0pt; line-height: 107%;\">Green Life grubu, sa\u011fl\u0131k, zay\u0131flama ve g\u00fczellik sekt\u00f6r\u00fcn\u00fcn geli\u015fimi do\u011frultusunda ve yeni \u00e7\u00f6z\u00fcmler sunarak 1997 y\u0131l\u0131ndan bu yana profesyonel faaliyetine ba\u015flaman\u0131n gururunu ya\u015f\u0131yor. bu sekt\u00f6rde derin de\u011fi\u015fimler yaratmay\u0131 ba\u015fard\u0131. Bu kompleks, \u00a0\u0131randa ve ba\u015fka \u00fclkelerde 100&#8217;den fazla deneyimli ve uzman personelin g\u00fcc\u00fcnden yararlanarak, alan\u0131nda \u00e7e\u015fitli uzmanla\u015fm\u0131\u015f hizmetler sunabilmektedir.<\/span> <span style=\"font-size: 14.0pt; line-height: 107%;\">Art\u0131k T\u00fcrkiye&#8217;deki bir\u00e7ok tecr\u00fcbesiyle hem\u015ferilerine hizmet etmeye haz\u0131r. zay\u0131flama, fitness, beslenme ve lazer alanlar\u0131nda uzmanla\u015fm\u0131\u015f olup, cilt ve sa\u00e7 alan\u0131nda da uzmanla\u015fm\u0131\u015f hizmetler sunarak bu sekt\u00f6r\u00fcn pazar\u0131ndan b\u00fcy\u00fck bir pay elde etmektedir.<\/span><\/p><p class=\"MsoNormal\" style=\"text-align: justify;\"><span style=\"font-size: 14.0pt; line-height: 107%;\">\u015eu anda Green Life Group, sa\u011fl\u0131k ve g\u00fczellik alan\u0131nda yirmi y\u0131ldan fazla faaliyet g\u00f6stermesi ve Orta Do\u011fu&#8217;da yakla\u015f\u0131k 2.000.000 \u00fcyeye sahip olmas\u0131 nedeniyle bu sekt\u00f6r\u00fcn ana oyuncular\u0131ndan biri haline gelmi\u015ftir.<\/span><\/p><p class=\"MsoNormal\" style=\"text-align: justify;\"><span style=\"font-size: 14.0pt; line-height: 107%;\">Green Life, insanlar\u0131n d\u00fc\u015f\u00fcnce ve ya\u015fam tarzlar\u0131n\u0131 de\u011fi\u015ftirmeye odaklanarak her birinin ye\u015fil bir ya\u015fam deneyimlemesine yard\u0131mc\u0131 olacak. Green Life, ye\u015fil bir ya\u015fam\u0131n, ye\u015fil bir zincir olu\u015fturmadan m\u00fcmk\u00fcn olmayaca\u011f\u0131na, bu do\u011frultuda ad\u0131m atan \u00e7al\u0131\u015fma gruplar\u0131n\u0131n etkile\u015fimi ve i\u015f birli\u011fine ba\u011fl\u0131 oldu\u011funa inanmaktad\u0131r.<\/span><\/p><p class=\"MsoNormal\" style=\"text-align: justify;\"><span style=\"font-size: 14.0pt; line-height: 107%;\">\u00a0<\/span><\/p><p>\u00a0<\/p><p class=\"MsoNormal\" style=\"text-align: justify;\"><span style=\"font-size: 14.0pt; line-height: 107%;\">Bizi a\u015fa\u011f\u0131daki sosyal medyada takip edin<\/span><\/p>\t\t\t\t\t\t\t\t<\/div>\n\t\t\t\t<\/div>\n\t\t\t\t\t<\/div>\n\t\t<\/div>\n\t\t\t\t\t<\/div>\n\t\t<\/section>\n\t\t\t\t<section class=\"elementor-section elementor-top-section elementor-element elementor-element-8324d8b elementor-section-boxed elementor-section-height-default elementor-section-height-default\" data-id=\"8324d8b\" data-element_type=\"section\" data-e-type=\"section\">\n\t\t\t\t\t\t<div class=\"elementor-container elementor-column-gap-default\">\n\t\t\t\t\t<div class=\"elementor-column elementor-col-100 elementor-top-column elementor-element elementor-element-81dca0e\" data-id=\"81dca0e\" data-element_type=\"column\" data-e-type=\"column\">\n\t\t\t<div class=\"elementor-widget-wrap elementor-element-populated\">\n\t\t\t\t\t\t<div class=\"elementor-element elementor-element-dd75f06 elementor-shape-rounded elementor-grid-0 e-grid-align-center elementor-widget elementor-widget-social-icons\" data-id=\"dd75f06\" data-element_type=\"widget\" data-e-type=\"widget\" data-widget_type=\"social-icons.default\">\n\t\t\t\t<div class=\"elementor-widget-container\">\n\t\t\t\t\t\t\t<div class=\"elementor-social-icons-wrapper elementor-grid\" role=\"list\">\n\t\t\t\t\t\t\t<span class=\"elementor-grid-item\" role=\"listitem\">\n\t\t\t\t\t<a class=\"elementor-icon elementor-social-icon elementor-social-icon-telegram elementor-repeater-item-088f240\" href=\"https:\/\/t.me\/rejim_ir\" target=\"_blank\">\n\t\t\t\t\t\t<span class=\"elementor-screen-only\">Telegram<\/span>\n\t\t\t\t\t\t<svg aria-hidden=\"true\" class=\"e-font-icon-svg e-fab-telegram\" viewBox=\"0 0 496 512\" xmlns=\"http:\/\/www.w3.org\/2000\/svg\"><path d=\"M248 8C111 8 0 119 0 256s111 248 248 248 248-111 248-248S385 8 248 8zm121.8 169.9l-40.7 191.8c-3 13.6-11.1 16.9-22.4 10.5l-62-45.7-29.9 28.8c-3.3 3.3-6.1 6.1-12.5 6.1l4.4-63.1 114.9-103.8c5-4.4-1.1-6.9-7.7-2.5l-142 89.4-61.2-19.1c-13.3-4.2-13.6-13.3 2.8-19.7l239.1-92.2c11.1-4 20.8 2.7 17.2 19.5z\"><\/path><\/svg>\t\t\t\t\t<\/a>\n\t\t\t\t<\/span>\n\t\t\t\t\t\t\t<span class=\"elementor-grid-item\" role=\"listitem\">\n\t\t\t\t\t<a class=\"elementor-icon elementor-social-icon elementor-social-icon-linkedin elementor-repeater-item-3b96f70\" href=\"https:\/\/www.linkedin.com\/in\/green-life-clinic\/\" target=\"_blank\" rel=\"noopener\">\n\t\t\t\t\t\t<span class=\"elementor-screen-only\">Linkedin<\/span>\n\t\t\t\t\t\t<svg aria-hidden=\"true\" class=\"e-font-icon-svg e-fab-linkedin\" viewBox=\"0 0 448 512\" xmlns=\"http:\/\/www.w3.org\/2000\/svg\"><path d=\"M416 32H31.9C14.3 32 0 46.5 0 64.3v383.4C0 465.5 14.3 480 31.9 480H416c17.6 0 32-14.5 32-32.3V64.3c0-17.8-14.4-32.3-32-32.3zM135.4 416H69V202.2h66.5V416zm-33.2-243c-21.3 0-38.5-17.3-38.5-38.5S80.9 96 102.2 96c21.2 0 38.5 17.3 38.5 38.5 0 21.3-17.2 38.5-38.5 38.5zm282.1 243h-66.4V312c0-24.8-.5-56.7-34.5-56.7-34.6 0-39.9 27-39.9 54.9V416h-66.4V202.2h63.7v29.2h.9c8.9-16.8 30.6-34.5 62.9-34.5 67.2 0 79.7 44.3 79.7 101.9V416z\"><\/path><\/svg>\t\t\t\t\t<\/a>\n\t\t\t\t<\/span>\n\t\t\t\t\t\t\t<span class=\"elementor-grid-item\" role=\"listitem\">\n\t\t\t\t\t<a class=\"elementor-icon elementor-social-icon elementor-social-icon-twitter elementor-repeater-item-b6d0983\" href=\"https:\/\/twitter.com\/greenlifeclini1\" target=\"_blank\" rel=\"noopener\">\n\t\t\t\t\t\t<span class=\"elementor-screen-only\">Twitter<\/span>\n\t\t\t\t\t\t<svg aria-hidden=\"true\" class=\"e-font-icon-svg e-fab-twitter\" viewBox=\"0 0 512 512\" xmlns=\"http:\/\/www.w3.org\/2000\/svg\"><path d=\"M459.37 151.716c.325 4.548.325 9.097.325 13.645 0 138.72-105.583 298.558-298.558 298.558-59.452 0-114.68-17.219-161.137-47.106 8.447.974 16.568 1.299 25.34 1.299 49.055 0 94.213-16.568 130.274-44.832-46.132-.975-84.792-31.188-98.112-72.772 6.498.974 12.995 1.624 19.818 1.624 9.421 0 18.843-1.3 27.614-3.573-48.081-9.747-84.143-51.98-84.143-102.985v-1.299c13.969 7.797 30.214 12.67 47.431 13.319-28.264-18.843-46.781-51.005-46.781-87.391 0-19.492 5.197-37.36 14.294-52.954 51.655 63.675 129.3 105.258 216.365 109.807-1.624-7.797-2.599-15.918-2.599-24.04 0-57.828 46.782-104.934 104.934-104.934 30.213 0 57.502 12.67 76.67 33.137 23.715-4.548 46.456-13.32 66.599-25.34-7.798 24.366-24.366 44.833-46.132 57.827 21.117-2.273 41.584-8.122 60.426-16.243-14.292 20.791-32.161 39.308-52.628 54.253z\"><\/path><\/svg>\t\t\t\t\t<\/a>\n\t\t\t\t<\/span>\n\t\t\t\t\t\t\t<span class=\"elementor-grid-item\" role=\"listitem\">\n\t\t\t\t\t<a class=\"elementor-icon elementor-social-icon elementor-social-icon-youtube elementor-repeater-item-dd0dcac\" href=\"https:\/\/www.youtube.com\/greenlifeclinic\" target=\"_blank\" rel=\"noopener\">\n\t\t\t\t\t\t<span class=\"elementor-screen-only\">Youtube<\/span>\n\t\t\t\t\t\t<svg aria-hidden=\"true\" class=\"e-font-icon-svg e-fab-youtube\" viewBox=\"0 0 576 512\" xmlns=\"http:\/\/www.w3.org\/2000\/svg\"><path d=\"M549.655 124.083c-6.281-23.65-24.787-42.276-48.284-48.597C458.781 64 288 64 288 64S117.22 64 74.629 75.486c-23.497 6.322-42.003 24.947-48.284 48.597-11.412 42.867-11.412 132.305-11.412 132.305s0 89.438 11.412 132.305c6.281 23.65 24.787 41.5 48.284 47.821C117.22 448 288 448 288 448s170.78 0 213.371-11.486c23.497-6.321 42.003-24.171 48.284-47.821 11.412-42.867 11.412-132.305 11.412-132.305s0-89.438-11.412-132.305zm-317.51 213.508V175.185l142.739 81.205-142.739 81.201z\"><\/path><\/svg>\t\t\t\t\t<\/a>\n\t\t\t\t<\/span>\n\t\t\t\t\t\t\t<span class=\"elementor-grid-item\" role=\"listitem\">\n\t\t\t\t\t<a class=\"elementor-icon elementor-social-icon elementor-social-icon- elementor-repeater-item-7065b9e\" href=\"https:\/\/www.aparat.com\/greenlifeclinics\" target=\"_blank\" rel=\"noopener\">\n\t\t\t\t\t\t<span class=\"elementor-screen-only\"><\/span>\n\t\t\t\t\t\t<svg xmlns=\"http:\/\/www.w3.org\/2000\/svg\" id=\"Layer_1\" viewBox=\"0 0 530.9 530.9\" width=\"2500\" height=\"2500\"><style>.st0{fill:#ef3087;stroke:#fff;stroke-width:25;stroke-miterlimit:10}.st1{fill:#fcfcfc}<\/style><path d=\"M348 527.8L50.5 436.9c-37.6-11.5-58.8-51.3-47.3-89L94 50.5c11.5-37.6 51.3-58.8 89-47.3L480.5 94c37.6 11.5 58.8 51.3 47.3 89l-90.9 297.5c-11.5 37.6-51.3 58.8-88.9 47.3z\"><\/path><circle class=\"st0\" cx=\"265.5\" cy=\"265.5\" r=\"226.8\"><\/circle><circle class=\"st1\" cx=\"265.5\" cy=\"265.5\" r=\"28.4\"><\/circle><path class=\"st1\" d=\"M182.4 216.6c-34.3-8.2-55.4-42.6-47.3-76.8 8.2-34.3 42.6-55.4 76.8-47.3 34.3 8.2 55.4 42.6 47.3 76.8-8.1 34.2-42.5 55.4-76.8 47.3zM361.7 259.2c-34.3-8.2-55.4-42.6-47.3-76.8 8.2-34.3 42.6-55.4 76.8-47.3 34.3 8.2 55.4 42.6 47.3 76.8-8.2 34.3-42.6 55.5-76.8 47.3zM139.7 395.8c-34.3-8.2-55.4-42.6-47.3-76.8 8.2-34.3 42.6-55.4 76.8-47.3 34.3 8.2 55.4 42.6 47.3 76.8-8.1 34.3-42.5 55.5-76.8 47.3zM319 438.5c-34.3-8.2-55.4-42.6-47.3-76.8 8.2-34.3 42.6-55.4 76.8-47.3 34.3 8.2 55.4 42.6 47.3 76.8-8.1 34.3-42.5 55.5-76.8 47.3z\"><\/path><\/svg>\t\t\t\t\t<\/a>\n\t\t\t\t<\/span>\n\t\t\t\t\t<\/div>\n\t\t\t\t\t\t<\/div>\n\t\t\t\t<\/div>\n\t\t\t\t\t<\/div>\n\t\t<\/div>\n\t\t\t\t\t<\/div>\n\t\t<\/section>\n\t\t\t\t<\/div>\n\t\t","protected":false},"excerpt":{"rendered":"<p>Green Life grubu, sa\u011fl\u0131k, zay\u0131flama ve g\u00fczellik sekt\u00f6r\u00fcn\u00fcn geli\u015fimi do\u011frultusunda ve yeni \u00e7\u00f6z\u00fcmler sunarak 1997 y\u0131l\u0131ndan bu yana profesyonel faaliyetine ba\u015flaman\u0131n gururunu ya\u015f\u0131yor. bu sekt\u00f6rde derin de\u011fi\u015fimler yaratmay\u0131 ba\u015fard\u0131. Bu kompleks, \u00a0\u0131randa ve ba\u015fka \u00fclkelerde 100&#8217;den fazla deneyimli ve uzman personelin g\u00fcc\u00fcnden yararlanarak, alan\u0131nda \u00e7e\u015fitli uzmanla\u015fm\u0131\u015f hizmetler sunabilmektedir. Art\u0131k T\u00fcrkiye&#8217;deki bir\u00e7ok tecr\u00fcbesiyle hem\u015ferilerine hizmet etmeye [&hellip;]<\/p>\n","protected":false},"author":1,"featured_media":0,"parent":0,"menu_order":0,"comment_status":"closed","ping_status":"closed","template":"","meta":{"_daim_seo_power":"","_daim_enable_ail":"","footnotes":""},"class_list":["post-12198","page","type-page","status-publish","hentry"],"_links":{"self":[{"href":"https:\/\/greenlifeclinics.com\/tr\/wp-json\/wp\/v2\/pages\/12198","targetHints":{"allow":["GET"]}}],"collection":[{"href":"https:\/\/greenlifeclinics.com\/tr\/wp-json\/wp\/v2\/pages"}],"about":[{"href":"https:\/\/greenlifeclinics.com\/tr\/wp-json\/wp\/v2\/types\/page"}],"author":[{"embeddable":true,"href":"https:\/\/greenlifeclinics.com\/tr\/wp-json\/wp\/v2\/users\/1"}],"replies":[{"embeddable":true,"href":"https:\/\/greenlifeclinics.com\/tr\/wp-json\/wp\/v2\/comments?post=12198"}],"version-history":[{"count":0,"href":"https:\/\/greenlifeclinics.com\/tr\/wp-json\/wp\/v2\/pages\/12198\/revisions"}],"wp:attachment":[{"href":"https:\/\/greenlifeclinics.com\/tr\/wp-json\/wp\/v2\/media?parent=12198"}],"curies":[{"name":"wp","href":"https:\/\/api.w.org\/{rel}","templated":true}]}}