{"id":12181,"date":"2022-09-26T18:14:44","date_gmt":"2022-09-26T14:44:44","guid":{"rendered":"https:\/\/greenlifeclinics.com\/?page_id=12181"},"modified":"2023-07-11T16:51:14","modified_gmt":"2023-07-11T12:21:14","slug":"dolgu-enjeksiyonu","status":"publish","type":"page","link":"https:\/\/greenlifeclinics.com\/tr\/dolgu-enjeksiyonu\/","title":{"rendered":"Dolgu enjeksiyonu"},"content":{"rendered":"<h3 dir=\"ltr\"><span style=\"color: #800080;\"> Dolgu nedir?<\/span><\/h3>\n<p dir=\"ltr\">Dolgu maddeleri, cilt alt\u0131na lokal olarak enjekte edilen ve dudak, \u00e7ene, yanaklar, g\u00f6z alt\u0131 gibi kusurlar\u0131 gideren ve g\u00fczelle\u015ftiren dermal dolgu maddeleridir. Dolgu maddeleri ya ki\u015finin kendi v\u00fccudundan al\u0131narak hacim kazanmas\u0131 gereken b\u00f6lgeye enjekte edilen ya\u011flard\u0131r ya da bir doktor taraf\u0131ndan haz\u0131rlan\u0131p basit bir \u015fekilde enjekte edilebilirler. Ancak pop\u00fcler inan\u0131\u015fa g\u00f6re dolgu maddesi jel ile ayn\u0131 \u015feydir ve ya\u011f \u00e7o\u011fu zaman dolgu maddesi olarak d\u00fc\u015f\u00fcn\u00fclmez.<br \/>\nTabii ki en iyi ve en kal\u0131c\u0131 dolgulardan biri de v\u00fccuttan at\u0131lan ve alerji gibi yan etkilere neden olmayan ya\u011fd\u0131r; Ve doktor ya\u011f toplama, haz\u0131rlama ve enjekte etme konusunda yetenekliyse, bu kal\u0131c\u0131 sonu\u00e7larla ili\u015fkilendirilebilir.<\/p>\n<p dir=\"ltr\"><img fetchpriority=\"high\" decoding=\"async\" class=\"aligncenter wp-image-11584 \" src=\"https:\/\/greenlifeclinics.com\/wp-content\/uploads\/2022\/11\/41-min-scaled.jpg\" alt=\"\" width=\"598\" height=\"668\" srcset=\"https:\/\/greenlifeclinics.com\/wp-content\/uploads\/2022\/11\/41-min-scaled.jpg 2291w, https:\/\/greenlifeclinics.com\/wp-content\/uploads\/2022\/11\/41-min-268x300.jpg 268w, https:\/\/greenlifeclinics.com\/wp-content\/uploads\/2022\/11\/41-min-916x1024.jpg 916w, https:\/\/greenlifeclinics.com\/wp-content\/uploads\/2022\/11\/41-min-768x858.jpg 768w, https:\/\/greenlifeclinics.com\/wp-content\/uploads\/2022\/11\/41-min-1374x1536.jpg 1374w, https:\/\/greenlifeclinics.com\/wp-content\/uploads\/2022\/11\/41-min-1832x2048.jpg 1832w\" sizes=\"(max-width: 598px) 100vw, 598px\" \/><\/p>\n<h3 dir=\"ltr\"><span style=\"color: #800080;\"> Dolgu enjeksiyonu kal\u0131c\u0131 m\u0131d\u0131r?<\/span><\/h3>\n<p dir=\"ltr\">Dolgu maddeleri veya dermal dolgu maddeleri, \u00e7\u00f6k\u00fcnt\u00fcleri, k\u0131r\u0131\u015f\u0131k \u00e7izgileri ve kay\u0131p dokular\u0131 onarmak i\u00e7in kullan\u0131labilen maddelerdir. Ayr\u0131ca y\u00fcz\u00fcn veya v\u00fccudun bir b\u00f6lgesinde hacim art\u0131\u015f\u0131 e\u011filimi varsa; Daha fazla hacim ve daha iyi \u015fekil elde etmek i\u00e7in dolgu maddelerinin enjeksiyonu en iyi \u00e7\u00f6z\u00fcmd\u00fcr. Bu tart\u0131\u015fman\u0131n devam\u0131nda dolgu maddelerinin tam olarak tan\u0131t\u0131lmas\u0131 ve kullan\u0131mlar\u0131 tart\u0131\u015f\u0131lacakt\u0131r.<\/p>\n<h3 dir=\"ltr\"><span style=\"color: #800080;\"> Enjekte edilen dolgu maddeleri ne i\u015fe yarar?<\/span><\/h3>\n<p dir=\"ltr\">Dolgu maddelerinin a\u015fa\u011f\u0131daki gibi 4 temel kullan\u0131m alan\u0131 vard\u0131r:<br \/>\n1. Dolgu \u00f6zellikleri ile dolgu maddeleri; K\u0131r\u0131\u015f\u0131kl\u0131klar\u0131 ve y\u00fcz hatlar\u0131n\u0131 iyi doldurup kapatabilirler. Ka\u015f \u00e7atma \u00e7izgileri, g\u00fclme \u00e7izgileri ve al\u0131ndaki yatay \u00e7izgiler dolgu enjeksiyonu ile iyi kapat\u0131l\u0131r ve kaybolur.<br \/>\n2. Bu malzemeler subsizyon gibi y\u00f6ntemlerle birlikte atrofik veya \u00e7\u00f6k\u00fck izlerin d\u00fczeltilmesinde de kullan\u0131labilir.<br \/>\n3. Dolgu enjeksiyonunun temel uygulamalar\u0131ndan biri de y\u00fcz \u015fekillendirmedir. Pek \u00e7ok insanda \u00e7e\u015fitli sebeplerden dolay\u0131 yanak, \u015fakak ya da dudaklar simetrik de\u011fildir. Dolgu enjeksiyonu, y\u00fcz b\u00f6lgelerini daha \u00e7ekici hale getirerek, g\u00fczelli\u011fin ilkelerinden biri olan dengeyi ve parlakl\u0131\u011f\u0131 korumay\u0131 sa\u011flayabilir.<br \/>\n4. Dolgu enjeksiyonunun en yayg\u0131n kullan\u0131m\u0131, y\u00fcz\u00fcn\u00fcn veya v\u00fccudunun bir b\u00f6l\u00fcm\u00fcnde daha fazla hacim ve daha iyi bir \u015fekil elde etmek isteyen ki\u015filer i\u00e7indir. Hacimdeki bu azalma ya ba\u015ftan beri ve genetik olarak var olmu\u015ftur ya da ya\u015f, kilo kayb\u0131, ya\u015fam tarz\u0131 vb. nedenlerle zamanla olu\u015fmu\u015ftur. Her durumda, bu vakalar i\u00e7in dolgu enjeksiyonu en iyi sonu\u00e7larla ili\u015fkilendirilebilir.<\/p>\n<h3 dir=\"ltr\"><span style=\"color: #800080;\"> Dolgu maddeleri hangi b\u00f6lgelere enjekte edilir?<\/span><\/h3>\n<p dir=\"ltr\">Elleri gen\u00e7le\u015ftirmek i\u00e7in v\u00fccutta g\u00f6\u011f\u00fcs, basen, el s\u0131rt\u0131 gibi yerlere dolgu maddeleri enjekte edilir. Dolgu enjeksiyonu ile y\u00fcz\u00fcn gen\u00e7le\u015fen ve hacim art\u0131\u015f\u0131 ile ili\u015fkilendirilen noktalar\u0131 ise \u015funlard\u0131r:<br \/>\n\u2022 Y\u00fcz \u015fekillendirme veya modelleme i\u00e7in yanak, \u00e7ene ve \u00e7ene \u00e7izgisi dolgu enjeksiyonu<br \/>\n\u2022 Dudak dolgusu enjeksiyonu<br \/>\nG\u00fclme \u00e7izgisi dolgu enjeksiyonu<br \/>\n\u2022 G\u00f6z alt\u0131na dolgu enjeksiyonu<br \/>\n\u2022 Ka\u015f \u00e7atma \u00e7izgilerinin ve yatay al\u0131n \u00e7izgilerinin enjeksiyonu<br \/>\n\u2022 G\u00f6z \u00e7evresindeki \u00e7izgilere dolgu enjeksiyonu<\/p>\n<p dir=\"ltr\">\n<p dir=\"ltr\">\n<h3 dir=\"ltr\"><span style=\"color: #800080;\"> Dolgu enjeksiyonu kal\u0131c\u0131 m\u0131d\u0131r?<\/span><\/h3>\n<p dir=\"ltr\">Dolgu maddeleri dayan\u0131kl\u0131l\u0131klar\u0131na g\u00f6re a\u015fa\u011f\u0131daki 3 kategoriye ayr\u0131l\u0131r:<br \/>\nkal\u0131c\u0131 dolgular<br \/>\nBu dolgu maddelerinin ad\u0131ndan da anla\u015f\u0131laca\u011f\u0131 gibi bu maddeler v\u00fccut taraf\u0131ndan par\u00e7alanamaz ve kal\u0131c\u0131 olarak dokuda kal\u0131r. Bu jellerden biri de poliakrilamid ailesidir. Bu jellerden biri de poliakrilamid ailesidir. Do\u011fal bir dolgu maddesi olarak ya\u011f enjeksiyonu, e\u011fer iyi enjekte edilirse ve doktorun bu i\u015flemi ger\u00e7ekle\u015ftirmek i\u00e7in gerekli becerilere sahip olmas\u0131 durumunda; Ki\u015fide komplikasyon olmadan y\u0131llarca kalabilir.<\/p>\n<h3 dir=\"ltr\"><span style=\"color: #800080;\"> Yar\u0131 kal\u0131c\u0131 dolgu maddeleri<\/span><\/h3>\n<p dir=\"ltr\">Kalsiyum hidroksil apatit, polikaprolakton, poli-L-laktik asit vb. gibi kal\u0131c\u0131l\u0131\u011f\u0131 2 ile 4 y\u0131l aras\u0131nda de\u011fi\u015fen bu dolgu maddeleri \u00e7e\u015fitli aileleri i\u00e7erir. Bu dolgu maddelerinin enjeksiyonunun kendine has p\u00fcf noktalar\u0131 ve dikkat edilmesi gereken noktalar\u0131 vard\u0131r, bu nedenle bu durumlar\u0131 bilen deneyimli bir doktor taraf\u0131ndan enjekte edilmelidir.<br \/>\nge\u00e7ici dolgular<br \/>\nGe\u00e7ici dolgu maddelerinin de farkl\u0131 t\u00fcrleri bulunmaktad\u0131r. T\u00fcrlerinden biri de en yayg\u0131n kullan\u0131lan ve en az karma\u015f\u0131k dolgu t\u00fcrlerinden biri olan hyaluronik asit bazl\u0131 dolgulard\u0131r. Bu dolgu maddeleri, kaybedilen doku hacmini doldurma ve telafi etme rol\u00fcn\u00fcn yan\u0131 s\u0131ra, kollajen sentezini de uyararak cilde daha s\u0131k\u0131 bir g\u00f6r\u00fcn\u00fcm kazand\u0131r\u0131r.<\/p>\n<h3 dir=\"ltr\"><span style=\"color: #800080;\"> Dolgu uygulamalar\u0131<\/span><\/h3>\n<p dir=\"ltr\">Dolgunun kullan\u0131m alanlar\u0131 \u015funlard\u0131r:<br \/>\n1) G\u00f6z \u00e7evresindeki k\u0131r\u0131\u015f\u0131kl\u0131klar\u0131n ve kaz aya\u011f\u0131 \u00e7izgilerinin giderilmesi<br \/>\n2) G\u00fclme \u00e7izgisini d\u00fczeltin<br \/>\n3) Y\u00fcz\u00fcn dudak, \u00e7ene ve yanaklar gibi b\u00f6lgelerinin hacminin artmas\u0131<br \/>\n4) Al\u0131n b\u00f6lgesindeki k\u0131r\u0131\u015f\u0131kl\u0131klar\u0131n ve ka\u015f \u00e7atma \u00e7izgilerinin giderilmesi<br \/>\n5) Burun \u015feklinin ameliyats\u0131z d\u00fczeltilmesi<br \/>\n6) Cildin tazelenmesi ve gen\u00e7le\u015fmesi<br \/>\n7) Ellerin gen\u00e7le\u015ftirilmesi<br \/>\n8) G\u00f6z alt\u0131ndaki gamze ve morluklar\u0131n tedavisi<br \/>\n9) Ka\u015f \u00e7atma \u00e7izgisini onarmak<br \/>\n10) y\u00fcz\u00fcn \u015fekillendirilmesi, a\u00e7\u0131land\u0131r\u0131lmas\u0131 ve modellenmesi<br \/>\n11) \u00e7ene d\u00fczeltme\n<\/p>\n<h3 dir=\"ltr\"><strong>dolgu \u00e7e\u015fitleri<\/strong><\/h3>\n<h3 dir=\"ltr\"><span style=\"color: #800080;\"> \u00dc\u00e7 \u00e7e\u015fit dolgumuz var:<\/span><\/h3>\n<p dir=\"ltr\">Dolgunun ciltte kalma s\u00fcresine g\u00f6re dolgu maddeleri d\u00f6rt kategoriye ayr\u0131l\u0131r:<br \/>\n1) K\u0131sa etkili dolgular: K\u0131sa etkili dolgular ciltte 4 ila 6 aydan daha k\u0131sa s\u00fcre kal\u0131r ve sonras\u0131nda kaybolur.<br \/>\n2) Uzun etkili dolgular: Bu tip dolgular\u0131n kal\u0131c\u0131l\u0131\u011f\u0131 6 ile 12 ay aras\u0131ndad\u0131r (kollajenden yap\u0131lan (s\u0131\u011f\u0131r t\u00fcr\u00fc ve biyolojik maddeler dahil) dolgular vard\u0131r, alerjik reaksiyonlara neden oldu\u011fu i\u00e7in kullan\u0131lmaz)<br \/>\n3) Yar\u0131 kal\u0131c\u0131 dolgu maddeleri: 1-2 y\u0131l ciltte kal\u0131r.<br \/>\n4) Kal\u0131c\u0131 dolgu maddeleri: Enjeksiyondan sonra kaybolmazlar ve kal\u0131c\u0131 olarak ciltte kal\u0131rlar.<br \/>\nKullan\u0131lan malzemenin cinsine g\u00f6re dolgu \u00e7e\u015fitleri:<br \/>\n1) Otolog insan ya\u011f\u0131:<br \/>\nBu dolguda ya\u011f v\u00fccudun kendisinden al\u0131n\u0131r. Yani kal\u00e7a ya da kar\u0131n b\u00f6lgesi ile ilgili doku ve ya\u011f h\u00fccrelerinin bir k\u0131sm\u0131 belirli ko\u015fullar alt\u0131nda \u00e7\u0131kar\u0131larak cildinize enjekte edilir.<br \/>\n2) Hyaluronik Asit: Hyaluronik Asit (HA)<br \/>\nEn \u00fcnl\u00fc dolgu maddelerinden biridir. Hyaluronik asit ciltte do\u011fal olarak bulunur ve cilde hacim ve nem verir ve cilt beslenmesinde \u00f6nemli ve temel bir rol oynar.<br \/>\n3) Kalsiyum Hidroksil Apatit (CAHA)<br \/>\nKalsiyum hidroksil apatit ka\u015f \u00e7atma \u00e7izgileri, burun ve a\u011f\u0131z \u00e7izgileri gibi orta ve b\u00fcy\u00fck k\u0131r\u0131\u015f\u0131kl\u0131klar\u0131 doldurmak i\u00e7in kullan\u0131l\u0131r. G\u00f6z \u00e7evresindeki kaz aya\u011f\u0131 \u00e7izgilerine de dolgu maddesi enjekte edilir. Bu madde genellikle ki\u015fide herhangi bir alerjiye neden olmaz. Bu madde daha \u00e7ok normal k\u0131r\u0131\u015f\u0131kl\u0131klar ve \u015fiddetli k\u0131r\u0131\u015f\u0131kl\u0131klar ile hacim art\u0131\u015f\u0131 ve elmac\u0131k kemikleri i\u00e7in kullan\u0131lan insan v\u00fccudunun kemiklerinde bulunur. AIDS&#8217;li ve \u00e7ok ince y\u00fczleri olan baz\u0131 ki\u015filer, y\u00fczlerini \u015fi\u015fmanlatmak veya dolgunla\u015ft\u0131rmak i\u00e7in kalsiyum hidroksil apatit kullanabilirler.<br \/>\n4) Poli-L-Laktik asit<br \/>\nBu dolgu hyaluronik asit jelinden farkl\u0131d\u0131r. Bu sayede gen\u00e7le\u015ftirici ve hacim verici \u00f6zelli\u011fi y\u00fcksektir ve daha dayan\u0131kl\u0131d\u0131r. Poli-L-laktik asitten olu\u015fan bu dolgu maddesi do\u011fas\u0131 gere\u011fi bir s\u00fcre sonra ciltte yeni kollajen olu\u015fumuna neden olur ve cildi eski haline getirir.<br \/>\nDolgu hangi b\u00f6lgelere yap\u0131l\u0131r?<br \/>\nDolgu enjeksiyonu y\u00fcz\u00fcn her birini inceleyece\u011fimiz farkl\u0131 b\u00f6lgelerine yap\u0131l\u0131r.<\/p>\n<h3 dir=\"ltr\"><span style=\"color: #800080;\"> G\u00f6z alt\u0131na dolgu enjeksiyonu:<\/span><\/h3>\n<p dir=\"ltr\">G\u00f6z alt\u0131 dolgusu, do\u011fal hyaluronik asitten olu\u015fan enjekte edilebilir bir dolgu maddesidir (\u00e7ok yumu\u015fak bir doku).<\/p>\n<p dir=\"ltr\"><span style=\"color: #800080;\"><b> Yanak dolgu enjeksiyonu:<\/b><\/span><br \/>\nYanak dolgusu enjeksiyonu y\u00fcze hacim kazand\u0131rmak i\u00e7in uygun bir y\u00f6ntemdir. Bu dolgu t\u00fcr\u00fc ayr\u0131ca k\u0131r\u0131\u015f\u0131kl\u0131klar\u0131 gidermek i\u00e7in de kullan\u0131l\u0131r. Bu \u00fcr\u00fcn kalitesine g\u00f6re 1 ile 2 y\u0131l aras\u0131nda dayan\u0131r.<\/p>\n<p dir=\"ltr\"><span style=\"color: #800080;\"><b> Dudak dolgusu enjeksiyonu:<\/b><\/span><br \/>\nDudaklar\u0131n g\u00f6r\u00fcn\u00fcm\u00fcnde var olan sorunlar\u0131 d\u00fczeltmek ve ayn\u0131 zamanda dudaklar\u0131 g\u00fczelle\u015ftirmek i\u00e7in dudaklar\u0131n\u0131za dolgu maddeleri enjekte edilerek yap\u0131lan hacim de\u011fi\u015ftirme y\u00f6ntemi vard\u0131r. Bu malzemeler hyaluronik asit ad\u0131 verilen bir maddeden yap\u0131l\u0131r.<\/p>\n<p dir=\"ltr\"><span style=\"color: #800080;\"><b> Burun dolgusu enjeksiyonu:<\/b><\/span><br \/>\nBurun dolgusu enjeksiyonu, erkekler ve kad\u0131nlar aras\u0131nda olduk\u00e7a pop\u00fcler olan y\u00fcz g\u00fczelle\u015ftirme y\u00f6ntemlerinden biridir. Do\u011fu\u015ftan olan kusurlar\u0131 d\u00fczeltmek i\u00e7in burun dolgusu kullan\u0131l\u0131r.<\/p>\n<p dir=\"ltr\"><span style=\"color: #800080;\"><b> K\u0131r\u0131\u015f\u0131kl\u0131k dolgu enjeksiyonu<\/b><\/span><br \/>\nK\u0131r\u0131\u015f\u0131kl\u0131k dolgusu enjeksiyonu cilt k\u0131r\u0131\u015f\u0131kl\u0131klar\u0131n\u0131 ge\u00e7ici olarak giderir. Y\u00fcze dolgu enjeksiyonu ayaktan anestezi yap\u0131lmadan yap\u0131l\u0131r.<\/p>\n<p dir=\"ltr\"><span style=\"color: #800080;\"><b> G\u00fclme \u00e7izgisi i\u00e7in dolgu maddesi<\/b><\/span><br \/>\nG\u00fcl\u00fcmseme y\u00fcz\u00fcm\u00fczden kald\u0131r\u0131l\u0131rsa y\u00fcz g\u00fczelli\u011finin ve tazeli\u011finin yar\u0131s\u0131 kaybolur ama buna ek olarak azar azar ve zamanla bu sorun dudak ve a\u011f\u0131z \u00e7evresinde derin \u00e7izgiler olu\u015fturarak y\u00fcz \u00e7irkinli\u011fine neden olur.<\/p>\n<h3 dir=\"ltr\"><span style=\"color: #800080;\"> Dolgu enjeksiyonu ne yapabilir?<\/span><\/h3>\n<p dir=\"ltr\">1) \u0130nce dudaklar\u0131 dolgunla\u015ft\u0131r\u0131r.<br \/>\n2) Y\u00fcz hatlar\u0131n\u0131 belirginle\u015ftirir.<br \/>\n3) Y\u00fcz k\u0131r\u0131\u015f\u0131kl\u0131klar\u0131n\u0131 giderir.<br \/>\n4) Yara izlerini ve sivilceleri iyile\u015ftirir.<br \/>\n5) Y\u00fczdeki anormallikleri d\u00fczeltir.<br \/>\n6) G\u00f6z alt\u0131 morluklar\u0131n\u0131n kaybolmas\u0131na veya azalmas\u0131na neden olur.<\/p>\n<h3 dir=\"ltr\"><span style=\"color: #800080;\"> \u00c7ene dolgusu:<\/span><\/h3>\n<p dir=\"ltr\">\u00c7ene dolgusu enjeksiyonu daha az zarar veren y\u00f6ntemlerden biridir \u00e7\u00fcnk\u00fc dolgu maddesi insan v\u00fccudunda do\u011fal olarak bulunan hyaluronik asittir.<\/p>\n<h4 dir=\"ltr\"><span style=\"color: #800080;\"> Ka\u015flar\u0131n\u0131 \u00e7atma dolgusu:<\/span><\/h4>\n<p dir=\"ltr\">Zamanla ka\u015f \u00e7atma \u00e7izgileri derinle\u015fir. Ka\u015f \u00e7atma, dolgu enjeksiyonu ile d\u00fczeltilmesi en kolay sorunlardan biridir. Ka\u015f \u00e7atma dolgu enjeksiyonlar\u0131n\u0131n etkisini g\u00f6stermesi yakla\u015f\u0131k bir hafta s\u00fcrer ve genellikle iyi sonu\u00e7lar verir.<\/p>\n<h4 dir=\"ltr\"><span style=\"color: #800080;\"> Sa\u00e7 dolgusu:<\/span><\/h4>\n<p dir=\"ltr\">Sa\u00e7 dolgusu, farkl\u0131 ya\u015f gruplar\u0131ndaki ki\u015filerin sa\u00e7 durumunu g\u00fc\u00e7lendirmek ve iyile\u015ftirmek i\u00e7in kullan\u0131lan g\u00fcvenli ve olduk\u00e7a etkili bir tedavi y\u00f6ntemidir. Bu y\u00f6ntemle anormal sa\u00e7 d\u00f6k\u00fclmesini \u00f6nleyebilir, sa\u00e7lar\u0131n\u0131z\u0131 sa\u011fl\u0131kl\u0131 ve canl\u0131 hale getirebilirsiniz.<br \/>\nKaynak i\u00e7in dolgu enjeksiyonu<br \/>\nY\u00fcz derisinde sivilce ve sivilcelerin neden oldu\u011fu \u00e7\u00f6k\u00fcnt\u00fcleri gidermek i\u00e7in dolgu enjeksiyonu yap\u0131l\u0131r. Bu \u00e7\u00f6k\u00fcnt\u00fclerin tedavisi \u00e7\u00f6k\u00fcnt\u00fc olan b\u00f6lgelere dolgu maddesi enjekte edilerek yap\u0131l\u0131r.<br \/>\nDolgu enjeksiyonu \u00f6ncesi ne gibi \u00f6nlemler al\u0131nmal\u0131d\u0131r?<br \/>\n1) Enjeksiyondan \u00f6nce ve sonra en az on g\u00fcn kan suland\u0131r\u0131c\u0131 ila\u00e7 kullanmay\u0131n\u0131z \u00e7\u00fcnk\u00fc kan suland\u0131r\u0131c\u0131 morluklar\u0131 art\u0131r\u0131r.<br \/>\n2) Kanama olas\u0131l\u0131\u011f\u0131n\u0131 artt\u0131rd\u0131\u011f\u0131 i\u00e7in enjeksiyondan 24 saat \u00f6nce alkoll\u00fc i\u00e7ki i\u00e7mekten ka\u00e7\u0131n\u0131n.<br \/>\n3) Enjeksiyondan en az iki hafta \u00f6nce di\u015f ta\u015f\u0131 temizli\u011fi gibi di\u015f tedavilerinden ka\u00e7\u0131n\u0131n.<br \/>\n4) Jeli enjekte etmek istedi\u011finiz g\u00fcn kozmetik ve nemlendirici kremler kullanmay\u0131n\u0131z.<br \/>\n5) Jeli enjekte etmeden \u00f6nce hafif yiyecekler yiyin.<br \/>\n6) U\u00e7uk ge\u00e7mi\u015finiz varsa, jeli enjekte etmeden \u00f6nce mutlaka doktorunuzla g\u00f6r\u00fc\u015f\u00fcn, bunu \u00f6nlemek i\u00e7in ila\u00e7 alman\u0131z gerekebilir.<\/p>\n<h4 dir=\"ltr\"><span style=\"color: #800080;\"> Dolgu enjeksiyon ad\u0131mlar\u0131<\/span><\/h4>\n<p dir=\"ltr\">\u0130lk \u00f6nce doktor muayene eder ve enjeksiyon i\u00e7in gerekli yeri belirler. Ard\u0131ndan, lidokain anestezisi ile enjeksiyon b\u00f6lgesini kaplamak i\u00e7in alan\u0131 deterjan ve antimikrobiyal maddelerle temizleyin. Son ad\u0131mda ise enjeksiyon i\u00e7in i\u015faretlenen b\u00f6lgeler tamamen temizlenir ve \u015fi\u015flik ve morarmay\u0131 \u00f6nlemek i\u00e7in buzlu su kompresi yap\u0131l\u0131r.<\/p>\n<h4 dir=\"ltr\"><span style=\"color: #800080;\"> Dolgu enjeksiyonu sonras\u0131 bak\u0131m<\/span><\/h4>\n<p dir=\"ltr\">Dolgu enjeksiyonu sonras\u0131 bak\u0131m \u00e7ok \u00f6nemlidir \u00e7\u00fcnk\u00fc bunlara uyulmad\u0131\u011f\u0131 takdirde ki\u015finin baz\u0131 komplikasyonlar ya\u015famas\u0131 veya enjekte edilen dolgunun etkisinin azalmas\u0131 ihtimali vard\u0131r.<br \/>\nEnjeksiyondan sonra dikkat edilmesi gerekenler \u015funlard\u0131r:<br \/>\n1) Buzlu su kompresi kullanmak<br \/>\n2) Dolgu enjeksiyonundan sonra uygulama yap\u0131lan b\u00f6lgeye masaj yapmay\u0131n\u0131z ve bask\u0131 uygulamay\u0131n\u0131z \u00e7\u00fcnk\u00fc bas\u0131n\u00e7 uygulamak dolgunun hareket etmesine ve hareket etmesine neden olacakt\u0131r.<br \/>\n3) Yara yerinde kontaminasyon ve enfeksiyona neden olabilece\u011finden 24 saat boyunca dolgu enjeksiyonunun \u00fczerine kozmetik uygulamay\u0131n.<br \/>\n4) Dolgu enjeksiyon yerinin \u0131l\u0131k suyla y\u0131kanmas\u0131 veya y\u0131kanmas\u0131 sorun de\u011fildir, sadece suyun bu b\u00f6lgeye temas etmemesine veya \u00fczerine bask\u0131 uygulamamas\u0131na dikkat edin.<br \/>\n5) Dolgu enjeksiyonundan sonra doktorun belirleyece\u011fi s\u00fcre boyunca ba\u015f\u0131n\u0131z\u0131 e\u011fmeyin ve a\u011f\u0131r aktiviteler yapmay\u0131n.<\/p>\n<h4 dir=\"ltr\"><span style=\"color: #800080;\"> Dolgu jel ile ayn\u0131 \u015fey midir?<\/span><\/h4>\n<p dir=\"ltr\">Genel olarak ciltte \u015fi\u015flik olu\u015fturan do\u011fal veya yapay her t\u00fcrl\u00fc maddeye jel ve dolgu maddesini i\u00e7eren dolgu maddesi denir. Jel ve dudak dolgusu aras\u0131ndaki temel farklardan biri dudak dolgusunun hyaluronik asitten yap\u0131lm\u0131\u015f olmas\u0131d\u0131r. Hyaluronik asit v\u00fccutta do\u011fal olarak bulunan ve hi\u00e7bir zarar\u0131 olmayan, dudaklar\u0131n hacmini art\u0131ran bir maddedir. Ancak jeller iki kategori i\u00e7erir: bazen \u00f6l\u00fcme neden olan kal\u0131c\u0131 jeller ve yar\u0131 kal\u0131c\u0131 jeller.<br \/>\nDolgu veya jel (dermal dolgu maddeleri) hyaluronik asit gibi do\u011fal malzemelerden \u00fcretiliyor bu da onu k\u0131vam ve sertlik a\u00e7\u0131s\u0131ndan farkl\u0131 k\u0131l\u0131yor.<br \/>\nDolgu enjeksiyonunun sonu\u00e7lar\u0131 ve kal\u0131c\u0131l\u0131\u011f\u0131<br \/>\nEnjekte edilebilir dolgu maddelerinin kal\u0131c\u0131l\u0131\u011f\u0131n\u0131 etkileyen bir\u00e7ok fakt\u00f6r dolgu maddesinde kullan\u0131lan malzemeler, dolgu maddesinin konsantrasyonu, uygulama yap\u0131lacak b\u00f6lge gibi fakt\u00f6rlerden baz\u0131lar\u0131d\u0131r.<\/p>\n<h4 dir=\"ltr\"><span style=\"color: #800080;\"> Dolgu kullan\u0131m\u0131na kontrendikasyonlar<\/span><\/h4>\n<p dir=\"ltr\">\u2022 Hamilelik ve emzirme<br \/>\n\u2022 Enjeksiyon yap\u0131lacak b\u00f6lgede enfeksiyon varl\u0131\u011f\u0131<br \/>\n\u2022 Anafilaktik reaksiyon ge\u00e7mi\u015fi veya dolgu maddesinin i\u00e7eri\u011fine duyarl\u0131l\u0131k<br \/>\n\u2022 V\u00fccut deformasyon bozukluklar\u0131ndan mustarip ki\u015filer i\u00e7in kontrendikasyon<br \/>\n\u2022 Aktif egzamas\u0131 ve vitiligosu olan hastalar<br \/>\nDolgu enjeksiyonu sonras\u0131 olas\u0131 komplikasyonlar<br \/>\n\u2022 Alerjik reaksiyonlar ya\u015fayabilirsiniz<br \/>\n\u2022 Morluklar ve bazen hematom olmas\u0131<br \/>\n\u2022 Jelin enjekte edildi\u011fi k\u0131sm\u0131n \u00e7\u0131k\u0131nt\u0131s\u0131<br \/>\n\u2022 akraba olmamak<br \/>\n\u2022 Deri alt\u0131nda baz\u0131 durumlarda kal\u0131c\u0131 olabilen \u015fi\u015fliklerin ortaya \u00e7\u0131kmas\u0131<\/p>\n<h4 dir=\"ltr\"><span style=\"color: #800080;\"> Hangisi daha iyi, dolgu mu yoksa botoks enjeksiyonu mu?<\/span><\/h4>\n<p dir=\"ltr\">Dolgu maddeleri, botokstan daha uzun s\u00fcreli sonu\u00e7lara sahip olabilir, ancak botoksa g\u00f6re daha fazla yan etkiye sahiptir.<\/p>\n<h4 dir=\"ltr\"><span style=\"color: #800080;\"> Dolgu enjeksiyonu ile ilgili \u00f6nemli sorular:<\/span><\/h4>\n<p dir=\"ltr\"><strong>Dolgu enjeksiyonundan sonra pi\u015fman olursak ne yapmal\u0131y\u0131z?<\/strong><br \/>\nDolgu maddesi enjekte ederseniz, 6 ay ila bir y\u0131l sonra bu dolgunun emilece\u011fi ve eski haline d\u00f6nece\u011fi kesindir. \u015eimdi jel hyaluronik asit ise hiyal\u00fcronidaz ad\u0131 verilen bir ampul enjekte ederek \u00e7\u0131kartabilirsiniz.<\/p>\n<p dir=\"ltr\"><strong>Dolgu enjeksiyonu konusunda uzman olan herkes bunu bizim yerimize yapabilir mi?<\/strong><\/p>\n<p dir=\"ltr\">Hay\u0131r, dolgu veya jel enjekte etmek kolay bir i\u015f gibi g\u00f6r\u00fcnse de y\u00fcksek beceri gerektirmektedir. Bunun i\u00e7in mutlaka yeterli uzmanl\u0131\u011fa ve deneyime sahip bir cilt ve sa\u00e7 uzman\u0131ndan yard\u0131m al\u0131n.<\/p>\n<p dir=\"ltr\"><strong>Jel enjeksiyonu \u00e7ok ac\u0131yor mu?<\/strong><br \/>\nJelin enjeksiyonunda hafif bir a\u011fr\u0131 olur \u00e7\u00fcnk\u00fc bunun i\u00e7in kullan\u0131lan i\u011fne \u00e7ok k\u00fc\u00e7\u00fck ve ince oldu\u011fundan \u00e7ok fazla a\u011fr\u0131 hissetmezsiniz.<\/p>\n<p dir=\"ltr\"><strong>Dolgu enjeksiyonundan ka\u00e7 saat sonra makyaj yap\u0131labilir?<\/strong><br \/>\nEnjeksiyondan 24 saat sonra y\u00fcz\u00fcn\u00fcz\u00fc makyaj yapabilirsiniz.<\/p>\n<p dir=\"ltr\"><strong>Enjeksiyondan ka\u00e7 saat sonra tekrar y\u00fcz\u00fcmde uyuyabilirim?<\/strong><br \/>\nEnjeksiyondan bir g\u00fcn sonra normal \u015fekilde y\u00fcz\u00fcst\u00fc uyuyabileceksiniz.<\/p>\n<p dir=\"ltr\"><strong>Dolgu enjeksiyonlar\u0131 tehlikeli midir?<\/strong><br \/>\nDolgu enjeksiyonu hamilelik ve emzirme d\u00f6neminin bitmesini beklemek zorunda olan hamileler ve emziren anneler d\u0131\u015f\u0131nda tehlikeli de\u011fildir. Sivilce sorunu ya\u015fayan hastalar da bu sorunu enjeksiyondan \u00f6nce \u00e7\u00f6zmelidir \u00e7\u00fcnk\u00fc bu t\u00fcr hastalarda enjeksiyon sonras\u0131 enfeksiyon kapma olas\u0131l\u0131\u011f\u0131 vard\u0131r.<\/p>\n<blockquote dir=\"ltr\"><p>Sa\u011fl\u0131k, cilt ve sa\u00e7 alan\u0131nda en y\u00fcksek teknoloji ve tekniklere sahip <a href=\"https:\/\/greenlifeclinics.com\/\">Green Life<\/a> zincir klinikleri ve merkezleri (\u0130ran&#8217;da 1. s\u0131rada zay\u0131flama ve g\u00fczellik). Ayr\u0131ca gen\u00e7le\u015fme ve g\u00fczellik alan\u0131nda size \u00e7ok yard\u0131mc\u0131 olabilirler. Daha fazla bilgi i\u00e7in 120 hatl\u0131 02134247 numaral\u0131 telefonu aray\u0131n\u0131z.<\/p><\/blockquote>\n","protected":false},"excerpt":{"rendered":"<p>Dolgu nedir? Dolgu maddeleri, cilt alt\u0131na lokal olarak enjekte edilen ve dudak, \u00e7ene, yanaklar, g\u00f6z alt\u0131 gibi kusurlar\u0131 gideren ve g\u00fczelle\u015ftiren dermal dolgu maddeleridir. Dolgu maddeleri ya ki\u015finin kendi v\u00fccudundan al\u0131narak hacim kazanmas\u0131 gereken b\u00f6lgeye enjekte edilen ya\u011flard\u0131r ya da bir doktor taraf\u0131ndan haz\u0131rlan\u0131p basit bir \u015fekilde enjekte edilebilirler. Ancak pop\u00fcler inan\u0131\u015fa g\u00f6re dolgu maddesi [&hellip;]<\/p>\n","protected":false},"author":1,"featured_media":24240,"parent":0,"menu_order":0,"comment_status":"open","ping_status":"closed","template":"","meta":{"_daim_seo_power":"","_daim_enable_ail":"","footnotes":""},"class_list":["post-12181","page","type-page","status-publish","has-post-thumbnail","hentry"],"_links":{"self":[{"href":"https:\/\/greenlifeclinics.com\/tr\/wp-json\/wp\/v2\/pages\/12181","targetHints":{"allow":["GET"]}}],"collection":[{"href":"https:\/\/greenlifeclinics.com\/tr\/wp-json\/wp\/v2\/pages"}],"about":[{"href":"https:\/\/greenlifeclinics.com\/tr\/wp-json\/wp\/v2\/types\/page"}],"author":[{"embeddable":true,"href":"https:\/\/greenlifeclinics.com\/tr\/wp-json\/wp\/v2\/users\/1"}],"replies":[{"embeddable":true,"href":"https:\/\/greenlifeclinics.com\/tr\/wp-json\/wp\/v2\/comments?post=12181"}],"version-history":[{"count":0,"href":"https:\/\/greenlifeclinics.com\/tr\/wp-json\/wp\/v2\/pages\/12181\/revisions"}],"wp:featuredmedia":[{"embeddable":true,"href":"https:\/\/greenlifeclinics.com\/tr\/wp-json\/wp\/v2\/media\/24240"}],"wp:attachment":[{"href":"https:\/\/greenlifeclinics.com\/tr\/wp-json\/wp\/v2\/media?parent=12181"}],"curies":[{"name":"wp","href":"https:\/\/api.w.org\/{rel}","templated":true}]}}