{"id":12179,"date":"2022-09-26T18:00:14","date_gmt":"2022-09-26T14:30:14","guid":{"rendered":"https:\/\/greenlifeclinics.com\/?page_id=12179"},"modified":"2024-01-03T15:33:52","modified_gmt":"2024-01-03T12:03:52","slug":"goz-cevresine-alina-kaslara-botox-enjeksiyonu","status":"publish","type":"page","link":"https:\/\/greenlifeclinics.com\/tr\/goz-cevresine-alina-kaslara-botox-enjeksiyonu\/","title":{"rendered":"G\u00f6z \u00e7evresine, al\u0131na, ka\u015flara botox enjeksiyonu"},"content":{"rendered":"<h3 dir=\"ltr\" style=\"text-align: justify;\"><span style=\"color: #993366;\">botaks enjeksiyonu (Botox)<\/span><\/h3>\n<p><img fetchpriority=\"high\" decoding=\"async\" class=\"aligncenter size-full wp-image-11557\" src=\"https:\/\/greenlifeclinics.com\/wp-content\/uploads\/2022\/11\/10-min-scaled.jpg\" alt=\"\" width=\"2560\" height=\"1707\" \/><\/p>\n<p dir=\"ltr\" style=\"text-align: justify;\">Ya\u015flanma nedeniyle cildin k\u0131r\u0131\u015fmas\u0131na neden olan \u015fey, cilt h\u00fccrelerinin s\u0131ras\u0131yla cildi s\u0131k\u0131 ve esnek yapan kollajen ve elastin proteinlerini \u00fcretme g\u00fcc\u00fcn\u00fcn azalmas\u0131d\u0131r. Sonu\u00e7 olarak, cilt yava\u015f yava\u015f gev\u015fer ve ya\u015fl\u0131 g\u00f6r\u00fcn\u00fcr. Botox enjeksiyonu cilt kaslar\u0131n\u0131 fel\u00e7 ederek bunun olmas\u0131n\u0131 engeller. Botoks asl\u0131nda y\u00fcz kaslar\u0131nda ge\u00e7ici felce neden olan botulinum toksininden yap\u0131l\u0131r. Arkada\u015flar\u0131n\u0131zdan veya tan\u0131d\u0131klar\u0131n\u0131zdan Botoks yapt\u0131ranlar\u0131 tan\u0131yorsan\u0131z mutlaka y\u00fcz durumlar\u0131n\u0131 kontrol edin.<\/p>\n<p dir=\"ltr\">\u00d6rne\u011fin bu enjeksiyon al\u0131na yap\u0131l\u0131rsa a\u011flama, g\u00fclme ve ka\u015f \u00e7atma s\u0131ras\u0131nda al\u0131nda herhangi bir de\u011fi\u015fiklik olmaz ve bunun sebebi de bu b\u00f6lgedeki kaslar\u0131n fel\u00e7 olmas\u0131d\u0131r. Bu nedenle botoks y\u00fczdeki \u00e7izgilerin olu\u015fmas\u0131n\u0131 engeller. Botulinum toksini, Clostridium bakterisinden ekstrakte edilir ve daha sonra Botoks haz\u0131rlamak i\u00e7in kullan\u0131l\u0131r.<\/p>\n<p dir=\"ltr\">Ama bu soru sizin de akl\u0131n\u0131za gelmi\u015f olmal\u0131, kas felcinin sebebi nedir? \u0130nsan v\u00fccudunda, sinir h\u00fccreleri aras\u0131nda mesajlar\u0131n iletilmesinden sorumlu asetilkolin ad\u0131 verilen \u00f6nemli bir n\u00f6rotransmiter vard\u0131r.Sonu\u00e7 olarak, botoks enjekte etti\u011finizde, toksin asetilkolin&#8217;in \u00e7al\u0131\u015fmas\u0131n\u0131 durdurur ve sonunda ge\u00e7ici felce yol a\u00e7ar ve kas\u0131lmalar\u0131 \u00f6nler. olacak.<\/p>\n<p dir=\"ltr\" style=\"text-align: justify;\">\u0130lgin\u00e7tir ki ba\u015flang\u0131\u00e7ta botoks, g\u00f6z kaymas\u0131 gibi baz\u0131 hastal\u0131klar\u0131 tedavi etmek i\u00e7in kullan\u0131l\u0131yordu, \u00e7\u00fcnk\u00fc tedavi i\u00e7in sonraki ad\u0131mlar\u0131n ger\u00e7ekle\u015ftirilebilmesi i\u00e7in bu b\u00f6lgedeki kaslar\u0131n gev\u015fetilmesi gerekiyordu. Ta ki di\u011fer g\u00fczelle\u015ftirme y\u00f6ntemlerine botoks enjeksiyonu eklenene kadar. Elbette \u00e7o\u011fu ki\u015fi Botox&#8217;un toksisitesinden endi\u015fe ediyor, \u00e7\u00fcnk\u00fc bu madde botulinum toksininden yap\u0131l\u0131yor ama son bilimsel ara\u015ft\u0131rmalara g\u00f6re belli bir doz ve boyutta enjekte edilirse sadece problemli de\u011fil ama g\u00fcvenli bir y\u00f6ntem olacakt\u0131r.<\/p>\n<h3 dir=\"ltr\" style=\"text-align: justify;\"><span style=\"color: #993366;\"> Botox enjeksiyon i\u015flemleri<\/span><\/h3>\n<ul dir=\"ltr\" style=\"text-align: justify;\">\n<li>Ki\u015finin genel sa\u011fl\u0131\u011f\u0131n\u0131 kontrol edin<\/li>\n<li>En iyi Botox markas\u0131n\u0131 se\u00e7mek<\/li>\n<li>Gerekli botoks dozunun belirlenmesi<\/li>\n<li>Hedef organ\u0131 sterilize edin ve anestezi yap\u0131n<\/li>\n<li>\u00d6zel bir \u015f\u0131r\u0131nga ile enjeksiyon<\/li>\n<\/ul>\n<h4 dir=\"ltr\" style=\"text-align: justify;\"><span style=\"color: #993366;\"> etki mekanizmas\u0131<\/span><\/h4>\n<p dir=\"ltr\" style=\"text-align: justify;\">Botox, sinir mesajlar\u0131n\u0131n hedef kaslara iletilmesini engelleyen ve ge\u00e7ici felce yol a\u00e7acak bir zehirdir. Sonu\u00e7 olarak, bu kaslar art\u0131k hareket etmeyecek ve cilt k\u0131r\u0131\u015fmayacakt\u0131r.<\/p>\n<h4 dir=\"ltr\"><span style=\"color: #993366;\"> botoks uygulamas\u0131<\/span><\/h4>\n<ul dir=\"ltr\">\n<li>Ka\u015f \u00e7atma \u00e7izgilerini ve g\u00fclme \u00e7izgilerini kald\u0131r\u0131n<\/li>\n<li>Al\u0131n k\u0131r\u0131\u015f\u0131kl\u0131klar\u0131n\u0131n giderilmesi<\/li>\n<li>G\u00f6z \u00e7evresindeki k\u0131r\u0131\u015f\u0131kl\u0131klar\u0131n silinmesi<\/li>\n<li>Boyundaki \u00e7izgileri ortadan kald\u0131r\u0131n<\/li>\n<\/ul>\n<h4 dir=\"ltr\"><span style=\"color: #993366;\"> Yasakl\u0131 ki\u015filerin listesi<\/span><\/h4>\n<ul dir=\"ltr\">\n<li>Hamile ve emziren kad\u0131nlar<\/li>\n<li>Kardiyovask\u00fcler hastal\u0131\u011f\u0131 olan ki\u015filer<\/li>\n<li>MS&#8217;li insanlar<\/li>\n<li>b\u00f6brek hastalar\u0131<\/li>\n<li>Ba\u011f\u0131\u015f\u0131kl\u0131k sistemi zay\u0131f olan hastalar<\/li>\n<li>Belirli ila\u00e7lar\u0131 alan insanlar.<\/li>\n<li>Kan p\u0131ht\u0131la\u015fma bozuklu\u011fu olan hastalar<\/li>\n<\/ul>\n<h4 dir=\"ltr\"><span style=\"color: #993366;\"> Komplikasyonlar<\/span><\/h4>\n<ul dir=\"ltr\">\n<li>\u0130ltihap, morarma ve \u015fi\u015flik<\/li>\n<li>ac\u0131<\/li>\n<li>mide bulant\u0131s\u0131<\/li>\n<\/ul>\n<h4 dir=\"ltr\"><span style=\"color: #993366;\"> dayan\u0131kl\u0131l\u0131k<\/span><\/h4>\n<ul dir=\"ltr\">\n<li>Enjekte edilen botoks markas\u0131<\/li>\n<li>Botox enjeksiyon miktar\u0131<\/li>\n<li>V\u00fccut metabolizmas\u0131<\/li>\n<li>enjeksiyon nas\u0131l yap\u0131l\u0131r<\/li>\n<li>Enjeksiyon sonras\u0131 bak\u0131ma dikkat<\/li>\n<\/ul>\n<p dir=\"ltr\"><img decoding=\"async\" class=\"aligncenter wp-image-11603 \" src=\"https:\/\/greenlifeclinics.com\/wp-content\/uploads\/2022\/11\/62-min-scaled.jpg\" alt=\"\" width=\"478\" height=\"534\" srcset=\"https:\/\/greenlifeclinics.com\/wp-content\/uploads\/2022\/11\/62-min-scaled.jpg 2291w, https:\/\/greenlifeclinics.com\/wp-content\/uploads\/2022\/11\/62-min-268x300.jpg 268w, https:\/\/greenlifeclinics.com\/wp-content\/uploads\/2022\/11\/62-min-916x1024.jpg 916w, https:\/\/greenlifeclinics.com\/wp-content\/uploads\/2022\/11\/62-min-768x858.jpg 768w, https:\/\/greenlifeclinics.com\/wp-content\/uploads\/2022\/11\/62-min-1374x1536.jpg 1374w, https:\/\/greenlifeclinics.com\/wp-content\/uploads\/2022\/11\/62-min-1832x2048.jpg 1832w\" sizes=\"(max-width: 478px) 100vw, 478px\" \/><\/p>\n<h3 dir=\"ltr\"><span style=\"color: #993366;\"> Botoks enjeksiyonu mu daha iyi yoksa jel enjeksiyonu mu?<\/span><\/h3>\n<p dir=\"ltr\">Jel enjeksiyonu ve botoks enjeksiyonu, \u00f6zellikle bu iki g\u00fczellik tekni\u011fi h\u0131zl\u0131 bir \u015fekilde yap\u0131ld\u0131\u011f\u0131ndan ve \u00e7al\u0131\u015fma yap\u0131ld\u0131ktan sonra sonucunu g\u00f6rebildi\u011finiz i\u00e7in \u00fclkemizde son y\u0131llarda \u00f6zellikle kad\u0131nlar aras\u0131nda olduk\u00e7a pop\u00fcler olan en yayg\u0131n g\u00fczellik tekniklerinden ikisidir. . Bu iki tekni\u011fin y\u00fcz\u00fcn g\u00fczelle\u015ftirilmesinde ve gen\u00e7le\u015ftirilmesinde hem dramatik hem de h\u0131zl\u0131 etkileri olaca\u011f\u0131 d\u00fc\u015f\u00fcn\u00fcld\u00fc\u011f\u00fcnde, m\u00fc\u015fterilerin Botox enjeksiyonu ile jel enjeksiyonu aras\u0131nda karars\u0131z kalmas\u0131 ve her zaman Botox enjeksiyonu daha m\u0131 iyi sorusuna cevap aramas\u0131 do\u011fald\u0131r. enjeksiyon? Genel olarak bu konu doktorunuzun uzmanl\u0131\u011f\u0131 dahilindedir \u00e7\u00fcnk\u00fc \u00f6ncelikle sa\u011fl\u0131k durumunuz dikkatle incelenmeli ve di\u011fer yandan enjeksiyon tekniklerini uygulama amac\u0131n\u0131z belirlenmelidir.\u00d6rne\u011fin y\u00fcz\u00fcn\u00fczdeki k\u0131r\u0131\u015f\u0131kl\u0131klar\u0131 doldurmak istiyorsan\u0131z mutlaka jel enjeksiyonu sizin i\u00e7in daha uygun olacakt\u0131r ancak botoks enjeksiyonunun etki mekanizmas\u0131 kaslar\u0131 fel\u00e7 ederek hareket etmelerini engellemek ve b\u00f6ylece cilt k\u0131r\u0131\u015f\u0131klar\u0131n\u0131n artmas\u0131n\u0131 engellemektir. Bu iki tekni\u011fin performans\u0131n\u0131n farkl\u0131 oldu\u011fu d\u00fc\u015f\u00fcn\u00fcld\u00fc\u011f\u00fcnde uzman y\u00fcz\u00fcn\u00fcz\u00fcn durumunu ve bunu yapt\u0131rma amac\u0131n\u0131z\u0131 inceledikten sonra botoksun mu yoksa jel enjeksiyonunun mu daha iyi oldu\u011funu belirleyecektir. \u00d6te yandan, uzman\u0131n te\u015fhisine g\u00f6re hareket etmesini ve size uygun olan tekni\u011fin ayn\u0131s\u0131n\u0131 uygulamas\u0131n\u0131 tavsiye ederiz. Kendi ba\u015f\u0131n\u0131za hareket etmek istiyorsan\u0131z, ideal sonuca ula\u015famamakla kalmay\u0131p, sizin i\u00e7in komplikasyonlara da neden olmas\u0131 kesinlikle m\u00fcmk\u00fcnd\u00fcr.<\/p>\n<h3 dir=\"ltr\"><span style=\"color: #993366;\"> Botox enjeksiyon maliyeti<\/span><\/h3>\n<p dir=\"ltr\">Herhangi bir estetik operasyon yapmadan \u00f6nce maliyetlerini de ara\u015ft\u0131rmam\u0131z do\u011fald\u0131r. Son olarak, nihai maliyeti kar\u015f\u0131lay\u0131p kar\u015f\u0131layamayaca\u011f\u0131m\u0131z\u0131 bilmemiz gerekiyor. Botox enjeksiyonlar\u0131 i\u00e7in uzman doktor ile yap\u0131lacak g\u00f6r\u00fc\u015fmede bu konu mutlaka konu\u015fulacakt\u0131r. Genel olarak enjeksiyon yeri, botox enjeksiyon say\u0131s\u0131, gerekli malzeme miktar\u0131, uzman\u0131n ve klini\u011fin maliyeti gibi bir\u00e7ok fakt\u00f6r botox enjeksiyonlar\u0131n\u0131n fiyat\u0131n\u0131 etkiler.<\/p>\n<h3 dir=\"ltr\"><span style=\"color: #993366;\"> Botox enjeksiyonunun kal\u0131c\u0131l\u0131\u011f\u0131<\/span><\/h3>\n<p dir=\"ltr\">Bahsedildi\u011fi gibi, botoks enjeksiyonu cildi g\u00fczelle\u015ftirmek ve gen\u00e7le\u015ftirmek i\u00e7in ge\u00e7ici bir tekniktir. Ancak birka\u00e7 \u00e7ok \u00f6nemli fakt\u00f6r, Botox enjeksiyonlar\u0131n\u0131n s\u00fcresini ve asl\u0131nda tekrarlanan enjeksiyon seanslar\u0131 aras\u0131ndaki aral\u0131\u011f\u0131 etkiler:<\/p>\n<p dir=\"ltr\">Doku hasar\u0131 olu\u015fmamas\u0131 i\u00e7in uzman\u0131n enjeksiyon konusunda y\u00fcksek beceriye sahip olmas\u0131 \u00e7ok \u00f6nemlidir \u00e7\u00fcnk\u00fc herhangi bir hasar botoks enjeksiyonunun kal\u0131c\u0131l\u0131\u011f\u0131n\u0131 azaltabilir.<br \/>\n\u00d6te yandan hedef organa uygun botoks dozu belirlenerek enjekte edilmelidir. Botox&#8217;un eksikli\u011fi ya da fazlas\u0131, her ikisinin de olumsuz etkileri vard\u0131r ve istedi\u011finiz sonucu elde edemezsiniz.<\/p>\n<ol dir=\"ltr\">\n<li>Kesinlikle kullan\u0131lan botoks markas\u0131n\u0131n botoks enjeksiyonunun kal\u0131c\u0131l\u0131\u011f\u0131 \u00fczerinde \u00f6nemli bir etkisi olacakt\u0131r. Bu g\u00fczellik tekni\u011fini yapt\u0131rmak i\u00e7in salonlara ve kuaf\u00f6rlere gitmemenizi \u00f6neririz \u00e7\u00fcnk\u00fc kuaf\u00f6rler genellikle sahte markalar\u0131 orijinalinden ay\u0131rt edemezler ve hatta d\u00fc\u015f\u00fck kaliteli markalar\u0131 bile bilerek kullanarak sonu\u00e7lar\u0131n uygun fiyatl\u0131 olmas\u0131n\u0131 sa\u011flayabilirler.<\/li>\n<li>Uzmanlara g\u00f6re v\u00fccudun metabolizma h\u0131z\u0131 botoksun kal\u0131c\u0131l\u0131\u011f\u0131n\u0131 direkt olarak etkiliyor. Bu nedenle, a\u011f\u0131r diyetlerden ka\u00e7\u0131nmak daha iyidir.<\/li>\n<li>Botox enjeksiyonu sonras\u0131 bak\u0131ma dikkat etmezseniz ve komplikasyon ya\u015farsan\u0131z sadece yap\u0131lan i\u015ften sonu\u00e7 kaybedilmez ayn\u0131 zamanda sizde de komplikasyonlar olu\u015fabilir. Asl\u0131nda t\u00fcm bu noktalar, enjeksiyonun sonucunu korumak ve dayan\u0131kl\u0131l\u0131\u011f\u0131n\u0131 art\u0131rmak i\u00e7in gereklidir.<\/li>\n<\/ol>\n<p dir=\"ltr\"><img decoding=\"async\" class=\"aligncenter wp-image-11572 size-full\" src=\"https:\/\/greenlifeclinics.com\/wp-content\/uploads\/2022\/11\/28-min-3-scaled.jpg\" alt=\"\" width=\"2560\" height=\"1707\" srcset=\"https:\/\/greenlifeclinics.com\/wp-content\/uploads\/2022\/11\/28-min-3-scaled.jpg 2560w, https:\/\/greenlifeclinics.com\/wp-content\/uploads\/2022\/11\/28-min-3-300x200.jpg 300w, https:\/\/greenlifeclinics.com\/wp-content\/uploads\/2022\/11\/28-min-3-1024x683.jpg 1024w, https:\/\/greenlifeclinics.com\/wp-content\/uploads\/2022\/11\/28-min-3-768x512.jpg 768w, https:\/\/greenlifeclinics.com\/wp-content\/uploads\/2022\/11\/28-min-3-1536x1024.jpg 1536w, https:\/\/greenlifeclinics.com\/wp-content\/uploads\/2022\/11\/28-min-3-2048x1365.jpg 2048w\" sizes=\"(max-width: 2560px) 100vw, 2560px\" \/><\/p>\n<blockquote>\n<p dir=\"ltr\">Sa\u011fl\u0131k, cilt ve sa\u00e7 alan\u0131nda en y\u00fcksek teknoloji ve tekniklere sahip <a href=\"https:\/\/greenlifeclinics.com\/tr\/\">Green Life<\/a> zincir klinikleri ve merkezleri (\u0130ran&#8217;da 1. s\u0131rada zay\u0131flama ve g\u00fczellik). Ayr\u0131ca gen\u00e7le\u015fme ve g\u00fczellik alan\u0131nda size \u00e7ok yard\u0131mc\u0131 olabilirler. Daha fazla bilgi i\u00e7in 120 hatl\u0131 02134247 numaral\u0131 telefonu aray\u0131n\u0131z.<\/p>\n<\/blockquote>\n","protected":false},"excerpt":{"rendered":"<p>botaks enjeksiyonu (Botox) Ya\u015flanma nedeniyle cildin k\u0131r\u0131\u015fmas\u0131na neden olan \u015fey, cilt h\u00fccrelerinin s\u0131ras\u0131yla cildi s\u0131k\u0131 ve esnek yapan kollajen ve elastin proteinlerini \u00fcretme g\u00fcc\u00fcn\u00fcn azalmas\u0131d\u0131r. Sonu\u00e7 olarak, cilt yava\u015f yava\u015f gev\u015fer ve ya\u015fl\u0131 g\u00f6r\u00fcn\u00fcr. Botox enjeksiyonu cilt kaslar\u0131n\u0131 fel\u00e7 ederek bunun olmas\u0131n\u0131 engeller. Botoks asl\u0131nda y\u00fcz kaslar\u0131nda ge\u00e7ici felce neden olan botulinum toksininden yap\u0131l\u0131r. Arkada\u015flar\u0131n\u0131zdan [&hellip;]<\/p>\n","protected":false},"author":1,"featured_media":14017,"parent":0,"menu_order":0,"comment_status":"open","ping_status":"closed","template":"","meta":{"_daim_seo_power":"","_daim_enable_ail":"","footnotes":""},"class_list":["post-12179","page","type-page","status-publish","has-post-thumbnail","hentry"],"_links":{"self":[{"href":"https:\/\/greenlifeclinics.com\/tr\/wp-json\/wp\/v2\/pages\/12179","targetHints":{"allow":["GET"]}}],"collection":[{"href":"https:\/\/greenlifeclinics.com\/tr\/wp-json\/wp\/v2\/pages"}],"about":[{"href":"https:\/\/greenlifeclinics.com\/tr\/wp-json\/wp\/v2\/types\/page"}],"author":[{"embeddable":true,"href":"https:\/\/greenlifeclinics.com\/tr\/wp-json\/wp\/v2\/users\/1"}],"replies":[{"embeddable":true,"href":"https:\/\/greenlifeclinics.com\/tr\/wp-json\/wp\/v2\/comments?post=12179"}],"version-history":[{"count":0,"href":"https:\/\/greenlifeclinics.com\/tr\/wp-json\/wp\/v2\/pages\/12179\/revisions"}],"wp:featuredmedia":[{"embeddable":true,"href":"https:\/\/greenlifeclinics.com\/tr\/wp-json\/wp\/v2\/media\/14017"}],"wp:attachment":[{"href":"https:\/\/greenlifeclinics.com\/tr\/wp-json\/wp\/v2\/media?parent=12179"}],"curies":[{"name":"wp","href":"https:\/\/api.w.org\/{rel}","templated":true}]}}