{"id":12172,"date":"2022-09-28T12:48:50","date_gmt":"2022-09-28T09:18:50","guid":{"rendered":"https:\/\/greenlifeclinics.com\/?page_id=12172"},"modified":"2023-07-11T11:16:37","modified_gmt":"2023-07-11T06:46:37","slug":"yuz-derisinin-soyulmasina-asinalik","status":"publish","type":"page","link":"https:\/\/greenlifeclinics.com\/tr\/yuz-derisinin-soyulmasina-asinalik\/","title":{"rendered":"Y\u00fcz derisinin soyulmas\u0131na a\u015final\u0131k"},"content":{"rendered":"<figure id=\"attachment_10223\" aria-describedby=\"caption-attachment-10223\" style=\"width: 800px\" class=\"wp-caption aligncenter\"><img fetchpriority=\"high\" decoding=\"async\" class=\"image-content wp-image-10223 size-full\" src=\"https:\/\/greenlifeclinics.com\/wp-content\/uploads\/2022\/09\/Peeling-1.webp\" alt=\"\u067e\u06cc\u0644\u06cc\u0646\u06af \u06cc\u0627 \u0644\u0627\u06cc\u0647 \u0628\u0631\u062f\u0627\u0631\u06cc \u067e\u0648\u0633\u062a \u0635\u0648\u0631\u062a\" width=\"800\" height=\"450\" srcset=\"https:\/\/greenlifeclinics.com\/wp-content\/uploads\/2022\/09\/Peeling-1.webp 800w, https:\/\/greenlifeclinics.com\/wp-content\/uploads\/2022\/09\/Peeling-1-300x169.webp 300w, https:\/\/greenlifeclinics.com\/wp-content\/uploads\/2022\/09\/Peeling-1-768x432.webp 768w\" sizes=\"(max-width: 800px) 100vw, 800px\" \/><figcaption id=\"caption-attachment-10223\" class=\"wp-caption-text\">Y\u00fcz derisinin soyulmas\u0131na<\/figcaption><\/figure>\n<p dir=\"ltr\">Y\u00fcz peelingi veya eksfoliasyon, \u00f6l\u00fc cilt h\u00fccrelerinin \u00fcst tabakas\u0131n\u0131 kald\u0131ran ve kom\u015fu h\u00fccreleri yeni ve daha kaliteli h\u00fccrelerden olu\u015fan bir tabaka olu\u015fturmak i\u00e7in uyaran ve b\u00f6ylece cildi gen\u00e7le\u015ftiren cilt gen\u00e7le\u015ftirme anlam\u0131na gelir. Deri \u00fc\u00e7 k\u0131sma ayr\u0131l\u0131r: epidermis (cildin \u00fcst tabakas\u0131), middermis (cildin orta tabakas\u0131) ve derinin derin tabakas\u0131. Cilt tabakas\u0131na, peeling malzemesinin bile\u015fimine ve i\u015f yapma mekanizmas\u0131na g\u00f6re farkl\u0131l\u0131k g\u00f6steren farkl\u0131 cilt soyma y\u00f6ntemleri vard\u0131r. Cilt eksfoliyat\u00f6r\u00fc, ciltteki renk de\u011fi\u015fikli\u011fini, cilt y\u00fczeyi p\u00fcr\u00fczl\u00fcl\u00fc\u011f\u00fcn\u00fc ve ince k\u0131r\u0131\u015f\u0131kl\u0131klar\u0131 gidermek i\u00e7in tasarlanm\u0131\u015ft\u0131r; Bu, cildi yumu\u015fak, p\u00fcr\u00fczs\u00fcz ve homojen hale getirir. \u0130nvaziv ameliyatlara gerek kalmadan birka\u00e7 kez pul pul d\u00f6k\u00fclme yap\u0131l\u0131rsa, ki\u015finin cildinin g\u00f6r\u00fcn\u00fcm\u00fcnde \u00f6nemli sonu\u00e7lar yaratabilir.<\/p>\n<h3 dir=\"ltr\" style=\"text-align: left;\"><span style=\"color: #993366;\"> Cilt soyma tarihi<\/span><\/h3>\n<p dir=\"ltr\" style=\"text-align: left;\">Cildin gen\u00e7li\u011fini ve sa\u011fl\u0131\u011f\u0131n\u0131 koruyarak cildin ya\u015flanma s\u00fcrecini \u00f6nlemek ge\u00e7mi\u015ften beri insano\u011flunun entellekt\u00fcel kayg\u0131lar\u0131ndan biri olmu\u015ftur. \u00c7\u00fcnk\u00fc cilt, ba\u015fkalar\u0131 taraf\u0131ndan ilk de\u011ferlendirilen yerdir. G\u00fczellik asitlerinin kullan\u0131m\u0131n\u0131n ve Kleopatra taraf\u0131ndan banyo s\u00fct\u00fc (laktik asit) kullan\u0131m\u0131n\u0131n ya da Romal\u0131lar taraf\u0131ndan \u015farap banyolar\u0131n\u0131n kullan\u0131m\u0131n\u0131n ge\u00e7mi\u015fi \u00e7ok eskilere dayanmaktad\u0131r.<\/p>\n<p dir=\"ltr\" style=\"text-align: left;\">3500 y\u0131l \u00f6ncesinden elde edilen papir\u00fcste yak\u0131c\u0131 maddelerin kullan\u0131ld\u0131\u011f\u0131 M\u0131s\u0131r tarihinin ba\u015flang\u0131c\u0131ndan bildirilmektedir. Ancak ilk pratik eylem, 1870&#8217;lere ve ya\u011fl\u0131 ve kuru y\u00fcz cildini temizlemek i\u00e7in kullan\u0131lan bir macun haz\u0131rlayan Unon&#8217;un zaman\u0131na kadar uzan\u0131yor. 1930&#8217;lar\u0131n sonlar\u0131nda Amerika Birle\u015fik Devletleri&#8217;nde Antoinette Lagasse fenol ile y\u00fcz peeling yapmaya ba\u015flad\u0131. Sava\u015f yaralanmalar\u0131n\u0131n neden oldu\u011fu yaralar\u0131 iyile\u015ftirmek i\u00e7in Frans\u0131z doktor olan babas\u0131n\u0131n y\u00f6ntemini izledi.<\/p>\n<h3 dir=\"ltr\"><span style=\"color: #993366;\"> Y\u00fcz peelingi ve cilt peelinginin faydalar\u0131<\/span><\/h3>\n<ul dir=\"ltr\">\n<li><strong>Cildin dokusunu, kalitesini ve g\u00f6r\u00fcn\u00fcm\u00fcn\u00fc iyile\u015ftirmek<\/strong><\/li>\n<li><strong>Kan dola\u015f\u0131m\u0131n\u0131, hidrasyonu ve cilt tolerans\u0131n\u0131 iyile\u015ftirme<\/strong><\/li>\n<li><strong>Ciltteki ince statik \u00e7izgilerin azalt\u0131lmas\u0131<\/strong><\/li>\n<li><strong>cilt p\u00fcr\u00fczl\u00fcl\u00fc\u011f\u00fcn\u00fc yumu\u015fatma ve iyile\u015ftirme<\/strong><\/li>\n<li><strong>Parlak, mutlu ve canland\u0131r\u0131c\u0131 bir cilt<\/strong><\/li>\n<li><strong>Rengi birle\u015ftirmek ve ciltteki belirti ve lekeleri azaltmak<\/strong><\/li>\n<li><strong>D\u00fczenli pul pul d\u00f6k\u00fclme sivilce izlerinin yan\u0131 s\u0131ra sivilce izlerini de azaltabilir.<\/strong><\/li>\n<li><strong>Ya\u015flanma belirtilerini yava\u015flatmak<\/strong><\/li>\n<\/ul>\n<h3 dir=\"ltr\"><span style=\"color: #993366;\"> Y\u00fcz peeling \u00e7e\u015fitleri ve cilt eksfoliasyonu<\/span><\/h3>\n<p dir=\"ltr\"><span style=\"color: #993366;\"><b> Lazer<\/b><\/span><\/p>\n<p dir=\"ltr\">Daha yumu\u015fak bir cilt ve daha p\u00fcr\u00fczs\u00fcz bir y\u00fcz ar\u0131yorsan\u0131z; Lazer sizin i\u00e7in iyi bir se\u00e7enek olabilir. Bu y\u00f6ntem a\u011f\u0131z, g\u00f6z ve yanak \u00e7evresindeki ince \u00e7izgileri ortadan kald\u0131rman\u0131n yan\u0131 s\u0131ra yaralanma veya sivilcelerin neden oldu\u011fu yara izlerini de iyile\u015ftirebilir. Lazer ayr\u0131ca \u00e7o\u011fu lekeyi ve cilt rengini iyile\u015ftirir.<\/p>\n<p dir=\"ltr\"><span style=\"color: #993366;\"><b> Kimyasal peeling<\/b><\/span><\/p>\n<p dir=\"ltr\">Kimyasal peeling, ince \u00e7izgileri, sivilceleri, art\u0131k izleri ve kahverengi lekeleri tedavi etmek i\u00e7in \u00e7ok uygun ve uygun fiyatl\u0131 bir se\u00e7enektir. Klini\u011fimizdeki dermatologlar, hafiften \u015fiddetliye kadar her t\u00fcr peeling i\u00e7in e\u011fitilmi\u015f ve sertifikaland\u0131r\u0131lm\u0131\u015ft\u0131r.<\/p>\n<p dir=\"ltr\"><span style=\"color: #993366;\"><b> Mikrodermabrazyon<\/b><\/span><\/p>\n<p dir=\"ltr\">Daha az \u015fiddetli vakalarda cildi gen\u00e7le\u015ftirebilen mikrodermabrazyon ad\u0131 verilen bir y\u00f6ntem vard\u0131r. \u0130nce \u00e7izgiler, p\u00fcr\u00fczler, renk solmas\u0131 ve cilt lekeleri bu y\u00f6ntemle tedavi edilebilir. Mikrodermabrazyon, tuz spreyi kullanarak derinin \u00fcst tabakas\u0131n\u0131 \u00e7\u0131kar\u0131r. Klini\u011fimiz, kullan\u0131lan cihaz\u0131n t\u00fcr\u00fcne ve pul pul d\u00f6k\u00fclme g\u00fcc\u00fcne at\u0131fta bulunan t\u0131bbi s\u0131n\u0131f mikrodermabrazyon sunmaktad\u0131r.<\/p>\n<h3 dir=\"ltr\"><span style=\"color: #993366;\"> Y\u00fcze ne zaman peeling yapmal\u0131y\u0131z?<\/span><\/h3>\n<p dir=\"ltr\">Genel bir kural olarak, pul pul d\u00f6k\u00fclme ne kadar azsa o kadar iyidir. Eksfoliyasyonun amac\u0131 k\u0131rm\u0131z\u0131 lekeler veya \u015fi\u015fmi\u015f ve iltihapl\u0131 cilt b\u0131rakmak de\u011fil, ama\u00e7 cilt de\u011fi\u015ftirmenin do\u011fal s\u00fcrecini h\u0131zland\u0131rmak ve sonu\u00e7ta size temiz bir cilt b\u0131rakmakt\u0131r. Y\u00fcz peelingleri aras\u0131nda belirlenen zaman aral\u0131\u011f\u0131 cilt tipinize ba\u011fl\u0131d\u0131r.<\/p>\n<p dir=\"ltr\"><span style=\"color: #993366;\"><b> Hassas cilt:<\/b><\/span><\/p>\n<p dir=\"ltr\">Bu cilt tipi yumu\u015fak, \u0131l\u0131k ve nemli bir lifle pul pul d\u00f6k\u00fclmelidir. Az miktarda aktif bile\u015fen i\u00e7eren hafif kimyasal maskelere, haftada bir veya iki kez kullan\u0131ld\u0131klar\u0131 takdirde hassas ciltler i\u00e7in de izin verilir. Hassas ciltler i\u00e7in ovma ve g\u00fc\u00e7l\u00fc eksfoliyat\u00f6rler kullanmak cilt katman\u0131n\u0131 tahri\u015f eder ve bundan ka\u00e7\u0131n\u0131lmal\u0131d\u0131r.<\/p>\n<p dir=\"ltr\"><span style=\"color: #993366;\"><b> ya\u011fl\u0131 cilt:<\/b><\/span><\/p>\n<p dir=\"ltr\">Ya\u011fl\u0131 bir cilde sahipseniz, cildinizin g\u00fc\u00e7l\u00fc alet ve \u00fcr\u00fcnlere kar\u015f\u0131 daha diren\u00e7li ve toleransl\u0131 oldu\u011funu bilmelisiniz ve haftada 5 defaya kadar eksfoliyat\u00f6r kullanabilirsiniz. Sabah y\u00fcz temizleyici, ak\u015fam ise serum ve peeling maskeleri kullanabilirsiniz.<\/p>\n<p dir=\"ltr\"><span style=\"color: #993366;\"><b> Normal ve karma cilt:<\/b><\/span><\/p>\n<p dir=\"ltr\">Bu cilt tipine sahip ki\u015filer eli a\u00e7\u0131kt\u0131r ve her t\u00fcrl\u00fc peeling y\u00f6ntemini kullanabilirler. Bu eksfoliyat\u00f6rleri cildiniz i\u00e7in maksimum kullan\u0131m say\u0131s\u0131n\u0131n haftada 3 kez oldu\u011funu unutmay\u0131n.<\/p>\n<p dir=\"ltr\"><span style=\"color: #993366;\"><b> kuru cilt:<\/b><\/span><\/p>\n<p dir=\"ltr\">Kuru cilde peeling yapmak i\u00e7in kimyasal olmayan ve bitkisel y\u00f6ntemleri tercih etmek daha do\u011fru olur.<\/p>\n<p><img decoding=\"async\" class=\"image-content wp-image-10224 size-full\" src=\"https:\/\/greenlifeclinics.com\/wp-content\/uploads\/2022\/09\/Peeling-2.webp\" alt=\"\u067e\u06cc\u0644\u06cc\u0646\u06af \u06cc\u0627 \u0644\u0627\u06cc\u0647 \u0628\u0631\u062f\u0627\u0631\u06cc \u067e\u0648\u0633\u062a \u0635\u0648\u0631\u062a\" width=\"800\" height=\"450\" srcset=\"https:\/\/greenlifeclinics.com\/wp-content\/uploads\/2022\/09\/Peeling-2.webp 800w, https:\/\/greenlifeclinics.com\/wp-content\/uploads\/2022\/09\/Peeling-2-300x169.webp 300w, https:\/\/greenlifeclinics.com\/wp-content\/uploads\/2022\/09\/Peeling-2-768x432.webp 768w\" sizes=\"(max-width: 800px) 100vw, 800px\" \/><\/p>\n<h3 dir=\"ltr\"><span style=\"color: #993366;\"> Cildi pul pul d\u00f6kmek i\u00e7in ne yap\u0131lmal\u0131?<\/span><\/h3>\n<p dir=\"ltr\">Temiz bir f\u0131r\u00e7a al\u0131n ve uygun bir f\u0131r\u00e7alay\u0131n. F\u0131r\u00e7ay\u0131 uygulay\u0131n ve y\u00fcz derisinin t\u00fcm y\u00fczeyine yava\u015f\u00e7a ve k\u00fc\u00e7\u00fck daireler halinde ovun. Bir \u00e7i\u00e7e\u011fin narin yapraklar\u0131na dokundu\u011funuzu hayal edin! Ard\u0131ndan y\u00fcz\u00fcn\u00fcz\u00fc \u0131l\u0131k suyla y\u0131kay\u0131n \u00e7\u00fcnk\u00fc s\u0131cak su cildi tahri\u015f eder. Y\u00fcz\u00fcn\u00fcz\u00fc kurulay\u0131n ve ard\u0131ndan nemlendirici bir krem \u200b\u200buygulay\u0131n. Bu \u00f6nemli ad\u0131m\u0131 unutmay\u0131n \u00e7\u00fcnk\u00fc pul pul d\u00f6k\u00fclme cildi kurutur.<\/p>\n<p dir=\"ltr\">Kimyasal peeling maskeleri kullanmak istedi\u011finizde, ilk kullan\u0131m ad\u0131m\u0131n\u0131 \u00f6nceki durumda oldu\u011fu gibi cilt \u00fczerinde d\u00f6nd\u00fcrerek ve nazik\u00e7e yap\u0131n. Soyulabilir maske talimatlar\u0131na g\u00f6re, maskeyi b\u00fct\u00fcn bir tabaka olarak \u00e7\u0131karmadan \u00f6nce kurumas\u0131n\u0131 beklemeniz gerekebilir. Daha sonra cildi \u0131l\u0131k suyla y\u0131kay\u0131n ve y\u00fcz\u00fc kuruttuktan sonra nemlendirici kullan\u0131n.<\/p>\n<h3 dir=\"ltr\"><span style=\"color: #993366;\"> Cilt pul pul d\u00f6k\u00fclmesinin yan etkileri<\/span><\/h3>\n<p dir=\"ltr\" style=\"text-align: left;\">Y\u00fcz peelinginin farkl\u0131 yan etkileri olabilir. Cilt pul pul d\u00f6k\u00fclmesinin komplikasyonlar\u0131 aras\u0131nda \u015funlar vard\u0131r:<\/p>\n<ul>\n<li dir=\"ltr\" style=\"text-align: left;\"><strong>K\u0131zar\u0131kl\u0131k:<\/strong> Cilt pul pul d\u00f6k\u00fclmesinden kurtulman\u0131n normal s\u00fcreci, pul pul d\u00f6k\u00fclmeden sonra cildin k\u0131rm\u0131z\u0131 k\u0131s\u0131mlar\u0131n\u0131n iyile\u015fmesidir. Derin pul pul d\u00f6k\u00fclmeden sonra cildin k\u0131zar\u0131kl\u0131\u011f\u0131 birka\u00e7 ay s\u00fcrebilir.<\/li>\n<li dir=\"ltr\" style=\"text-align: left;\"><strong>\u0130zler:<\/strong> Y\u00fcz derisinin soyulmas\u0131n\u0131n yaralara veya izlere (genellikle y\u00fcz\u00fcn alt k\u0131s\u0131mlar\u0131nda) neden olmas\u0131 nadirdir. Antibiyotikler ve steroid ila\u00e7lar bu yara izlerinin g\u00f6r\u00fcn\u00fcm\u00fcn\u00fc iyile\u015ftirebilir.<\/li>\n<li dir=\"ltr\" style=\"text-align: left;\"><strong>Cilt renginde de\u011fi\u015fiklik:<\/strong> cildin soyulmas\u0131, tedavi edilen cildin normalden daha koyu olmas\u0131na (hiperpigmentasyon) veya tersine, tedavi edilen b\u00f6lgenin normalden daha a\u00e7\u0131k olmas\u0131na (hipopigmentasyon) neden olabilir. Y\u00fczeysel peelinglerde hiperpigmentasyon daha s\u0131k g\u00f6r\u00fcl\u00fcrken, derin peelinglerde hipopigmentasyon daha s\u0131k g\u00f6r\u00fcl\u00fcr. Cilt rengindeki de\u011fi\u015fiklikler, koyu tenli ki\u015filerde de yayg\u0131nd\u0131r ve kal\u0131c\u0131 olabilir.<\/li>\n<li dir=\"ltr\" style=\"text-align: left;\"><strong>Enfeksiyon:<\/strong> Y\u00fcz peelingi herpes vir\u00fcs\u00fcn\u00fc (u\u00e7uk veya u\u00e7uklara neden olan vir\u00fcs) aktive edebilir. Kimyasal bir kabu\u011fun bakteri veya mantar enfeksiyonuna yol a\u00e7abilmesi nadirdir.<\/li>\n<\/ul>\n<h3 dir=\"ltr\"><span style=\"color: #993366;\"> Y\u00fcz peelingi veya gen\u00e7le\u015ftirme<\/span><\/h3>\n<p dir=\"ltr\">Y\u00fcz peelingi veya eksfoliasyon, yeni bir cilt tabakas\u0131n\u0131n olu\u015fmas\u0131na ve derin h\u00fccrelerin uyar\u0131lmas\u0131na neden olan mekanik veya kimyasal bir y\u00f6ntemle cilt y\u00fczeyinin \u00e7\u0131kar\u0131lmas\u0131d\u0131r ve \u00f6nlemenin ve tedavi etmenin en iyi ve etkili yolu olarak bilinir. k\u0131r\u0131\u015f\u0131kl\u0131klar\u0131 giderir ve gen\u00e7le\u015ftirir derler Burada bunu daha ayr\u0131nt\u0131l\u0131 olarak tart\u0131\u015f\u0131yoruz. Bir \u015feyi asla unutmay\u0131n, o da pul pul d\u00f6k\u00fclmenin genellikle g\u00fczellik enstit\u00fclerinde daha iyi yap\u0131ld\u0131\u011f\u0131d\u0131r. \u015eimdi pul pul d\u00f6k\u00fclme t\u00fcrlerini tan\u0131yal\u0131m.<\/p>\n<h3 dir=\"ltr\"><span style=\"color: #993366;\"> Y\u00fcz peeling \u00e7e\u015fitleri \u015funlard\u0131r:<\/span><\/h3>\n<p dir=\"ltr\"><strong>1) Pamuk soyma<\/strong><br \/>\n<strong>2) fitil soyma<\/strong><br \/>\n<strong>3) F\u0131r\u00e7a soyma<\/strong><\/p>\n<p dir=\"ltr\">Tedavi s\u00fcresi en az 3 g\u00fcn en fazla 10 g\u00fcnd\u00fcr. Hassas ve kuru ciltler i\u00e7in 3 g\u00fcn, ya\u011fl\u0131 ciltler i\u00e7in 3 ila 10 g\u00fcn aras\u0131nda peeling yap\u0131l\u0131r. Tedavi s\u00fcresince B ve C grubu vitaminler g\u0131da veya multivitamin tabletleri yoluyla al\u0131nmal\u0131d\u0131r. Tedavi s\u0131ras\u0131nda a\u015fa\u011f\u0131daki noktalara dikkat edin:<br \/>\n<strong>1- Kabuklar\u0131 elle \u00e7\u0131karmay\u0131n\u0131z;<\/strong><br \/>\n<strong>2- G\u00fcne\u015f \u0131\u015f\u0131\u011f\u0131ndan ka\u00e7\u0131n\u0131n;<\/strong><br \/>\n<strong>3- M\u00fcmk\u00fcn oldu\u011fu kadar \u0131l\u0131k su kompresi kullan\u0131n;<\/strong><br \/>\n<strong>4- Peeling bitene kadar kozmetik kullan\u0131m\u0131 yasak olup, iltihap giderici merhemler ancak gerekli ise kullan\u0131labilir.<\/strong><\/p>\n<p><img decoding=\"async\" class=\"image-content wp-image-10225 size-full\" src=\"https:\/\/greenlifeclinics.com\/wp-content\/uploads\/2022\/09\/Peeling-3.webp\" alt=\"\u067e\u06cc\u0644\u06cc\u0646\u06af \u06cc\u0627 \u0644\u0627\u06cc\u0647 \u0628\u0631\u062f\u0627\u0631\u06cc \u067e\u0648\u0633\u062a \u0635\u0648\u0631\u062a\" width=\"800\" height=\"450\" srcset=\"https:\/\/greenlifeclinics.com\/wp-content\/uploads\/2022\/09\/Peeling-3.webp 800w, https:\/\/greenlifeclinics.com\/wp-content\/uploads\/2022\/09\/Peeling-3-300x169.webp 300w, https:\/\/greenlifeclinics.com\/wp-content\/uploads\/2022\/09\/Peeling-3-768x432.webp 768w\" sizes=\"(max-width: 800px) 100vw, 800px\" \/><\/p>\n<h3 dir=\"ltr\"><span style=\"color: #993366;\"> Glikolik asit ile y\u00fcz peelingi<\/span><\/h3>\n<p dir=\"ltr\">Bu y\u00f6ntem y\u00fcz, boyun ve ellerdeki k\u0131r\u0131\u015f\u0131kl\u0131klar\u0131n giderilmesinde olduk\u00e7a etkilidir. Bu esas olarak bir dermatolog veya g\u00fczellik uzman\u0131 taraf\u0131ndan yap\u0131l\u0131r. \u0130lk olarak \u00fc\u00e7 hafta boyunca y\u00fcz derisi amino asit i\u00e7eren kremlerle beslenmeli ve haz\u0131rlanmal\u0131d\u0131r.<\/p>\n<p dir=\"ltr\">Daha sonra doktor \u00f6nce cildi tamamen alkolle temizler ve ard\u0131ndan nispeten konsantre bir glikolik asit sol\u00fcsyonunu k\u0131r\u0131\u015f\u0131k b\u00f6lgelerin cildine uygular ve bu b\u00f6lgelerin derisi k\u0131rm\u0131z\u0131ya d\u00f6ner d\u00f6nmez y\u0131kar. Bu operasyon haftada bir olmak \u00fczere maksimum 4 ila 6 kez (toplamda yakla\u015f\u0131k be\u015f ay) yap\u0131l\u0131r ve olduk\u00e7a etkilidir.<\/p>\n<h3 dir=\"ltr\"><span style=\"color: #993366;\"> 6 ad\u0131mda y\u00fcz peelingi<\/span><\/h3>\n<ul dir=\"ltr\">\n<li><strong>\u0130lk ad\u0131m:<\/strong> Eksfoliye edici kremin 3 ila 10 g\u00fcn boyunca g\u00fcnde 3 kez uygulanmas\u0131, \u00f6nceki a\u00e7\u0131klamaya g\u00f6re peeling \u00fc\u00e7\u00fcnc\u00fc g\u00fcn ba\u015flar ve maksimum bir hafta s\u00fcrer.<\/li>\n<li><strong>\u0130kinci ad\u0131m:<\/strong> Tecr\u00fcbeli biri taraf\u0131ndan tart\u0131n\u0131n temizlenmesi.\u0130la\u00e7 kesildikten bir hafta sonra bu temizlik buharla yap\u0131l\u0131r ve 20 dakika s\u00fcrer ve ard\u0131ndan cilt \u0131slakken \u00fczerine g\u00fc\u00e7lendirici kremler s\u00fcr\u00fcl\u00fcr.<\/li>\n<li><strong>\u00dc\u00e7\u00fcnc\u00fc a\u015fama:<\/strong> Temizlendikten 3 g\u00fcn sonra, plasenta veya bitkisel g\u00fc\u00e7lendirici kremler gibi dokuyu par\u00e7alayan ve g\u00fc\u00e7lendirici ampuller ve plasenta ampulleri ile ektoderm servisi yap\u0131lmal\u0131d\u0131r.<\/li>\n<li><strong>D\u00f6rd\u00fcnc\u00fc a\u015fama:<\/strong> d\u00f6rt g\u00fcn sonra ektoderm<\/li>\n<li><strong>Ad\u0131m 5:<\/strong> Haftada iki kez 20 dakika boyunca ellerinizle cilde masaj yap\u0131n<\/li>\n<li><strong>Alt\u0131nc\u0131 ad\u0131m:<\/strong> \u0130lk temizlikten 12 ila 15 g\u00fcn sonra temizlik<\/li>\n<\/ul>\n<h3 dir=\"ltr\"><span style=\"color: #993366;\"> Y\u00fcz peelingi sonras\u0131 bak\u0131m<\/span><\/h3>\n<p style=\"text-align: left;\">Cildi temizlemek ve nemlendirmek i\u00e7in istenilen derinlikte kimyasal peeling i\u015fleminden sonra mutlaka doktor tavsiyelerine uymal\u0131 ve a\u015fa\u011f\u0131daki noktalara dikkat etmelisiniz<\/p>\n<p>&nbsp;<\/p>\n<ul dir=\"ltr\">\n<li>Kimyasal, mekanik veya lazer cilt soyma i\u015fleminden hemen sonra doktor y\u00fcz maskesi kullan\u0131r.<\/li>\n<li>\u00a0Derinin \u015fi\u015fmesi ve pul pul d\u00f6k\u00fclmesi normaldir. Soyulduktan sonra yedi ila on g\u00fcn boyunca cildi yumu\u015fak tutmak i\u00e7in merhemler kullan\u0131l\u0131r.<\/li>\n<li>\u00a0Cildinizi yumu\u015fak ve nemli tutmak i\u00e7in yumu\u015fat\u0131c\u0131lar kullan\u0131n.<\/li>\n<li>\u00a0Ciltte yanma hissi hissedebilirsiniz. Doktor semptomlar\u0131 hafifletmek i\u00e7in vazelin gibi koruyucu bir merhem kullanacakt\u0131r. Kolayl\u0131k sa\u011flamak i\u00e7in bir vantilat\u00f6r veya buz torbas\u0131 kullanabilirsiniz. \u0130buprofen ve naproksen gibi re\u00e7etesiz sat\u0131lan a\u011fr\u0131 kesiciler a\u011fr\u0131y\u0131 azaltmada etkili olabilir. Bir s\u00fcre sonra, iyile\u015fme belirtilerinizi kontrol etmesi i\u00e7in bir doktora g\u00f6r\u00fcnmelisiniz.<\/li>\n<li>\u00a0Tedavinin ilk a\u015famas\u0131ndan sonra olu\u015fan cilt kurulu\u011fu, cilt k\u0131zar\u0131kl\u0131\u011f\u0131 ve \u015fi\u015flikleri d\u00f6rt hafta i\u00e7inde kaybolur.<\/li>\n<li>\u00a0Doktor genellikle hafif bir diyet \u00f6nerir. Ayr\u0131ca, a\u015f\u0131r\u0131 y\u00fcksek veya d\u00fc\u015f\u00fck s\u0131cakl\u0131klardan ve iyile\u015fen cilde bask\u0131 uygulayan herhangi bir aktiviteden ka\u00e7\u0131n\u0131lmas\u0131n\u0131 \u00f6nerir.<\/li>\n<li>\u00a0Bir veya iki haftal\u0131k eksfoliyasyondan sonra yeni cilt pembe, daha ince ve k\u0131r\u0131\u015f\u0131ks\u0131z olacakt\u0131r. Ancak ciltteki k\u0131zar\u0131kl\u0131\u011f\u0131n tamamen kaybolmas\u0131 birka\u00e7 haftay\u0131 bulur.<\/li>\n<li>\u00a0Hastalar peeling sonras\u0131 cildin daha uzun s\u00fcre temiz kald\u0131\u011f\u0131n\u0131 fark eder. Ancak cilt pigmentlerinin restorasyonundan sonra bu durum ortadan kalkar.<\/li>\n<li>\u00a0Pul pul d\u00f6k\u00fclm\u00fc\u015f cildi ovmak ve ka\u015f\u0131mak cilt enfeksiyonuna neden olabilir.<\/li>\n<li>\u00a0Her i\u015flemde oldu\u011fu gibi peeling ve peeling de sorunsuz olmayacakt\u0131r. Deri soyulmas\u0131n\u0131n yan etkileri baz\u0131 hastalarda da ortaya \u00e7\u0131kabilir ve hafif problemlerin ya\u015fanma ihtimalini artt\u0131r\u0131r.<\/li>\n<\/ul>\n<p dir=\"ltr\">Bu ad\u0131mlara alternatif olarak daha iyi bir y\u00f6ntem, olas\u0131 yan etkileri olmadan kolayca y\u00fcz peelingi veya peeling yapan bir alet kullanmakt\u0131r. Bu y\u00fcz f\u0131r\u00e7as\u0131 arac\u0131, y\u00fcz cilt hijyeni ve makyaj d\u00fcnyas\u0131nda bir fenomen olarak bilinir. Bu cihaz\u0131n daha fazla i\u015flevi var.<\/p>\n<p dir=\"ltr\">Y\u00fcz\u00fcn\u00fcz\u00fc y\u0131kaman\u0131n en iyi yolu, hatta ellerinizle y\u00fcz\u00fcn\u00fcz\u00fc y\u0131kamaktan 5 kat daha iyidir. Ayr\u0131ca cilde ve y\u00fcz kaslar\u0131na masaj yapmak i\u00e7in en iyi ara\u00e7t\u0131r. Bu y\u00fcz masaj\u0131 y\u00f6ntemi ile k\u0131r\u0131\u015f\u0131kl\u0131klar ve olas\u0131 erken k\u0131r\u0131\u015f\u0131kl\u0131klar giderilir. Ek olarak, bu cihaz y\u00fcze kozmetik s\u00fcrmek i\u00e7in en iyi ara\u00e7t\u0131r. Kullan\u0131m\u0131n\u0131n g\u00fczelli\u011finiz ve gen\u00e7li\u011finiz i\u00e7in ne kadar etkili olaca\u011f\u0131n\u0131 \u00f6\u011frenmek i\u00e7in bu cihaz hakk\u0131nda daha fazla bilgi sahibi olmal\u0131s\u0131n\u0131z.<\/p>\n<p dir=\"ltr\">\n<blockquote dir=\"ltr\"><p>Sa\u011fl\u0131k, cilt ve sa\u00e7 alan\u0131nda en y\u00fcksek teknoloji ve tekniklere sahip <a href=\"https:\/\/greenlifeclinics.com\/\">Green Life<\/a> zincir klinikleri ve merkezleri (\u0130ran&#8217;da 1. s\u0131rada zay\u0131flama ve g\u00fczellik). Ayr\u0131ca gen\u00e7le\u015fme ve g\u00fczellik alan\u0131nda size \u00e7ok yard\u0131mc\u0131 olabilirler. Daha fazla bilgi i\u00e7in 120 hatl\u0131 02134247 numaral\u0131 telefonu aray\u0131n\u0131z.<\/p><\/blockquote>\n","protected":false},"excerpt":{"rendered":"<p>Y\u00fcz peelingi veya eksfoliasyon, \u00f6l\u00fc cilt h\u00fccrelerinin \u00fcst tabakas\u0131n\u0131 kald\u0131ran ve kom\u015fu h\u00fccreleri yeni ve daha kaliteli h\u00fccrelerden olu\u015fan bir tabaka olu\u015fturmak i\u00e7in uyaran ve b\u00f6ylece cildi gen\u00e7le\u015ftiren cilt gen\u00e7le\u015ftirme anlam\u0131na gelir. Deri \u00fc\u00e7 k\u0131sma ayr\u0131l\u0131r: epidermis (cildin \u00fcst tabakas\u0131), middermis (cildin orta tabakas\u0131) ve derinin derin tabakas\u0131. Cilt tabakas\u0131na, peeling malzemesinin bile\u015fimine ve i\u015f [&hellip;]<\/p>\n","protected":false},"author":1,"featured_media":13633,"parent":0,"menu_order":0,"comment_status":"open","ping_status":"closed","template":"","meta":{"_daim_seo_power":"","_daim_enable_ail":"","footnotes":""},"class_list":["post-12172","page","type-page","status-publish","has-post-thumbnail","hentry"],"_links":{"self":[{"href":"https:\/\/greenlifeclinics.com\/tr\/wp-json\/wp\/v2\/pages\/12172","targetHints":{"allow":["GET"]}}],"collection":[{"href":"https:\/\/greenlifeclinics.com\/tr\/wp-json\/wp\/v2\/pages"}],"about":[{"href":"https:\/\/greenlifeclinics.com\/tr\/wp-json\/wp\/v2\/types\/page"}],"author":[{"embeddable":true,"href":"https:\/\/greenlifeclinics.com\/tr\/wp-json\/wp\/v2\/users\/1"}],"replies":[{"embeddable":true,"href":"https:\/\/greenlifeclinics.com\/tr\/wp-json\/wp\/v2\/comments?post=12172"}],"version-history":[{"count":0,"href":"https:\/\/greenlifeclinics.com\/tr\/wp-json\/wp\/v2\/pages\/12172\/revisions"}],"wp:featuredmedia":[{"embeddable":true,"href":"https:\/\/greenlifeclinics.com\/tr\/wp-json\/wp\/v2\/media\/13633"}],"wp:attachment":[{"href":"https:\/\/greenlifeclinics.com\/tr\/wp-json\/wp\/v2\/media?parent=12172"}],"curies":[{"name":"wp","href":"https:\/\/api.w.org\/{rel}","templated":true}]}}