{"id":12169,"date":"2022-09-26T13:52:37","date_gmt":"2022-09-26T10:22:37","guid":{"rendered":"https:\/\/greenlifeclinics.com\/?page_id=12169"},"modified":"2023-07-11T10:52:24","modified_gmt":"2023-07-11T06:22:24","slug":"kaynak-icin-fraksiyonel-rf","status":"publish","type":"page","link":"https:\/\/greenlifeclinics.com\/tr\/kaynak-icin-fraksiyonel-rf\/","title":{"rendered":"Kaynak i\u00e7in fraksiyonel RF"},"content":{"rendered":"<p><img fetchpriority=\"high\" decoding=\"async\" class=\"image-content wp-image-10016 size-full alignright\" src=\"https:\/\/greenlifeclinics.com\/wp-content\/uploads\/2022\/09\/rf2.webp\" alt=\"\u0622\u0631 \u0627\u0641 \u0641\u0631\u06a9\u0634\u0646\u0627\u0644 \u0628\u0631\u0627\u06cc \u062c\u0627\u06cc \u062c\u0648\u0634 \" width=\"800\" height=\"450\" srcset=\"https:\/\/greenlifeclinics.com\/wp-content\/uploads\/2022\/09\/rf2.webp 800w, https:\/\/greenlifeclinics.com\/wp-content\/uploads\/2022\/09\/rf2-300x169.webp 300w, https:\/\/greenlifeclinics.com\/wp-content\/uploads\/2022\/09\/rf2-768x432.webp 768w\" sizes=\"(max-width: 800px) 100vw, 800px\" \/><\/p>\n<p>&nbsp;<\/p>\n<p>&nbsp;<\/p>\n<p>&nbsp;<\/p>\n<p>&nbsp;<\/p>\n<p>&nbsp;<\/p>\n<p>&nbsp;<\/p>\n<p>&nbsp;<\/p>\n<p>&nbsp;<\/p>\n<p>&nbsp;<\/p>\n<p>&nbsp;<\/p>\n<p>&nbsp;<\/p>\n<p>&nbsp;<\/p>\n<p dir=\"ltr\" style=\"text-align: left;\">\u0130nsan derisi her zaman g\u00fczellikle ilgili olarak v\u00fccudun en \u00f6nemli k\u0131s\u0131mlar\u0131ndan biridir. Y\u00fcz derisi v\u00fccut derisine g\u00f6re biraz daha hassas ve incedir bu da cilt bak\u0131m\u0131 i\u00e7in kullan\u0131lan i\u00e7erik ve \u00fcr\u00fcnlere kar\u015f\u0131 daha hassas olmas\u0131n\u0131 sa\u011flar. Pek \u00e7ok insan \u00e7e\u015fitli sebeplerden dolay\u0131 y\u00fcz\u00fcnde ve v\u00fccudunda sivilceler \u00e7\u0131kar ama onlar i\u00e7in can s\u0131k\u0131c\u0131 olan \u015fey bu sivilcelerin ve cilt lezyonlar\u0131n\u0131n yeridir.<\/p>\n<h3 dir=\"ltr\" style=\"text-align: left;\"><span style=\"color: #800080;\">?Neden kaynak yap\u0131yoruz<\/span><\/h3>\n<p dir=\"ltr\" style=\"text-align: left;\">Sivilceler \u00e7e\u015fitli nedenlerle y\u00fcz ve v\u00fccut derisinde ortaya \u00e7\u0131kabilir. A\u015fa\u011f\u0131da y\u00fcz ve v\u00fccut sivilcelerine neden olan nedenleri inceleyece\u011fiz:<\/p>\n<ul dir=\"ltr\">\n<li style=\"text-align: left;\"><strong>Beslenme:<\/strong> Y\u00fcksek ya\u011fl\u0131 ve y\u00fcksek karbonhidratl\u0131 yiyecekler sivilce olu\u015fumunu art\u0131rabilir<\/li>\n<li style=\"text-align: left;\"><strong>Genetik:<\/strong> Genetik, aknede etkili ve \u00f6nemli fakt\u00f6rlerden biri olabilir<\/li>\n<li style=\"text-align: left;\"><strong>Dengesiz hormonlar:<\/strong> V\u00fccuttaki seks hormonlar\u0131 ve di\u011fer hormonlardaki dengesizlik sivilceye neden olabilir. Baz\u0131 durumlarda \u00e7e\u015fitli ila\u00e7lar\u0131n kullan\u0131m\u0131na ba\u011fl\u0131 olarak v\u00fccudun hormonlar\u0131\u00a0 dengesiz hale gelebilir<\/li>\n<li style=\"text-align: left;\"><strong>Ergenlik:<\/strong> Hormonal de\u011fi\u015fiklikler ve artan seks hormonlar\u0131 ergenlik d\u00f6neminde y\u00fcz sivilcelerine neden olabilir. Bu hormonlar kontrol edilmezse y\u00fcz derisi ya\u011flanmas\u0131n\u0131 art\u0131rabilir<\/li>\n<li style=\"text-align: left;\"><strong>Uygun olmayan kozmetik kullan\u0131m\u0131:<\/strong> Ya\u011fl\u0131 ve kalitesiz kozmetik \u00fcr\u00fcnler y\u00fcz derisinde onar\u0131lamaz hasarlara neden olabilir<\/li>\n<\/ul>\n<h3 dir=\"ltr\"><span style=\"color: #800080;\"> \u00c7\u0131banlar i\u00e7in fraksiyonel RF tedavisi<\/span><\/h3>\n<p dir=\"ltr\" style=\"text-align: left;\"><strong>Yapman\u0131n yolu<\/strong><br \/>\nBunun i\u00e7in \u00f6ncelikle uyu\u015fturma kremi ile istenilen b\u00f6lge tamamen kapat\u0131l\u0131r. 30 dakika sonra istenilen b\u00f6lge tamamen uyu\u015fur ve doktor y\u0131kama ve dezenfekte i\u015fleminden sonra fraksiyonel CO2 lazere ba\u015flar. Bu y\u00f6ntemde doktor, dalgalar\u0131 y\u00fcz derisinin derin katmanlar\u0131na sokmaya \u00e7al\u0131\u015f\u0131r. Cildin bu \u015fekilde \u0131s\u0131nmas\u0131 cildin derin katmanlar\u0131n\u0131 eski haline getirecektir.<\/p>\n<h3 dir=\"ltr\" style=\"text-align: left;\"><span style=\"color: #800080;\"> \u00c7\u0131banlar i\u00e7in rf lazer \u00f6ncesi bak\u0131m<\/span><\/h3>\n<ul dir=\"ltr\" style=\"text-align: right;\">\n<li style=\"text-align: left;\">Son \u00fc\u00e7 ayda lazerle y\u00fcz gen\u00e7le\u015ftirme kullanmad\u0131n\u0131z.<\/li>\n<li style=\"text-align: left;\">Son \u00fc\u00e7 g\u00fcn i\u00e7inde topikal C ve A vitamini kremleri kullanmad\u0131n\u0131z.<\/li>\n<li style=\"text-align: left;\">Fraksiyonel RF lazerden bir hafta \u00f6nce exfoliator kullanmamak daha iyidir.<\/li>\n<li style=\"text-align: left;\">Fraksiyonel lazer tedavisinden iki hafta \u00f6nce y\u00fcz cildinizi g\u00fcne\u015f enerjisi cihazlar\u0131na maruz b\u0131rakmay\u0131n veya g\u00fcne\u015flenmeyin.<\/li>\n<\/ul>\n<h3 dir=\"ltr\" style=\"text-align: left;\"><span style=\"color: #800080;\"> \u00c7\u0131banlar i\u00e7in rf lazer sonras\u0131 bak\u0131m<\/span><\/h3>\n<ul dir=\"ltr\" style=\"text-align: right;\">\n<li style=\"text-align: left;\">\u0130yile\u015fme s\u00fcrenizin sonuna kadar g\u00fcne\u015flenmekten, solaryumdan, y\u00fczme havuzundan ve saunadan uzak durmakta fayda var.<\/li>\n<li style=\"text-align: left;\">Evden d\u0131\u015far\u0131 \u00e7\u0131karsan\u0131z, cildinize uygun SPF&#8217;li bir g\u00fcne\u015f kremi kulland\u0131\u011f\u0131n\u0131zdan emin olun.<\/li>\n<li style=\"text-align: left;\">Doktorunuz herhangi bir ila\u00e7 veya onar\u0131c\u0131 krem \u200b\u200bverdiyse daha etkili olmas\u0131 i\u00e7in ilac\u0131 zaman\u0131nda kulland\u0131\u011f\u0131n\u0131zdan emin olun.<\/li>\n<li style=\"text-align: left;\">Y\u00fcz\u00fcn\u00fcz\u00fc y\u0131kamak i\u00e7in s\u0131cak su kullanmay\u0131n veya RF lazerden sonra du\u015f almay\u0131n, \u0131l\u0131k su kullanmay\u0131 deneyin.<\/li>\n<li style=\"text-align: left;\">Yak\u0131n zamanda RF lazer tedavisi g\u00f6rm\u00fc\u015f y\u00fcze peeling pedi, yaprak vb. \u00e7ekmekten ka\u00e7\u0131n\u0131n.<\/li>\n<\/ul>\n<p dir=\"ltr\" style=\"text-align: left;\"><strong>Kaynak i\u00e7in fraksiyonel RF&#8217;nin etkileri<\/strong><br \/>\nGenel olarak y\u00fcz derisi ile ilgili t\u00fcm ameliyatlar ve kozmetik i\u015flemler iltihaplanma, k\u0131zar\u0131kl\u0131k, hafif kanama, a\u011fr\u0131, yanma vb. komplikasyonlarla ili\u015fkilidir. Bu do\u011fal bir durumdur \u00e7\u00fcnk\u00fc y\u00fcz derisi v\u00fccut derisine g\u00f6re biraz daha incedir ve bu daha fazla hassasiyete neden olabilir.<br \/>\nGenel olarak rf lazerin y\u00fczdeki sivilceler i\u00e7in ciddi yan etkileri yoktur, tek yan etkisi lazer sonras\u0131 hafif bir iltihaplanma ve yanmad\u0131r.<\/p>\n<p dir=\"ltr\" style=\"text-align: right;\"><img decoding=\"async\" class=\"image-content wp-image-10017 size-full aligncenter\" src=\"https:\/\/greenlifeclinics.com\/wp-content\/uploads\/2022\/09\/rf1.webp\" alt=\"\u0622\u0631 \u0627\u0641 \u0641\u0631\u06a9\u0634\u0646\u0627\u0644 \u0628\u0631\u0627\u06cc \u062c\u0627\u06cc \u062c\u0648\u0634 \" width=\"800\" height=\"450\" srcset=\"https:\/\/greenlifeclinics.com\/wp-content\/uploads\/2022\/09\/rf1.webp 800w, https:\/\/greenlifeclinics.com\/wp-content\/uploads\/2022\/09\/rf1-300x169.webp 300w, https:\/\/greenlifeclinics.com\/wp-content\/uploads\/2022\/09\/rf1-768x432.webp 768w\" sizes=\"(max-width: 800px) 100vw, 800px\" \/><\/p>\n<h3 dir=\"ltr\" style=\"text-align: left;\"><span style=\"color: #800080;\"> Kaynak i\u00e7in rf lazerin maliyeti ve seans say\u0131s\u0131<\/span><\/h3>\n<p dir=\"ltr\" style=\"text-align: left;\">Sivilce i\u00e7in fraksiyonel RF lazer seans say\u0131s\u0131 cilt lezyonunun \u015fiddetine g\u00f6re ki\u015fiden ki\u015fiye farkl\u0131l\u0131k g\u00f6sterecektir. Ancak ortalama olarak do\u011fru bir sonu\u00e7 almak i\u00e7in her ki\u015finin 3 ila 6 seansa ihtiyac\u0131 vard\u0131r.<br \/>\nGenellikle kaynak i\u00e7in fraksiyonel RF lazerin maliyeti, cihaz\u0131n tipine, istenen klini\u011fe vb. ba\u011fl\u0131d\u0131r. Fraksiyonel RF lazer uygulamadan \u00f6nce bu konuyu doktorunuzla kons\u00fcltasyon seans\u0131nda g\u00f6r\u00fc\u015fmenizde fayda var.<\/p>\n<h2 dir=\"ltr\" style=\"text-align: left;\"><span style=\"color: #800080;\"> RF lazerin ba\u015fka kullan\u0131mlar\u0131 var m\u0131?<\/span><\/h2>\n<p dir=\"ltr\" style=\"text-align: left;\">Fraksiyonel RF cihaz\u0131 sadece y\u00fczdeki sivilceleri gidermek i\u00e7in kullan\u0131lmaz, bu tedavi y\u00f6ntemi di\u011fer cilt problemlerini tedavi etmek i\u00e7in de kullan\u0131l\u0131r. A\u015fa\u011f\u0131da, bu lazerin di\u011fer kullan\u0131mlar\u0131 hakk\u0131nda daha fazla bilgi edineceksiniz:<\/p>\n<h3 dir=\"ltr\" style=\"text-align: left;\"><span style=\"color: #800080;\"> Tightening of facial skin<\/span><\/h3>\n<p dir=\"ltr\" style=\"text-align: left;\">Fraksiyonel RF lazerin bir di\u011fer uygulama alan\u0131 da y\u00fcz derisini s\u0131k\u0131la\u015ft\u0131rmak ve gev\u015fekli\u011fini tedavi etmek i\u00e7in kullan\u0131lmas\u0131d\u0131r. Asl\u0131nda bu y\u00f6ntemi ameliyats\u0131z y\u00fcz derisini germek i\u00e7in kullan\u0131yorlar.<\/p>\n<h3 dir=\"ltr\" style=\"text-align: left;\"><span style=\"color: #800080;\"> Tightening the cheekbones and jaw area<\/span><\/h3>\n<p dir=\"ltr\" style=\"text-align: left;\">Fraksiyonel RF lazerin bir ba\u015fka kullan\u0131m alan\u0131 da testis torbas\u0131n\u0131 s\u0131k\u0131la\u015ft\u0131rmakt\u0131r. 2-3 seans sonras\u0131nda kas\u0131k b\u00f6lgenizin olduk\u00e7a s\u0131k\u0131 bir cilde sahip oldu\u011funu g\u00f6receksiniz.<\/p>\n<h3 dir=\"ltr\" style=\"text-align: left;\"><span style=\"color: #800080;\"> Treatment of facial skin wrinkles<\/span><\/h3>\n<p dir=\"ltr\" style=\"text-align: left;\">Fraksiyonel RF lazer, y\u00fcz derisi k\u0131r\u0131\u015f\u0131kl\u0131klar\u0131n\u0131n ve g\u00f6z \u00e7evresindeki k\u0131r\u0131\u015f\u0131kl\u0131klar\u0131n tedavisinde olumlu bir etkiye sahip olabilir.<\/p>\n<h3 dir=\"ltr\" style=\"text-align: left;\"><span style=\"color: #800080;\"> Treating sweat glands<\/span><\/h3>\n<p dir=\"ltr\" style=\"text-align: left;\">Bir\u00e7ok ki\u015finin ter bezleri aktiftir, fraksiyonel lazerin kullan\u0131m alanlar\u0131ndan biri de v\u00fccuttaki ter bezlerinin a\u015f\u0131r\u0131 \u00e7al\u0131\u015fmas\u0131n\u0131 engellemektir.<\/p>\n<h3 dir=\"ltr\" style=\"text-align: left;\"><span style=\"color: #800080;\"> \u00c7atlaklar\u0131n tedavisi<\/span><\/h3>\n<p dir=\"ltr\" style=\"text-align: left;\">Fraksiyonel lazer, \u00e7atlaklar\u0131 tedavi etmede \u00e7ok etkili olmu\u015ftur, \u00e7atlaklar\u0131 tamamen ortadan kald\u0131ramayabilir, ancak yo\u011funlu\u011funu azaltabilir, b\u00f6ylece cilt y\u00fczeyinde \u00e7ok zay\u0131f bir \u015fekilde g\u00f6r\u00fclebilirler.<\/p>\n<h3 dir=\"ltr\" style=\"text-align: left;\"><span style=\"color: #800080;\"> \u00c7\u0131ban ve \u00e7\u0131banlar\u0131 tedavi etmenin en iyi yolu nedir?<\/span><\/h3>\n<p dir=\"ltr\" style=\"text-align: left;\">T\u0131p biliminin ilerlemesi nedeniyle sivilce izlerini gidermek i\u00e7in bir\u00e7ok yeni y\u00f6ntem olu\u015fturulmu\u015ftur. Bu y\u00f6ntemler aras\u0131nda lazer tedavisi, mikrodermabrazyon, fraksiyonel RF, dermapen ve subsizyon en iyi akne tedavisi y\u00f6ntemleri olarak bilinmektedir.<\/p>\n<h2 dir=\"ltr\" style=\"text-align: left;\"><span style=\"color: #800080;\"> son s\u00f6z<\/span><\/h2>\n<p dir=\"ltr\" style=\"text-align: left;\">Y\u00fczdeki sivilce izlerini yok etmenin yollar\u0131ndan biri de rf lazerdir. Bu y\u00f6ntem, eski sivilceleri gidermenin yan\u0131 s\u0131ra yeni sivilcelerin \u00e7\u0131kmas\u0131n\u0131 da engelleyebilir. Y\u00fczdeki sivilce giderme y\u00f6ntemleri aras\u0131nda rf lazer sivilce izleri i\u00e7in en iyi y\u00f6ntemlerden biri olarak bilinmektedir.<\/p>\n<h4 dir=\"ltr\" style=\"text-align: left;\"><\/h4>\n<h4 dir=\"ltr\" style=\"text-align: left;\"><span style=\"color: #800080;\">S\u0131k\u00e7a Sorulan Sorular<\/span><\/h4>\n<p style=\"text-align: left;\"><strong>?HIFU cihaz\u0131 gibi fraksiyonel RF lazer y\u00f6nteminde jele ihtiya\u00e7 var m\u0131<\/strong><\/p>\n<p style=\"text-align: left;\">.Bu y\u00f6ntemde hi\u00e7 jel kullan\u0131lmaz sadece istenilen b\u00f6lge i\u00e7in lokal anestezi yap\u0131l\u0131r<\/p>\n<p style=\"text-align: left;\"><strong>?Bu y\u00f6ntem y\u00fcz gen\u00e7le\u015ftirme i\u00e7in kullan\u0131labilir mi<\/strong><\/p>\n<p style=\"text-align: left;\">.Fraksiyonel lazer, y\u00fcz cildini gen\u00e7le\u015ftirmenin kesin yollar\u0131ndan biridir. Sivilceleri gidermeye ek olarak, bu tedavi y\u00fcz cildinin gen\u00e7le\u015fmesine yol a\u00e7abilir<\/p>\n<p style=\"text-align: left;\"><strong>?Fraksiyonel RF lazer cerahatli sivilce tedavisinde etkili olabilir mi<\/strong><\/p>\n<p style=\"text-align: left;\">.Evet, bu tedavi y\u00f6ntemi sivilce ve cilt lezyonlar\u0131n\u0131n giderilmesinde etkili olabilir<\/p>\n<p style=\"text-align: left;\"><strong>?Fraksiyonel RF lazerin di\u011fer y\u00fcz cilt gen\u00e7le\u015ftirme y\u00f6ntemleri gibi bir\u00e7ok yan etkisi var m\u0131d\u0131r<\/strong><\/p>\n<p style=\"text-align: left;\">.Bununla birlikte, herhangi bir kozmetik prosed\u00fcr\u00fcn kendi yan etkileri vard\u0131r. Fraksiyonel RF lazer, di\u011fer estetik cerrahi y\u00f6ntemleri gibi \u00e7ok az yan etkiye sahiptir<\/p>\n<blockquote dir=\"ltr\">\n<p style=\"text-align: left;\">Sa\u011fl\u0131k, cilt ve sa\u00e7 alan\u0131nda en y\u00fcksek teknoloji ve tekniklere sahip <a href=\"https:\/\/greenlifeclinics.com\/\">Green Life<\/a> zincir klinikleri ve merkezleri (\u0130ran&#8217;da 1. s\u0131rada zay\u0131flama ve g\u00fczellik). Ayr\u0131ca gen\u00e7le\u015fme ve g\u00fczellik alan\u0131nda size \u00e7ok yard\u0131mc\u0131 olabilirler. Daha fazla bilgi i\u00e7in 120 hatl\u0131 02134247 numaral\u0131 telefonu aray\u0131n\u0131z.<\/p>\n<\/blockquote>\n","protected":false},"excerpt":{"rendered":"<p>&nbsp; &nbsp; &nbsp; &nbsp; &nbsp; &nbsp; &nbsp; &nbsp; &nbsp; &nbsp; &nbsp; &nbsp; \u0130nsan derisi her zaman g\u00fczellikle ilgili olarak v\u00fccudun en \u00f6nemli k\u0131s\u0131mlar\u0131ndan biridir. Y\u00fcz derisi v\u00fccut derisine g\u00f6re biraz daha hassas ve incedir bu da cilt bak\u0131m\u0131 i\u00e7in kullan\u0131lan i\u00e7erik ve \u00fcr\u00fcnlere kar\u015f\u0131 daha hassas olmas\u0131n\u0131 sa\u011flar. Pek \u00e7ok insan \u00e7e\u015fitli sebeplerden dolay\u0131 y\u00fcz\u00fcnde [&hellip;]<\/p>\n","protected":false},"author":1,"featured_media":13618,"parent":0,"menu_order":0,"comment_status":"open","ping_status":"closed","template":"","meta":{"_daim_seo_power":"","_daim_enable_ail":"","footnotes":""},"class_list":["post-12169","page","type-page","status-publish","has-post-thumbnail","hentry"],"_links":{"self":[{"href":"https:\/\/greenlifeclinics.com\/tr\/wp-json\/wp\/v2\/pages\/12169","targetHints":{"allow":["GET"]}}],"collection":[{"href":"https:\/\/greenlifeclinics.com\/tr\/wp-json\/wp\/v2\/pages"}],"about":[{"href":"https:\/\/greenlifeclinics.com\/tr\/wp-json\/wp\/v2\/types\/page"}],"author":[{"embeddable":true,"href":"https:\/\/greenlifeclinics.com\/tr\/wp-json\/wp\/v2\/users\/1"}],"replies":[{"embeddable":true,"href":"https:\/\/greenlifeclinics.com\/tr\/wp-json\/wp\/v2\/comments?post=12169"}],"version-history":[{"count":0,"href":"https:\/\/greenlifeclinics.com\/tr\/wp-json\/wp\/v2\/pages\/12169\/revisions"}],"wp:featuredmedia":[{"embeddable":true,"href":"https:\/\/greenlifeclinics.com\/tr\/wp-json\/wp\/v2\/media\/13618"}],"wp:attachment":[{"href":"https:\/\/greenlifeclinics.com\/tr\/wp-json\/wp\/v2\/media?parent=12169"}],"curies":[{"name":"wp","href":"https:\/\/api.w.org\/{rel}","templated":true}]}}